{"id":26285,"date":"2026-05-12T21:27:00","date_gmt":"2026-05-12T18:27:00","guid":{"rendered":"https:\/\/arapca.com\/?post_type=product&#038;p=26285"},"modified":"2026-05-12T21:42:44","modified_gmt":"2026-05-12T18:42:44","slug":"1-aylik-ozel-ders","status":"publish","type":"product","link":"https:\/\/arapca.com\/index.php\/urun\/1-aylik-ozel-ders\/","title":{"rendered":"1 Ayl\u0131k \u00d6zel Ders"},"content":{"rendered":"<ol>\n<li>Haftada en az 2 saat ders al\u0131nabilir. Ayl\u0131k 4.000 TL<\/li>\n<li>\u00d6deme yapmadan \u00f6nce <a href=\"hrtps:\/\/arapca.com\/index.php\/oz-el\">\u00d6zel ders kay\u0131t formu<\/a>nu doldurun.<\/li>\n<li>Ders almak i\u00e7in m\u00fcsait hoca olup olmad\u0131\u011f\u0131n\u0131 sorun.<\/li>\n<\/ol>\n<p>&nbsp;<\/p>\n","protected":false},"excerpt":{"rendered":"<p><img fetchpriority=\"high\" decoding=\"async\" class=\"alignnone size-full wp-image-26284\" src=\"https:\/\/arapca.com\/wp-content\/uploads\/2026\/05\/ozel-ders-fiyat-yatay.png\" alt=\"\" width=\"1448\" height=\"1086\" srcset=\"https:\/\/i0.wp.com\/arapca.com\/wp-content\/uploads\/2026\/05\/ozel-ders-fiyat-yatay.png?w=1448&amp;ssl=1 1448w, https:\/\/i0.wp.com\/arapca.com\/wp-content\/uploads\/2026\/05\/ozel-ders-fiyat-yatay.png?resize=300%2C225&amp;ssl=1 300w, https:\/\/i0.wp.com\/arapca.com\/wp-content\/uploads\/2026\/05\/ozel-ders-fiyat-yatay.png?resize=1024%2C768&amp;ssl=1 1024w, https:\/\/i0.wp.com\/arapca.com\/wp-content\/uploads\/2026\/05\/ozel-ders-fiyat-yatay.png?resize=768%2C576&amp;ssl=1 768w, https:\/\/i0.wp.com\/arapca.com\/wp-content\/uploads\/2026\/05\/ozel-ders-fiyat-yatay.png?resize=400%2C300&amp;ssl=1 400w, https:\/\/i0.wp.com\/arapca.com\/wp-content\/uploads\/2026\/05\/ozel-ders-fiyat-yatay.png?resize=600%2C450&amp;ssl=1 600w, https:\/\/i0.wp.com\/arapca.com\/wp-content\/uploads\/2026\/05\/ozel-ders-fiyat-yatay.png?w=1280&amp;ssl=1 1280w\" sizes=\"(max-width: 1448px) 100vw, 1448px\" \/><\/p>\n","protected":false},"featured_media":0,"comment_status":"closed","ping_status":"closed","template":"","meta":{"advanced_seo_description":"","jetpack_seo_html_title":"","jetpack_seo_noindex":false,"jetpack_publicize_message":"","jetpack_publicize_feature_enabled":true,"jetpack_social_post_already_shared":true,"jetpack_social_options":{"image_generator_settings":{"template":"highway","default_image_id":0,"font":"","enabled":false},"version":2}},"product_brand":[],"product_cat":[20],"product_tag":[],"class_list":{"0":"post-26285","1":"product","2":"type-product","3":"status-publish","5":"product_cat-genel","7":"first","8":"instock","9":"sale","10":"virtual","11":"purchasable","12":"product-type-simple"},"jetpack_publicize_connections":[],"jetpack_sharing_enabled":true,"jetpack_likes_enabled":true,"_links":{"self":[{"href":"https:\/\/arapca.com\/index.php\/wp-json\/wp\/v2\/product\/26285","targetHints":{"allow":["GET"]}}],"collection":[{"href":"https:\/\/arapca.com\/index.php\/wp-json\/wp\/v2\/product"}],"about":[{"href":"https:\/\/arapca.com\/index.php\/wp-json\/wp\/v2\/types\/product"}],"replies":[{"embeddable":true,"href":"https:\/\/arapca.com\/index.php\/wp-json\/wp\/v2\/comments?post=26285"}],"wp:attachment":[{"href":"https:\/\/arapca.com\/index.php\/wp-json\/wp\/v2\/media?parent=26285"}],"wp:term":[{"taxonomy":"product_brand","embeddable":true,"href":"https:\/\/arapca.com\/index.php\/wp-json\/wp\/v2\/product_brand?post=26285"},{"taxonomy":"product_cat","embeddable":true,"href":"https:\/\/arapca.com\/index.php\/wp-json\/wp\/v2\/product_cat?post=26285"},{"taxonomy":"product_tag","embeddable":true,"href":"https:\/\/arapca.com\/index.php\/wp-json\/wp\/v2\/product_tag?post=26285"}],"curies":[{"name":"wp","href":"https:\/\/api.w.org\/{rel}","templated":true}]}}