{"id":26249,"date":"2026-04-26T11:24:11","date_gmt":"2026-04-26T08:24:11","guid":{"rendered":"https:\/\/arapca.com\/?post_type=product&#038;p=26249"},"modified":"2026-04-26T11:24:24","modified_gmt":"2026-04-26T08:24:24","slug":"yilin-kampanyasi-sinirsiz-site-aboneligi","status":"publish","type":"product","link":"https:\/\/arapca.com\/index.php\/urun\/yilin-kampanyasi-sinirsiz-site-aboneligi\/","title":{"rendered":"YILIN KAMPANYASI! SINIRSIZ S\u0130TE ABONEL\u0130\u011e\u0130"},"content":{"rendered":"<p>1 YIL BOYUNCA T\u00dcM KURSLARA ER\u0130\u015e\u0130M HAKKI<\/p>\n<p>H\u0130KAYELER, OYUNLAR, K\u0130TAPLAR VE T\u00dcM \u0130\u00c7ER\u0130\u011eE SINIRSIZ ER\u0130\u015e\u0130M HAKKI<\/p>\n<p><img data-recalc-dims=\"1\" loading=\"lazy\" decoding=\"async\" class=\"alignnone size-medium wp-image-26231\" src=\"https:\/\/i0.wp.com\/arapca.com\/wp-content\/uploads\/2023\/05\/kelime-kelime-kuran.png?resize=200%2C300&#038;ssl=1\" alt=\"\" width=\"200\" height=\"300\" srcset=\"https:\/\/i0.wp.com\/arapca.com\/wp-content\/uploads\/2023\/05\/kelime-kelime-kuran.png?resize=200%2C300&amp;ssl=1 200w, https:\/\/i0.wp.com\/arapca.com\/wp-content\/uploads\/2023\/05\/kelime-kelime-kuran.png?resize=683%2C1024&amp;ssl=1 683w, https:\/\/i0.wp.com\/arapca.com\/wp-content\/uploads\/2023\/05\/kelime-kelime-kuran.png?resize=768%2C1152&amp;ssl=1 768w, https:\/\/i0.wp.com\/arapca.com\/wp-content\/uploads\/2023\/05\/kelime-kelime-kuran.png?resize=600%2C900&amp;ssl=1 600w, https:\/\/i0.wp.com\/arapca.com\/wp-content\/uploads\/2023\/05\/kelime-kelime-kuran.png?w=1024&amp;ssl=1 1024w\" sizes=\"auto, (max-width: 200px) 100vw, 200px\" \/><img data-recalc-dims=\"1\" loading=\"lazy\" decoding=\"async\" class=\"alignnone size-medium wp-image-26251\" src=\"https:\/\/i0.wp.com\/arapca.com\/wp-content\/uploads\/2026\/04\/kuran-arapcasi1.png?resize=300%2C200&#038;ssl=1\" alt=\"\" width=\"300\" height=\"200\" srcset=\"https:\/\/i0.wp.com\/arapca.com\/wp-content\/uploads\/2026\/04\/kuran-arapcasi1.png?resize=300%2C200&amp;ssl=1 300w, https:\/\/i0.wp.com\/arapca.com\/wp-content\/uploads\/2026\/04\/kuran-arapcasi1.png?resize=1024%2C683&amp;ssl=1 1024w, https:\/\/i0.wp.com\/arapca.com\/wp-content\/uploads\/2026\/04\/kuran-arapcasi1.png?resize=768%2C512&amp;ssl=1 768w, https:\/\/i0.wp.com\/arapca.com\/wp-content\/uploads\/2026\/04\/kuran-arapcasi1.png?resize=600%2C400&amp;ssl=1 600w, https:\/\/i0.wp.com\/arapca.com\/wp-content\/uploads\/2026\/04\/kuran-arapcasi1.png?w=1536&amp;ssl=1 1536w, https:\/\/i0.wp.com\/arapca.com\/wp-content\/uploads\/2026\/04\/kuran-arapcasi1.png?w=1280&amp;ssl=1 1280w\" sizes=\"auto, (max-width: 300px) 100vw, 300px\" \/><img data-recalc-dims=\"1\" loading=\"lazy\" decoding=\"async\" class=\"alignnone size-medium wp-image-26250\" src=\"https:\/\/i0.wp.com\/arapca.com\/wp-content\/uploads\/2026\/04\/modern-arapca-kurslari.png?resize=300%2C200&#038;ssl=1\" alt=\"\" width=\"300\" height=\"200\" srcset=\"https:\/\/i0.wp.com\/arapca.com\/wp-content\/uploads\/2026\/04\/modern-arapca-kurslari.png?resize=300%2C200&amp;ssl=1 300w, https:\/\/i0.wp.com\/arapca.com\/wp-content\/uploads\/2026\/04\/modern-arapca-kurslari.png?resize=1024%2C683&amp;ssl=1 1024w, https:\/\/i0.wp.com\/arapca.com\/wp-content\/uploads\/2026\/04\/modern-arapca-kurslari.png?resize=768%2C512&amp;ssl=1 768w, https:\/\/i0.wp.com\/arapca.com\/wp-content\/uploads\/2026\/04\/modern-arapca-kurslari.png?resize=600%2C400&amp;ssl=1 600w, https:\/\/i0.wp.com\/arapca.com\/wp-content\/uploads\/2026\/04\/modern-arapca-kurslari.png?w=1536&amp;ssl=1 1536w, https:\/\/i0.wp.com\/arapca.com\/wp-content\/uploads\/2026\/04\/modern-arapca-kurslari.png?w=1280&amp;ssl=1 1280w\" sizes=\"auto, (max-width: 300px) 100vw, 300px\" \/><img data-recalc-dims=\"1\" loading=\"lazy\" decoding=\"async\" class=\"alignnone size-medium wp-image-26252\" src=\"https:\/\/i0.wp.com\/arapca.com\/wp-content\/uploads\/2026\/04\/A2-slide.png?resize=300%2C200&#038;ssl=1\" alt=\"\" width=\"300\" height=\"200\" srcset=\"https:\/\/i0.wp.com\/arapca.com\/wp-content\/uploads\/2026\/04\/A2-slide.png?resize=300%2C200&amp;ssl=1 300w, https:\/\/i0.wp.com\/arapca.com\/wp-content\/uploads\/2026\/04\/A2-slide.png?resize=1024%2C683&amp;ssl=1 1024w, https:\/\/i0.wp.com\/arapca.com\/wp-content\/uploads\/2026\/04\/A2-slide.png?resize=768%2C512&amp;ssl=1 768w, https:\/\/i0.wp.com\/arapca.com\/wp-content\/uploads\/2026\/04\/A2-slide.png?resize=600%2C400&amp;ssl=1 600w, https:\/\/i0.wp.com\/arapca.com\/wp-content\/uploads\/2026\/04\/A2-slide.png?w=1536&amp;ssl=1 1536w, https:\/\/i0.wp.com\/arapca.com\/wp-content\/uploads\/2026\/04\/A2-slide.png?w=1280&amp;ssl=1 1280w\" sizes=\"auto, (max-width: 300px) 100vw, 300px\" \/> <img data-recalc-dims=\"1\" loading=\"lazy\" decoding=\"async\" class=\"alignnone size-medium wp-image-26253\" src=\"https:\/\/i0.wp.com\/arapca.com\/wp-content\/uploads\/2026\/04\/A1-slide.png?resize=300%2C200&#038;ssl=1\" alt=\"\" width=\"300\" height=\"200\" srcset=\"https:\/\/i0.wp.com\/arapca.com\/wp-content\/uploads\/2026\/04\/A1-slide.png?resize=300%2C200&amp;ssl=1 300w, https:\/\/i0.wp.com\/arapca.com\/wp-content\/uploads\/2026\/04\/A1-slide.png?resize=1024%2C683&amp;ssl=1 1024w, https:\/\/i0.wp.com\/arapca.com\/wp-content\/uploads\/2026\/04\/A1-slide.png?resize=768%2C512&amp;ssl=1 768w, https:\/\/i0.wp.com\/arapca.com\/wp-content\/uploads\/2026\/04\/A1-slide.png?resize=600%2C400&amp;ssl=1 600w, https:\/\/i0.wp.com\/arapca.com\/wp-content\/uploads\/2026\/04\/A1-slide.png?w=1536&amp;ssl=1 1536w, https:\/\/i0.wp.com\/arapca.com\/wp-content\/uploads\/2026\/04\/A1-slide.png?w=1280&amp;ssl=1 1280w\" sizes=\"auto, (max-width: 300px) 100vw, 300px\" \/><\/p>\n","protected":false},"excerpt":{"rendered":"<p>26 N\u0130SAN 2026 TAR\u0130H\u0130 \u0130T\u0130BAR\u0130YLE ARAPCA.COM S\u0130TEM\u0130ZE \u00dcYE VE KURSLARIMIZA ABONE OLAN HERKESE \u0130ND\u0130R\u0130ML\u0130 1 YILLIK T\u00dcM S\u0130TE \u0130\u00c7ER\u0130\u011e\u0130NE (KURSLAR VE PDF K\u0130TAPLAR DAH\u0130L) SINIRSIZ ER\u0130\u015e\u0130M HAKKI<\/p>\n","protected":false},"featured_media":26254,"comment_status":"closed","ping_status":"closed","template":"","meta":{"_bbp_topic_count":0,"_bbp_reply_count":0,"_bbp_total_topic_count":0,"_bbp_total_reply_count":0,"_bbp_voice_count":0,"_bbp_anonymous_reply_count":0,"_bbp_topic_count_hidden":0,"_bbp_reply_count_hidden":0,"_bbp_forum_subforum_count":0,"advanced_seo_description":"","jetpack_seo_html_title":"","jetpack_seo_noindex":false,"jetpack_publicize_message":"","jetpack_publicize_feature_enabled":true,"jetpack_social_post_already_shared":true,"jetpack_social_options":{"image_generator_settings":{"template":"highway","default_image_id":0,"font":"","enabled":false},"version":2}},"product_brand":[],"product_cat":[20],"product_tag":[],"class_list":{"0":"post-26249","1":"product","2":"type-product","3":"status-publish","4":"has-post-thumbnail","6":"product_cat-genel","8":"first","9":"instock","10":"sale","11":"virtual","12":"purchasable","13":"product-type-simple"},"jetpack_publicize_connections":[],"jetpack_sharing_enabled":true,"jetpack_likes_enabled":true,"_links":{"self":[{"href":"https:\/\/arapca.com\/index.php\/wp-json\/wp\/v2\/product\/26249","targetHints":{"allow":["GET"]}}],"collection":[{"href":"https:\/\/arapca.com\/index.php\/wp-json\/wp\/v2\/product"}],"about":[{"href":"https:\/\/arapca.com\/index.php\/wp-json\/wp\/v2\/types\/product"}],"replies":[{"embeddable":true,"href":"https:\/\/arapca.com\/index.php\/wp-json\/wp\/v2\/comments?post=26249"}],"wp:featuredmedia":[{"embeddable":true,"href":"https:\/\/arapca.com\/index.php\/wp-json\/wp\/v2\/media\/26254"}],"wp:attachment":[{"href":"https:\/\/arapca.com\/index.php\/wp-json\/wp\/v2\/media?parent=26249"}],"wp:term":[{"taxonomy":"product_brand","embeddable":true,"href":"https:\/\/arapca.com\/index.php\/wp-json\/wp\/v2\/product_brand?post=26249"},{"taxonomy":"product_cat","embeddable":true,"href":"https:\/\/arapca.com\/index.php\/wp-json\/wp\/v2\/product_cat?post=26249"},{"taxonomy":"product_tag","embeddable":true,"href":"https:\/\/arapca.com\/index.php\/wp-json\/wp\/v2\/product_tag?post=26249"}],"curies":[{"name":"wp","href":"https:\/\/api.w.org\/{rel}","templated":true}]}}