{"id":21900,"date":"2025-02-03T10:44:39","date_gmt":"2025-02-03T07:44:39","guid":{"rendered":"https:\/\/arapca.com\/?post_type=product&#038;p=21900"},"modified":"2025-04-18T14:00:24","modified_gmt":"2025-04-18T11:00:24","slug":"b2-arapca-kursu","status":"publish","type":"product","link":"https:\/\/arapca.com\/index.php\/urun\/b2-arapca-kursu\/","title":{"rendered":"B2 Arap\u00e7a Kursu"},"content":{"rendered":"<p><img data-recalc-dims=\"1\" loading=\"lazy\" decoding=\"async\" class=\"alignnone size-medium wp-image-21799\" src=\"https:\/\/i0.wp.com\/arapca.com\/wp-content\/uploads\/2025\/01\/B2-kurs-zemin.jpg?resize=295%2C300&#038;ssl=1\" alt=\"\" width=\"295\" height=\"300\" srcset=\"https:\/\/i0.wp.com\/arapca.com\/wp-content\/uploads\/2025\/01\/B2-kurs-zemin.jpg?resize=295%2C300&amp;ssl=1 295w, https:\/\/i0.wp.com\/arapca.com\/wp-content\/uploads\/2025\/01\/B2-kurs-zemin.jpg?resize=600%2C610&amp;ssl=1 600w, https:\/\/i0.wp.com\/arapca.com\/wp-content\/uploads\/2025\/01\/B2-kurs-zemin.jpg?w=717&amp;ssl=1 717w\" sizes=\"auto, (max-width: 295px) 100vw, 295px\" \/><\/p>\n<p>&nbsp;<\/p>\n","protected":false},"excerpt":{"rendered":"<p><img loading=\"lazy\" decoding=\"async\" class=\"alignnone size-medium wp-image-21799\" src=\"https:\/\/arapca.com\/wp-content\/uploads\/2025\/01\/B2-kurs-zemin-295x300.jpg\" alt=\"\" width=\"295\" height=\"300\" srcset=\"https:\/\/i0.wp.com\/arapca.com\/wp-content\/uploads\/2025\/01\/B2-kurs-zemin.jpg?resize=295%2C300&amp;ssl=1 295w, https:\/\/i0.wp.com\/arapca.com\/wp-content\/uploads\/2025\/01\/B2-kurs-zemin.jpg?resize=600%2C610&amp;ssl=1 600w, https:\/\/i0.wp.com\/arapca.com\/wp-content\/uploads\/2025\/01\/B2-kurs-zemin.jpg?w=717&amp;ssl=1 717w\" sizes=\"auto, (max-width: 295px) 100vw, 295px\" \/> Bu program 2,5 Ayl\u0131k bir s\u00fcrede tamamlanmas\u0131 \u00f6ng\u00f6r\u00fclm\u00fc\u015ft\u00fcr. 8 \u00dcniteden olu\u015fmaktad\u0131r. Her \u00dcnite i\u00e7in 1 haftan\u0131z\u0131 ay\u0131rmal\u0131s\u0131n\u0131z.\u00a0 (Yakla\u015f\u0131k 8 Saat) Son 2 haftada ise genel tekrar ve deneme s\u0131navlar\u0131 yap\u0131l\u0131rsa bu kur ba\u015far\u0131 ile tamamlanm\u0131\u015f olur. <span style=\"color: #ff0000;\"><strong>Toplam\u00a0<\/strong> 80 Saatlik<\/span> bir program \u00f6ng\u00f6r\u00fclmektedir. Haftada 1 saat \u00fccretsiz dan\u0131\u015fmanl\u0131k hizmeti alabilirsiniz.<\/p>\n","protected":false},"featured_media":0,"comment_status":"open","ping_status":"closed","template":"","meta":{"_bbp_topic_count":0,"_bbp_reply_count":0,"_bbp_total_topic_count":0,"_bbp_total_reply_count":0,"_bbp_voice_count":0,"_bbp_anonymous_reply_count":0,"_bbp_topic_count_hidden":0,"_bbp_reply_count_hidden":0,"_bbp_forum_subforum_count":0,"advanced_seo_description":"","jetpack_seo_html_title":"","jetpack_seo_noindex":false,"jetpack_publicize_message":"","jetpack_publicize_feature_enabled":true,"jetpack_social_post_already_shared":true,"jetpack_social_options":{"image_generator_settings":{"template":"highway","default_image_id":0,"font":"","enabled":false},"version":2}},"product_brand":[],"product_cat":[165],"product_tag":[],"class_list":{"0":"post-21900","1":"product","2":"type-product","3":"status-publish","5":"product_cat-b2-arapca-kursu","7":"first","8":"instock","9":"sale","10":"shipping-taxable","11":"product-type-external"},"jetpack_publicize_connections":[],"jetpack_sharing_enabled":true,"jetpack_likes_enabled":true,"_links":{"self":[{"href":"https:\/\/arapca.com\/index.php\/wp-json\/wp\/v2\/product\/21900","targetHints":{"allow":["GET"]}}],"collection":[{"href":"https:\/\/arapca.com\/index.php\/wp-json\/wp\/v2\/product"}],"about":[{"href":"https:\/\/arapca.com\/index.php\/wp-json\/wp\/v2\/types\/product"}],"replies":[{"embeddable":true,"href":"https:\/\/arapca.com\/index.php\/wp-json\/wp\/v2\/comments?post=21900"}],"wp:attachment":[{"href":"https:\/\/arapca.com\/index.php\/wp-json\/wp\/v2\/media?parent=21900"}],"wp:term":[{"taxonomy":"product_brand","embeddable":true,"href":"https:\/\/arapca.com\/index.php\/wp-json\/wp\/v2\/product_brand?post=21900"},{"taxonomy":"product_cat","embeddable":true,"href":"https:\/\/arapca.com\/index.php\/wp-json\/wp\/v2\/product_cat?post=21900"},{"taxonomy":"product_tag","embeddable":true,"href":"https:\/\/arapca.com\/index.php\/wp-json\/wp\/v2\/product_tag?post=21900"}],"curies":[{"name":"wp","href":"https:\/\/api.w.org\/{rel}","templated":true}]}}