{"id":21898,"date":"2025-02-03T10:42:15","date_gmt":"2025-02-03T07:42:15","guid":{"rendered":"https:\/\/arapca.com\/?post_type=product&#038;p=21898"},"modified":"2026-05-06T10:37:42","modified_gmt":"2026-05-06T07:37:42","slug":"b1-arapca-kursu","status":"publish","type":"product","link":"https:\/\/arapca.com\/index.php\/urun\/b1-arapca-kursu\/","title":{"rendered":"B1 Arap\u00e7a Kursu"},"content":{"rendered":"","protected":false},"excerpt":{"rendered":"<p><img fetchpriority=\"high\" decoding=\"async\" class=\"alignnone size-medium wp-image-21798\" src=\"https:\/\/arapca.com\/wp-content\/uploads\/2025\/01\/kurs-zemin-295x300.jpg\" alt=\"\" width=\"295\" height=\"300\" srcset=\"https:\/\/i0.wp.com\/arapca.com\/wp-content\/uploads\/2025\/01\/kurs-zemin.jpg?resize=295%2C300&amp;ssl=1 295w, https:\/\/i0.wp.com\/arapca.com\/wp-content\/uploads\/2025\/01\/kurs-zemin.jpg?resize=600%2C610&amp;ssl=1 600w, https:\/\/i0.wp.com\/arapca.com\/wp-content\/uploads\/2025\/01\/kurs-zemin.jpg?w=717&amp;ssl=1 717w\" sizes=\"(max-width: 295px) 100vw, 295px\" \/><\/p>\n<p><strong>B1 D\u00fczeyi:<\/strong>\u00a0Orta D\u00fczeyde Arap\u00e7a Okuma, yazma, anlama ve konu\u015fma becerisi kazand\u0131r\u0131r.<\/p>\n<p><strong>M\u00fcfredat:<\/strong><\/p>\n<ol>\n<li>\u015eehir ve K\u00f6y Hayat\u0131<\/li>\n<li>Sosyal Hayat (Evlilik- Aile- Kutlamalar)<\/li>\n<li><a href=\"https:\/\/arapca.com\/index.php\/saglik-ve-hayatimizdaki-onemi\/\">Sa\u011fl\u0131k \u00d6nemlidir (Sa\u011fl\u0131k ve Spor)<\/a><\/li>\n<li>Beslenme ve \u00d6nemi<\/li>\n<li>Gelenekler ve Adetler<\/li>\n<li>\u0130\u015f Hayat\u0131 (Meslekler)<\/li>\n<li>Bilgi ve Teknoloji \u00c7a\u011f\u0131<\/li>\n<li>Gezi-Yorum<\/li>\n<li>Tarih ve Do\u011fa<\/li>\n<li>\u0130slam D\u00fcnyas\u0131<\/li>\n<\/ol>\n","protected":false},"featured_media":0,"comment_status":"open","ping_status":"closed","template":"","meta":{"_bbp_topic_count":0,"_bbp_reply_count":0,"_bbp_total_topic_count":0,"_bbp_total_reply_count":0,"_bbp_voice_count":0,"_bbp_anonymous_reply_count":0,"_bbp_topic_count_hidden":0,"_bbp_reply_count_hidden":0,"_bbp_forum_subforum_count":0,"advanced_seo_description":"","jetpack_seo_html_title":"","jetpack_seo_noindex":false,"jetpack_publicize_message":"","jetpack_publicize_feature_enabled":true,"jetpack_social_post_already_shared":true,"jetpack_social_options":{"image_generator_settings":{"template":"highway","default_image_id":0,"font":"","enabled":false},"version":2}},"product_brand":[],"product_cat":[20],"product_tag":[],"class_list":{"0":"post-21898","1":"product","2":"type-product","3":"status-publish","5":"product_cat-genel","7":"first","8":"instock","9":"sale","10":"taxable","11":"shipping-taxable","12":"product-type-external"},"jetpack_publicize_connections":[],"jetpack_sharing_enabled":true,"jetpack_likes_enabled":true,"_links":{"self":[{"href":"https:\/\/arapca.com\/index.php\/wp-json\/wp\/v2\/product\/21898","targetHints":{"allow":["GET"]}}],"collection":[{"href":"https:\/\/arapca.com\/index.php\/wp-json\/wp\/v2\/product"}],"about":[{"href":"https:\/\/arapca.com\/index.php\/wp-json\/wp\/v2\/types\/product"}],"replies":[{"embeddable":true,"href":"https:\/\/arapca.com\/index.php\/wp-json\/wp\/v2\/comments?post=21898"}],"wp:attachment":[{"href":"https:\/\/arapca.com\/index.php\/wp-json\/wp\/v2\/media?parent=21898"}],"wp:term":[{"taxonomy":"product_brand","embeddable":true,"href":"https:\/\/arapca.com\/index.php\/wp-json\/wp\/v2\/product_brand?post=21898"},{"taxonomy":"product_cat","embeddable":true,"href":"https:\/\/arapca.com\/index.php\/wp-json\/wp\/v2\/product_cat?post=21898"},{"taxonomy":"product_tag","embeddable":true,"href":"https:\/\/arapca.com\/index.php\/wp-json\/wp\/v2\/product_tag?post=21898"}],"curies":[{"name":"wp","href":"https:\/\/api.w.org\/{rel}","templated":true}]}}