{"id":15796,"date":"2023-05-09T09:28:43","date_gmt":"2023-05-09T06:28:43","guid":{"rendered":"https:\/\/arapca.com\/?post_type=product&#038;p=15796"},"modified":"2026-04-25T09:42:56","modified_gmt":"2026-04-25T06:42:56","slug":"kuran-arapcasi-ogreniyorum-1","status":"publish","type":"product","link":"https:\/\/arapca.com\/index.php\/urun\/kuran-arapcasi-ogreniyorum-1\/","title":{"rendered":"30 G\u00fcnde Kur&#8217;an Arap\u00e7as\u0131"},"content":{"rendered":"<p><img data-recalc-dims=\"1\" loading=\"lazy\" decoding=\"async\" class=\"size-medium wp-image-26233 aligncenter\" src=\"https:\/\/i0.wp.com\/arapca.com\/wp-content\/uploads\/2023\/05\/30-gunde-kuran.png?resize=300%2C300&#038;ssl=1\" alt=\"\" width=\"300\" height=\"300\" srcset=\"https:\/\/i0.wp.com\/arapca.com\/wp-content\/uploads\/2023\/05\/30-gunde-kuran.png?resize=300%2C300&amp;ssl=1 300w, https:\/\/i0.wp.com\/arapca.com\/wp-content\/uploads\/2023\/05\/30-gunde-kuran.png?resize=1024%2C1024&amp;ssl=1 1024w, https:\/\/i0.wp.com\/arapca.com\/wp-content\/uploads\/2023\/05\/30-gunde-kuran.png?resize=150%2C150&amp;ssl=1 150w, https:\/\/i0.wp.com\/arapca.com\/wp-content\/uploads\/2023\/05\/30-gunde-kuran.png?resize=768%2C768&amp;ssl=1 768w, https:\/\/i0.wp.com\/arapca.com\/wp-content\/uploads\/2023\/05\/30-gunde-kuran.png?resize=600%2C600&amp;ssl=1 600w, https:\/\/i0.wp.com\/arapca.com\/wp-content\/uploads\/2023\/05\/30-gunde-kuran.png?resize=100%2C100&amp;ssl=1 100w, https:\/\/i0.wp.com\/arapca.com\/wp-content\/uploads\/2023\/05\/30-gunde-kuran.png?w=1254&amp;ssl=1 1254w\" sizes=\"auto, (max-width: 300px) 100vw, 300px\" \/><\/p>\n<p>Setle ilgili sorular\u0131n\u0131z\u0131 a\u015fa\u011f\u0131daki forma yazabilirsiniz.<\/p>\n<style id=\"wpforms-css-vars-15787\">\n\t\t\t\t#wpforms-15787 {\n\t\t\t\t\n\t\t\t}\n\t\t\t<\/style><div class=\"wpforms-container wpforms-container-full wpforms-render-modern\" id=\"wpforms-15787\"><form id=\"wpforms-form-15787\" class=\"wpforms-validate wpforms-form wpforms-ajax-form\" data-formid=\"15787\" method=\"post\" enctype=\"multipart\/form-data\" action=\"\/index.php\/wp-json\/wp\/v2\/product\/15796\" data-token=\"c26190ea3770055e6c49e4d01cb96183\" data-token-time=\"1777548144\"><div class=\"wpforms-head-container\"><div class=\"wpforms-title\">\u0130leti\u015fim Formu<\/div><\/div><noscript class=\"wpforms-error-noscript\">Bu formu bitirebilmek i\u00e7in taray\u0131c\u0131n\u0131zda JavaScript&#039;i etkinle\u015ftirin.<\/noscript><div id=\"wpforms-error-noscript\" style=\"display: none;\">Bu formu bitirebilmek i\u00e7in taray\u0131c\u0131n\u0131zda JavaScript&#039;i etkinle\u015ftirin.<\/div><div class=\"wpforms-field-container\"><div id=\"wpforms-15787-field_0-container\" class=\"wpforms-field wpforms-field-name\" data-field-id=\"0\"><fieldset><legend class=\"wpforms-field-label\">Ba\u011flant\u0131 Ad\u0131 Soyad\u0131 <span class=\"wpforms-required-label\" aria-hidden=\"true\">*<\/span><\/legend><div class=\"wpforms-field-row wpforms-field-medium\"><div class=\"wpforms-field-row-block wpforms-first wpforms-one-half\"><input type=\"text\" id=\"wpforms-15787-field_0\" class=\"wpforms-field-name-first wpforms-field-required\" name=\"wpforms[fields][0][first]\" aria-errormessage=\"wpforms-15787-field_0-error\" required><label for=\"wpforms-15787-field_0\" class=\"wpforms-field-sublabel after\">Ad<\/label><\/div><div class=\"wpforms-field-row-block wpforms-one-half\"><input type=\"text\" id=\"wpforms-15787-field_0-last\" class=\"wpforms-field-name-last wpforms-field-required\" name=\"wpforms[fields][0][last]\" aria-errormessage=\"wpforms-15787-field_0-last-error\" required><label for=\"wpforms-15787-field_0-last\" class=\"wpforms-field-sublabel after\">Soyad<\/label><\/div><\/div><\/fieldset><\/div><div id=\"wpforms-15787-field_1-container\" class=\"wpforms-field wpforms-field-email\" data-field-id=\"1\"><label class=\"wpforms-field-label\" for=\"wpforms-15787-field_1\">E-posta <span class=\"wpforms-required-label\" aria-hidden=\"true\">*<\/span><\/label><input type=\"email\" id=\"wpforms-15787-field_1\" class=\"wpforms-field-medium wpforms-field-required\" name=\"wpforms[fields][1]\" spellcheck=\"false\" aria-errormessage=\"wpforms-15787-field_1-error\" required><\/div><div id=\"wpforms-15787-field_2-container\" class=\"wpforms-field wpforms-field-textarea\" data-field-id=\"2\"><label class=\"wpforms-field-label\" for=\"wpforms-15787-field_2\">Yorum veya Mesaj<\/label><textarea id=\"wpforms-15787-field_2\" class=\"wpforms-field-medium\" name=\"wpforms[fields][2]\" aria-errormessage=\"wpforms-15787-field_2-error\" ><\/textarea><\/div><\/div><!-- .wpforms-field-container --><div class=\"wpforms-submit-container\" ><input type=\"hidden\" name=\"wpforms[id]\" value=\"15787\"><input type=\"hidden\" name=\"page_title\" value=\"\"><input type=\"hidden\" name=\"page_url\" value=\"https:\/\/arapca.com\/index.php\/wp-json\/wp\/v2\/product\/15796\"><input type=\"hidden\" name=\"url_referer\" value=\"\"><button type=\"submit\" name=\"wpforms[submit]\" id=\"wpforms-submit-15787\" class=\"wpforms-submit\" data-alt-text=\"G\u00f6nderiliyor...\" data-submit-text=\"G\u00f6nder\" aria-live=\"assertive\" value=\"wpforms-submit\">G\u00f6nder<\/button><img loading=\"lazy\" decoding=\"async\" src=\"https:\/\/arapca.com\/wp-content\/plugins\/wpforms-lite\/assets\/images\/submit-spin.svg\" class=\"wpforms-submit-spinner\" style=\"display: none;\" width=\"26\" height=\"26\" alt=\"Y\u00fckleniyor\"><\/div><\/form><\/div>  <!-- .wpforms-container -->\n","protected":false},"excerpt":{"rendered":"<p>Kur\u2019an Arap\u00e7as\u0131 \u00d6\u011freniyorum \u2013 Ba\u015flang\u0131\u00e7 \u200b\u200bseviyesi<\/p>\n<p>Arap\u00e7a harfleri ve harekeleri tan\u0131yan, kelime kelime de olsa Kur\u2019an okumaya ba\u015flam\u0131\u015f kimselerin kat\u0131labilece\u011fi bir programd\u0131r. Hen\u00fcz harfleri tan\u0131mayanlar\u0131n\u00a0<a href=\"https:\/\/arapcaogreniyorum.com.tr\/index.php\/course\/kuran-okumayi-ogreniyorum\/\"><strong>Kur\u2019an Okumay\u0131 \u00d6\u011freniyorum<\/strong><\/a>\u00a0setinden ba\u015flamalar\u0131 uygundur.<\/p>\n<p>Bu programda temel Arap\u00e7a dilblgisi kurallar\u0131 basit olarak \u00f6\u011frenilir.<\/p>\n<p>Kur\u2019an\u2019dam k\u0131sa surelerin ve Bakara Suresi\u2019nin bir b\u00f6l\u00fcm\u00fcn\u00fcn kelime kelime anlam\u0131 \u00f6\u011frenilir.<\/p>\n<p>T\u00fcrk\u00e7eye de ge\u00e7mi\u015f olan Arap\u00e7a k\u00f6kenli kelimeler ve Arap\u00e7ada \u00e7ok kullan\u0131lan temel s\u00f6zc\u00fckler ile g\u00fcnl\u00fck dilde \u00e7ok kullan\u0131lan c\u00fcmle kal\u0131plar\u0131 \u00f6\u011frenilir.<\/p>\n","protected":false},"featured_media":26233,"comment_status":"open","ping_status":"closed","template":"","meta":{"_bbp_topic_count":0,"_bbp_reply_count":0,"_bbp_total_topic_count":0,"_bbp_total_reply_count":0,"_bbp_voice_count":0,"_bbp_anonymous_reply_count":0,"_bbp_topic_count_hidden":0,"_bbp_reply_count_hidden":0,"_bbp_forum_subforum_count":0,"advanced_seo_description":"","jetpack_seo_html_title":"","jetpack_seo_noindex":false,"jetpack_publicize_message":"","jetpack_publicize_feature_enabled":true,"jetpack_social_post_already_shared":false,"jetpack_social_options":{"image_generator_settings":{"template":"highway","default_image_id":0,"font":"","enabled":false},"version":2}},"product_brand":[],"product_cat":[101],"product_tag":[107,108],"class_list":{"0":"post-15796","1":"product","2":"type-product","3":"status-publish","4":"has-post-thumbnail","6":"product_cat-kuran-arapcasi","7":"product_tag-kao","8":"product_tag-kuran-arapcasi","10":"first","11":"instock","12":"sale","13":"downloadable","14":"virtual","15":"purchasable","16":"product-type-simple"},"jetpack_publicize_connections":[],"jetpack_sharing_enabled":true,"jetpack_likes_enabled":true,"_links":{"self":[{"href":"https:\/\/arapca.com\/index.php\/wp-json\/wp\/v2\/product\/15796","targetHints":{"allow":["GET"]}}],"collection":[{"href":"https:\/\/arapca.com\/index.php\/wp-json\/wp\/v2\/product"}],"about":[{"href":"https:\/\/arapca.com\/index.php\/wp-json\/wp\/v2\/types\/product"}],"replies":[{"embeddable":true,"href":"https:\/\/arapca.com\/index.php\/wp-json\/wp\/v2\/comments?post=15796"}],"wp:featuredmedia":[{"embeddable":true,"href":"https:\/\/arapca.com\/index.php\/wp-json\/wp\/v2\/media\/26233"}],"wp:attachment":[{"href":"https:\/\/arapca.com\/index.php\/wp-json\/wp\/v2\/media?parent=15796"}],"wp:term":[{"taxonomy":"product_brand","embeddable":true,"href":"https:\/\/arapca.com\/index.php\/wp-json\/wp\/v2\/product_brand?post=15796"},{"taxonomy":"product_cat","embeddable":true,"href":"https:\/\/arapca.com\/index.php\/wp-json\/wp\/v2\/product_cat?post=15796"},{"taxonomy":"product_tag","embeddable":true,"href":"https:\/\/arapca.com\/index.php\/wp-json\/wp\/v2\/product_tag?post=15796"}],"curies":[{"name":"wp","href":"https:\/\/api.w.org\/{rel}","templated":true}]}}