{"id":15780,"date":"2023-05-05T20:19:44","date_gmt":"2023-05-05T17:19:44","guid":{"rendered":"https:\/\/arapca.com\/?post_type=product&#038;p=15780"},"modified":"2025-02-08T15:58:29","modified_gmt":"2025-02-08T12:58:29","slug":"kelime-meali-hatim-seti","status":"publish","type":"product","link":"https:\/\/arapca.com\/index.php\/urun\/kelime-meali-hatim-seti\/","title":{"rendered":"Kelime Meali Online Hatim Seti"},"content":{"rendered":"<p><img data-recalc-dims=\"1\" loading=\"lazy\" decoding=\"async\" class=\"alignnone size-full wp-image-15739\" src=\"https:\/\/i0.wp.com\/arapca.com\/wp-content\/uploads\/2023\/05\/kmh-1-1.png?resize=297%2C170&#038;ssl=1\" alt=\"\" width=\"297\" height=\"170\" \/><\/p>\n<p>600 Sayfa Kur&#8217;an-\u0131 Kerim&#8217;in tamam\u0131 kelime kelime Arap\u00e7a ve T\u00fcrk\u00e7e olarak \u015eaban P\u0130R\u0130\u015e taraf\u0131ndan okunmu\u015ftur.<\/p>\n<p>Yer yer Arap\u00e7a dilbilgisi kurallar\u0131 a\u00e7\u0131klanm\u0131\u015ft\u0131r.<\/p>\n<p>Kolay anla\u015f\u0131l\u0131r bir dil kullan\u0131lm\u0131\u015ft\u0131r.<\/p>\n<p>Yakla\u015f\u0131n her sayfa 6-8 dakika s\u00fcrmektedir.<\/p>\n<p>Herg\u00fcn 2 sayfa izlersenir 300 g\u00fcnde (Yakla\u015f\u0131k 1 y\u0131lda) t\u00fcm Kur&#8217;an-\u0131 Kerim&#8217;in anlam\u0131n\u0131 kelimesi kelimesine izlemi\u015f olursunuz.<\/p>\n<p><strong>Not:<\/strong> <em>Bu set sadece internet \u00fczerinden izlemek i\u00e7indir.<\/em><\/p>\n","protected":false},"excerpt":{"rendered":"<p>600 Sayfa Kur&#8217;an-\u0131 Kerim&#8217;in tamam\u0131 kelime kelime Arap\u00e7a ve T\u00fcrk\u00e7e olarak \u015eaban P\u0130R\u0130\u015e taraf\u0131ndan okunmu\u015ftur. Yer yer Arap\u00e7a dilbilgisi kurallar\u0131 a\u00e7\u0131klanm\u0131\u015ft\u0131r. Kolay anla\u015f\u0131l\u0131r bir dil kullan\u0131lm\u0131\u015ft\u0131r. Yakla\u015f\u0131n her sayfa 6-8 dakika s\u00fcrmektedir. Herg\u00fcn 2 sayfa izlersenir 300 g\u00fcnde (Yakla\u015f\u0131k 1 &hellip; <\/p>\n","protected":false},"featured_media":15739,"comment_status":"open","ping_status":"closed","template":"","meta":{"_bbp_topic_count":0,"_bbp_reply_count":0,"_bbp_total_topic_count":0,"_bbp_total_reply_count":0,"_bbp_voice_count":0,"_bbp_anonymous_reply_count":0,"_bbp_topic_count_hidden":0,"_bbp_reply_count_hidden":0,"_bbp_forum_subforum_count":0,"jetpack_publicize_message":"","jetpack_publicize_feature_enabled":true,"jetpack_social_post_already_shared":false,"jetpack_social_options":{"image_generator_settings":{"template":"highway","default_image_id":0,"font":"","enabled":false},"version":2}},"product_brand":[],"product_cat":[20],"product_tag":[],"class_list":{"0":"post-15780","1":"product","2":"type-product","3":"status-publish","4":"has-post-thumbnail","6":"product_cat-genel","8":"first","9":"instock","10":"sale","11":"downloadable","12":"shipping-taxable","13":"purchasable","14":"product-type-simple"},"jetpack_publicize_connections":[],"jetpack_sharing_enabled":true,"jetpack_likes_enabled":true,"_links":{"self":[{"href":"https:\/\/arapca.com\/index.php\/wp-json\/wp\/v2\/product\/15780","targetHints":{"allow":["GET"]}}],"collection":[{"href":"https:\/\/arapca.com\/index.php\/wp-json\/wp\/v2\/product"}],"about":[{"href":"https:\/\/arapca.com\/index.php\/wp-json\/wp\/v2\/types\/product"}],"replies":[{"embeddable":true,"href":"https:\/\/arapca.com\/index.php\/wp-json\/wp\/v2\/comments?post=15780"}],"wp:featuredmedia":[{"embeddable":true,"href":"https:\/\/arapca.com\/index.php\/wp-json\/wp\/v2\/media\/15739"}],"wp:attachment":[{"href":"https:\/\/arapca.com\/index.php\/wp-json\/wp\/v2\/media?parent=15780"}],"wp:term":[{"taxonomy":"product_brand","embeddable":true,"href":"https:\/\/arapca.com\/index.php\/wp-json\/wp\/v2\/product_brand?post=15780"},{"taxonomy":"product_cat","embeddable":true,"href":"https:\/\/arapca.com\/index.php\/wp-json\/wp\/v2\/product_cat?post=15780"},{"taxonomy":"product_tag","embeddable":true,"href":"https:\/\/arapca.com\/index.php\/wp-json\/wp\/v2\/product_tag?post=15780"}],"curies":[{"name":"wp","href":"https:\/\/api.w.org\/{rel}","templated":true}]}}