{"id":8,"date":"2023-05-03T16:20:26","date_gmt":"2023-05-03T13:20:26","guid":{"rendered":"https:\/\/arapca.com\/index.php\/lp-become-a-teacher\/"},"modified":"2023-08-06T16:15:53","modified_gmt":"2023-08-06T13:15:53","slug":"lp-become-a-teacher","status":"publish","type":"page","link":"https:\/\/arapca.com\/index.php\/lp-become-a-teacher\/","title":{"rendered":"E\u011fitimcimiz Olun!"},"content":{"rendered":"\n<p>E\u011fer siz de bir Arap\u00e7a \u00f6\u011fretmeni iseniz <strong>arapca.com<\/strong>&#8216;dan siz de derslerinizi y\u00fckleyebilir ve online ders verebilirsiniz. E\u011fitimcilerimiz aras\u0131na kat\u0131lmak isterseniz bizimle ileti\u015fime ge\u00e7in!<\/p>\n","protected":false},"excerpt":{"rendered":"<p>E\u011fer siz de bir Arap\u00e7a \u00f6\u011fretmeni iseniz arapca.com&#8216;dan siz de derslerinizi y\u00fckleyebilir ve online ders verebilirsiniz. E\u011fitimcilerimiz aras\u0131na kat\u0131lmak isterseniz bizimle ileti\u015fime ge\u00e7in!<\/p>\n","protected":false},"author":1,"featured_media":0,"parent":0,"menu_order":0,"comment_status":"closed","ping_status":"closed","template":"","meta":{"_bbp_topic_count":0,"_bbp_reply_count":0,"_bbp_total_topic_count":0,"_bbp_total_reply_count":0,"_bbp_voice_count":0,"_bbp_anonymous_reply_count":0,"_bbp_topic_count_hidden":0,"_bbp_reply_count_hidden":0,"_bbp_forum_subforum_count":0,"advanced_seo_description":"","jetpack_seo_html_title":"","jetpack_seo_noindex":false,"footnotes":""},"class_list":["post-8","page","type-page","status-publish","hentry"],"jetpack_sharing_enabled":true,"jetpack_likes_enabled":true,"_links":{"self":[{"href":"https:\/\/arapca.com\/index.php\/wp-json\/wp\/v2\/pages\/8","targetHints":{"allow":["GET"]}}],"collection":[{"href":"https:\/\/arapca.com\/index.php\/wp-json\/wp\/v2\/pages"}],"about":[{"href":"https:\/\/arapca.com\/index.php\/wp-json\/wp\/v2\/types\/page"}],"author":[{"embeddable":true,"href":"https:\/\/arapca.com\/index.php\/wp-json\/wp\/v2\/users\/1"}],"replies":[{"embeddable":true,"href":"https:\/\/arapca.com\/index.php\/wp-json\/wp\/v2\/comments?post=8"}],"version-history":[{"count":5,"href":"https:\/\/arapca.com\/index.php\/wp-json\/wp\/v2\/pages\/8\/revisions"}],"predecessor-version":[{"id":16140,"href":"https:\/\/arapca.com\/index.php\/wp-json\/wp\/v2\/pages\/8\/revisions\/16140"}],"wp:attachment":[{"href":"https:\/\/arapca.com\/index.php\/wp-json\/wp\/v2\/media?parent=8"}],"curies":[{"name":"wp","href":"https:\/\/api.w.org\/{rel}","templated":true}]}}