{"id":4520,"date":"2015-10-19T04:23:53","date_gmt":"2015-10-19T04:23:53","guid":{"rendered":"http:\/\/demo.thimpress.com\/eduma\/?page_id=12"},"modified":"2025-03-07T19:21:18","modified_gmt":"2025-03-07T16:21:18","slug":"home","status":"publish","type":"page","link":"https:\/\/arapca.com\/index.php\/home\/","title":{"rendered":"Arapca.com"},"content":{"rendered":"\n<figure class=\"wp-block-embed aligncenter is-type-video is-provider-youtube wp-block-embed-youtube wp-embed-aspect-16-9 wp-has-aspect-ratio\"><div class=\"wp-block-embed__wrapper\">\n<iframe loading=\"lazy\" title=\"\u0623\u0646\u0634\u0648\u062f\u0629 \u0631\u0645\u0636\u0627\u0646 || \u0623\u0646\u0634\u0648\u062f\u0629 \u0623\u0647\u0644\u0627 \u0648\u0633\u0647\u0644\u0627 \u064a\u0627 \u0631\u0645\u0636\u0627\u0646 || \u0623\u0646\u0634\u0648\u062f\u0629 \u0625\u0633\u0644\u0627\u0645\u064a\u0629\" width=\"640\" height=\"360\" src=\"https:\/\/www.youtube.com\/embed\/fPfGDKbFK5M?feature=oembed\" frameborder=\"0\" allow=\"accelerometer; autoplay; clipboard-write; encrypted-media; gyroscope; picture-in-picture; web-share\" referrerpolicy=\"strict-origin-when-cross-origin\" allowfullscreen><\/iframe>\n<\/div><\/figure>\n\n\n\n<p class=\"has-text-align-center has-large-font-size\"><a href=\"https:\/\/arapca.com\/index.php\/sitemizde-neler-var-2\/\"><em><strong>Sitemizde Neler Var?<\/strong><\/em><\/a><\/p>\n\n\n\n<p class=\"has-text-align-center\"><\/p>\n\n\n\n<p class=\"has-text-align-center\"><div class=\"h5p-iframe-wrapper\"><iframe id=\"h5p-iframe-193\" class=\"h5p-iframe\" data-content-id=\"193\" style=\"height:1px\" src=\"about:blank\" frameBorder=\"0\" scrolling=\"no\" title=\"Orucun faydalar\u0131\"><\/iframe><\/div><\/p>\n\n\n\n<p class=\"has-text-align-center\"><\/p>\n\n\n\n<p class=\"has-text-align-center\"><div class=\"h5p-iframe-wrapper\"><iframe id=\"h5p-iframe-181\" class=\"h5p-iframe\" data-content-id=\"181\" style=\"height:1px\" src=\"about:blank\" frameBorder=\"0\" scrolling=\"no\" title=\"Arap Ata S\u00f6zleri\"><\/iframe><\/div><\/p>\n\n\n\n<p class=\"has-text-align-center\"><div class=\"h5p-iframe-wrapper\"><iframe id=\"h5p-iframe-191\" class=\"h5p-iframe\" data-content-id=\"191\" style=\"height:1px\" src=\"about:blank\" frameBorder=\"0\" scrolling=\"no\" title=\"Kur&#039;an&#039;dan Ayetler\"><\/iframe><\/div><\/p>\n\n\n\n<p class=\"has-text-align-center has-vivid-red-color has-text-color has-link-color has-large-font-size wp-elements-31a0666f013b6d66241c3118fe256784\"><strong>Te\u015fekk\u00fcrler!<\/strong><\/p>\n\n\n\n<p class=\"has-text-align-center\"><em>\u015eubat Ay\u0131nda <strong>20 .000<\/strong> &#8216;i ge\u00e7tik&#8230;<\/em><\/p>\n\n\n<div class=\"wp-block-image\">\n<figure class=\"aligncenter size-full is-resized\"><img data-recalc-dims=\"1\" loading=\"lazy\" decoding=\"async\" width=\"571\" height=\"709\" src=\"https:\/\/i0.wp.com\/arapca.com\/wp-content\/uploads\/2025\/03\/subat2025-istatistik-1.jpg?resize=571%2C709&#038;ssl=1\" alt=\"\" class=\"wp-image-22400\" style=\"width:292px;height:auto\" srcset=\"https:\/\/i0.wp.com\/arapca.com\/wp-content\/uploads\/2025\/03\/subat2025-istatistik-1.jpg?w=571&amp;ssl=1 571w, https:\/\/i0.wp.com\/arapca.com\/wp-content\/uploads\/2025\/03\/subat2025-istatistik-1.jpg?resize=242%2C300&amp;ssl=1 242w\" sizes=\"auto, (max-width: 571px) 100vw, 571px\" \/><\/figure>\n<\/div>\n\n\n<p class=\"has-text-align-center\"><em>Her ge\u00e7en g\u00fcn sizinle b\u00fcy\u00fcyoruz!.. <\/em><\/p>\n","protected":false},"excerpt":{"rendered":"<p>Sitemizde Neler Var? Te\u015fekk\u00fcrler! \u015eubat Ay\u0131nda 20 .000 &#8216;i ge\u00e7tik&#8230; Her ge\u00e7en g\u00fcn sizinle b\u00fcy\u00fcyoruz!..<\/p>\n","protected":false},"author":1,"featured_media":0,"parent":0,"menu_order":0,"comment_status":"closed","ping_status":"closed","template":"","meta":{"_bbp_topic_count":0,"_bbp_reply_count":0,"_bbp_total_topic_count":0,"_bbp_total_reply_count":0,"_bbp_voice_count":0,"_bbp_anonymous_reply_count":0,"_bbp_topic_count_hidden":0,"_bbp_reply_count_hidden":0,"_bbp_forum_subforum_count":0,"advanced_seo_description":"","jetpack_seo_html_title":"","jetpack_seo_noindex":false,"footnotes":""},"class_list":["post-4520","page","type-page","status-publish","hentry"],"jetpack_sharing_enabled":true,"jetpack_likes_enabled":true,"_links":{"self":[{"href":"https:\/\/arapca.com\/index.php\/wp-json\/wp\/v2\/pages\/4520","targetHints":{"allow":["GET"]}}],"collection":[{"href":"https:\/\/arapca.com\/index.php\/wp-json\/wp\/v2\/pages"}],"about":[{"href":"https:\/\/arapca.com\/index.php\/wp-json\/wp\/v2\/types\/page"}],"author":[{"embeddable":true,"href":"https:\/\/arapca.com\/index.php\/wp-json\/wp\/v2\/users\/1"}],"replies":[{"embeddable":true,"href":"https:\/\/arapca.com\/index.php\/wp-json\/wp\/v2\/comments?post=4520"}],"version-history":[{"count":131,"href":"https:\/\/arapca.com\/index.php\/wp-json\/wp\/v2\/pages\/4520\/revisions"}],"predecessor-version":[{"id":22438,"href":"https:\/\/arapca.com\/index.php\/wp-json\/wp\/v2\/pages\/4520\/revisions\/22438"}],"wp:attachment":[{"href":"https:\/\/arapca.com\/index.php\/wp-json\/wp\/v2\/media?parent=4520"}],"curies":[{"name":"wp","href":"https:\/\/api.w.org\/{rel}","templated":true}]}}