{"id":27,"date":"2023-05-03T18:58:37","date_gmt":"2023-05-03T15:58:37","guid":{"rendered":"https:\/\/arapca.com\/index.php\/forgot-password\/"},"modified":"2023-05-03T18:58:37","modified_gmt":"2023-05-03T15:58:37","slug":"forgot-password","status":"publish","type":"page","link":"https:\/\/arapca.com\/index.php\/forgot-password\/","title":{"rendered":"Forgot Password"},"content":{"rendered":"<div class=\"event-wrapper-shortcode forgot-password\">\r\n\r\n\t<form name=\"forgot-password\" class=\"forgot-password event-auth-form\" action=\"\" method=\"post\">\r\n\r\n\t\t<p class=\"form-row event_auth_forgot_password_message message\">\r\n\t\t\tPlease enter your username or email address. You will receive a link to create a new password via email.\t\t<\/p>\r\n\t\t<p class=\"form-row required\">\r\n\t\t\t<label for=\"user_login\" >Kullan\u0131c\u0131 ad\u0131 ya da email:\t\t\t\t<input type=\"text\" name=\"user_login\" id=\"user_login\" class=\"input\" value=\"\" size=\"20\" \/><\/label>\r\n\t\t<\/p>\r\n\t\t\t<input type=\"hidden\" name=\"redirect_to\" value=\"https:\/\/arapca.com\/index.php\/wp-json\/wp\/v2\/pages\/27\" \/>\r\n\t\t<p class=\"form-row submit\">\r\n\t\t\t<input type=\"submit\" name=\"wp-submit\" id=\"wp-submit\" class=\"button button-primary button-large\" value=\"Get New Password\" \/>\r\n\t\t<\/p>\r\n\r\n\t<\/form>\r\n\r\n\t<div class=\"event_auth_lost_pass_footer\">\r\n\t\t<a href=\"https:\/\/arapca.com\/index.php\/hesap\/\">\r\n\t\t\tLogin\t\t<\/a> | \r\n\t\t\r\n\t\t\t<a href=\"https:\/\/arapca.com\/index.php\/user-register\/\">\r\n\t\t\t\tCreate new user\t\t\t<\/a>\r\n\r\n\t\t\t<\/div>\r\n\r\n\t\r\n<\/div>\n","protected":false},"excerpt":{"rendered":"","protected":false},"author":1,"featured_media":0,"parent":0,"menu_order":0,"comment_status":"closed","ping_status":"closed","template":"","meta":{"_bbp_topic_count":0,"_bbp_reply_count":0,"_bbp_total_topic_count":0,"_bbp_total_reply_count":0,"_bbp_voice_count":0,"_bbp_anonymous_reply_count":0,"_bbp_topic_count_hidden":0,"_bbp_reply_count_hidden":0,"_bbp_forum_subforum_count":0,"footnotes":""},"class_list":["post-27","page","type-page","status-publish","hentry"],"jetpack_sharing_enabled":true,"jetpack_likes_enabled":true,"_links":{"self":[{"href":"https:\/\/arapca.com\/index.php\/wp-json\/wp\/v2\/pages\/27","targetHints":{"allow":["GET"]}}],"collection":[{"href":"https:\/\/arapca.com\/index.php\/wp-json\/wp\/v2\/pages"}],"about":[{"href":"https:\/\/arapca.com\/index.php\/wp-json\/wp\/v2\/types\/page"}],"author":[{"embeddable":true,"href":"https:\/\/arapca.com\/index.php\/wp-json\/wp\/v2\/users\/1"}],"replies":[{"embeddable":true,"href":"https:\/\/arapca.com\/index.php\/wp-json\/wp\/v2\/comments?post=27"}],"version-history":[{"count":0,"href":"https:\/\/arapca.com\/index.php\/wp-json\/wp\/v2\/pages\/27\/revisions"}],"wp:attachment":[{"href":"https:\/\/arapca.com\/index.php\/wp-json\/wp\/v2\/media?parent=27"}],"curies":[{"name":"wp","href":"https:\/\/api.w.org\/{rel}","templated":true}]}}