{"id":26111,"date":"2026-03-30T18:51:21","date_gmt":"2026-03-30T15:51:21","guid":{"rendered":"https:\/\/arapca.com\/?page_id=26111"},"modified":"2026-04-01T11:11:51","modified_gmt":"2026-04-01T08:11:51","slug":"hz-muhammedin-hayati","status":"publish","type":"page","link":"https:\/\/arapca.com\/index.php\/hz-muhammedin-hayati\/","title":{"rendered":"Hz. Muhammed&#8217;in Hayat\u0131"},"content":{"rendered":"\n<h1 class=\"wp-block-heading\">\ud83d\udcd8 <\/h1>\n\n\n\n<h2 class=\"wp-block-heading has-text-align-center\">\u0627\u0644\u0633\u064a\u0631\u0629 \u0627\u0644\u0646\u0628\u0648\u064a\u0629 (Arap\u00e7a \u2013 T\u00fcrk\u00e7e)<\/h2>\n\n\n\n<hr class=\"wp-block-separator has-alpha-channel-opacity\"\/>\n\n\n\n<h2 class=\"wp-block-heading\">\ud83d\udfe2 1. DO\u011eUMU VE \u00c7OCUKLU\u011eU<\/h2>\n\n\n\n<div class=\"wp-block-group\"><div class=\"wp-block-group__inner-container is-layout-constrained wp-block-group-is-layout-constrained\">\n<h3 class=\"wp-block-heading has-text-align-right has-large-font-size\">\u2726 \u0627\u0644\u0645\u064e\u0648\u0644\u0650\u062f \u0648\u0627\u0644\u0637\u064f\u0641\u0648\u0644\u0629<\/h3>\n\n\n\n<p class=\"has-text-align-right has-large-font-size\">\u0648\u064f\u0644\u0650\u062f\u064e \u0645\u064f\u062d\u064e\u0645\u064e\u0651\u062f\u064c \ufdfa \u0641\u0650\u064a \u0645\u064e\u0643\u064e\u0651\u0629\u064e \u0641\u0650\u064a \u0639\u064e\u0627\u0645\u0650 \u0627\u0644\u0652\u0641\u0650\u064a\u0644\u0650<br>\u0643\u064e\u0627\u0646\u064e \u0623\u064e\u0628\u064f\u0648\u0647\u064f \u0639\u064e\u0628\u0652\u062f\u064f \u0627\u0644\u0644\u064e\u0651\u0647\u0650 \u0642\u064e\u062f\u0652 \u062a\u064f\u0648\u064f\u0641\u0650\u0651\u064a\u064e \u0642\u064e\u0628\u0652\u0644\u064e \u0648\u0650\u0644\u064e\u0627\u062f\u064e\u062a\u0650\u0647\u0650\u060c \u0641\u064e\u0646\u064e\u0634\u064e\u0623\u064e \u064a\u064e\u062a\u0650\u064a\u0645\u064b\u0627<br>\u0639\u064e\u0627\u0634\u064e \u0641\u0650\u064a \u0628\u064e\u062f\u0652\u0621\u0650 \u062d\u064e\u064a\u064e\u0627\u062a\u0650\u0647\u0650 \u0645\u064e\u0639\u064e \u0623\u064f\u0645\u0650\u0651\u0647\u0650 \u0622\u0645\u0650\u0646\u064e\u0629\u064e\u060c \u062b\u064f\u0645\u064e\u0651 \u0645\u064e\u0639\u064e \u062c\u064e\u062f\u0650\u0651\u0647\u0650 \u0639\u064e\u0628\u0652\u062f\u0650 \u0627\u0644\u0652\u0645\u064f\u0637\u064e\u0651\u0644\u0650\u0628\u0650\u060c \u0648\u064e\u0628\u064e\u0639\u0652\u062f\u064e \u0630\u0670\u0644\u0650\u0643\u064e \u0645\u064e\u0639\u064e \u0639\u064e\u0645\u0650\u0651\u0647\u0650 \u0623\u064e\u0628\u0650\u064a \u0637\u064e\u0627\u0644\u0650\u0628\u064d<\/p>\n\n\n\n<p class=\"has-text-align-right has-large-font-size\">\u0643\u064e\u0627\u0646\u064e \u0637\u0650\u0641\u0652\u0644\u064b\u0627 \u0647\u064e\u0627\u062f\u0650\u0626\u064b\u0627 \u0648\u064e\u0645\u064f\u0647\u064e\u0630\u064e\u0651\u0628\u064b\u0627\u060c \u0648\u064e\u0644\u064e\u0645\u0652 \u064a\u064e\u0639\u0652\u0628\u064f\u062f\u0650 \u0627\u0644\u0652\u0623\u064e\u0635\u0652\u0646\u064e\u0627\u0645\u064e \u0645\u0650\u062b\u0652\u0644\u064e \u0642\u064e\u0648\u0652\u0645\u0650\u0647\u0650<br>\u0648\u064e\u0645\u064f\u0646\u0652\u0630\u064f \u0635\u0650\u063a\u064e\u0631\u0650\u0647\u0650\u060c \u0643\u064e\u0627\u0646\u064e \u064a\u064f\u062d\u0650\u0628\u064f\u0651 \u0627\u0644\u0635\u0650\u0651\u062f\u0652\u0642\u064e \u0648\u064e\u064a\u064e\u0643\u0652\u0631\u064e\u0647\u064f \u0627\u0644\u0652\u0643\u064e\u0630\u0650\u0628\u064e<\/p>\n<\/div><\/div>\n\n\n\n<hr class=\"wp-block-separator has-alpha-channel-opacity\"\/>\n\n\n\n<p>Muhammed (s.a.v.) Fil y\u0131l\u0131nda Mekke\u2019de do\u011fdu.<br>Babas\u0131 Abdullah, onun do\u011fumundan \u00f6nce vefat etmi\u015fti, bu y\u00fczden yetim b\u00fcy\u00fcd\u00fc.<br>Hayat\u0131n\u0131n ba\u015f\u0131nda annesi \u00c2mine ile, sonra dedesi Abd\u00fclmuttalib ile, daha sonra ise amcas\u0131 Eb\u00fb T\u00e2lib ile ya\u015fad\u0131.<\/p>\n\n\n\n<p>Sakin ve terbiyeli bir \u00e7ocuktu.<br>Kavmi gibi putlara tapmad\u0131.<br>K\u00fc\u00e7\u00fckl\u00fc\u011f\u00fcnden itibaren do\u011frulu\u011fu sever, yalandan nefret ederdi.<\/p>\n\n\n\n<hr class=\"wp-block-separator has-alpha-channel-opacity\"\/>\n\n\n\n<h2 class=\"wp-block-heading\">\ud83d\udd35 2. GEN\u00c7L\u0130\u011e\u0130 VE AHLAKI<\/h2>\n\n\n\n<h3 class=\"wp-block-heading has-text-align-right has-large-font-size\">\u2726 \u0627\u0644\u0634\u0628\u0627\u0628 \u0648\u0627\u0644\u0623\u062e\u0644\u0627\u0642<\/h3>\n\n\n\n<p class=\"has-text-align-right has-large-font-size\">\u0643\u064e\u0628\u0650\u0631\u064e \u0645\u064f\u062d\u064e\u0645\u064e\u0651\u062f\u064c \ufdfa \u0648\u064e\u0623\u064e\u0635\u0652\u0628\u064e\u062d\u064e \u0634\u064e\u0627\u0628\u064b\u0651\u0627 \u0623\u064e\u0645\u0650\u064a\u0646\u064b\u0627 \u0648\u064e\u0635\u064e\u0627\u062f\u0650\u0642\u064b\u0627<br>\u0639\u064e\u0645\u0650\u0644\u064e \u0641\u0650\u064a \u0627\u0644\u062a\u0650\u0651\u062c\u064e\u0627\u0631\u064e\u0629\u0650\u060c \u0648\u064e\u0643\u064e\u0627\u0646\u064e \u0627\u0644\u0646\u064e\u0651\u0627\u0633\u064f \u064a\u064e\u062b\u0650\u0642\u064f\u0648\u0646\u064e \u0628\u0650\u0647\u0650 \u0643\u064e\u062b\u0650\u064a\u0631\u064b\u0627<br>\u0644\u0650\u0630\u0670\u0644\u0650\u0643\u064e \u0644\u064e\u0642\u064e\u0651\u0628\u064f\u0648\u0647\u064f \u0628\u0650\u0627\u0644\u0635\u064e\u0651\u0627\u062f\u0650\u0642\u0650 \u0627\u0644\u0652\u0623\u064e\u0645\u0650\u064a\u0646\u0650<\/p>\n\n\n\n<p class=\"has-text-align-right has-large-font-size\">\u0633\u064e\u0627\u0641\u064e\u0631\u064e \u0625\u0650\u0644\u064e\u0649 \u0628\u0650\u0644\u064e\u0627\u062f\u064d \u0643\u064e\u062b\u0650\u064a\u0631\u064e\u0629\u064d \u0645\u064e\u0639\u064e \u0642\u064e\u0648\u064e\u0627\u0641\u0650\u0644\u0650 \u0627\u0644\u062a\u0650\u0651\u062c\u064e\u0627\u0631\u064e\u0629\u0650\u060c \u0648\u064e\u062a\u064e\u0639\u064e\u0644\u064e\u0651\u0645\u064e \u0623\u064e\u0634\u0652\u064a\u064e\u0627\u0621\u064e \u0643\u064e\u062b\u0650\u064a\u0631\u064e\u0629\u064b \u0645\u0650\u0646\u0652 \u0647\u0670\u0630\u0650\u0647\u0650 \u0627\u0644\u0633\u064e\u0651\u0641\u064e\u0631\u064e\u0627\u062a\u0650<\/p>\n\n\n\n<p class=\"has-text-align-right has-large-font-size\">\u062b\u064f\u0645\u064e\u0651 \u062a\u064e\u0632\u064e\u0648\u064e\u0651\u062c\u064e \u0645\u0650\u0646\u0652 \u062e\u064e\u062f\u0650\u064a\u062c\u064e\u0629\u064e \u0631\u064e\u0636\u0650\u064a\u064e \u0627\u0644\u0644\u064e\u0651\u0647\u064f \u0639\u064e\u0646\u0652\u0647\u064e\u0627\u060c \u0648\u064e\u0643\u064e\u0627\u0646\u064e \u0632\u064e\u0648\u0652\u062c\u064b\u0627 \u0648\u064e\u0641\u0650\u064a\u064b\u0651\u0627 \u0648\u064e\u0631\u064e\u062d\u0650\u064a\u0645\u064b\u0627<\/p>\n\n\n\n<hr class=\"wp-block-separator has-alpha-channel-opacity\"\/>\n\n\n\n<p>Muhammed b\u00fcy\u00fcd\u00fc ve g\u00fcvenilir, do\u011fru bir gen\u00e7 oldu.<br>Ticaretle u\u011fra\u015ft\u0131 ve insanlar ona \u00e7ok g\u00fcvendi.<br>Bu y\u00fczden ona \u201ces-S\u00e2d\u0131k el-Em\u00een\u201d dediler.<\/p>\n\n\n\n<p>Ticaret kervanlar\u0131yla bir\u00e7ok yere seyahat etti ve bu yolculuklardan \u00e7ok \u015fey \u00f6\u011frendi.<\/p>\n\n\n\n<p>Daha sonra Hz. Hatice ile evlendi.<br>Sad\u0131k ve merhametli bir e\u015fti.<\/p>\n\n\n\n<hr class=\"wp-block-separator has-alpha-channel-opacity\"\/>\n\n\n\n<h2 class=\"wp-block-heading\">\ud83d\udfe1 3. \u0130LK VAH\u0130Y VE PEYGAMBERL\u0130K<\/h2>\n\n\n\n<h3 class=\"wp-block-heading has-text-align-right has-large-font-size\">\u2726 \u0646\u0632\u0648\u0644 \u0627\u0644\u0648\u062d\u064a \u0648\u0628\u062f\u0627\u064a\u0629 \u0627\u0644\u0631\u0633\u0627\u0644\u0629<\/h3>\n\n\n\n<p class=\"has-text-align-right has-large-font-size\">\u0643\u064e\u0627\u0646\u064e \u0645\u064f\u062d\u064e\u0645\u064e\u0651\u062f\u064c \ufdfa \u064a\u064f\u062d\u0650\u0628\u064f\u0651 \u0627\u0644\u0652\u062e\u064e\u0644\u0652\u0648\u064e\u0629\u064e \u0648\u064e\u0627\u0644\u062a\u064e\u0651\u0641\u064e\u0643\u064f\u0651\u0631\u064e<br>\u0643\u064e\u0627\u0646\u064e \u064a\u064e\u0630\u0652\u0647\u064e\u0628\u064f \u0625\u0650\u0644\u064e\u0649 \u063a\u064e\u0627\u0631\u0650 \u062d\u0650\u0631\u064e\u0627\u0621\u064e \u0644\u0650\u064a\u064e\u062a\u064e\u0641\u064e\u0643\u064e\u0651\u0631\u064e \u0641\u0650\u064a \u062e\u064e\u0644\u0652\u0642\u0650 \u0627\u0644\u0644\u064e\u0651\u0647\u0650<\/p>\n\n\n\n<p class=\"has-text-align-right has-large-font-size\">\u0648\u064e\u0641\u0650\u064a \u0633\u0650\u0646\u0650\u0651 \u0627\u0644\u0652\u0623\u064e\u0631\u0652\u0628\u064e\u0639\u0650\u064a\u0646\u064e\u060c \u0646\u064e\u0632\u064e\u0644\u064e \u0639\u064e\u0644\u064e\u064a\u0652\u0647\u0650 \u0627\u0644\u0652\u0648\u064e\u062d\u0652\u064a\u064f \u0644\u0650\u0623\u064e\u0648\u064e\u0651\u0644\u0650 \u0645\u064e\u0631\u064e\u0651\u0629\u064d<br>&#8220;\u062c\u064e\u0627\u0621\u064e\u0647\u064f \u0627\u0644\u0652\u0645\u064e\u0644\u064e\u0643\u064f \u062c\u0650\u0628\u0652\u0631\u0650\u064a\u0644\u064f \u0648\u064e\u0642\u064e\u0627\u0644\u064e: &#8220;\u0627\u0642\u0652\u0631\u064e\u0623\u0652<\/p>\n\n\n\n<p class=\"has-text-align-right has-large-font-size\">\u062e\u064e\u0627\u0641\u064e \u0645\u064f\u062d\u064e\u0645\u064e\u0651\u062f\u064c \ufdfa \u0641\u0650\u064a \u0627\u0644\u0652\u0628\u0650\u062f\u064e\u0627\u064a\u064e\u0629\u0650\u060c \u0648\u064e\u0644\u064e\u0643\u0650\u0646\u064e\u0651 \u0627\u0644\u0644\u064e\u0651\u0647\u064e \u0637\u064e\u0645\u0652\u0623\u064e\u0646\u064e\u0647\u064f<br>\u062b\u064f\u0645\u064e\u0651 \u0628\u064e\u062f\u064e\u0623\u064e \u064a\u064e\u062f\u0652\u0639\u064f\u0648 \u0627\u0644\u0646\u064e\u0651\u0627\u0633\u064e \u0625\u0650\u0644\u064e\u0649 \u0627\u0644\u0652\u0625\u0650\u0633\u0652\u0644\u064e\u0627\u0645\u0650<\/p>\n\n\n\n<hr class=\"wp-block-separator has-alpha-channel-opacity\"\/>\n\n\n\n<p>Muhammed (s.a.v.) yaln\u0131z kalmay\u0131 ve d\u00fc\u015f\u00fcnmeyi severdi.<br>Hira Ma\u011faras\u0131\u2019na gider ve Allah\u2019\u0131n yaratt\u0131klar\u0131 \u00fczerine d\u00fc\u015f\u00fcn\u00fcrd\u00fc.<\/p>\n\n\n\n<p>40 ya\u015f\u0131nda ilk vahiy geldi.<br>Cebrail (a.s.) ona \u201cOku\u201d dedi.<\/p>\n\n\n\n<p>Ba\u015fta korktu, fakat Allah onu rahatlatt\u0131.<br>Daha sonra insanlar\u0131 \u0130slam\u2019a davet etmeye ba\u015flad\u0131.<\/p>\n\n\n\n<hr class=\"wp-block-separator has-alpha-channel-opacity\"\/>\n\n\n\n<h2 class=\"wp-block-heading\">\ud83d\udfe3 4. DAVET VE ZORLUKLAR<\/h2>\n\n\n\n<h3 class=\"wp-block-heading has-text-align-right has-large-font-size\">\u2726 \u0627\u0644\u062f\u0639\u0648\u0629 \u0648\u0627\u0644\u0635\u0639\u0648\u0628\u0627\u062a<\/h3>\n\n\n\n<p class=\"has-text-align-right has-large-font-size\">\u062f\u064e\u0639\u064e\u0627 \u0645\u064f\u062d\u064e\u0645\u064e\u0651\u062f\u064c \ufdfa \u0627\u0644\u0646\u064e\u0651\u0627\u0633\u064e \u0625\u0650\u0644\u064e\u0649 \u0639\u0650\u0628\u064e\u0627\u062f\u064e\u0629\u0650 \u0627\u0644\u0644\u064e\u0651\u0647\u0650 \u0648\u064e\u062d\u0652\u062f\u064e\u0647\u064f<br>\u0648\u064e\u0644\u064e\u0643\u0650\u0646\u064e\u0651 \u0643\u064e\u062b\u0650\u064a\u0631\u064b\u0627 \u0645\u0650\u0646\u064e \u0627\u0644\u0646\u064e\u0651\u0627\u0633\u0650 \u0631\u064e\u0641\u064e\u0636\u064f\u0648\u0627 \u062f\u064e\u0639\u0652\u0648\u064e\u062a\u064e\u0647\u064f<\/p>\n\n\n\n<p class=\"has-text-align-right has-large-font-size\">\u062a\u064e\u0639\u064e\u0631\u064e\u0651\u0636\u064e \u0647\u064f\u0648\u064e \u0648\u064e\u0623\u064e\u0635\u0652\u062d\u064e\u0627\u0628\u064f\u0647\u064f \u0644\u0650\u0644\u0652\u0623\u064e\u0630\u064e\u0649 \u0648\u064e\u0627\u0644\u0638\u064f\u0651\u0644\u0652\u0645\u0650<br>\u0648\u064e\u0635\u064e\u0628\u064e\u0631\u064f\u0648\u0627 \u0639\u064e\u0644\u064e\u0649 \u0647\u0670\u0630\u0650\u0647\u0650 \u0627\u0644\u0635\u064f\u0651\u0639\u064f\u0648\u0628\u064e\u0627\u062a\u0650<\/p>\n\n\n\n<p class=\"has-text-align-right has-large-font-size\">\u0628\u064e\u0639\u0652\u0636\u064f \u0627\u0644\u0652\u0645\u064f\u0633\u0652\u0644\u0650\u0645\u0650\u064a\u0646\u064e \u0647\u064e\u0627\u062c\u064e\u0631\u064f\u0648\u0627 \u0625\u0650\u0644\u064e\u0649 \u0627\u0644\u0652\u062d\u064e\u0628\u064e\u0634\u064e\u0629\u0650 \u0644\u0650\u064a\u064e\u062d\u0652\u062a\u064e\u0645\u064f\u0648\u0627<\/p>\n\n\n\n<hr class=\"wp-block-separator has-alpha-channel-opacity\"\/>\n\n\n\n<p>Muhammed insanlar\u0131 sadece Allah\u2019a ibadet etmeye \u00e7a\u011f\u0131rd\u0131.<br>Ancak bir\u00e7ok ki\u015fi bu \u00e7a\u011fr\u0131y\u0131 reddetti.<\/p>\n\n\n\n<p>Kendisi ve sahabeleri eziyet g\u00f6rd\u00fc.<br>Bu zorluklara sabrettiler.<\/p>\n\n\n\n<p>Baz\u0131 M\u00fcsl\u00fcmanlar korunmak i\u00e7in Habe\u015fistan\u2019a hicret etti.<\/p>\n\n\n\n<hr class=\"wp-block-separator has-alpha-channel-opacity\"\/>\n\n\n\n<h2 class=\"wp-block-heading\">\ud83d\udd34 5. H\u0130CRET VE MED\u0130NE D\u00d6NEM\u0130<\/h2>\n\n\n\n<h3 class=\"wp-block-heading has-text-align-right has-large-font-size\">\u2726 \u0627\u0644\u0647\u062c\u0631\u0629 \u0625\u0644\u0649 \u0627\u0644\u0645\u062f\u064a\u0646\u0629<\/h3>\n\n\n\n<p class=\"has-text-align-right has-large-font-size\">\u0623\u064e\u0645\u064e\u0631\u064e \u0627\u0644\u0644\u064e\u0651\u0647\u064f \u0645\u064f\u062d\u064e\u0645\u064e\u0651\u062f\u064b\u0627 \ufdfa \u0628\u0650\u0627\u0644\u0652\u0647\u0650\u062c\u0652\u0631\u064e\u0629\u0650 \u0625\u0650\u0644\u064e\u0649 \u0627\u0644\u0652\u0645\u064e\u062f\u0650\u064a\u0646\u064e\u0629\u0650<br>\u0641\u064e\u062e\u064e\u0631\u064e\u062c\u064e \u0645\u064e\u0639\u064e \u0623\u064e\u0628\u0650\u064a \u0628\u064e\u0643\u0652\u0631\u064d \u0631\u064e\u0636\u0650\u064a\u064e \u0627\u0644\u0644\u064e\u0651\u0647\u064f \u0639\u064e\u0646\u0652\u0647\u064f<\/p>\n\n\n\n<p class=\"has-text-align-right has-large-font-size\">\u0641\u0650\u064a \u0627\u0644\u0652\u0645\u064e\u062f\u0650\u064a\u0646\u064e\u0629\u0650\u060c \u0628\u064e\u0646\u064e\u0649 \u0627\u0644\u0652\u0645\u064f\u0633\u0652\u0644\u0650\u0645\u064f\u0648\u0646\u064e \u0645\u064f\u062c\u0652\u062a\u064e\u0645\u064e\u0639\u064b\u0627 \u062c\u064e\u062f\u0650\u064a\u062f\u064b\u0627<br>\u0648\u064e\u0639\u064e\u0627\u0634\u064f\u0648\u0627 \u0641\u0650\u064a \u0623\u064f\u062e\u064f\u0648\u064e\u0651\u0629\u064d \u0648\u064e\u062a\u064e\u0639\u064e\u0627\u0648\u064f\u0646\u064d<\/p>\n\n\n\n<p class=\"has-text-align-right has-large-font-size\">\u0623\u064e\u0635\u0652\u0628\u064e\u062d\u064e \u0627\u0644\u0652\u0625\u0650\u0633\u0652\u0644\u064e\u0627\u0645\u064f \u0623\u064e\u0642\u0652\u0648\u064e\u0649 \u0648\u064e\u0627\u0646\u0652\u062a\u064e\u0634\u064e\u0631\u064e \u0628\u064e\u064a\u0652\u0646\u064e \u0627\u0644\u0646\u064e\u0651\u0627\u0633\u0650<\/p>\n\n\n\n<hr class=\"wp-block-separator has-alpha-channel-opacity\"\/>\n\n\n\n<p>Allah, Muhammed\u2019e Medine\u2019ye hicret etmesini emretti.<br>O da Hz. Eb\u00fb Bekir ile birlikte yola \u00e7\u0131kt\u0131.<\/p>\n\n\n\n<p>Medine\u2019de M\u00fcsl\u00fcmanlar yeni bir toplum kurdu.<br>Karde\u015flik ve yard\u0131mla\u015fma i\u00e7inde ya\u015fad\u0131lar.<\/p>\n\n\n\n<p>\u0130slam g\u00fc\u00e7lendi ve yay\u0131ld\u0131.<\/p>\n\n\n\n<hr class=\"wp-block-separator has-alpha-channel-opacity\"\/>\n\n\n\n<h2 class=\"wp-block-heading\">\u26ab 6. VEFATI<\/h2>\n\n\n\n<h3 class=\"wp-block-heading has-text-align-right has-large-font-size\">\u2726 \u0627\u0644\u0648\u0641\u0627\u0629<\/h3>\n\n\n\n<p class=\"has-text-align-right has-large-font-size\">\u0628\u064e\u0639\u0652\u062f\u064e \u0633\u064e\u0646\u064e\u0648\u064e\u0627\u062a\u064d \u0645\u0650\u0646\u064e \u0627\u0644\u062f\u064e\u0651\u0639\u0652\u0648\u064e\u0629\u0650\u060c \u0645\u064e\u0631\u0650\u0636\u064e \u0645\u064f\u062d\u064e\u0645\u064e\u0651\u062f\u064c \ufdfa<br>\u0648\u064e\u062a\u064f\u0648\u064f\u0641\u0650\u0651\u064a\u064e \u0641\u0650\u064a \u0627\u0644\u0652\u0645\u064e\u062f\u0650\u064a\u0646\u064e\u0629\u0650<\/p>\n\n\n\n<p class=\"has-text-align-right has-large-font-size\">\u062a\u064e\u0631\u064e\u0643\u064e \u0644\u0650\u0644\u0646\u064e\u0651\u0627\u0633\u0650 \u062f\u0650\u064a\u0646\u064b\u0627 \u0639\u064e\u0638\u0650\u064a\u0645\u064b\u0627 \u0648\u064e\u0623\u064e\u062e\u0652\u0644\u064e\u0627\u0642\u064b\u0627 \u0643\u064e\u0631\u0650\u064a\u0645\u064e\u0629\u064b<br>\u0648\u064e\u0645\u064e\u0627 \u0632\u064e\u0627\u0644\u064e \u0627\u0644\u0652\u0645\u064f\u0633\u0652\u0644\u0650\u0645\u064f\u0648\u0646\u064e \u064a\u064e\u062a\u064e\u0651\u0628\u0650\u0639\u064f\u0648\u0646\u064e \u0633\u064f\u0646\u064e\u0651\u062a\u064e\u0647\u064f \u0625\u0650\u0644\u064e\u0649 \u0627\u0644\u0652\u064a\u064e\u0648\u0652\u0645\u0650<\/p>\n\n\n\n<hr class=\"wp-block-separator has-alpha-channel-opacity\"\/>\n\n\n\n<p>Y\u0131llar s\u00fcren davetten sonra Muhammed hastaland\u0131.<br>Medine\u2019de vefat etti.<\/p>\n\n\n\n<p>\u0130nsanlara b\u00fcy\u00fck bir din ve g\u00fczel ahlak b\u0131rakt\u0131.<br>M\u00fcsl\u00fcmanlar bug\u00fcn h\u00e2l\u00e2 onun s\u00fcnnetini takip etmektedir.<\/p>\n\n\n\n<p><\/p>\n","protected":false},"excerpt":{"rendered":"<p>\ud83d\udcd8 \u0627\u0644\u0633\u064a\u0631\u0629 \u0627\u0644\u0646\u0628\u0648\u064a\u0629 (Arap\u00e7a \u2013 T\u00fcrk\u00e7e) \ud83d\udfe2 1. DO\u011eUMU VE \u00c7OCUKLU\u011eU \u2726 \u0627\u0644\u0645\u064e\u0648\u0644\u0650\u062f \u0648\u0627\u0644\u0637\u064f\u0641\u0648\u0644\u0629 \u0648\u064f\u0644\u0650\u062f\u064e \u0645\u064f\u062d\u064e\u0645\u064e\u0651\u062f\u064c \ufdfa \u0641\u0650\u064a \u0645\u064e\u0643\u064e\u0651\u0629\u064e \u0641\u0650\u064a \u0639\u064e\u0627\u0645\u0650 \u0627\u0644\u0652\u0641\u0650\u064a\u0644\u0650\u0643\u064e\u0627\u0646\u064e \u0623\u064e\u0628\u064f\u0648\u0647\u064f \u0639\u064e\u0628\u0652\u062f\u064f \u0627\u0644\u0644\u064e\u0651\u0647\u0650 \u0642\u064e\u062f\u0652 \u062a\u064f\u0648\u064f\u0641\u0650\u0651\u064a\u064e \u0642\u064e\u0628\u0652\u0644\u064e \u0648\u0650\u0644\u064e\u0627\u062f\u064e\u062a\u0650\u0647\u0650\u060c \u0641\u064e\u0646\u064e\u0634\u064e\u0623\u064e \u064a\u064e\u062a\u0650\u064a\u0645\u064b\u0627\u0639\u064e\u0627\u0634\u064e \u0641\u0650\u064a \u0628\u064e\u062f\u0652\u0621\u0650 \u062d\u064e\u064a\u064e\u0627\u062a\u0650\u0647\u0650 \u0645\u064e\u0639\u064e \u0623\u064f\u0645\u0650\u0651\u0647\u0650 \u0622\u0645\u0650\u0646\u064e\u0629\u064e\u060c \u062b\u064f\u0645\u064e\u0651 \u0645\u064e\u0639\u064e \u062c\u064e\u062f\u0650\u0651\u0647\u0650 &hellip; <\/p>\n","protected":false},"author":1,"featured_media":0,"parent":0,"menu_order":0,"comment_status":"closed","ping_status":"closed","template":"","meta":{"_bbp_topic_count":0,"_bbp_reply_count":0,"_bbp_total_topic_count":0,"_bbp_total_reply_count":0,"_bbp_voice_count":0,"_bbp_anonymous_reply_count":0,"_bbp_topic_count_hidden":0,"_bbp_reply_count_hidden":0,"_bbp_forum_subforum_count":0,"advanced_seo_description":"","jetpack_seo_html_title":"","jetpack_seo_noindex":false,"footnotes":""},"class_list":["post-26111","page","type-page","status-publish","hentry"],"jetpack_sharing_enabled":true,"jetpack_likes_enabled":true,"_links":{"self":[{"href":"https:\/\/arapca.com\/index.php\/wp-json\/wp\/v2\/pages\/26111","targetHints":{"allow":["GET"]}}],"collection":[{"href":"https:\/\/arapca.com\/index.php\/wp-json\/wp\/v2\/pages"}],"about":[{"href":"https:\/\/arapca.com\/index.php\/wp-json\/wp\/v2\/types\/page"}],"author":[{"embeddable":true,"href":"https:\/\/arapca.com\/index.php\/wp-json\/wp\/v2\/users\/1"}],"replies":[{"embeddable":true,"href":"https:\/\/arapca.com\/index.php\/wp-json\/wp\/v2\/comments?post=26111"}],"version-history":[{"count":4,"href":"https:\/\/arapca.com\/index.php\/wp-json\/wp\/v2\/pages\/26111\/revisions"}],"predecessor-version":[{"id":26120,"href":"https:\/\/arapca.com\/index.php\/wp-json\/wp\/v2\/pages\/26111\/revisions\/26120"}],"wp:attachment":[{"href":"https:\/\/arapca.com\/index.php\/wp-json\/wp\/v2\/media?parent=26111"}],"curies":[{"name":"wp","href":"https:\/\/api.w.org\/{rel}","templated":true}]}}