{"id":26063,"date":"2026-03-23T18:51:55","date_gmt":"2026-03-23T15:51:55","guid":{"rendered":"https:\/\/arapca.com\/?page_id=26063"},"modified":"2026-04-26T10:57:15","modified_gmt":"2026-04-26T07:57:15","slug":"1-yillik-indirim-kampanyasi","status":"publish","type":"page","link":"https:\/\/arapca.com\/index.php\/1-yillik-indirim-kampanyasi\/","title":{"rendered":"1 YILLIK DEV \u0130ND\u0130R\u0130M KAMPANYASI!"},"content":{"rendered":"\n<p class=\"has-title-color has-text-color has-background has-link-color has-large-font-size wp-elements-85eb234c72005b0ce56628d2bc1c6d2e\" style=\"background-color:#ffffff\">Kay\u0131tl\u0131 Kursiyerlerimize, Arap\u00e7a E\u011fitim Sitesindeki t\u00fcm Kurslar ve i\u00e7eriklere eri\u015fim hakk\u0131 Sadece: <strong>999 <\/strong>TL<\/p>\n\n\n\n<p>Arap\u00e7a E\u011fitim Sitemizdeki \u00dcCRETS\u0130Z Kurs Abonelikleri k\u0131sa s\u00fcre sonra bitecektir. Sitemize kay\u0131tl\u0131 olan t\u00fcm abonelerimiz 15 May\u0131s 2026 Tarihine kadar t\u00fcm i\u00e7eriklerden faydalanmaya devam edebilmeleri i\u00e7in size \u00f6zel bir kampanya d\u00fczenliyoruz.<\/p>\n\n\n\n<p>KURSLAR:<\/p>\n\n\n\n<ol class=\"wp-block-list\">\n<li>A0 ARAP\u00c7A KURSU &#8211; 399TL<\/li>\n<\/ol>\n\n\n\n<p>2. A1 ARAP\u00c7A KURSU &#8211; 399 TL <\/p>\n\n\n\n<p>3. A2 ARAP\u00c7A KURSU &#8211; 399 TL<\/p>\n\n\n\n<p>4. B1 ARAP\u00c7A KURSU &#8211; 399 TL<\/p>\n\n\n\n<p>5. B2 ARAP\u00c7A KURSU &#8211; 399 TL<\/p>\n\n\n\n<p>6. C1 ARAP\u00c7A KURSU &#8211; 399 TL<\/p>\n\n\n\n<p>7. KEL\u0130ME KEL\u0130ME KURAN \u00c7EV\u0130R\u0130S\u0130 (KEL\u0130ME MEALL\u0130 HAT\u0130M SET\u0130) &#8211; 399 TL<\/p>\n\n\n\n<p>8. KUR&#8217;AN &#8211; MEAL &#8211; TEFS\u0130R &#8211; 399  TL<\/p>\n\n\n\n<p>9. ARAP\u00c7A H\u0130KAYELER &#8211; (A1,A2, B1, B2 , C1 SEV\u0130YELER\u0130NDE 100&#8217;DEN FAZLA H\u0130KAYE VE K\u0130TAPLAR) 399 TL<\/p>\n\n\n\n<p>10. KUR&#8217;AN ARAP\u00c7ASI \u00d6\u011eREN\u0130YORUM  (TOPLAM: 96 DERS, 48 DERS K\u0130TABI, 40 TEST VE DAHA FAZLASI) TAM SET -1000 TL<\/p>\n\n\n\n<p>11. KUR&#8217;AN OKUMAYI \u00d6\u011eREN\u0130YORUM &#8211; 399 TL<\/p>\n\n\n\n<p>12. YDS HAZIRLIK KURSU &#8211; 399  TL<\/p>\n\n\n\n<p><\/p>\n\n\n\n<p class=\"has-text-align-center has-large-font-size\"><strong>4.788 TL YER\u0130NE TAMAMINA ER\u0130\u015e\u0130M HAKKI <\/strong><\/p>\n\n\n\n<p class=\"has-text-align-center has-sub-title-color has-text-color has-link-color has-large-font-size wp-elements-996eeba2eb250514cfa26ac73cd5a2a4\"><strong>SADECE: <\/strong>999<strong> TL!<\/strong><\/p>\n\n\n\n<p><\/p>\n","protected":false},"excerpt":{"rendered":"<p>Kay\u0131tl\u0131 Kursiyerlerimize, Arap\u00e7a E\u011fitim Sitesindeki t\u00fcm Kurslar ve i\u00e7eriklere eri\u015fim hakk\u0131 Sadece: 999 TL Arap\u00e7a E\u011fitim Sitemizdeki \u00dcCRETS\u0130Z Kurs Abonelikleri k\u0131sa s\u00fcre sonra bitecektir. Sitemize kay\u0131tl\u0131 olan t\u00fcm abonelerimiz 15 May\u0131s 2026 Tarihine kadar t\u00fcm i\u00e7eriklerden faydalanmaya devam edebilmeleri i\u00e7in &hellip; <\/p>\n","protected":false},"author":1,"featured_media":0,"parent":0,"menu_order":0,"comment_status":"closed","ping_status":"closed","template":"","meta":{"_bbp_topic_count":0,"_bbp_reply_count":0,"_bbp_total_topic_count":0,"_bbp_total_reply_count":0,"_bbp_voice_count":0,"_bbp_anonymous_reply_count":0,"_bbp_topic_count_hidden":0,"_bbp_reply_count_hidden":0,"_bbp_forum_subforum_count":0,"advanced_seo_description":"","jetpack_seo_html_title":"","jetpack_seo_noindex":false,"footnotes":""},"class_list":["post-26063","page","type-page","status-publish","hentry"],"jetpack_sharing_enabled":true,"jetpack_likes_enabled":true,"_links":{"self":[{"href":"https:\/\/arapca.com\/index.php\/wp-json\/wp\/v2\/pages\/26063","targetHints":{"allow":["GET"]}}],"collection":[{"href":"https:\/\/arapca.com\/index.php\/wp-json\/wp\/v2\/pages"}],"about":[{"href":"https:\/\/arapca.com\/index.php\/wp-json\/wp\/v2\/types\/page"}],"author":[{"embeddable":true,"href":"https:\/\/arapca.com\/index.php\/wp-json\/wp\/v2\/users\/1"}],"replies":[{"embeddable":true,"href":"https:\/\/arapca.com\/index.php\/wp-json\/wp\/v2\/comments?post=26063"}],"version-history":[{"count":4,"href":"https:\/\/arapca.com\/index.php\/wp-json\/wp\/v2\/pages\/26063\/revisions"}],"predecessor-version":[{"id":26248,"href":"https:\/\/arapca.com\/index.php\/wp-json\/wp\/v2\/pages\/26063\/revisions\/26248"}],"wp:attachment":[{"href":"https:\/\/arapca.com\/index.php\/wp-json\/wp\/v2\/media?parent=26063"}],"curies":[{"name":"wp","href":"https:\/\/api.w.org\/{rel}","templated":true}]}}