{"id":26,"date":"2023-05-03T18:58:37","date_gmt":"2023-05-03T15:58:37","guid":{"rendered":"https:\/\/arapca.com\/index.php\/user-login\/"},"modified":"2023-05-03T18:58:37","modified_gmt":"2023-05-03T15:58:37","slug":"user-login","status":"publish","type":"page","link":"https:\/\/arapca.com\/index.php\/user-login\/","title":{"rendered":"User Login"},"content":{"rendered":"<div class=\"event-wrapper-shortcode user-login\"><div class=\"thim-login\">\n\t<h2 class=\"title\">Site hesab\u0131n\u0131zla giri\u015f yap\u0131n<\/h2>\n\t<form name=\"loginform\" id=\"loginform\" action=\"https:\/\/arapca.com\/wp-login.php\" method=\"post\"><p class=\"login-username\">\n\t\t\t\t<label for=\"thim_login\">Kullan\u0131c\u0131 ad\u0131 ya da e-posta<\/label>\n\t\t\t\t<input type=\"text\" name=\"log\" id=\"thim_login\" autocomplete=\"username\" class=\"input\" value=\"\" size=\"20\" \/>\n\t\t\t<\/p><p class=\"login-password\">\n\t\t\t\t<label for=\"thim_pass\">Parola<\/label>\n\t\t\t\t<input type=\"password\" name=\"pwd\" id=\"thim_pass\" autocomplete=\"current-password\" spellcheck=\"false\" class=\"input\" value=\"\" size=\"20\" \/>\n\t\t\t<\/p><a class=\"lost-pass-link\" href=\"https:\/\/arapca.com\/index.php\/hesap\/?action=lostpassword\" title=\"Kay\u0131p Parola\">Parolan\u0131z\u0131 m\u0131 unuttunuz?<\/a><p class=\"login-remember\"><label><input name=\"rememberme\" type=\"checkbox\" id=\"rememberme\" value=\"forever\" \/> Beni hat\u0131rla<\/label><\/p><p class=\"login-submit\">\n\t\t\t\t<input type=\"submit\" name=\"wp-submit\" id=\"wp-submit\" class=\"button button-primary\" value=\"Giri\u015f yap\" \/>\n\t\t\t\t<input type=\"hidden\" name=\"redirect_to\" value=\"https:\/\/arapca.com\" \/>\n\t\t\t<\/p><\/form>\t<p class=\"link-bottom\">Hen\u00fcz \u00fcye de\u011fil misiniz?  <a href=\"https:\/\/arapca.com\/index.php\/hesap\/?action=register\">Kay\u0131t olun<\/a><\/p><\/div>\n<\/div>\n","protected":false},"excerpt":{"rendered":"","protected":false},"author":1,"featured_media":0,"parent":0,"menu_order":0,"comment_status":"closed","ping_status":"closed","template":"","meta":{"_bbp_topic_count":0,"_bbp_reply_count":0,"_bbp_total_topic_count":0,"_bbp_total_reply_count":0,"_bbp_voice_count":0,"_bbp_anonymous_reply_count":0,"_bbp_topic_count_hidden":0,"_bbp_reply_count_hidden":0,"_bbp_forum_subforum_count":0,"footnotes":""},"class_list":["post-26","page","type-page","status-publish","hentry"],"jetpack_sharing_enabled":true,"jetpack_likes_enabled":true,"_links":{"self":[{"href":"https:\/\/arapca.com\/index.php\/wp-json\/wp\/v2\/pages\/26","targetHints":{"allow":["GET"]}}],"collection":[{"href":"https:\/\/arapca.com\/index.php\/wp-json\/wp\/v2\/pages"}],"about":[{"href":"https:\/\/arapca.com\/index.php\/wp-json\/wp\/v2\/types\/page"}],"author":[{"embeddable":true,"href":"https:\/\/arapca.com\/index.php\/wp-json\/wp\/v2\/users\/1"}],"replies":[{"embeddable":true,"href":"https:\/\/arapca.com\/index.php\/wp-json\/wp\/v2\/comments?post=26"}],"version-history":[{"count":0,"href":"https:\/\/arapca.com\/index.php\/wp-json\/wp\/v2\/pages\/26\/revisions"}],"wp:attachment":[{"href":"https:\/\/arapca.com\/index.php\/wp-json\/wp\/v2\/media?parent=26"}],"curies":[{"name":"wp","href":"https:\/\/api.w.org\/{rel}","templated":true}]}}