{"id":25749,"date":"2026-03-17T10:28:11","date_gmt":"2026-03-17T07:28:11","guid":{"rendered":"https:\/\/arapca.com\/?page_id=25749"},"modified":"2026-03-17T21:08:49","modified_gmt":"2026-03-17T18:08:49","slug":"cuzler","status":"publish","type":"page","link":"https:\/\/arapca.com\/index.php\/cuzler\/","title":{"rendered":"C\u00fcz C\u00fcz Kur&#8217;an"},"content":{"rendered":"\n<h1 class=\"wp-block-heading\">Kur&#8217;an-\u0131 Kerim C\u00fczleri (30 C\u00fcz)<\/h1>\n\n\n<div class=\"wp-block-image\">\n<figure class=\"aligncenter size-full\"><img data-recalc-dims=\"1\" loading=\"lazy\" decoding=\"async\" width=\"303\" height=\"166\" src=\"https:\/\/i0.wp.com\/arapca.com\/wp-content\/uploads\/2026\/02\/hatim.jpg?resize=303%2C166&#038;ssl=1\" alt=\"\" class=\"wp-image-24573\" srcset=\"https:\/\/i0.wp.com\/arapca.com\/wp-content\/uploads\/2026\/02\/hatim.jpg?w=303&amp;ssl=1 303w, https:\/\/i0.wp.com\/arapca.com\/wp-content\/uploads\/2026\/02\/hatim.jpg?resize=300%2C164&amp;ssl=1 300w\" sizes=\"auto, (max-width: 303px) 100vw, 303px\" \/><\/figure>\n<\/div>\n\n\n<ol class=\"wp-block-list\">\n<li><a href=\"https:\/\/arapca.com\/index.php\/cuzler\/1-cuz\/\">1.C\u00fcz<\/a> <a href=\"https:\/\/arapca.com\/index.php\/cuzler\/2-cuz\/\">2. C\u00fcz<\/a><a href=\"http:\/\/&lt;div class=&quot;_df_book df-lite&quot; id=&quot;df_25770&quot;  _slug=&quot;2-cuz&quot; data-title=&quot;2-cuz&quot; wpoptions=&quot;true&quot; thumb=&quot;https:\/\/arapca.com\/wp-content\/uploads\/2026\/03\/Slayt2.png&quot; thumbtype=&quot;&quot; &gt;&lt;\/div&gt;&lt;script class=&quot;df-shortcode-script&quot; nowprocket type=&quot;application\/javascript&quot;&gt;window.option_df_25770 = {&quot;outline&quot;:[],&quot;autoEnableOutline&quot;:&quot;false&quot;,&quot;autoEnableThumbnail&quot;:&quot;false&quot;,&quot;overwritePDFOutline&quot;:&quot;false&quot;,&quot;direction&quot;:&quot;2&quot;,&quot;pageSize&quot;:&quot;0&quot;,&quot;source&quot;:&quot;https:\\\/\\\/arapca.com\\\/wp-content\\\/uploads\\\/2026\\\/03\\\/2.cuz_.pdf&quot;,&quot;wpOptions&quot;:&quot;true&quot;}; if(window.DFLIP &amp;&amp; window.DFLIP.parseBooks){window.DFLIP.parseBooks();}&lt;\/script&gt;\"> <\/a><a href=\"https:\/\/arapca.com\/index.php\/cuzler\/3-cuz\/\">3. C\u00fcz <\/a><a href=\"https:\/\/arapca.com\/index.php\/cuzler\/4-cuz\/\">4. C\u00fcz <\/a> <a href=\"https:\/\/arapca.com\/index.php\/cuzler\/5-cuz\/\">5. C\u00fcz<\/a> <a href=\"https:\/\/arapca.com\/index.php\/cuzler\/6-cuz\/\">6. C\u00fcz <\/a><a href=\"https:\/\/arapca.com\/index.php\/cuzler\/7-cuz\/\">7. C\u00fcz <\/a><a href=\"https:\/\/arapca.com\/index.php\/cuzler\/8-cuz\/\">8. C\u00fcz<\/a> <a href=\"https:\/\/arapca.com\/index.php\/cuzler\/9-cuz\/\">9. C\u00fcz <\/a><a href=\"https:\/\/arapca.com\/index.php\/cuzler\/10-cuz\/\">10. C\u00fcz <\/a><a href=\"https:\/\/arapca.com\/index.php\/cuzler\/11-cuz\/\">11. C\u00fcz <\/a> <a href=\"https:\/\/arapca.com\/index.php\/cuzler\/12-cuz\/\">12. C\u00fcz<\/a> <a href=\"https:\/\/arapca.com\/index.php\/cuzler\/13-cuz\/\">13. C\u00fcz <\/a><a href=\"https:\/\/arapca.com\/index.php\/cuzler\/14-cuz\/\">14. C\u00fcz <\/a><a href=\"https:\/\/arapca.com\/index.php\/cuzler\/15-cuz\/\">15. C\u00fcz <\/a> <a href=\"https:\/\/arapca.com\/index.php\/cuzler\/16-cuz\/\">16. C\u00fcz<\/a> <a href=\"https:\/\/arapca.com\/index.php\/cuzler\/17-cuz\/\">17. C\u00fcz<\/a> <a href=\"https:\/\/arapca.com\/index.php\/cuzler\/18-cuz\/\">18. C\u00fcz<\/a> <a href=\"https:\/\/arapca.com\/index.php\/cuzler\/19-cuz\/\">19. C\u00fcz<\/a> <a href=\"https:\/\/arapca.com\/index.php\/cuzler\/20-cuz\/\">20. C\u00fcz<\/a> <a href=\"https:\/\/arapca.com\/index.php\/cuzler\/21-cuz\/\">21. C\u00fcz<\/a> <a href=\"https:\/\/arapca.com\/index.php\/cuzler\/22-cuz\/\">22. C\u00fcz<\/a> <a href=\"https:\/\/arapca.com\/index.php\/cuzler\/23-cuz\/\">23. C\u00fcz<\/a> <a href=\"https:\/\/arapca.com\/index.php\/cuzler\/24-cuz\/\">24. C\u00fcz<\/a> <a href=\"https:\/\/arapca.com\/index.php\/cuzler\/25-cuz\/\">25. C\u00fcz<\/a> <a href=\"https:\/\/arapca.com\/index.php\/cuzler\/26-cuz\/\">26. C\u00fcz<\/a> <a href=\"https:\/\/arapca.com\/index.php\/cuzler\/27-cuz\/\">27. C\u00fcz<\/a> <a href=\"https:\/\/arapca.com\/index.php\/cuzler\/28-cuz\/\">28. C\u00fcz<\/a> <a href=\"https:\/\/arapca.com\/index.php\/cuzler\/29-cuz\/\">29. C\u00fcz<\/a> <a href=\"https:\/\/arapca.com\/index.php\/30-cuz\/\">30. C\u00fcz <\/a><\/li>\n<\/ol>\n\n\n\n<p><div class=\"_df_thumb \" id=\"df_25739\"  _slug=\"1-cuz\" data-title=\"1-cuz\" wpoptions=\"true\" thumb=\"https:\/\/arapca.com\/wp-content\/uploads\/2026\/03\/Slayt1.png\" thumbtype=\"\" >1.C\u00fcz<\/div><script class=\"df-shortcode-script\" nowprocket type=\"application\/javascript\">window.option_df_25739 = {\"outline\":[],\"autoEnableOutline\":\"false\",\"autoEnableThumbnail\":\"false\",\"overwritePDFOutline\":\"false\",\"direction\":\"2\",\"pageSize\":\"0\",\"source\":\"https:\\\/\\\/arapca.com\\\/wp-content\\\/uploads\\\/2026\\\/03\\\/1.-Cuz-Arapca.pdf\",\"wpOptions\":\"true\"}; if(window.DFLIP && window.DFLIP.parseBooks){window.DFLIP.parseBooks();}<\/script> <div class=\"_df_thumb \" id=\"df_25770\"  _slug=\"2-cuz\" data-title=\"2-cuz\" wpoptions=\"true\" thumb=\"https:\/\/arapca.com\/wp-content\/uploads\/2026\/03\/Slayt2.png\" thumbtype=\"\" >2.C\u00fcz<\/div><script class=\"df-shortcode-script\" nowprocket type=\"application\/javascript\">window.option_df_25770 = {\"outline\":[],\"autoEnableOutline\":\"false\",\"autoEnableThumbnail\":\"false\",\"overwritePDFOutline\":\"false\",\"direction\":\"2\",\"pageSize\":\"0\",\"source\":\"https:\\\/\\\/arapca.com\\\/wp-content\\\/uploads\\\/2026\\\/03\\\/2.cuz_.pdf\",\"wpOptions\":\"true\"}; if(window.DFLIP && window.DFLIP.parseBooks){window.DFLIP.parseBooks();}<\/script> <div class=\"_df_thumb \" id=\"df_25775\"  _slug=\"3-cuz\" data-title=\"3-cuz\" wpoptions=\"true\" thumb=\"https:\/\/arapca.com\/wp-content\/uploads\/2026\/03\/Slayt3.png\" thumbtype=\"\" >3.C\u00fcz<\/div><script class=\"df-shortcode-script\" nowprocket type=\"application\/javascript\">window.option_df_25775 = {\"outline\":[],\"autoEnableOutline\":\"false\",\"autoEnableThumbnail\":\"false\",\"overwritePDFOutline\":\"false\",\"direction\":\"2\",\"pageSize\":\"0\",\"source\":\"https:\\\/\\\/arapca.com\\\/wp-content\\\/uploads\\\/2026\\\/03\\\/3.cuz_.pdf\",\"wpOptions\":\"true\"}; if(window.DFLIP && window.DFLIP.parseBooks){window.DFLIP.parseBooks();}<\/script> <div class=\"_df_thumb \" id=\"df_25779\"  _slug=\"4-cuz\" data-title=\"4-cuz\" wpoptions=\"true\" thumb=\"https:\/\/arapca.com\/wp-content\/uploads\/2026\/03\/Slayt4.png\" thumbtype=\"\" >4.C\u00fcz<\/div><script class=\"df-shortcode-script\" nowprocket type=\"application\/javascript\">window.option_df_25779 = {\"outline\":[],\"autoEnableOutline\":\"false\",\"autoEnableThumbnail\":\"false\",\"overwritePDFOutline\":\"false\",\"direction\":\"2\",\"pageSize\":\"0\",\"source\":\"https:\\\/\\\/arapca.com\\\/wp-content\\\/uploads\\\/2026\\\/03\\\/4.cuz_.pdf\",\"wpOptions\":\"true\"}; if(window.DFLIP && window.DFLIP.parseBooks){window.DFLIP.parseBooks();}<\/script> <div class=\"_df_thumb \" id=\"df_25784\"  _slug=\"5-cuz\" data-title=\"5-cuz\" wpoptions=\"true\" thumb=\"https:\/\/arapca.com\/wp-content\/uploads\/2026\/03\/Slayt5.png\" thumbtype=\"\" >5.C\u00fcz<\/div><script class=\"df-shortcode-script\" nowprocket type=\"application\/javascript\">window.option_df_25784 = {\"outline\":[],\"autoEnableOutline\":\"false\",\"autoEnableThumbnail\":\"false\",\"overwritePDFOutline\":\"false\",\"direction\":\"2\",\"pageSize\":\"0\",\"source\":\"https:\\\/\\\/arapca.com\\\/wp-content\\\/uploads\\\/2026\\\/03\\\/5.cuz_.pdf\",\"wpOptions\":\"true\"}; if(window.DFLIP && window.DFLIP.parseBooks){window.DFLIP.parseBooks();}<\/script> <div class=\"_df_thumb \" id=\"df_25788\"  _slug=\"6-cuz\" data-title=\"6-cuz\" wpoptions=\"true\" thumb=\"https:\/\/arapca.com\/wp-content\/uploads\/2026\/03\/Slayt6.png\" thumbtype=\"\" >6.C\u00fcz<\/div><script class=\"df-shortcode-script\" nowprocket type=\"application\/javascript\">window.option_df_25788 = {\"outline\":[],\"autoEnableOutline\":\"false\",\"autoEnableThumbnail\":\"false\",\"overwritePDFOutline\":\"false\",\"direction\":\"2\",\"pageSize\":\"0\",\"source\":\"https:\\\/\\\/arapca.com\\\/wp-content\\\/uploads\\\/2026\\\/03\\\/6.cuz_.pdf\",\"wpOptions\":\"true\"}; if(window.DFLIP && window.DFLIP.parseBooks){window.DFLIP.parseBooks();}<\/script> <div class=\"_df_thumb \" id=\"df_25792\"  _slug=\"7-cuz\" data-title=\"7-cuz\" wpoptions=\"true\" thumb=\"https:\/\/arapca.com\/wp-content\/uploads\/2026\/03\/Slayt7.png\" thumbtype=\"\" >7.C\u00fcz<\/div><script class=\"df-shortcode-script\" nowprocket type=\"application\/javascript\">window.option_df_25792 = {\"outline\":[],\"autoEnableOutline\":\"false\",\"autoEnableThumbnail\":\"false\",\"overwritePDFOutline\":\"false\",\"direction\":\"2\",\"pageSize\":\"0\",\"source\":\"https:\\\/\\\/arapca.com\\\/wp-content\\\/uploads\\\/2026\\\/03\\\/7.cuz_.pdf\",\"wpOptions\":\"true\"}; if(window.DFLIP && window.DFLIP.parseBooks){window.DFLIP.parseBooks();}<\/script> <div class=\"_df_thumb \" id=\"df_25796\"  _slug=\"8-cuz\" data-title=\"8-cuz\" wpoptions=\"true\" thumb=\"https:\/\/arapca.com\/wp-content\/uploads\/2026\/03\/Slayt8.png\" thumbtype=\"\" >8.C\u00fcz<\/div><script class=\"df-shortcode-script\" nowprocket type=\"application\/javascript\">window.option_df_25796 = {\"outline\":[],\"autoEnableOutline\":\"false\",\"autoEnableThumbnail\":\"false\",\"overwritePDFOutline\":\"false\",\"direction\":\"2\",\"pageSize\":\"0\",\"source\":\"https:\\\/\\\/arapca.com\\\/wp-content\\\/uploads\\\/2026\\\/03\\\/8.cuz_.pdf\",\"wpOptions\":\"true\"}; if(window.DFLIP && window.DFLIP.parseBooks){window.DFLIP.parseBooks();}<\/script> <div class=\"_df_thumb \" id=\"df_25800\"  _slug=\"9-cuz\" data-title=\"9-cuz\" wpoptions=\"true\" thumb=\"https:\/\/arapca.com\/wp-content\/uploads\/2026\/03\/Slayt9.png\" thumbtype=\"\" >9.C\u00fcz<\/div><script class=\"df-shortcode-script\" nowprocket type=\"application\/javascript\">window.option_df_25800 = {\"outline\":[],\"autoEnableOutline\":\"false\",\"autoEnableThumbnail\":\"false\",\"overwritePDFOutline\":\"false\",\"direction\":\"2\",\"pageSize\":\"0\",\"source\":\"https:\\\/\\\/arapca.com\\\/wp-content\\\/uploads\\\/2026\\\/03\\\/9.cuz_.pdf\",\"wpOptions\":\"true\"}; if(window.DFLIP && window.DFLIP.parseBooks){window.DFLIP.parseBooks();}<\/script> <div class=\"_df_thumb \" id=\"df_25803\"  _slug=\"10-cuz\" data-title=\"10-cuz\" wpoptions=\"true\" thumb=\"https:\/\/arapca.com\/wp-content\/uploads\/2026\/03\/Slayt10.png\" thumbtype=\"\" >10.C\u00fcz<\/div><script class=\"df-shortcode-script\" nowprocket type=\"application\/javascript\">window.option_df_25803 = {\"outline\":[],\"autoEnableOutline\":\"false\",\"autoEnableThumbnail\":\"false\",\"overwritePDFOutline\":\"false\",\"direction\":\"2\",\"pageSize\":\"0\",\"source\":\"https:\\\/\\\/arapca.com\\\/wp-content\\\/uploads\\\/2026\\\/03\\\/10.cuz_.pdf\",\"wpOptions\":\"true\"}; if(window.DFLIP && window.DFLIP.parseBooks){window.DFLIP.parseBooks();}<\/script> <div class=\"_df_thumb \" id=\"df_25808\"  _slug=\"11-cuz\" data-title=\"11-cuz\" wpoptions=\"true\" thumb=\"https:\/\/arapca.com\/wp-content\/uploads\/2026\/03\/Slayt11.png\" thumbtype=\"\" >11.c\u00fcz<\/div><script class=\"df-shortcode-script\" nowprocket type=\"application\/javascript\">window.option_df_25808 = {\"outline\":[],\"autoEnableOutline\":\"false\",\"autoEnableThumbnail\":\"false\",\"overwritePDFOutline\":\"false\",\"direction\":\"2\",\"pageSize\":\"0\",\"source\":\"https:\\\/\\\/arapca.com\\\/wp-content\\\/uploads\\\/2026\\\/03\\\/11.cuz_.pdf\",\"wpOptions\":\"true\"}; if(window.DFLIP && window.DFLIP.parseBooks){window.DFLIP.parseBooks();}<\/script> <div class=\"_df_thumb \" id=\"df_25811\"  _slug=\"12-cuz\" data-title=\"12-cuz\" wpoptions=\"true\" thumb=\"https:\/\/arapca.com\/wp-content\/uploads\/2026\/03\/Slayt12.png\" thumbtype=\"\" >12.c\u00fcz<\/div><script class=\"df-shortcode-script\" nowprocket type=\"application\/javascript\">window.option_df_25811 = {\"outline\":[],\"autoEnableOutline\":\"false\",\"autoEnableThumbnail\":\"false\",\"overwritePDFOutline\":\"false\",\"direction\":\"2\",\"pageSize\":\"0\",\"source\":\"https:\\\/\\\/arapca.com\\\/wp-content\\\/uploads\\\/2026\\\/03\\\/12.cuz_.pdf\",\"wpOptions\":\"true\"}; if(window.DFLIP && window.DFLIP.parseBooks){window.DFLIP.parseBooks();}<\/script> <div class=\"_df_thumb \" id=\"df_25815\"  _slug=\"13-cuz\" data-title=\"13-cuz\" wpoptions=\"true\" thumb=\"https:\/\/arapca.com\/wp-content\/uploads\/2026\/03\/Slayt13.png\" thumbtype=\"\" >13.c\u00fcz<\/div><script class=\"df-shortcode-script\" nowprocket type=\"application\/javascript\">window.option_df_25815 = {\"outline\":[],\"autoEnableOutline\":\"false\",\"autoEnableThumbnail\":\"false\",\"overwritePDFOutline\":\"false\",\"direction\":\"2\",\"pageSize\":\"0\",\"source\":\"https:\\\/\\\/arapca.com\\\/wp-content\\\/uploads\\\/2026\\\/03\\\/13.cuz_.pdf\",\"wpOptions\":\"true\"}; if(window.DFLIP && window.DFLIP.parseBooks){window.DFLIP.parseBooks();}<\/script> <div class=\"_df_thumb \" id=\"df_25818\"  _slug=\"14-cuz\" data-title=\"14-cuz\" wpoptions=\"true\" thumb=\"https:\/\/arapca.com\/wp-content\/uploads\/2026\/03\/Slayt14.png\" thumbtype=\"\" >14.c\u00fcz<\/div><script class=\"df-shortcode-script\" nowprocket type=\"application\/javascript\">window.option_df_25818 = {\"outline\":[],\"autoEnableOutline\":\"false\",\"autoEnableThumbnail\":\"false\",\"overwritePDFOutline\":\"false\",\"direction\":\"2\",\"pageSize\":\"0\",\"source\":\"https:\\\/\\\/arapca.com\\\/wp-content\\\/uploads\\\/2026\\\/03\\\/14.cuz_.pdf\",\"wpOptions\":\"true\"}; if(window.DFLIP && window.DFLIP.parseBooks){window.DFLIP.parseBooks();}<\/script> <div class=\"_df_thumb \" id=\"df_25821\"  _slug=\"15-cuz\" data-title=\"15-cuz\" wpoptions=\"true\" thumb=\"https:\/\/arapca.com\/wp-content\/uploads\/2026\/03\/Slayt15.png\" thumbtype=\"\" >15.c\u00fcz<\/div><script class=\"df-shortcode-script\" nowprocket type=\"application\/javascript\">window.option_df_25821 = {\"outline\":[],\"autoEnableOutline\":\"false\",\"autoEnableThumbnail\":\"false\",\"overwritePDFOutline\":\"false\",\"direction\":\"2\",\"pageSize\":\"0\",\"source\":\"https:\\\/\\\/arapca.com\\\/wp-content\\\/uploads\\\/2026\\\/03\\\/15.cuz_.pdf\",\"wpOptions\":\"true\"}; if(window.DFLIP && window.DFLIP.parseBooks){window.DFLIP.parseBooks();}<\/script> <div class=\"_df_thumb \" id=\"df_25825\"  _slug=\"16-cuz\" data-title=\"16-cuz\" wpoptions=\"true\" thumb=\"https:\/\/arapca.com\/wp-content\/uploads\/2026\/03\/Slayt16.png\" thumbtype=\"\" >16.c\u00fcz<\/div><script class=\"df-shortcode-script\" nowprocket type=\"application\/javascript\">window.option_df_25825 = {\"outline\":[],\"autoEnableOutline\":\"false\",\"autoEnableThumbnail\":\"false\",\"overwritePDFOutline\":\"false\",\"direction\":\"2\",\"pageSize\":\"0\",\"source\":\"https:\\\/\\\/arapca.com\\\/wp-content\\\/uploads\\\/2026\\\/03\\\/16.cuz_.pdf\",\"wpOptions\":\"true\"}; if(window.DFLIP && window.DFLIP.parseBooks){window.DFLIP.parseBooks();}<\/script> <div class=\"_df_thumb \" id=\"df_25828\"  _slug=\"17-cuz\" data-title=\"17-cuz\" wpoptions=\"true\" thumb=\"https:\/\/arapca.com\/wp-content\/uploads\/2026\/03\/Slayt17.png\" thumbtype=\"\" >17.c\u00fcz<\/div><script class=\"df-shortcode-script\" nowprocket type=\"application\/javascript\">window.option_df_25828 = {\"outline\":[],\"autoEnableOutline\":\"false\",\"autoEnableThumbnail\":\"false\",\"overwritePDFOutline\":\"false\",\"direction\":\"2\",\"pageSize\":\"0\",\"source\":\"https:\\\/\\\/arapca.com\\\/wp-content\\\/uploads\\\/2026\\\/03\\\/17.cuz_.pdf\",\"wpOptions\":\"true\"}; if(window.DFLIP && window.DFLIP.parseBooks){window.DFLIP.parseBooks();}<\/script> <div class=\"_df_thumb \" id=\"df_25832\"  _slug=\"18-cuz\" data-title=\"18-cuz\" wpoptions=\"true\" thumb=\"https:\/\/arapca.com\/wp-content\/uploads\/2026\/03\/Slayt18.png\" thumbtype=\"\" >18.c\u00fcz<\/div><script class=\"df-shortcode-script\" nowprocket type=\"application\/javascript\">window.option_df_25832 = {\"outline\":[],\"autoEnableOutline\":\"false\",\"autoEnableThumbnail\":\"false\",\"overwritePDFOutline\":\"false\",\"direction\":\"2\",\"pageSize\":\"0\",\"source\":\"https:\\\/\\\/arapca.com\\\/wp-content\\\/uploads\\\/2026\\\/03\\\/18.cuz_.pdf\",\"wpOptions\":\"true\"}; if(window.DFLIP && window.DFLIP.parseBooks){window.DFLIP.parseBooks();}<\/script> <div class=\"_df_thumb \" id=\"df_25835\"  _slug=\"19-cuz\" data-title=\"19-cuz\" wpoptions=\"true\" thumb=\"https:\/\/arapca.com\/wp-content\/uploads\/2026\/03\/Slayt19.png\" thumbtype=\"\" >19.c\u00fcz<\/div><script class=\"df-shortcode-script\" nowprocket type=\"application\/javascript\">window.option_df_25835 = {\"outline\":[],\"autoEnableOutline\":\"false\",\"autoEnableThumbnail\":\"false\",\"overwritePDFOutline\":\"false\",\"direction\":\"2\",\"pageSize\":\"0\",\"source\":\"https:\\\/\\\/arapca.com\\\/wp-content\\\/uploads\\\/2026\\\/03\\\/19.cuz_.pdf\",\"wpOptions\":\"true\"}; if(window.DFLIP && window.DFLIP.parseBooks){window.DFLIP.parseBooks();}<\/script> <div class=\"_df_thumb \" id=\"df_25838\"  _slug=\"20-cuz\" data-title=\"20-cuz\" wpoptions=\"true\" thumb=\"https:\/\/arapca.com\/wp-content\/uploads\/2026\/03\/Slayt20.png\" thumbtype=\"\" >20.c\u00fcz<\/div><script class=\"df-shortcode-script\" nowprocket type=\"application\/javascript\">window.option_df_25838 = {\"outline\":[],\"autoEnableOutline\":\"false\",\"autoEnableThumbnail\":\"false\",\"overwritePDFOutline\":\"false\",\"direction\":\"2\",\"pageSize\":\"0\",\"source\":\"https:\\\/\\\/arapca.com\\\/wp-content\\\/uploads\\\/2026\\\/03\\\/20.cuz_.pdf\",\"wpOptions\":\"true\"}; if(window.DFLIP && window.DFLIP.parseBooks){window.DFLIP.parseBooks();}<\/script> <div class=\"_df_thumb \" id=\"df_25842\"  _slug=\"21-cuz\" data-title=\"21-cuz\" wpoptions=\"true\" thumb=\"https:\/\/arapca.com\/wp-content\/uploads\/2026\/03\/Slayt21.png\" thumbtype=\"\" >21.c\u00fcz<\/div><script class=\"df-shortcode-script\" nowprocket type=\"application\/javascript\">window.option_df_25842 = {\"outline\":[],\"autoEnableOutline\":\"false\",\"autoEnableThumbnail\":\"false\",\"overwritePDFOutline\":\"false\",\"direction\":\"2\",\"pageSize\":\"0\",\"source\":\"https:\\\/\\\/arapca.com\\\/wp-content\\\/uploads\\\/2026\\\/03\\\/21.cuz_.pdf\",\"wpOptions\":\"true\"}; if(window.DFLIP && window.DFLIP.parseBooks){window.DFLIP.parseBooks();}<\/script> <div class=\"_df_thumb \" id=\"df_25766\"  _slug=\"22-cuz\" data-title=\"22-cuz\" wpoptions=\"true\" thumb=\"https:\/\/arapca.com\/wp-content\/uploads\/2026\/03\/Slayt22.png\" thumbtype=\"\" >22.C\u00fcz<\/div><script class=\"df-shortcode-script\" nowprocket type=\"application\/javascript\">window.option_df_25766 = {\"outline\":[],\"autoEnableOutline\":\"false\",\"autoEnableThumbnail\":\"false\",\"overwritePDFOutline\":\"false\",\"direction\":\"2\",\"pageSize\":\"0\",\"source\":\"https:\\\/\\\/arapca.com\\\/wp-content\\\/uploads\\\/2026\\\/03\\\/22.cuz_.pdf\",\"wpOptions\":\"true\"}; if(window.DFLIP && window.DFLIP.parseBooks){window.DFLIP.parseBooks();}<\/script> <div class=\"_df_thumb \" id=\"df_25847\"  _slug=\"23-cuz\" data-title=\"23-cuz\" wpoptions=\"true\" thumb=\"https:\/\/arapca.com\/wp-content\/uploads\/2026\/03\/Slayt23.png\" thumbtype=\"\" >23.c\u00fcz<\/div><script class=\"df-shortcode-script\" nowprocket type=\"application\/javascript\">window.option_df_25847 = {\"outline\":[],\"autoEnableOutline\":\"false\",\"autoEnableThumbnail\":\"false\",\"overwritePDFOutline\":\"false\",\"direction\":\"2\",\"pageSize\":\"0\",\"source\":\"https:\\\/\\\/arapca.com\\\/wp-content\\\/uploads\\\/2026\\\/03\\\/23.cuz_.pdf\",\"wpOptions\":\"true\"}; if(window.DFLIP && window.DFLIP.parseBooks){window.DFLIP.parseBooks();}<\/script> <div class=\"_df_thumb \" id=\"df_25847\"  _slug=\"23-cuz\" data-title=\"23-cuz\" wpoptions=\"true\" thumb=\"https:\/\/arapca.com\/wp-content\/uploads\/2026\/03\/Slayt23.png\" thumbtype=\"\" >23.c\u00fcz<\/div><script class=\"df-shortcode-script\" nowprocket type=\"application\/javascript\">window.option_df_25847 = {\"outline\":[],\"autoEnableOutline\":\"false\",\"autoEnableThumbnail\":\"false\",\"overwritePDFOutline\":\"false\",\"direction\":\"2\",\"pageSize\":\"0\",\"source\":\"https:\\\/\\\/arapca.com\\\/wp-content\\\/uploads\\\/2026\\\/03\\\/23.cuz_.pdf\",\"wpOptions\":\"true\"}; if(window.DFLIP && window.DFLIP.parseBooks){window.DFLIP.parseBooks();}<\/script> <div class=\"_df_thumb \" id=\"df_25851\"  _slug=\"24-cuz\" data-title=\"24-cuz\" wpoptions=\"true\" thumb=\"https:\/\/arapca.com\/wp-content\/uploads\/2026\/03\/Slayt24.png\" thumbtype=\"\" >24.c\u00fcz<\/div><script class=\"df-shortcode-script\" nowprocket type=\"application\/javascript\">window.option_df_25851 = {\"outline\":[],\"autoEnableOutline\":\"false\",\"autoEnableThumbnail\":\"false\",\"overwritePDFOutline\":\"false\",\"direction\":\"2\",\"pageSize\":\"0\",\"source\":\"https:\\\/\\\/arapca.com\\\/wp-content\\\/uploads\\\/2026\\\/03\\\/24.cuz_.pdf\",\"wpOptions\":\"true\"}; if(window.DFLIP && window.DFLIP.parseBooks){window.DFLIP.parseBooks();}<\/script> <div class=\"_df_thumb \" id=\"df_25854\"  _slug=\"25-cuz\" data-title=\"25-cuz\" wpoptions=\"true\" thumb=\"https:\/\/arapca.com\/wp-content\/uploads\/2026\/03\/Slayt25.png\" thumbtype=\"\" >25.c\u00fcz<\/div><script class=\"df-shortcode-script\" nowprocket type=\"application\/javascript\">window.option_df_25854 = {\"outline\":[],\"autoEnableOutline\":\"false\",\"autoEnableThumbnail\":\"false\",\"overwritePDFOutline\":\"false\",\"direction\":\"2\",\"pageSize\":\"0\",\"source\":\"https:\\\/\\\/arapca.com\\\/wp-content\\\/uploads\\\/2026\\\/03\\\/25.cuz_.pdf\",\"wpOptions\":\"true\"}; if(window.DFLIP && window.DFLIP.parseBooks){window.DFLIP.parseBooks();}<\/script> <div class=\"_df_thumb \" id=\"df_25857\"  _slug=\"26-cuz\" data-title=\"26-cuz\" wpoptions=\"true\" thumb=\"https:\/\/arapca.com\/wp-content\/uploads\/2026\/03\/Slayt26.png\" thumbtype=\"\" >26.c\u00fcz<\/div><script class=\"df-shortcode-script\" nowprocket type=\"application\/javascript\">window.option_df_25857 = {\"outline\":[],\"autoEnableOutline\":\"false\",\"autoEnableThumbnail\":\"false\",\"overwritePDFOutline\":\"false\",\"direction\":\"2\",\"pageSize\":\"0\",\"source\":\"https:\\\/\\\/arapca.com\\\/wp-content\\\/uploads\\\/2026\\\/03\\\/26.cuz_.pdf\",\"wpOptions\":\"true\"}; if(window.DFLIP && window.DFLIP.parseBooks){window.DFLIP.parseBooks();}<\/script> <div class=\"_df_thumb \" id=\"df_25860\"  _slug=\"27-cuz\" data-title=\"27-cuz\" wpoptions=\"true\" thumb=\"https:\/\/arapca.com\/wp-content\/uploads\/2026\/03\/Slayt27.png\" thumbtype=\"\" >27.c\u00fcz<\/div><script class=\"df-shortcode-script\" nowprocket type=\"application\/javascript\">window.option_df_25860 = {\"outline\":[],\"autoEnableOutline\":\"false\",\"autoEnableThumbnail\":\"false\",\"overwritePDFOutline\":\"false\",\"direction\":\"2\",\"pageSize\":\"0\",\"source\":\"https:\\\/\\\/arapca.com\\\/wp-content\\\/uploads\\\/2026\\\/03\\\/27.cuz_.pdf\",\"wpOptions\":\"true\"}; if(window.DFLIP && window.DFLIP.parseBooks){window.DFLIP.parseBooks();}<\/script> <div class=\"_df_thumb \" id=\"df_25863\"  _slug=\"28-cuz\" data-title=\"28-cuz\" wpoptions=\"true\" thumb=\"https:\/\/arapca.com\/wp-content\/uploads\/2026\/03\/Slayt28.png\" thumbtype=\"\" >28.c\u00fcz<\/div><script class=\"df-shortcode-script\" nowprocket type=\"application\/javascript\">window.option_df_25863 = {\"outline\":[],\"autoEnableOutline\":\"false\",\"autoEnableThumbnail\":\"false\",\"overwritePDFOutline\":\"false\",\"direction\":\"2\",\"pageSize\":\"0\",\"source\":\"https:\\\/\\\/arapca.com\\\/wp-content\\\/uploads\\\/2026\\\/03\\\/28.cuz_.pdf\",\"wpOptions\":\"true\"}; if(window.DFLIP && window.DFLIP.parseBooks){window.DFLIP.parseBooks();}<\/script> <div class=\"_df_thumb \" id=\"df_25756\"  _slug=\"29-cuz\" data-title=\"29-cuz\" wpoptions=\"true\" thumb=\"https:\/\/arapca.com\/wp-content\/uploads\/2026\/03\/Slayt29.png\" thumbtype=\"\" >29.C\u00fcz<\/div><script class=\"df-shortcode-script\" nowprocket type=\"application\/javascript\">window.option_df_25756 = {\"outline\":[],\"autoEnableOutline\":\"false\",\"autoEnableThumbnail\":\"false\",\"overwritePDFOutline\":\"false\",\"direction\":\"2\",\"pageSize\":\"0\",\"source\":\"https:\\\/\\\/arapca.com\\\/wp-content\\\/uploads\\\/2026\\\/03\\\/29.cuz_.pdf\",\"wpOptions\":\"true\"}; if(window.DFLIP && window.DFLIP.parseBooks){window.DFLIP.parseBooks();}<\/script> <div class=\"_df_thumb \" id=\"df_25743\"  _slug=\"30-cuz\" data-title=\"30-cuz\" wpoptions=\"true\" thumb=\"https:\/\/arapca.com\/wp-content\/uploads\/2026\/03\/Slayt30.png\" thumbtype=\"\" >30.c\u00fcz<\/div><script class=\"df-shortcode-script\" nowprocket type=\"application\/javascript\">window.option_df_25743 = {\"outline\":[],\"autoEnableOutline\":\"false\",\"autoEnableThumbnail\":\"false\",\"overwritePDFOutline\":\"false\",\"direction\":\"2\",\"pageSize\":\"0\",\"source\":\"https:\\\/\\\/arapca.com\\\/wp-content\\\/uploads\\\/2026\\\/03\\\/30.cuz_.pdf\",\"wpOptions\":\"true\"}; if(window.DFLIP && window.DFLIP.parseBooks){window.DFLIP.parseBooks();}<\/script><\/p>\n\n\n\n<p>cuz cuz cuzler<\/p>\n","protected":false},"excerpt":{"rendered":"<p>Kur&#8217;an-\u0131 Kerim C\u00fczleri (30 C\u00fcz) cuz cuz cuzler<\/p>\n","protected":false},"author":1,"featured_media":0,"parent":0,"menu_order":0,"comment_status":"closed","ping_status":"closed","template":"","meta":{"_bbp_topic_count":0,"_bbp_reply_count":0,"_bbp_total_topic_count":0,"_bbp_total_reply_count":0,"_bbp_voice_count":0,"_bbp_anonymous_reply_count":0,"_bbp_topic_count_hidden":0,"_bbp_reply_count_hidden":0,"_bbp_forum_subforum_count":0,"advanced_seo_description":"","jetpack_seo_html_title":"","jetpack_seo_noindex":false,"footnotes":""},"class_list":["post-25749","page","type-page","status-publish","hentry"],"jetpack_sharing_enabled":true,"jetpack_likes_enabled":true,"_links":{"self":[{"href":"https:\/\/arapca.com\/index.php\/wp-json\/wp\/v2\/pages\/25749","targetHints":{"allow":["GET"]}}],"collection":[{"href":"https:\/\/arapca.com\/index.php\/wp-json\/wp\/v2\/pages"}],"about":[{"href":"https:\/\/arapca.com\/index.php\/wp-json\/wp\/v2\/types\/page"}],"author":[{"embeddable":true,"href":"https:\/\/arapca.com\/index.php\/wp-json\/wp\/v2\/users\/1"}],"replies":[{"embeddable":true,"href":"https:\/\/arapca.com\/index.php\/wp-json\/wp\/v2\/comments?post=25749"}],"version-history":[{"count":20,"href":"https:\/\/arapca.com\/index.php\/wp-json\/wp\/v2\/pages\/25749\/revisions"}],"predecessor-version":[{"id":25971,"href":"https:\/\/arapca.com\/index.php\/wp-json\/wp\/v2\/pages\/25749\/revisions\/25971"}],"wp:attachment":[{"href":"https:\/\/arapca.com\/index.php\/wp-json\/wp\/v2\/media?parent=25749"}],"curies":[{"name":"wp","href":"https:\/\/api.w.org\/{rel}","templated":true}]}}