{"id":24403,"date":"2026-02-17T12:46:59","date_gmt":"2026-02-17T09:46:59","guid":{"rendered":"https:\/\/arapca.com\/?page_id=24403"},"modified":"2026-02-17T12:54:10","modified_gmt":"2026-02-17T09:54:10","slug":"kelime-mealli-hatim-seti","status":"publish","type":"page","link":"https:\/\/arapca.com\/index.php\/kelime-mealli-hatim-seti\/","title":{"rendered":"Kelime Mealli Hatim Seti"},"content":{"rendered":"\n<p>\u015eaban Piri\u015f&#8217;in haz\u0131rlad\u0131\u011f\u0131 Kur&#8217;an-\u0131 Kerim&#8217;in kelime kelime Arap\u00e7a ve T\u00fcrk\u00e7esi. Arap\u00e7a dilbilgisi kurallar\u0131n\u0131n metin i\u00e7inde a\u00e7\u0131klamas\u0131 bu Hatim Setinde.<\/p>\n\n\n\n<figure class=\"wp-block-image size-large\"><a href=\"https:\/\/arapca.com\/index.php\/courses\/kelime-kelime-kuran-ve-anlami-2\/\"><img data-recalc-dims=\"1\" loading=\"lazy\" decoding=\"async\" width=\"640\" height=\"360\" src=\"https:\/\/i0.wp.com\/arapca.com\/wp-content\/uploads\/2026\/02\/Kelime-Meal.jpg?resize=640%2C360&#038;ssl=1\" alt=\"\" class=\"wp-image-24404\" srcset=\"https:\/\/i0.wp.com\/arapca.com\/wp-content\/uploads\/2026\/02\/Kelime-Meal.jpg?resize=1024%2C576&amp;ssl=1 1024w, https:\/\/i0.wp.com\/arapca.com\/wp-content\/uploads\/2026\/02\/Kelime-Meal.jpg?resize=300%2C169&amp;ssl=1 300w, https:\/\/i0.wp.com\/arapca.com\/wp-content\/uploads\/2026\/02\/Kelime-Meal.jpg?resize=768%2C432&amp;ssl=1 768w, https:\/\/i0.wp.com\/arapca.com\/wp-content\/uploads\/2026\/02\/Kelime-Meal.jpg?resize=600%2C338&amp;ssl=1 600w, https:\/\/i0.wp.com\/arapca.com\/wp-content\/uploads\/2026\/02\/Kelime-Meal.jpg?w=1280&amp;ssl=1 1280w\" sizes=\"auto, (max-width: 640px) 100vw, 640px\" \/><\/a><\/figure>\n\n\n\n<p><\/p>\n","protected":false},"excerpt":{"rendered":"<p>\u015eaban Piri\u015f&#8217;in haz\u0131rlad\u0131\u011f\u0131 Kur&#8217;an-\u0131 Kerim&#8217;in kelime kelime Arap\u00e7a ve T\u00fcrk\u00e7esi. Arap\u00e7a dilbilgisi kurallar\u0131n\u0131n metin i\u00e7inde a\u00e7\u0131klamas\u0131 bu Hatim Setinde.<\/p>\n","protected":false},"author":1,"featured_media":0,"parent":0,"menu_order":0,"comment_status":"closed","ping_status":"closed","template":"","meta":{"_bbp_topic_count":0,"_bbp_reply_count":0,"_bbp_total_topic_count":0,"_bbp_total_reply_count":0,"_bbp_voice_count":0,"_bbp_anonymous_reply_count":0,"_bbp_topic_count_hidden":0,"_bbp_reply_count_hidden":0,"_bbp_forum_subforum_count":0,"footnotes":""},"class_list":["post-24403","page","type-page","status-publish","hentry"],"jetpack_sharing_enabled":true,"jetpack_likes_enabled":true,"_links":{"self":[{"href":"https:\/\/arapca.com\/index.php\/wp-json\/wp\/v2\/pages\/24403","targetHints":{"allow":["GET"]}}],"collection":[{"href":"https:\/\/arapca.com\/index.php\/wp-json\/wp\/v2\/pages"}],"about":[{"href":"https:\/\/arapca.com\/index.php\/wp-json\/wp\/v2\/types\/page"}],"author":[{"embeddable":true,"href":"https:\/\/arapca.com\/index.php\/wp-json\/wp\/v2\/users\/1"}],"replies":[{"embeddable":true,"href":"https:\/\/arapca.com\/index.php\/wp-json\/wp\/v2\/comments?post=24403"}],"version-history":[{"count":3,"href":"https:\/\/arapca.com\/index.php\/wp-json\/wp\/v2\/pages\/24403\/revisions"}],"predecessor-version":[{"id":24409,"href":"https:\/\/arapca.com\/index.php\/wp-json\/wp\/v2\/pages\/24403\/revisions\/24409"}],"wp:attachment":[{"href":"https:\/\/arapca.com\/index.php\/wp-json\/wp\/v2\/media?parent=24403"}],"curies":[{"name":"wp","href":"https:\/\/api.w.org\/{rel}","templated":true}]}}