{"id":24393,"date":"2026-02-14T13:26:11","date_gmt":"2026-02-14T10:26:11","guid":{"rendered":"https:\/\/arapca.com\/?page_id=24393"},"modified":"2026-02-15T21:19:05","modified_gmt":"2026-02-15T18:19:05","slug":"arapca-romanlar","status":"publish","type":"page","link":"https:\/\/arapca.com\/index.php\/kategoriler\/arapca-kitaplar\/arapca-romanlar\/","title":{"rendered":"Arap\u00e7a Romanlar"},"content":{"rendered":"\n<p><a href=\"http:\/\/mc.dlib.nyu.edu\/files\/books\/aub_aco003251\/aub_aco003251_hi.pdf\">Ayda<\/a>, Fravunlar zaman\u0131nda M\u0131s\u0131rda ge\u00e7en Habe\u015fli bir cariyenin hayat hikayesi, Tiyatro senaryosu \u015feklinde anlat\u0131, Darul Fikr, Beyrut, <\/p>\n\n\n\n<p><a href=\"http:\/\/mc.dlib.nyu.edu\/files\/books\/princeton_aco002323\/princeton_aco002323_hi.pdf\">Kral ve Halk\u0131n Umudu<\/a>, Zeynep Gazali, (\u0130lk Suud Kral\u0131n\u0131n hayat hikayesi), <\/p>\n\n\n\n<p><a href=\"http:\/\/mc.dlib.nyu.edu\/files\/books\/cornell_aco000166\/cornell_aco000166_lo.pdf\">Ba\u015flang\u0131\u00e7 ve Sonu\u00e7, Necib Mahfuz, <\/a><\/p>\n","protected":false},"excerpt":{"rendered":"<p>Ayda, Fravunlar zaman\u0131nda M\u0131s\u0131rda ge\u00e7en Habe\u015fli bir cariyenin hayat hikayesi, Tiyatro senaryosu \u015feklinde anlat\u0131, Darul Fikr, Beyrut, Kral ve Halk\u0131n Umudu, Zeynep Gazali, (\u0130lk Suud Kral\u0131n\u0131n hayat hikayesi), Ba\u015flang\u0131\u00e7 ve Sonu\u00e7, Necib Mahfuz,<\/p>\n","protected":false},"author":1,"featured_media":0,"parent":17567,"menu_order":0,"comment_status":"closed","ping_status":"closed","template":"","meta":{"_bbp_topic_count":0,"_bbp_reply_count":0,"_bbp_total_topic_count":0,"_bbp_total_reply_count":0,"_bbp_voice_count":0,"_bbp_anonymous_reply_count":0,"_bbp_topic_count_hidden":0,"_bbp_reply_count_hidden":0,"_bbp_forum_subforum_count":0,"footnotes":""},"class_list":["post-24393","page","type-page","status-publish","hentry"],"jetpack_sharing_enabled":true,"jetpack_likes_enabled":true,"_links":{"self":[{"href":"https:\/\/arapca.com\/index.php\/wp-json\/wp\/v2\/pages\/24393","targetHints":{"allow":["GET"]}}],"collection":[{"href":"https:\/\/arapca.com\/index.php\/wp-json\/wp\/v2\/pages"}],"about":[{"href":"https:\/\/arapca.com\/index.php\/wp-json\/wp\/v2\/types\/page"}],"author":[{"embeddable":true,"href":"https:\/\/arapca.com\/index.php\/wp-json\/wp\/v2\/users\/1"}],"replies":[{"embeddable":true,"href":"https:\/\/arapca.com\/index.php\/wp-json\/wp\/v2\/comments?post=24393"}],"version-history":[{"count":2,"href":"https:\/\/arapca.com\/index.php\/wp-json\/wp\/v2\/pages\/24393\/revisions"}],"predecessor-version":[{"id":24398,"href":"https:\/\/arapca.com\/index.php\/wp-json\/wp\/v2\/pages\/24393\/revisions\/24398"}],"up":[{"embeddable":true,"href":"https:\/\/arapca.com\/index.php\/wp-json\/wp\/v2\/pages\/17567"}],"wp:attachment":[{"href":"https:\/\/arapca.com\/index.php\/wp-json\/wp\/v2\/media?parent=24393"}],"curies":[{"name":"wp","href":"https:\/\/api.w.org\/{rel}","templated":true}]}}