{"id":24388,"date":"2026-02-14T11:26:08","date_gmt":"2026-02-14T08:26:08","guid":{"rendered":"https:\/\/arapca.com\/?page_id=24388"},"modified":"2026-02-14T11:26:10","modified_gmt":"2026-02-14T08:26:10","slug":"sabah-vakti-ormanin-fisiltilari","status":"publish","type":"page","link":"https:\/\/arapca.com\/index.php\/hikayeler\/sabah-vakti-ormanin-fisiltilari\/","title":{"rendered":"Sabah Vakti Orman\u0131n F\u0131s\u0131lt\u0131lar\u0131"},"content":{"rendered":"\n<p class=\"has-text-align-center has-vivid-red-color has-text-color has-link-color has-large-font-size wp-elements-d42ed3f5c077c64cc55239a011fe89f1\"><strong>\u0647\u0645\u0633\u0627\u062a \u0627\u0644\u063a\u0627\u0628\u0629 \u0641\u064a \u0627\u0644\u0635\u0628\u0627\u062d \u0627\u0644\u0628\u0627\u0643\u0631<\/strong><\/p>\n\n\n<div class=\"wp-block-image\">\n<figure class=\"aligncenter size-large\"><img data-recalc-dims=\"1\" fetchpriority=\"high\" decoding=\"async\" width=\"640\" height=\"358\" src=\"https:\/\/i0.wp.com\/arapca.com\/wp-content\/uploads\/2026\/02\/ormanin-derinlikleri-1024x573.jpg?resize=640%2C358&#038;ssl=1\" alt=\"\" class=\"wp-image-24389\" srcset=\"https:\/\/arapca.com\/wp-content\/uploads\/2026\/02\/ormanin-derinlikleri.bmp 1024w, https:\/\/arapca.com\/wp-content\/uploads\/2026\/02\/ormanin-derinlikleri.bmp 300w, https:\/\/arapca.com\/wp-content\/uploads\/2026\/02\/ormanin-derinlikleri.bmp 768w, https:\/\/arapca.com\/wp-content\/uploads\/2026\/02\/ormanin-derinlikleri.bmp 600w, https:\/\/arapca.com\/wp-content\/uploads\/2026\/02\/ormanin-derinlikleri.bmp 1217w\" sizes=\"(max-width: 640px) 100vw, 640px\" \/><\/figure>\n<\/div>\n\n\n<p class=\"has-text-align-right\"><br>.\u0641\u064a \u0635\u0628\u0627\u062d \u0647\u0627\u062f\u0626\u060c \u0627\u0633\u062a\u064a\u0642\u0638\u062a\u064f \u0639\u0644\u0649 \u0623\u0635\u0648\u0627\u062a \u0627\u0644\u0637\u064a\u0648\u0631 \u0627\u0644\u062a\u064a \u062a\u0645\u0644\u0623 \u0627\u0644\u0647\u0648\u0627\u0621 \u0628\u0647\u062f\u0648\u0621\u064d \u062c\u0645\u064a\u0644<\/p>\n\n\n\n<p class=\"has-text-align-right\">.\u0643\u0627\u0646\u062a \u0623\u0634\u0639\u0629 \u0627\u0644\u0634\u0645\u0633 \u062a\u062e\u062a\u0631\u0642 \u0623\u0648\u0631\u0627\u0642 \u0627\u0644\u0634\u062c\u0631 \u0628\u0644\u0637\u0641\u060c \u0641\u062a\u0636\u064a\u0621 \u0627\u0644\u0645\u0643\u0627\u0646 \u0628\u0623\u0644\u0648\u0627\u0646 \u0630\u0647\u0628\u064a\u0629 \u062f\u0627\u0641\u0626\u0629<\/p>\n\n\n\n<p class=\"has-text-align-right\">.\u062a\u0645\u0634\u064a\u062a \u0641\u064a \u0627\u0644\u063a\u0627\u0628\u0629\u060c \u0648\u0631\u0623\u064a\u062a \u0627\u0644\u0623\u0644\u0648\u0627\u0646 \u0627\u0644\u0632\u0627\u0647\u064a\u0629 \u0644\u0644\u0646\u0628\u0627\u062a\u0627\u062a \u0627\u0644\u062a\u064a \u062a\u062a\u0631\u0627\u0621\u0649 \u0643\u0644\u0648\u062d\u0629 \u0641\u0646\u064a\u0629 \u0645\u062a\u0642\u0646\u0629 \u0627\u0644\u062a\u0641\u0627\u0635\u064a\u0644<\/p>\n\n\n\n<p class=\"has-text-align-right\">\u0643\u0644\u064f\u0651 \u062e\u0637\u0648\u0629 \u0643\u0646\u062a \u0623\u062e\u0637\u0648\u0647\u0627 \u0643\u0627\u0646\u062a \u062a\u062d\u0645\u0644\u0646\u064a \u0625\u0644\u0649 \u0639\u0627\u0644\u0645 \u0645\u062e\u062a\u0644\u0641\u060c \u062d\u064a\u062b \u062a\u0646\u062a\u0634\u0631 \u0631\u0627\u0626\u062d\u0629 \u0627\u0644\u0623\u0631\u0636 \u0627\u0644\u0637\u064a\u0628\u0629 \u0648\u062a\u0644\u0648\u062d \u0641\u064a \u0627\u0644\u0623\u0641\u0642 \u0627\u0644\u0647\u0645\u0633\u0627\u062a \u0627\u0644\u0647\u0627\u062f\u0626\u0629 \u0644\u0644\u0637\u0628\u064a\u0639\u0629<\/p>\n\n\n\n<p class=\"has-text-align-right\">.\u0634\u0639\u0631\u062a\u064f \u0628\u0627\u0644\u0627\u0646\u0633\u062c\u0627\u0645 \u0648\u0627\u0644\u0633\u0644\u0627\u0645 \u0627\u0644\u062f\u0627\u062e\u0644\u064a\u060c \u0643\u0623\u0646 \u0627\u0644\u0632\u0645\u0646 \u062a\u0648\u0642\u0641 \u0644\u062d\u0638\u0629 \u0643\u064a \u0623\u0633\u062a\u0645\u062a\u0639 \u0628\u0643\u0644 \u062d\u0627\u0633\u0629 \u0641\u064a\u0651\u064a<\/p>\n\n\n\n<p class=\"has-text-align-right\">\u0644\u0627 \u062d\u062f\u064a\u062b \u0641\u064a \u0627\u0644\u063a\u0627\u0628\u0629 \u0633\u0648\u0649 \u0644\u0644\u0647\u0648\u0627\u0621 \u0648\u0627\u0644\u0646\u0633\u0645\u0627\u062a \u0627\u0644\u062a\u064a \u062a\u0639\u0627\u0646\u0642 \u0648\u062c\u0646\u062a\u064a\u060c \u0648\u0644\u0643\u0644 \u0632\u0647\u0631\u0629 \u0648\u0635\u0648\u062a \u0637\u0627\u0626\u0631 \u064a\u062d\u0645\u0644 \u0631\u0633\u0627\u0644\u0629 \u0628\u0633\u064a\u0637\u0629: &#8220;\u0627\u0644\u062d\u064a\u0627\u0629 \u062c\u0645\u064a\u0644\u0629&#8221;<\/p>\n\n\n\n<p class=\"has-text-align-right\">.\u0642\u0631\u0631\u062a\u064f \u0623\u0646 \u0623\u0639\u0648\u062f \u0643\u0644 \u0635\u0628\u0627\u062d \u0644\u0623\u062d\u062a\u0636\u0646 \u0647\u0630\u0627 \u0627\u0644\u0647\u062f\u0648\u0621 \u0648\u0623\u062a\u0630\u0643\u0631 \u0623\u0646 \u0627\u0644\u0633\u0639\u0627\u062f\u0629 \u062a\u0643\u0645\u0646 \u0641\u064a \u062a\u0641\u0627\u0635\u064a\u0644 \u0628\u0633\u064a\u0637\u0629 \u0645\u062b\u0644 \u0647\u0630\u0627 \u0627\u0644\u0644\u0642\u0627\u0621 \u0645\u0639 \u0627\u0644\u0637\u0628\u064a\u0639\u0629.<\/p>\n\n\n\n<p>T\u00fcrk\u00e7e \u00c7evirisi:<\/p>\n\n\n\n<p>Sabah\u0131n Erken Saatlerinde Orman\u0131n F\u0131s\u0131lt\u0131lar\u0131<\/p>\n\n\n\n<p>Sessiz bir sabahta, havay\u0131 g\u00fczel bir huzurla dolduran ku\u015f sesleriyle uyand\u0131m.<\/p>\n\n\n\n<p>G\u00fcne\u015f \u0131\u015f\u0131nlar\u0131 yapraklar\u0131n aras\u0131ndan nazik\u00e7e s\u00fcz\u00fclerek, mekan\u0131 s\u0131cak alt\u0131n tonlar\u0131yla ayd\u0131nlat\u0131yordu.<\/p>\n\n\n\n<p>Ormanda y\u00fcr\u00fcrken, ince detaylarla bezenmi\u015f bir ba\u015fyap\u0131t gibi g\u00f6r\u00fcnen bitkilerin canl\u0131 renklerini seyrettim.<\/p>\n\n\n\n<p>Att\u0131\u011f\u0131m her ad\u0131m beni farkl\u0131 bir d\u00fcnyaya ta\u015f\u0131d\u0131; topra\u011f\u0131n tatl\u0131 kokusu havay\u0131 sararken, do\u011fan\u0131n nazik f\u0131s\u0131lt\u0131lar\u0131 uzaktan geliyordu.<\/p>\n\n\n\n<p>Zaman\u0131n bir anl\u0131\u011f\u0131na durdu\u011fu, t\u00fcm duyular\u0131m\u0131 tatmama izin verdi\u011fi derin bir uyum ve i\u00e7 huzur hissettim.<\/p>\n\n\n\n<p>Ormanda tek dil, havan\u0131n ve yanaklar\u0131m\u0131 ok\u015fayan nazik esintilerin diliydi ve her \u00e7i\u00e7e\u011fin ve ku\u015fun \u015fark\u0131s\u0131 basit bir mesaj ta\u015f\u0131yordu: &#8220;Hayat g\u00fczeldir.&#8221;<\/p>\n\n\n\n<p>Her sabah bu huzuru kucaklamak ve mutlulu\u011fun do\u011fayla bu kar\u015f\u0131la\u015fma gibi basit detaylarda yatt\u0131\u011f\u0131n\u0131 hat\u0131rlamak i\u00e7in geri d\u00f6nmeye karar verdim.<\/p>\n","protected":false},"excerpt":{"rendered":"<p>\u0647\u0645\u0633\u0627\u062a \u0627\u0644\u063a\u0627\u0628\u0629 \u0641\u064a \u0627\u0644\u0635\u0628\u0627\u062d \u0627\u0644\u0628\u0627\u0643\u0631 .\u0641\u064a \u0635\u0628\u0627\u062d \u0647\u0627\u062f\u0626\u060c \u0627\u0633\u062a\u064a\u0642\u0638\u062a\u064f \u0639\u0644\u0649 \u0623\u0635\u0648\u0627\u062a \u0627\u0644\u0637\u064a\u0648\u0631 \u0627\u0644\u062a\u064a \u062a\u0645\u0644\u0623 \u0627\u0644\u0647\u0648\u0627\u0621 \u0628\u0647\u062f\u0648\u0621\u064d \u062c\u0645\u064a\u0644 .\u0643\u0627\u0646\u062a \u0623\u0634\u0639\u0629 \u0627\u0644\u0634\u0645\u0633 \u062a\u062e\u062a\u0631\u0642 \u0623\u0648\u0631\u0627\u0642 \u0627\u0644\u0634\u062c\u0631 \u0628\u0644\u0637\u0641\u060c \u0641\u062a\u0636\u064a\u0621 \u0627\u0644\u0645\u0643\u0627\u0646 \u0628\u0623\u0644\u0648\u0627\u0646 \u0630\u0647\u0628\u064a\u0629 \u062f\u0627\u0641\u0626\u0629 .\u062a\u0645\u0634\u064a\u062a \u0641\u064a \u0627\u0644\u063a\u0627\u0628\u0629\u060c \u0648\u0631\u0623\u064a\u062a \u0627\u0644\u0623\u0644\u0648\u0627\u0646 \u0627\u0644\u0632\u0627\u0647\u064a\u0629 \u0644\u0644\u0646\u0628\u0627\u062a\u0627\u062a \u0627\u0644\u062a\u064a \u062a\u062a\u0631\u0627\u0621\u0649 \u0643\u0644\u0648\u062d\u0629 \u0641\u0646\u064a\u0629 &hellip; <\/p>\n","protected":false},"author":1,"featured_media":0,"parent":17587,"menu_order":0,"comment_status":"closed","ping_status":"closed","template":"","meta":{"_bbp_topic_count":0,"_bbp_reply_count":0,"_bbp_total_topic_count":0,"_bbp_total_reply_count":0,"_bbp_voice_count":0,"_bbp_anonymous_reply_count":0,"_bbp_topic_count_hidden":0,"_bbp_reply_count_hidden":0,"_bbp_forum_subforum_count":0,"advanced_seo_description":"","jetpack_seo_html_title":"","jetpack_seo_noindex":false,"footnotes":""},"class_list":["post-24388","page","type-page","status-publish","hentry"],"jetpack_sharing_enabled":true,"jetpack_likes_enabled":true,"_links":{"self":[{"href":"https:\/\/arapca.com\/index.php\/wp-json\/wp\/v2\/pages\/24388","targetHints":{"allow":["GET"]}}],"collection":[{"href":"https:\/\/arapca.com\/index.php\/wp-json\/wp\/v2\/pages"}],"about":[{"href":"https:\/\/arapca.com\/index.php\/wp-json\/wp\/v2\/types\/page"}],"author":[{"embeddable":true,"href":"https:\/\/arapca.com\/index.php\/wp-json\/wp\/v2\/users\/1"}],"replies":[{"embeddable":true,"href":"https:\/\/arapca.com\/index.php\/wp-json\/wp\/v2\/comments?post=24388"}],"version-history":[{"count":1,"href":"https:\/\/arapca.com\/index.php\/wp-json\/wp\/v2\/pages\/24388\/revisions"}],"predecessor-version":[{"id":24390,"href":"https:\/\/arapca.com\/index.php\/wp-json\/wp\/v2\/pages\/24388\/revisions\/24390"}],"up":[{"embeddable":true,"href":"https:\/\/arapca.com\/index.php\/wp-json\/wp\/v2\/pages\/17587"}],"wp:attachment":[{"href":"https:\/\/arapca.com\/index.php\/wp-json\/wp\/v2\/media?parent=24388"}],"curies":[{"name":"wp","href":"https:\/\/api.w.org\/{rel}","templated":true}]}}