{"id":24380,"date":"2026-02-14T11:14:15","date_gmt":"2026-02-14T08:14:15","guid":{"rendered":"https:\/\/arapca.com\/?page_id=24380"},"modified":"2026-02-14T11:14:17","modified_gmt":"2026-02-14T08:14:17","slug":"saglikla-ilgili-beklenmedik-bir-deneyim","status":"publish","type":"page","link":"https:\/\/arapca.com\/index.php\/arapca-hikayeler\/saglikla-ilgili-beklenmedik-bir-deneyim\/","title":{"rendered":"Sa\u011fl\u0131kla \u0130lgili Beklenmedik Bir Deneyim"},"content":{"rendered":"\n<p class=\"has-text-align-center has-vivid-red-color has-text-color has-link-color has-large-font-size wp-elements-6b38b2618108a1f86357d5504357fd2f\"><strong>\u062a\u062c\u0631\u0628\u0629 \u063a\u064a\u0631 \u0645\u062a\u0648\u0642\u0639\u0629 \u0645\u0639 \u0627\u0644\u0635\u062d\u0629<\/strong><\/p>\n\n\n<div class=\"wp-block-image\">\n<figure class=\"aligncenter size-full\"><img loading=\"lazy\" decoding=\"async\" width=\"601\" height=\"609\" src=\"https:\/\/arapca.com\/wp-content\/uploads\/2026\/02\/saglik-ve-beslenme.bmp\" alt=\"\" class=\"wp-image-24382\" srcset=\"https:\/\/arapca.com\/wp-content\/uploads\/2026\/02\/saglik-ve-beslenme.bmp 601w, https:\/\/arapca.com\/wp-content\/uploads\/2026\/02\/saglik-ve-beslenme.bmp 296w, https:\/\/arapca.com\/wp-content\/uploads\/2026\/02\/saglik-ve-beslenme.bmp 100w\" sizes=\"auto, (max-width: 601px) 100vw, 601px\" \/><\/figure>\n<\/div>\n\n\n<p class=\"has-text-align-right has-medium-font-size\">.\u0641\u064a \u0623\u062d\u062f \u0627\u0644\u0623\u064a\u0627\u0645\u060c \u0648\u062c\u062f\u062a\u064f \u0646\u0641\u0633\u064a \u0623\u062a\u0633\u0627\u0621\u0644 \u0639\u0646 \u0642\u064a\u0645\u0629 \u0627\u0644\u0635\u062d\u0629 \u0627\u0644\u062d\u0642\u064a\u0642\u064a\u0629 \u0628\u0639\u062f \u0623\u0646 \u0623\u0635\u0628\u062a \u0628\u0648\u0639\u0643\u0629 \u0645\u0641\u0627\u062c\u0626\u0629<\/p>\n\n\n\n<p class=\"has-text-align-right\">.\u0627\u0644\u0634\u0639\u0648\u0631 \u0628\u0627\u0644\u0636\u0639\u0641 \u0648\u0623\u0644\u0645 \u0627\u0644\u0631\u0623\u0633 \u0643\u0627\u0646 \u062c\u062f\u064a\u062f\u064b\u0627 \u0639\u0644\u064a\u0651 \u062a\u0645\u0627\u0645\u064b\u0627\u060c \u0648\u062c\u0639\u0644\u0646\u064a \u0623\u0631\u0643\u0632 \u0639\u0644\u0649 \u062c\u0633\u062f\u064a \u0628\u0637\u0631\u064a\u0642\u0629 \u0644\u0645 \u0623\u0641\u0639\u0644\u0647\u0627 \u0645\u0646 \u0642\u0628\u0644<\/p>\n\n\n\n<p class=\"has-text-align-right\">.\u0630\u0647\u0628\u062a \u0625\u0644\u0649 \u0627\u0644\u0637\u0628\u064a\u0628 \u0627\u0644\u0630\u064a \u0646\u0635\u062d\u0646\u064a \u0628\u062a\u063a\u064a\u064a\u0631 \u0646\u0645\u0637 \u062d\u064a\u0627\u062a\u064a \u0648\u0627\u0644\u0627\u0647\u062a\u0645\u0627\u0645 \u0623\u0643\u062b\u0631 \u0628\u0627\u0644\u062a\u063a\u0630\u064a\u0629 \u0648\u0627\u0644\u0646\u0648\u0645<\/p>\n\n\n\n<p class=\"has-text-align-right\">.\u0628\u062f\u0623\u062a \u0623\u062a\u0639\u0644\u0645 \u0643\u064a\u0641 \u064a\u0645\u0643\u0646 \u0644\u0643\u0644 \u0627\u062e\u062a\u064a\u0627\u0631 \u0628\u0633\u064a\u0637\u060c \u0645\u062b\u0644 \u0634\u0631\u0628 \u0627\u0644\u0645\u0627\u0621 \u0628\u0627\u0646\u062a\u0638\u0627\u0645 \u0648\u0627\u0644\u062a\u062d\u0631\u0643 \u0642\u0644\u064a\u0644\u0627\u064b \u0643\u0644 \u064a\u0648\u0645\u060c \u0623\u0646 \u064a\u0635\u0646\u0639 \u0641\u0631\u0642\u064b\u0627 \u0643\u0628\u064a\u0631\u064b\u0627<\/p>\n\n\n\n<p class=\"has-text-align-right\">.\u0644\u0643\u0646 \u0627\u0644\u062a\u062d\u062f\u064a \u0627\u0644\u0623\u0643\u0628\u0631 \u0643\u0627\u0646 \u0641\u064a \u0646\u0641\u0633\u064a\u060c \u062d\u064a\u062b \u0645\u0642\u0627\u0648\u0645\u0629 \u0627\u0644\u062a\u063a\u064a\u064a\u0631 \u0648\u0627\u0644\u0639\u0627\u062f\u0627\u062a \u0627\u0644\u0642\u062f\u064a\u0645\u0629 \u0627\u0644\u062a\u064a \u0623\u062d\u0628\u0628\u062a\u0647\u0627<\/p>\n\n\n\n<p class=\"has-text-align-right\">\u0645\u0631\u062a \u0623\u064a\u0627\u0645 \u0648\u062c\u0627\u0621 \u0634\u0639\u0648\u0631 \u062a\u062d\u0633\u0646 \u0628\u0633\u064a\u0637\u060c \u0644\u0643\u0646\u0647 \u062c\u0639\u0644\u0646\u064a \u0623\u062f\u0631\u0643 \u0623\u0646 \u0627\u0644\u0635\u062d\u0629 \u0644\u064a\u0633\u062a \u0641\u0642\u0637 \u063a\u064a\u0627\u0628 \u0627\u0644\u0645\u0631\u0636\u060c \u0628\u0644 \u0647\u064a \u062d\u0627\u0644\u0629 \u0645\u0633\u062a\u0645\u0631\u0629 \u0645\u0646 \u0627\u0644\u0639\u0646\u0627\u064a\u0629 \u0648\u0627\u0644\u0635\u0628\u0631<\/p>\n\n\n\n<p class=\"has-text-align-right\">.\u0644\u0645 \u0623\u062c\u062f \u062d\u0644\u0627\u064b \u0633\u062d\u0631\u064a\u064b\u0627 \u0623\u0648 \u0646\u0647\u0627\u064a\u0629 \u0633\u0639\u064a\u062f\u0629 \u0645\u0641\u0627\u062c\u0626\u0629\u060c \u0628\u0644 \u0645\u062c\u0631\u062f \u0631\u062d\u0644\u0629 \u064a\u0648\u0645\u064a\u0629 \u0645\u0639 \u0646\u0641\u0633\u064a \u0644\u0623\u0643\u0648\u0646 \u0623\u0641\u0636\u0644<\/p>\n\n\n\n<p class=\"has-text-align-right\">\u0647\u0630\u0627 \u0627\u0644\u0648\u0639\u064a \u0627\u0644\u062c\u062f\u064a\u062f \u0623\u0639\u0637\u0627\u0646\u064a \u0641\u0631\u0635\u0629 \u0644\u0625\u0639\u0627\u062f\u0629 \u0627\u0644\u062a\u0641\u0643\u064a\u0631 \u0641\u064a \u0645\u0639\u0646\u0649 \u0627\u0644\u0642\u0648\u0629 \u0648\u0627\u0644\u062a\u0648\u0627\u0632\u0646 \u0641\u064a \u062d\u064a\u0627\u062a\u064a\u060c \u0628\u0639\u064a\u062f\u064b\u0627 \u0639\u0646 \u0627\u0644\u0627\u0646\u062f\u0641\u0627\u0639 \u0646\u062d\u0648 \u0643\u0644 \u0645\u0627 \u0647\u0648 \u0633\u0631\u064a\u0639 \u0648\u0633\u0647\u0644<\/p>\n\n\n\n<p class=\"has-text-align-right\">.\u0648\u0647\u0643\u0630\u0627\u060c \u0628\u062f\u0623\u062a \u0623\u0639\u064a\u0634 \u0628\u062a\u0623\u0646\u064d \u0623\u0643\u062b\u0631\u060c \u0645\u062a\u0642\u0628\u0644\u064b\u0627 \u062d\u0642\u064a\u0642\u0629 \u0623\u0646 \u0627\u0644\u0635\u062d\u0629 \u0647\u064a \u0642\u0635\u0629 \u0644\u0627 \u062a\u0646\u062a\u0647\u064a\u060c \u0628\u0644 \u062a\u0633\u062a\u0645\u0631 \u0645\u0639 \u0643\u0644 \u0642\u0631\u0627\u0631 \u0628\u0633\u064a\u0637 \u0627\u062a\u062e\u0630\u0647<\/p>\n\n\n\n<p>T\u00fcrk\u00e7e \u00c7evirisi:<\/p>\n\n\n\n<p class=\"has-vivid-red-color has-text-color has-link-color wp-elements-087423309cfb29ee69bf90c1cb45466a\"><strong>Sa\u011fl\u0131kla \u0130lgili Beklenmedik Bir Deneyim<\/strong><\/p>\n\n\n\n<p>Bir g\u00fcn, ani bir hastal\u0131k n\u00f6betinden sonra, sa\u011fl\u0131\u011f\u0131n ger\u00e7ek de\u011ferini sorgulamaya ba\u015flad\u0131m.<\/p>\n\n\n\n<p>Zay\u0131fl\u0131k hissi ve ba\u015f a\u011fr\u0131s\u0131 benim i\u00e7in tamamen yeniydi ve daha \u00f6nce hi\u00e7 olmad\u0131\u011f\u0131 kadar v\u00fccuduma odaklanmama neden oldu.<\/p>\n\n\n\n<p>Doktora gittim ve bana ya\u015fam tarz\u0131m\u0131 de\u011fi\u015ftirmemi, beslenmeme ve uykuma daha fazla dikkat etmemi tavsiye etti.<\/p>\n\n\n\n<p>D\u00fczenli olarak su i\u00e7mek ve her g\u00fcn biraz hareket etmek gibi her basit se\u00e7imin ne kadar b\u00fcy\u00fck bir fark yaratabilece\u011fini \u00f6\u011frenmeye ba\u015flad\u0131m.<\/p>\n\n\n\n<p>Ama en b\u00fcy\u00fck zorluk kendi i\u00e7imdeydi: de\u011fi\u015fime direnmek ve sevdi\u011fim eski al\u0131\u015fkanl\u0131klara tutunmak.<\/p>\n\n\n\n<p>G\u00fcnler ge\u00e7ti ve biraz daha iyi hissettim, ama bu bana sa\u011fl\u0131\u011f\u0131n sadece hastal\u0131\u011f\u0131n yoklu\u011fu olmad\u0131\u011f\u0131n\u0131; s\u00fcrekli bir bak\u0131m ve sab\u0131r hali oldu\u011funu fark ettirdi.<\/p>\n\n\n\n<p>Sihirli bir \u00e7\u00f6z\u00fcm veya ani bir mutlu son bulamad\u0131m, sadece daha iyi bir insan olmak i\u00e7in kendimle g\u00fcnl\u00fck bir yolculuk buldum.<\/p>\n\n\n\n<p>Bu yeni fark\u0131ndal\u0131k, hayat\u0131mdaki g\u00fc\u00e7 ve denge kavramlar\u0131n\u0131 yeniden d\u00fc\u015f\u00fcnme f\u0131rsat\u0131 verdi; h\u0131zl\u0131 ve kolay olan her \u015feye y\u00f6nelme tela\u015f\u0131ndan uzakla\u015fmam\u0131 sa\u011flad\u0131.<\/p>\n\n\n\n<p>Ve b\u00f6ylece, sa\u011fl\u0131\u011f\u0131n devam eden bir hikaye oldu\u011funu, ald\u0131\u011f\u0131m her k\u00fc\u00e7\u00fck kararla devam eden bir s\u00fcre\u00e7 oldu\u011funu kabul ederek, daha d\u00fc\u015f\u00fcnceli bir \u015fekilde ya\u015famaya ba\u015flad\u0131m.<\/p>\n","protected":false},"excerpt":{"rendered":"<p>\u062a\u062c\u0631\u0628\u0629 \u063a\u064a\u0631 \u0645\u062a\u0648\u0642\u0639\u0629 \u0645\u0639 \u0627\u0644\u0635\u062d\u0629 .\u0641\u064a \u0623\u062d\u062f \u0627\u0644\u0623\u064a\u0627\u0645\u060c \u0648\u062c\u062f\u062a\u064f \u0646\u0641\u0633\u064a \u0623\u062a\u0633\u0627\u0621\u0644 \u0639\u0646 \u0642\u064a\u0645\u0629 \u0627\u0644\u0635\u062d\u0629 \u0627\u0644\u062d\u0642\u064a\u0642\u064a\u0629 \u0628\u0639\u062f \u0623\u0646 \u0623\u0635\u0628\u062a \u0628\u0648\u0639\u0643\u0629 \u0645\u0641\u0627\u062c\u0626\u0629 .\u0627\u0644\u0634\u0639\u0648\u0631 \u0628\u0627\u0644\u0636\u0639\u0641 \u0648\u0623\u0644\u0645 \u0627\u0644\u0631\u0623\u0633 \u0643\u0627\u0646 \u062c\u062f\u064a\u062f\u064b\u0627 \u0639\u0644\u064a\u0651 \u062a\u0645\u0627\u0645\u064b\u0627\u060c \u0648\u062c\u0639\u0644\u0646\u064a \u0623\u0631\u0643\u0632 \u0639\u0644\u0649 \u062c\u0633\u062f\u064a \u0628\u0637\u0631\u064a\u0642\u0629 \u0644\u0645 \u0623\u0641\u0639\u0644\u0647\u0627 \u0645\u0646 \u0642\u0628\u0644 .\u0630\u0647\u0628\u062a \u0625\u0644\u0649 \u0627\u0644\u0637\u0628\u064a\u0628 &hellip; <\/p>\n","protected":false},"author":1,"featured_media":0,"parent":16990,"menu_order":0,"comment_status":"closed","ping_status":"closed","template":"","meta":{"_bbp_topic_count":0,"_bbp_reply_count":0,"_bbp_total_topic_count":0,"_bbp_total_reply_count":0,"_bbp_voice_count":0,"_bbp_anonymous_reply_count":0,"_bbp_topic_count_hidden":0,"_bbp_reply_count_hidden":0,"_bbp_forum_subforum_count":0,"footnotes":""},"class_list":["post-24380","page","type-page","status-publish","hentry"],"jetpack_sharing_enabled":true,"jetpack_likes_enabled":true,"_links":{"self":[{"href":"https:\/\/arapca.com\/index.php\/wp-json\/wp\/v2\/pages\/24380","targetHints":{"allow":["GET"]}}],"collection":[{"href":"https:\/\/arapca.com\/index.php\/wp-json\/wp\/v2\/pages"}],"about":[{"href":"https:\/\/arapca.com\/index.php\/wp-json\/wp\/v2\/types\/page"}],"author":[{"embeddable":true,"href":"https:\/\/arapca.com\/index.php\/wp-json\/wp\/v2\/users\/1"}],"replies":[{"embeddable":true,"href":"https:\/\/arapca.com\/index.php\/wp-json\/wp\/v2\/comments?post=24380"}],"version-history":[{"count":1,"href":"https:\/\/arapca.com\/index.php\/wp-json\/wp\/v2\/pages\/24380\/revisions"}],"predecessor-version":[{"id":24383,"href":"https:\/\/arapca.com\/index.php\/wp-json\/wp\/v2\/pages\/24380\/revisions\/24383"}],"up":[{"embeddable":true,"href":"https:\/\/arapca.com\/index.php\/wp-json\/wp\/v2\/pages\/16990"}],"wp:attachment":[{"href":"https:\/\/arapca.com\/index.php\/wp-json\/wp\/v2\/media?parent=24380"}],"curies":[{"name":"wp","href":"https:\/\/api.w.org\/{rel}","templated":true}]}}