{"id":24375,"date":"2026-02-14T10:58:10","date_gmt":"2026-02-14T07:58:10","guid":{"rendered":"https:\/\/arapca.com\/?page_id=24375"},"modified":"2026-02-14T11:06:45","modified_gmt":"2026-02-14T08:06:45","slug":"colun-kalbine-yolculuk","status":"publish","type":"page","link":"https:\/\/arapca.com\/index.php\/hikayeler\/colun-kalbine-yolculuk\/","title":{"rendered":"\u00c7\u00f6l\u00fcn Kalbine Yolculuk"},"content":{"rendered":"<div class=\"wp-block-image\">\n<figure class=\"aligncenter size-full\"><img loading=\"lazy\" decoding=\"async\" width=\"765\" height=\"515\" src=\"https:\/\/arapca.com\/wp-content\/uploads\/2026\/02\/colun-kalbine-yolculuk.bmp\" alt=\"\" class=\"wp-image-24376\" srcset=\"https:\/\/arapca.com\/wp-content\/uploads\/2026\/02\/colun-kalbine-yolculuk.bmp 765w, https:\/\/arapca.com\/wp-content\/uploads\/2026\/02\/colun-kalbine-yolculuk.bmp 300w, https:\/\/arapca.com\/wp-content\/uploads\/2026\/02\/colun-kalbine-yolculuk.bmp 600w\" sizes=\"auto, (max-width: 640px) 100vw, 640px\" \/><\/figure>\n<\/div>\n\n\n<p class=\"has-text-align-center has-vivid-red-color has-text-color has-link-color has-large-font-size wp-elements-ff9d76f81a7274df0b6d7c483e9c42c5\"><strong>\u0631\u0650\u062d\u0644\u0629 \u0625\u0644\u0649 \u0642\u064e\u0644\u0628 \u0627\u0644\u0635\u062d\u0631\u0627\u0621<\/strong><\/p>\n\n\n\n<p class=\"has-text-align-right\">.\u0644\u0645 \u0623\u0638\u0646 \u0623\u0646\u0651\u064e \u0627\u0644\u0631\u062d\u0644\u0629 \u0625\u0644\u0649 \u0627\u0644\u0635\u062d\u0631\u0627\u0621 \u0633\u062a\u0643\u0648\u0646 \u0645\u0644\u064a\u0626\u0629 \u0628\u0627\u0644\u0623\u0635\u0648\u0627\u062a \u0648\u0627\u0644\u0638\u0644\u0627\u0644 \u0627\u0644\u062a\u064a \u062a\u062d\u0643\u064a \u0642\u0635\u0635\u0627\u064b \u0623\u0628\u062f\u064a\u0629<\/p>\n\n\n\n<p class=\"has-text-align-right\">.\u0641\u064a \u0645\u0633\u0627\u0621\u064d \u062d\u0627\u0631\u060c \u0648\u0635\u0644\u062a\u064f \u0625\u0644\u0649 \u0642\u0631\u064a\u0629 \u0635\u063a\u064a\u0631\u0629 \u062a\u062d\u064a\u0637 \u0628\u0647\u0627 \u0627\u0644\u0631\u0645\u0627\u0644 \u0645\u0646 \u0643\u0644 \u062c\u0647\u0629\u060c \u062d\u064a\u062b \u0627\u0644\u0647\u0648\u0627\u0621 \u062b\u0642\u064a\u0644\u060c \u0648\u0627\u0644\u0633\u0645\u0627\u0621 \u062a\u0628\u062f\u0648 \u0628\u0644\u0627 \u0646\u0647\u0627\u064a\u0629<\/p>\n\n\n\n<p class=\"has-text-align-right\">.\u0631\u0643\u0628\u062a\u064f \u0627\u0644\u062c\u0645\u0644 \u0628\u0631\u0641\u0642\u0629 \u0645\u0631\u0634\u062f \u0645\u062d\u0644\u064a\u060c \u0648\u063a\u0627\u0635\u0646\u0627 \u0641\u064a \u0639\u0645\u0642 \u0627\u0644\u0635\u062d\u0631\u0627\u0621 \u0627\u0644\u062a\u064a \u0644\u0645 \u064a\u062a\u063a\u064a\u0631 \u0634\u0643\u0644\u0647\u0627 \u0622\u0644\u0627\u0641 \u0627\u0644\u0633\u0646\u064a\u0646<\/p>\n\n\n\n<p class=\"has-text-align-right\">\u062e\u0644\u0627\u0644 \u0627\u0644\u0645\u0633\u064a\u0631\u060c \u0644\u0627\u062d\u0638\u062a \u0623\u0646 \u0635\u0645\u062a \u0627\u0644\u0635\u062d\u0631\u0627\u0621 \u0644\u0645 \u064a\u0643\u0646 \u0641\u0631\u0627\u063a\u0627\u064b\u060c \u0628\u0644 \u064a\u0639\u062c \u0628\u062d\u0631\u0643\u0627\u062a \u0635\u063a\u064a\u0631\u0629: \u0627\u0644\u0631\u064a\u0627\u062d \u0627\u0644\u062a\u064a \u062a\u0645\u0634\u064a \u0628\u064a\u0646 \u0627\u0644\u0643\u062b\u0628\u0627\u0646\u060c \u0648\u0623\u0646\u0641\u0627\u0633 \u0627\u0644\u0631\u0645\u0627\u0644 \u0627\u0644\u0645\u062a\u062d\u0631\u0643\u0629<\/p>\n\n\n\n<p class=\"has-text-align-right\">\u0628\u062f\u0623\u062a \u0623\u0641\u0643\u0631 \u0641\u064a \u0627\u0644\u062a\u0648\u0627\u0632\u0646 \u0628\u064a\u0646 \u0627\u0644\u0631\u062d\u064a\u0644 \u0648\u0627\u0644\u0628\u0642\u0627\u0621\u060c \u0628\u064a\u0646 \u0627\u0644\u0625\u0646\u0633\u0627\u0646 \u0648\u0627\u0644\u0637\u0628\u064a\u0639\u0629\u060c \u0648\u0643\u064a\u0641 \u0623\u0646 \u0627\u0644\u0635\u062d\u0631\u0627\u0621 \u062a\u0639\u064a\u0634 \u0641\u064a \u062a\u0641\u0627\u0635\u064a\u0644\u0647\u0627 \u0631\u063a\u0645 \u0642\u0633\u0648\u062a\u0647\u0627 \u0627\u0644\u0638\u0627\u0647\u0631\u0629<\/p>\n\n\n\n<p class=\"has-text-align-right\">\u0628\u064a\u0646\u0645\u0627 \u0643\u0646\u0627 \u0646\u062a\u062c\u0647 \u0646\u062d\u0648 \u0645\u062e\u064a\u0645 \u0628\u0639\u064a\u062f\u060c \u0644\u0627\u062d\u0638 \u0627\u0644\u0645\u0631\u0634\u062f \u0639\u0644\u0627\u0645\u0627\u062a \u063a\u0631\u064a\u0628\u0629 \u0639\u0644\u0649 \u0627\u0644\u0631\u0645\u0627\u0644\u060c \u0638\u0646\u0646\u062a\u064f \u0623\u0646\u0647\u0627 \u0642\u062f \u062a\u0643\u0648\u0646 \u062f\u0644\u0627\u0626\u0644 \u0639\u0644\u0649 \u0645\u0633\u0627\u0631\u0627\u062a \u0642\u062f\u064a\u0645\u0629\u060c \u0644\u0643\u0646\u0647 \u0627\u0639\u062a\u0628\u0631\u0647\u0627 \u0645\u062c\u0631\u062f \u0639\u0644\u0627\u0645\u0627\u062a \u0631\u064a\u0627\u062d \u0639\u0627\u0628\u0631\u0629<\/p>\n\n\n\n<p class=\"has-text-align-right\">\u062a\u0633\u0627\u0621\u0644\u062a\u064f \u0639\u0646 \u0627\u0644\u062d\u0642\u064a\u0642\u0629\u060c \u0647\u0644 \u0627\u0644\u062f\u0644\u0627\u0626\u0644 \u0627\u0644\u062a\u064a \u0646\u0628\u062d\u062b \u0639\u0646\u0647\u0627 \u0645\u0648\u062c\u0648\u062f\u0629 \u062d\u0642\u064b\u0627\u060c \u0623\u0645 \u0623\u0646\u0646\u0627 \u0646\u062e\u0644\u0642\u0647\u0627 \u0644\u0623\u0646\u0641\u0633\u0646\u0627\u061f<\/p>\n\n\n\n<p class=\"has-text-align-right\">\u0641\u064a \u062a\u0644\u0643 \u0627\u0644\u0644\u062d\u0638\u0629\u060c \u0639\u0631\u0641\u062a \u0623\u0646 \u0627\u0644\u0631\u062d\u0644\u0629 \u0644\u064a\u0633\u062a \u0641\u0642\u0637 \u0639\u0646 \u0627\u0644\u0648\u0635\u0648\u0644 \u0625\u0644\u0649 \u0647\u062f\u0641\u060c \u0628\u0644 \u0639\u0646 \u0642\u0628\u0648\u0644 \u0627\u0644\u063a\u0645\u0648\u0636 \u0648\u0639\u062f\u0645 \u0627\u0644\u064a\u0642\u064a\u0646\u060c \u0648\u0639\u064a\u0634 \u0627\u0644\u0644\u062d\u0638\u0629 \u0628\u0643\u0644 \u0645\u0627 \u062a\u062d\u0645\u0644 \u0645\u0646 \u062c\u0645\u0627\u0644 \u0648\u0635\u0645\u062a<\/p>\n\n\n\n<p class=\"has-text-align-right\">\u0644\u0645 \u0623\u0646\u0647\u0650 \u0627\u0644\u0631\u062d\u0644\u0629 \u0628\u0625\u062c\u0627\u0628\u0629 \u0648\u0627\u0636\u062d\u0629\u060c \u0628\u0644 \u0628\u0627\u0645\u062a\u0646\u0627\u0646\u064d \u0639\u0645\u064a\u0642 \u0644\u062a\u0644\u0643 \u0627\u0644\u0644\u062d\u0638\u0627\u062a \u0627\u0644\u062a\u064a \u0623\u0638\u0647\u0631\u062a \u0644\u064a \u062a\u0641\u0627\u0635\u064a\u0644 \u0644\u0627 \u062a\u0631\u0648\u0649 \u0641\u064a \u0627\u0644\u062e\u0631\u0627\u0626\u0637\u060c \u0648\u0623\u062a\u0627\u062d\u062a \u0644\u064a \u0641\u0631\u0635\u0629 \u0644\u0644\u062a\u0623\u0645\u0644 \u0641\u064a \u0645\u0639\u0646\u0649 \u0627\u0644\u0648\u062c\u0648\u062f \u0628\u0639\u064a\u062f\u0627 \u0639\u0646 \u0635\u062e\u0628 \u0627\u0644\u062d\u064a\u0627\u0629<\/p>\n\n\n\n<p class=\"has-text-align-right\">\u0643\u0627\u0646 \u0627\u0644\u0648\u062f\u0627\u0639 \u0645\u0639 \u0627\u0644\u0635\u062d\u0631\u0627\u0621 \u0647\u0627\u062f\u0626\u0627\u064b\u060c \u0648\u0643\u0623\u0646\u0647\u0627 \u062a\u0647\u0645\u0633 \u0628\u0623\u0646 \u0643\u0644 \u0631\u062d\u0644\u0629 \u062a\u062d\u0645\u0644 \u0623\u0633\u0631\u0627\u0631\u0647\u0627 \u0627\u0644\u062a\u064a \u0644\u0627 \u062a\u062d\u062a\u0627\u062c \u0625\u0644\u0649 \u062a\u0641\u0633\u064a\u0631\u060c \u0641\u0642\u0637 \u0625\u0644\u0649 \u062d\u0636\u0648\u0631 \u0635\u0627\u062f\u0642 \u0648\u0639\u064a\u0646 \u0645\u0641\u062a\u0648\u062d\u0629<\/p>\n\n\n\n<p>Bu hikaye C2 Seviyesindedir.<\/p>\n\n\n\n<p class=\"has-vivid-red-color has-text-color has-link-color wp-elements-4d291b1bfc41f8f4170f31cbf2908993\"><strong>T\u00fcrk\u00e7e \u00c7evirisi:<\/strong><\/p>\n\n\n\n<p>\u00c7\u00f6l\u00fcn derinliklerine yapaca\u011f\u0131m bir yolculu\u011fun, zamans\u0131z hik\u00e2yeler anlatan sesler ve g\u00f6lgelerle dolu olaca\u011f\u0131n\u0131 hi\u00e7 hayal etmemi\u015ftim.<\/p>\n\n\n\n<p>S\u0131cak bir ak\u015famda, her taraf\u0131 kumla \u00e7evrili, havan\u0131n a\u011f\u0131r ve g\u00f6ky\u00fcz\u00fcn\u00fcn sonsuz gibi g\u00f6r\u00fcnd\u00fc\u011f\u00fc k\u00fc\u00e7\u00fck bir k\u00f6ye vard\u0131m.<\/p>\n\n\n\n<p>Yerel bir rehberle deveye bindim ve binlerce y\u0131ld\u0131r \u015fekli de\u011fi\u015fmemi\u015f bir \u00e7\u00f6le, derinlere dald\u0131k.<\/p>\n\n\n\n<p>Y\u00fcr\u00fcrken, \u00e7\u00f6l\u00fcn sessizli\u011finin bo\u015f olmad\u0131\u011f\u0131n\u0131, aksine k\u00fc\u00e7\u00fck hareketlerle dolu oldu\u011funu fark ettim: kum tepeleri aras\u0131nda esen r\u00fczgar, hareket eden kumlar\u0131n nefesi.<\/p>\n\n\n\n<p>Ayr\u0131lmak ve kalmak, insanl\u0131k ve do\u011fa aras\u0131ndaki dengeyi ve \u00e7\u00f6l\u00fcn g\u00f6r\u00fcn\u00fcrdeki sertli\u011fine ra\u011fmen ayr\u0131nt\u0131lar\u0131nda nas\u0131l ya\u015famaya devam etti\u011fini d\u00fc\u015f\u00fcnmeye ba\u015flad\u0131m.<\/p>\n\n\n\n<p>Uzak bir kampa do\u011fru ilerlerken, rehber kumda garip izler fark etti. Bunlar\u0131n eski yollar\u0131n izleri olabilece\u011fini d\u00fc\u015f\u00fcnd\u00fcm, ancak o bunlar\u0131 sadece ge\u00e7en r\u00fczgarlar\u0131n b\u0131rakt\u0131\u011f\u0131 izler olarak de\u011ferlendirdi.<\/p>\n\n\n\n<p>Ger\u00e7e\u011fi merak ettim: Arad\u0131\u011f\u0131m\u0131z i\u015faretler ger\u00e7ekten var m\u0131, yoksa onlar\u0131 kendimiz mi yarat\u0131yoruz?<\/p>\n\n\n\n<p>O anda, yolculu\u011fun sadece bir hedefe ula\u015fmakla ilgili olmad\u0131\u011f\u0131n\u0131, belirsizli\u011fi ve mu\u011flakl\u0131\u011f\u0131 kucaklamak ve an\u0131n t\u00fcm g\u00fczelli\u011fi ve sessizli\u011fiyle ya\u015famakla ilgili oldu\u011funu anlad\u0131m.<\/p>\n\n\n\n<p>Yolculu\u011fu kesin bir cevapla de\u011fil, haritalarda g\u00f6r\u00fcnmeyen ayr\u0131nt\u0131lar\u0131 ortaya \u00e7\u0131karan ve hayat\u0131n g\u00fcr\u00fclt\u00fcs\u00fcnden uzakta varolu\u015fun anlam\u0131n\u0131 d\u00fc\u015f\u00fcnme f\u0131rsat\u0131 sunan o anlar i\u00e7in duydu\u011fum derin bir minnetle bitirdim.<\/p>\n\n\n\n<p>\u00c7\u00f6le veda sakin bir \u015fekildeydi, sanki her yolculu\u011fun s\u0131rlar\u0131n\u0131 bar\u0131nd\u0131rd\u0131\u011f\u0131n\u0131, hi\u00e7bir a\u00e7\u0131klama gerektirmedi\u011fini, sadece ger\u00e7ek bir varolu\u015f ve a\u00e7\u0131k g\u00f6zler gerektirdi\u011fini f\u0131s\u0131ld\u0131yordu.<\/p>\n","protected":false},"excerpt":{"rendered":"<p>\u0631\u0650\u062d\u0644\u0629 \u0625\u0644\u0649 \u0642\u064e\u0644\u0628 \u0627\u0644\u0635\u062d\u0631\u0627\u0621 .\u0644\u0645 \u0623\u0638\u0646 \u0623\u0646\u0651\u064e \u0627\u0644\u0631\u062d\u0644\u0629 \u0625\u0644\u0649 \u0627\u0644\u0635\u062d\u0631\u0627\u0621 \u0633\u062a\u0643\u0648\u0646 \u0645\u0644\u064a\u0626\u0629 \u0628\u0627\u0644\u0623\u0635\u0648\u0627\u062a \u0648\u0627\u0644\u0638\u0644\u0627\u0644 \u0627\u0644\u062a\u064a \u062a\u062d\u0643\u064a \u0642\u0635\u0635\u0627\u064b \u0623\u0628\u062f\u064a\u0629 .\u0641\u064a \u0645\u0633\u0627\u0621\u064d \u062d\u0627\u0631\u060c \u0648\u0635\u0644\u062a\u064f \u0625\u0644\u0649 \u0642\u0631\u064a\u0629 \u0635\u063a\u064a\u0631\u0629 \u062a\u062d\u064a\u0637 \u0628\u0647\u0627 \u0627\u0644\u0631\u0645\u0627\u0644 \u0645\u0646 \u0643\u0644 \u062c\u0647\u0629\u060c \u062d\u064a\u062b \u0627\u0644\u0647\u0648\u0627\u0621 \u062b\u0642\u064a\u0644\u060c \u0648\u0627\u0644\u0633\u0645\u0627\u0621 \u062a\u0628\u062f\u0648 \u0628\u0644\u0627 \u0646\u0647\u0627\u064a\u0629 .\u0631\u0643\u0628\u062a\u064f \u0627\u0644\u062c\u0645\u0644 &hellip; <\/p>\n","protected":false},"author":1,"featured_media":0,"parent":17587,"menu_order":0,"comment_status":"closed","ping_status":"closed","template":"","meta":{"_bbp_topic_count":0,"_bbp_reply_count":0,"_bbp_total_topic_count":0,"_bbp_total_reply_count":0,"_bbp_voice_count":0,"_bbp_anonymous_reply_count":0,"_bbp_topic_count_hidden":0,"_bbp_reply_count_hidden":0,"_bbp_forum_subforum_count":0,"footnotes":""},"class_list":["post-24375","page","type-page","status-publish","hentry"],"jetpack_sharing_enabled":true,"jetpack_likes_enabled":true,"_links":{"self":[{"href":"https:\/\/arapca.com\/index.php\/wp-json\/wp\/v2\/pages\/24375","targetHints":{"allow":["GET"]}}],"collection":[{"href":"https:\/\/arapca.com\/index.php\/wp-json\/wp\/v2\/pages"}],"about":[{"href":"https:\/\/arapca.com\/index.php\/wp-json\/wp\/v2\/types\/page"}],"author":[{"embeddable":true,"href":"https:\/\/arapca.com\/index.php\/wp-json\/wp\/v2\/users\/1"}],"replies":[{"embeddable":true,"href":"https:\/\/arapca.com\/index.php\/wp-json\/wp\/v2\/comments?post=24375"}],"version-history":[{"count":2,"href":"https:\/\/arapca.com\/index.php\/wp-json\/wp\/v2\/pages\/24375\/revisions"}],"predecessor-version":[{"id":24379,"href":"https:\/\/arapca.com\/index.php\/wp-json\/wp\/v2\/pages\/24375\/revisions\/24379"}],"up":[{"embeddable":true,"href":"https:\/\/arapca.com\/index.php\/wp-json\/wp\/v2\/pages\/17587"}],"wp:attachment":[{"href":"https:\/\/arapca.com\/index.php\/wp-json\/wp\/v2\/media?parent=24375"}],"curies":[{"name":"wp","href":"https:\/\/api.w.org\/{rel}","templated":true}]}}