{"id":23409,"date":"2025-06-10T18:37:39","date_gmt":"2025-06-10T15:37:39","guid":{"rendered":"https:\/\/arapca.com\/?page_id=23409"},"modified":"2026-02-14T11:27:25","modified_gmt":"2026-02-14T08:27:25","slug":"c2-duzeyinde-hikayeler","status":"publish","type":"page","link":"https:\/\/arapca.com\/index.php\/a1-arapca-hikayeler\/c2-duzeyinde-hikayeler\/","title":{"rendered":"C2 D\u00dcZEY\u0130NDE H\u0130KAYELER"},"content":{"rendered":"\n<figure class=\"wp-block-image size-large\"><img data-recalc-dims=\"1\" loading=\"lazy\" decoding=\"async\" width=\"640\" height=\"264\" src=\"https:\/\/i0.wp.com\/arapca.com\/wp-content\/uploads\/2025\/02\/cropped-hikmet-atasozu.jpg?resize=640%2C264&#038;ssl=1\" alt=\"\" class=\"wp-image-22604\" srcset=\"https:\/\/i0.wp.com\/arapca.com\/wp-content\/uploads\/2025\/02\/cropped-hikmet-atasozu.jpg?resize=1024%2C423&amp;ssl=1 1024w, https:\/\/i0.wp.com\/arapca.com\/wp-content\/uploads\/2025\/02\/cropped-hikmet-atasozu.jpg?resize=300%2C124&amp;ssl=1 300w, https:\/\/i0.wp.com\/arapca.com\/wp-content\/uploads\/2025\/02\/cropped-hikmet-atasozu.jpg?resize=768%2C317&amp;ssl=1 768w, https:\/\/i0.wp.com\/arapca.com\/wp-content\/uploads\/2025\/02\/cropped-hikmet-atasozu.jpg?resize=1536%2C634&amp;ssl=1 1536w, https:\/\/i0.wp.com\/arapca.com\/wp-content\/uploads\/2025\/02\/cropped-hikmet-atasozu.jpg?resize=600%2C248&amp;ssl=1 600w, https:\/\/i0.wp.com\/arapca.com\/wp-content\/uploads\/2025\/02\/cropped-hikmet-atasozu.jpg?w=2000&amp;ssl=1 2000w, https:\/\/i0.wp.com\/arapca.com\/wp-content\/uploads\/2025\/02\/cropped-hikmet-atasozu.jpg?w=1280&amp;ssl=1 1280w, https:\/\/i0.wp.com\/arapca.com\/wp-content\/uploads\/2025\/02\/cropped-hikmet-atasozu.jpg?w=1920&amp;ssl=1 1920w\" sizes=\"auto, (max-width: 640px) 100vw, 640px\" \/><\/figure>\n\n\n\n<div class=\"wp-block-buttons is-layout-flex wp-block-buttons-is-layout-flex\">\n<div class=\"wp-block-button has-custom-width wp-block-button__width-100\"><a class=\"wp-block-button__link wp-element-button\" href=\"https:\/\/arapca.com\/index.php\/arapca-hikayeler\/alis-harikalar-diyarinda\/\">Alis Harikalar Diyar\u0131nda &#8211;  \u0623\u0644\u064a\u0633 \u0641\u064a \u0628\u0644\u0627\u062f \u0627\u0644\u0639\u062c\u0627\u0626\u0628<\/a><\/div>\n\n\n\n<div class=\"wp-block-button has-custom-width wp-block-button__width-100\"><a class=\"wp-block-button__link wp-element-button\" href=\"https:\/\/arapca.com\/index.php\/2025\/06\/10\/c2-hikaye-dogruluk-kurtarir\/\">Do\u011fruluk Kurtar\u0131r &#8211; \u0627\u0644\u0635\u062f\u0642 \u0645\u0646\u062c\u0627\u0629<\/a><\/div>\n\n\n\n<div class=\"wp-block-button has-custom-width wp-block-button__width-100\"><a class=\"wp-block-button__link wp-element-button\" href=\"https:\/\/arapca.com\/index.php\/hikayeler\/colun-kalbine-yolculuk\/\">\u00c7\u00f6l\u00fcn Kalbine Yolculuk \u2013 \u0631\u062d\u0644\u0649 \u0625\u0644\u0649 \u0642\u0644\u0628 \u0627\u0644\u0635\u062d\u0631\u0627\u0621<\/a><\/div>\n\n\n\n<div class=\"wp-block-button has-custom-width wp-block-button__width-100\"><a class=\"wp-block-button__link wp-element-button\" href=\"https:\/\/arapca.com\/index.php\/arapca-hikayeler\/saglikla-ilgili-beklenmedik-bir-deneyim\/\">Sa\u011fl\u0131kla \u0130lgili Beklenmedik Bir Deneyim-<strong>\u062a\u062c\u0631\u0628\u0629 \u063a\u064a\u0631 \u0645\u062a\u0648\u0642\u0639\u0629 \u0645\u0639 \u0627\u0644\u0635\u062d\u0629<\/strong><\/a><\/div>\n\n\n\n<div class=\"wp-block-button has-custom-width wp-block-button__width-100\"><a class=\"wp-block-button__link wp-element-button\" href=\"https:\/\/arapca.com\/index.php\/hikayeler\/sabah-vakti-ormanin-fisiltilari\/\">Sabah\u0131n Erken Saatlerinde Orman\u0131n F\u0131s\u0131lt\u0131lar\u0131 -\u0647\u0645\u0633\u0627\u062a \u0627\u0644\u063a\u0627\u0628\u0629 \u0641\u064a \u0627\u0644\u0635\u0628\u0627\u062d \u0627\u0644\u0628\u0627\u0643\u0631<\/a><\/div>\n<\/div>\n\n\n\n<p><\/p>\n\n\n\n<p><\/p>\n\n\n\n<hr class=\"wp-block-separator has-alpha-channel-opacity\"\/>\n\n\n\n<p><a>A1 D\u00dcZEY\u0130NDE H\u0130KAYELER<\/a><br><a href=\"https:\/\/arapca.com\/index.php\/hikayeler\/a2-duzeyinde-arapca-hikayeler\/\">A2 D\u00dcZEY\u0130NDE H\u0130KAYELER<\/a><br><a href=\"https:\/\/arapca.com\/index.php\/hikayeler\/b1-duzeyinde-hikayeler\/\">B1 D\u00dcZEY\u0130NDE H\u0130KAYELER<\/a><br><a href=\"https:\/\/arapca.com\/index.php\/b2-hikayeler\/\">B2 D\u00dcZEY\u0130NDE H\u0130KAYELER<\/a><br><a href=\"https:\/\/arapca.com\/index.php\/a1-arapca-hikayeler\/c1-duzeyinde-hikayeler\/\">C1 D\u00dcZEY\u0130NDE H\u0130KAYELER<\/a><br><\/p>\n","protected":false},"excerpt":{"rendered":"<p>A1 D\u00dcZEY\u0130NDE H\u0130KAYELERA2 D\u00dcZEY\u0130NDE H\u0130KAYELERB1 D\u00dcZEY\u0130NDE H\u0130KAYELERB2 D\u00dcZEY\u0130NDE H\u0130KAYELERC1 D\u00dcZEY\u0130NDE H\u0130KAYELER<\/p>\n","protected":false},"author":1,"featured_media":0,"parent":18952,"menu_order":0,"comment_status":"closed","ping_status":"closed","template":"","meta":{"_bbp_topic_count":0,"_bbp_reply_count":0,"_bbp_total_topic_count":0,"_bbp_total_reply_count":0,"_bbp_voice_count":0,"_bbp_anonymous_reply_count":0,"_bbp_topic_count_hidden":0,"_bbp_reply_count_hidden":0,"_bbp_forum_subforum_count":0,"advanced_seo_description":"","jetpack_seo_html_title":"","jetpack_seo_noindex":false,"footnotes":""},"class_list":["post-23409","page","type-page","status-publish","hentry"],"jetpack_sharing_enabled":true,"jetpack_likes_enabled":true,"_links":{"self":[{"href":"https:\/\/arapca.com\/index.php\/wp-json\/wp\/v2\/pages\/23409","targetHints":{"allow":["GET"]}}],"collection":[{"href":"https:\/\/arapca.com\/index.php\/wp-json\/wp\/v2\/pages"}],"about":[{"href":"https:\/\/arapca.com\/index.php\/wp-json\/wp\/v2\/types\/page"}],"author":[{"embeddable":true,"href":"https:\/\/arapca.com\/index.php\/wp-json\/wp\/v2\/users\/1"}],"replies":[{"embeddable":true,"href":"https:\/\/arapca.com\/index.php\/wp-json\/wp\/v2\/comments?post=23409"}],"version-history":[{"count":7,"href":"https:\/\/arapca.com\/index.php\/wp-json\/wp\/v2\/pages\/23409\/revisions"}],"predecessor-version":[{"id":24392,"href":"https:\/\/arapca.com\/index.php\/wp-json\/wp\/v2\/pages\/23409\/revisions\/24392"}],"up":[{"embeddable":true,"href":"https:\/\/arapca.com\/index.php\/wp-json\/wp\/v2\/pages\/18952"}],"wp:attachment":[{"href":"https:\/\/arapca.com\/index.php\/wp-json\/wp\/v2\/media?parent=23409"}],"curies":[{"name":"wp","href":"https:\/\/api.w.org\/{rel}","templated":true}]}}