{"id":23401,"date":"2025-06-10T18:26:34","date_gmt":"2025-06-10T15:26:34","guid":{"rendered":"https:\/\/arapca.com\/?page_id=23401"},"modified":"2025-06-13T09:48:20","modified_gmt":"2025-06-13T06:48:20","slug":"c1-duzeyinde-hikayeler","status":"publish","type":"page","link":"https:\/\/arapca.com\/index.php\/a1-arapca-hikayeler\/c1-duzeyinde-hikayeler\/","title":{"rendered":"C1 D\u00dcZEY\u0130NDE H\u0130KAYELER"},"content":{"rendered":"<div class=\"wp-block-image\">\n<figure class=\"aligncenter size-full\"><img data-recalc-dims=\"1\" loading=\"lazy\" decoding=\"async\" width=\"635\" height=\"472\" src=\"https:\/\/i0.wp.com\/arapca.com\/wp-content\/uploads\/2025\/06\/dogruluk-kazandirir.jpg?resize=635%2C472&#038;ssl=1\" alt=\"\" class=\"wp-image-23397\" srcset=\"https:\/\/i0.wp.com\/arapca.com\/wp-content\/uploads\/2025\/06\/dogruluk-kazandirir.jpg?w=635&amp;ssl=1 635w, https:\/\/i0.wp.com\/arapca.com\/wp-content\/uploads\/2025\/06\/dogruluk-kazandirir.jpg?resize=300%2C223&amp;ssl=1 300w, https:\/\/i0.wp.com\/arapca.com\/wp-content\/uploads\/2025\/06\/dogruluk-kazandirir.jpg?resize=600%2C446&amp;ssl=1 600w\" sizes=\"auto, (max-width: 635px) 100vw, 635px\" \/><\/figure>\n<\/div>\n\n\n<div class=\"wp-block-buttons is-layout-flex wp-block-buttons-is-layout-flex\">\n<div class=\"wp-block-button has-custom-width wp-block-button__width-100\"><a class=\"wp-block-button__link wp-element-button\" href=\"https:\/\/arapca.com\/index.php\/2025\/06\/13\/havaalaninda-unutulmaz-bir-an\/\">Havaalan\u0131nda Unutulmaz Bir An &#8211; \u0645\u064e\u0648\u0642\u0650\u0641\u064c \u0644\u0627 \u064a\u064f\u0646\u0633\u064e\u0649 \u0641\u064a \u0627\u0644\u0645\u064e\u0637\u0627\u0631<\/a><\/div>\n\n\n\n<div class=\"wp-block-button has-custom-width wp-block-button__width-100\"><a class=\"wp-block-button__link wp-element-button\" href=\"https:\/\/arapca.com\/index.php\/arapca-hikayeler\/buyulenmis-sultan\/\"><strong>\ud83d\udcd8<\/strong> B\u00fcy\u00fclenmi\u015f Sultan &#8211; \u0627\u0644\u0633\u0644\u0637\u0627\u0646 \u0627\u0644\u0645\u0633\u062d\u0648\u0631<\/a><\/div>\n\n\n\n<div class=\"wp-block-button has-custom-width wp-block-button__width-100\"><a class=\"wp-block-button__link wp-element-button\" href=\"https:\/\/arapca.com\/index.php\/arapca-hikayeler\/pamuk-prenses-ve-7-cuceler\/\"><strong>\ud83d\udcd8<\/strong> Pamuk Prenses ve Yedi C\u00fcceler &#8211; \u0627\u0644\u0623\u0645\u064a\u0631\u0629 \u0627\u0644\u062d\u0633\u0646\u0627\u0621<\/a><\/div>\n\n\n\n<div class=\"wp-block-button has-custom-width wp-block-button__width-100\"><a class=\"wp-block-button__link wp-element-button\" href=\"https:\/\/arapca.com\/index.php\/arapca-hikayeler\/prenses-ve-yilan\/\"><strong>\ud83d\udcd8<\/strong> Prenses ve Y\u0131lan &#8211; \u0627\u0644\u0623\u0645\u064a\u0631\u0629 \u0648 \u0627\u0644\u062b\u0639\u0628\u0627\u0646<\/a><\/div>\n\n\n\n<div class=\"wp-block-button has-custom-width wp-block-button__width-100\"><a class=\"wp-block-button__link wp-element-button\" href=\"https:\/\/arapca.com\/index.php\/arapca-hikayeler\/parmak-cocuk\/\"><strong>\ud83d\udcd8<\/strong> Parmak \u00c7ocuk &#8211; \u0639\u0642\u0644\u0629 \u0627\u0644\u0623\u0635\u0628\u0639<\/a><\/div>\n\n\n\n<div class=\"wp-block-button has-custom-width wp-block-button__width-100\"><a class=\"wp-block-button__link wp-element-button\" href=\"https:\/\/arapca.com\/index.php\/arapca-hikayeler\/kiz-ve-aslan\/\"><strong>\ud83d\udcd8<\/strong> K\u0131z ve Aslan &#8211; \u0627\u0644\u0628\u0646\u062a \u0648 \u0627\u0644\u0623\u0633\u062f<\/a><\/div>\n\n\n\n<div class=\"wp-block-button has-custom-width wp-block-button__width-100\"><a class=\"wp-block-button__link wp-element-button\" href=\"https:\/\/arapca.com\/index.php\/arapca-hikayeler\/prenses-ve-altin-saray\/\"><strong>\ud83d\udcd8<\/strong> Alt\u0131n Saray\u0131n Prensesi &#8211; \u0623\u0645\u064a\u0631\u0629 \u0642\u0635\u0631 \u0627\u0644\u0630\u0647\u0628\u064a<\/a><\/div>\n\n\n\n<div class=\"wp-block-button has-custom-width wp-block-button__width-100\"><a class=\"wp-block-button__link wp-element-button\" href=\"https:\/\/arapca.com\/index.php\/2025\/06\/10\/kibrin-sonu\/\">Kibrin Sonu &#8211; \u0639\u0627\u0642\u0628\u0629 \u0627\u0644\u0643\u0628\u0631<\/a><\/div>\n<\/div>\n\n\n\n<p><\/p>\n\n\n\n<p><\/p>\n\n\n\n<p><a>A1 D\u00dcZEY\u0130NDE H\u0130KAYELER<\/a><br><a href=\"https:\/\/arapca.com\/index.php\/hikayeler\/a2-duzeyinde-arapca-hikayeler\/\">A2 D\u00dcZEY\u0130NDE H\u0130KAYELER<\/a><br><a href=\"https:\/\/arapca.com\/index.php\/hikayeler\/b1-duzeyinde-hikayeler\/\">B1 D\u00dcZEY\u0130NDE H\u0130KAYELER<\/a><br><a href=\"https:\/\/arapca.com\/index.php\/b2-hikayeler\/\">B2 D\u00dcZEY\u0130NDE H\u0130KAYELER<\/a><br><a href=\"https:\/\/arapca.com\/index.php\/a1-arapca-hikayeler\/c1-duzeyinde-hikayeler\/\">C1 D\u00dcZEY\u0130NDE H\u0130KAYELER<\/a><br><a href=\"https:\/\/arapca.com\/index.php\/a1-arapca-hikayeler\/c2-duzeyinde-hikayeler\/\">C2 D\u00dcZEY\u0130NDE H\u0130KAYELER<\/a><\/p>\n","protected":false},"excerpt":{"rendered":"<p>A1 D\u00dcZEY\u0130NDE H\u0130KAYELERA2 D\u00dcZEY\u0130NDE H\u0130KAYELERB1 D\u00dcZEY\u0130NDE H\u0130KAYELERB2 D\u00dcZEY\u0130NDE H\u0130KAYELERC1 D\u00dcZEY\u0130NDE H\u0130KAYELERC2 D\u00dcZEY\u0130NDE H\u0130KAYELER<\/p>\n","protected":false},"author":1,"featured_media":0,"parent":18952,"menu_order":0,"comment_status":"closed","ping_status":"closed","template":"","meta":{"_bbp_topic_count":0,"_bbp_reply_count":0,"_bbp_total_topic_count":0,"_bbp_total_reply_count":0,"_bbp_voice_count":0,"_bbp_anonymous_reply_count":0,"_bbp_topic_count_hidden":0,"_bbp_reply_count_hidden":0,"_bbp_forum_subforum_count":0,"footnotes":""},"class_list":["post-23401","page","type-page","status-publish","hentry"],"jetpack_sharing_enabled":true,"jetpack_likes_enabled":true,"_links":{"self":[{"href":"https:\/\/arapca.com\/index.php\/wp-json\/wp\/v2\/pages\/23401","targetHints":{"allow":["GET"]}}],"collection":[{"href":"https:\/\/arapca.com\/index.php\/wp-json\/wp\/v2\/pages"}],"about":[{"href":"https:\/\/arapca.com\/index.php\/wp-json\/wp\/v2\/types\/page"}],"author":[{"embeddable":true,"href":"https:\/\/arapca.com\/index.php\/wp-json\/wp\/v2\/users\/1"}],"replies":[{"embeddable":true,"href":"https:\/\/arapca.com\/index.php\/wp-json\/wp\/v2\/comments?post=23401"}],"version-history":[{"count":10,"href":"https:\/\/arapca.com\/index.php\/wp-json\/wp\/v2\/pages\/23401\/revisions"}],"predecessor-version":[{"id":23452,"href":"https:\/\/arapca.com\/index.php\/wp-json\/wp\/v2\/pages\/23401\/revisions\/23452"}],"up":[{"embeddable":true,"href":"https:\/\/arapca.com\/index.php\/wp-json\/wp\/v2\/pages\/18952"}],"wp:attachment":[{"href":"https:\/\/arapca.com\/index.php\/wp-json\/wp\/v2\/media?parent=23401"}],"curies":[{"name":"wp","href":"https:\/\/api.w.org\/{rel}","templated":true}]}}