{"id":23,"date":"2023-05-03T18:58:26","date_gmt":"2023-05-03T15:58:26","guid":{"rendered":"https:\/\/arapca.com\/index.php\/hesabim\/"},"modified":"2026-03-15T00:09:41","modified_gmt":"2026-03-14T21:09:41","slug":"hesabim","status":"publish","type":"page","link":"https:\/\/arapca.com\/index.php\/hesabim\/","title":{"rendered":"Hesab\u0131m"},"content":{"rendered":"<div class=\"woocommerce\"><\/div>\n\n\n<div class=\"wp-block-image\">\n<figure class=\"aligncenter size-large\"><img data-recalc-dims=\"1\" loading=\"lazy\" decoding=\"async\" width=\"640\" height=\"427\" src=\"https:\/\/i0.wp.com\/arapca.com\/wp-content\/uploads\/2023\/06\/arapcaders3-scaled.jpg?resize=640%2C427&#038;ssl=1\" alt=\"Arap\u00e7a \u00f6\u011freniyorum\" class=\"wp-image-15806\" srcset=\"https:\/\/i0.wp.com\/arapca.com\/wp-content\/uploads\/2023\/06\/arapcaders3-scaled.jpg?resize=1024%2C683&amp;ssl=1 1024w, https:\/\/i0.wp.com\/arapca.com\/wp-content\/uploads\/2023\/06\/arapcaders3-scaled.jpg?resize=300%2C200&amp;ssl=1 300w, https:\/\/i0.wp.com\/arapca.com\/wp-content\/uploads\/2023\/06\/arapcaders3-scaled.jpg?resize=768%2C512&amp;ssl=1 768w, https:\/\/i0.wp.com\/arapca.com\/wp-content\/uploads\/2023\/06\/arapcaders3-scaled.jpg?resize=1536%2C1024&amp;ssl=1 1536w, https:\/\/i0.wp.com\/arapca.com\/wp-content\/uploads\/2023\/06\/arapcaders3-scaled.jpg?resize=2048%2C1366&amp;ssl=1 2048w, https:\/\/i0.wp.com\/arapca.com\/wp-content\/uploads\/2023\/06\/arapcaders3-scaled.jpg?resize=1320%2C880&amp;ssl=1 1320w, https:\/\/i0.wp.com\/arapca.com\/wp-content\/uploads\/2023\/06\/arapcaders3-scaled.jpg?resize=600%2C400&amp;ssl=1 600w, https:\/\/i0.wp.com\/arapca.com\/wp-content\/uploads\/2023\/06\/arapcaders3-scaled.jpg?w=1920&amp;ssl=1 1920w\" sizes=\"auto, (max-width: 640px) 100vw, 640px\" \/><\/figure>\n<\/div>\n\n\n<div class=\"wp-block-buttons is-layout-flex wp-block-buttons-is-layout-flex\">\n<div class=\"wp-block-button has-custom-width wp-block-button__width-50\"><a class=\"wp-block-button__link wp-element-button\" href=\"https:\/\/arapca.com\/index.php\/courses\/kuran-okumayi-ogreniyorum\/\">Elifba<\/a><\/div>\n\n\n\n<div class=\"wp-block-button has-custom-width wp-block-button__width-50\"><a class=\"wp-block-button__link wp-element-button\" href=\"https:\/\/arapca.com\/index.php\/kurslar\/\" target=\"_blank\" rel=\"noreferrer noopener\">T\u00dcM KURSLAR<\/a><\/div>\n\n\n\n<div class=\"wp-block-button has-custom-width wp-block-button__width-100\"><a class=\"wp-block-button__link has-white-color has-luminous-vivid-amber-background-color has-text-color has-background has-link-color wp-element-button\"><strong>ARAP\u00c7A OKUMA\/ANLAMA\/YAZMA\/KONU\u015eMA KURSLARI<\/strong><\/a><\/div>\n\n\n\n\n\n\n\n<div class=\"wp-block-button has-custom-width wp-block-button__width-100\"><a class=\"wp-block-button__link has-vivid-cyan-blue-background-color has-background wp-element-button\" href=\"https:\/\/arapca.com\/index.php\/courses\/a0\/\">A0 KUR (\u00d6N HAZIRLIK KURSU)<\/a><\/div>\n\n\n\n<div class=\"wp-block-button has-custom-width wp-block-button__width-50\"><a class=\"wp-block-button__link wp-element-button\" href=\"https:\/\/arapca.com\/index.php\/courses\/arapca-a1-dersleri\/\">A1 KUR<\/a><\/div>\n\n\n\n<div class=\"wp-block-button has-custom-width wp-block-button__width-50\"><a class=\"wp-block-button__link wp-element-button\" href=\"https:\/\/arapca.com\/index.php\/courses\/arapca-a2-dersleri\/\">A2 KUR<\/a><\/div>\n\n\n\n<div class=\"wp-block-button has-custom-width wp-block-button__width-50\"><a class=\"wp-block-button__link wp-element-button\" href=\"https:\/\/arapca.com\/index.php\/courses\/arapca-b1\/\">B1 KUR<\/a><\/div>\n\n\n\n<div class=\"wp-block-button has-custom-width wp-block-button__width-50\"><a class=\"wp-block-button__link wp-element-button\" href=\"https:\/\/arapca.com\/index.php\/courses\/b2-arapca-kursu-c\/\">B2 KUR<\/a><\/div>\n\n\n\n<div class=\"wp-block-button has-custom-width wp-block-button__width-50\"><a class=\"wp-block-button__link wp-element-button\">C1 KUR<\/a><\/div>\n\n\n\n<div class=\"wp-block-button has-custom-width wp-block-button__width-50\"><a class=\"wp-block-button__link wp-element-button\" href=\"https:\/\/arapca.com\/index.php\/courses\/c2-arapca-kursu\/\">C2 KUR<\/a><\/div>\n<\/div>\n\n\n\n<p><\/p>\n\n\n\n<p class=\"has-white-color has-luminous-vivid-amber-background-color has-text-color has-background has-link-color has-medium-font-size wp-elements-7aa87e435bf9323e80e8ab8527ef01d9\"><strong>&#8220;KUR&#8217;AN ARAP\u00c7ASI \u00d6\u011eREN\u0130YORUM&#8221; KURSLARI<\/strong><\/p>\n\n\n\n<div class=\"wp-block-buttons is-layout-flex wp-block-buttons-is-layout-flex\">\n<div class=\"wp-block-button has-custom-width wp-block-button__width-25\"><a class=\"wp-block-button__link wp-element-button\" href=\"https:\/\/arapca.com\/index.php\/courses\/kuran-arapcasi-ogreniyorum-1-seviye\/\">KAO-1<\/a><\/div>\n\n\n\n<div class=\"wp-block-button has-custom-width wp-block-button__width-25\"><a class=\"wp-block-button__link wp-element-button\" href=\"https:\/\/arapca.com\/index.php\/courses\/kuran-arapcasi-ogreniyorum-2\/\">KAO-2<\/a><\/div>\n\n\n\n<div class=\"wp-block-button has-custom-width wp-block-button__width-25\"><a class=\"wp-block-button__link wp-element-button\" href=\"https:\/\/arapca.com\/index.php\/courses\/kuran-arapcasi-ogreniyorum-3\/\">KAO-3<\/a><\/div>\n\n\n\n<div class=\"wp-block-button has-custom-width wp-block-button__width-25\"><a class=\"wp-block-button__link wp-element-button\">KAO-4<\/a><\/div>\n\n\n\n<div class=\"wp-block-button has-custom-width wp-block-button__width-100\"><a class=\"wp-block-button__link has-vivid-red-background-color has-background wp-element-button\" href=\"https:\/\/arapca.com\/index.php\/courses\/kelime-kelime-kuran-ve-anlami-2\/\">Kelime Kelime Kur&#8217;an ve Anlam\u0131 (Kelime Mealli Hatim Seti)<\/a><\/div>\n\n\n\n<div class=\"wp-block-button has-custom-width wp-block-button__width-100\"><a class=\"wp-block-button__link wp-element-button\" href=\"https:\/\/arapca.com\/index.php\/courses\/kuran-meal-tefsir\/\">Kur&#8217;an-\u0131 Kerim, T\u00fcrk\u00e7e Anlam\u0131 (Meal) ve Tefsiri<\/a><\/div>\n\n\n\n<div class=\"wp-block-button\"><a class=\"wp-block-button__link wp-element-button\">Hikayeler<\/a><\/div>\n\n\n\n<div class=\"wp-block-button\"><a class=\"wp-block-button__link wp-element-button\" href=\"https:\/\/arapca.com\/index.php\/arapca-dilbilgisi\/\">Dilbilgisi<\/a><\/div>\n\n\n\n<div class=\"wp-block-button\"><a class=\"wp-block-button__link wp-element-button\" href=\"https:\/\/arapca.com\/index.php\/arapca-metinler\/\">Metinler<\/a><\/div>\n\n\n\n<div class=\"wp-block-button\"><a class=\"wp-block-button__link wp-element-button\" href=\"https:\/\/arapca.com\/index.php\/faydali-linkler\/\">Faydal\u0131 L\u0130nkler<\/a><\/div>\n\n\n\n<div class=\"wp-block-button has-custom-width wp-block-button__width-100\"><a class=\"wp-block-button__link has-vivid-cyan-blue-background-color has-background wp-element-button\" href=\"https:\/\/arapca.com\/index.php\/arapca-oyunlar\/\">Oyunlar<\/a><\/div>\n\n\n\n<div class=\"wp-block-button\"><a class=\"wp-block-button__link wp-element-button\" href=\"https:\/\/arapca.com\/index.php\/kategoriler\/\" target=\"_blank\" rel=\"noreferrer noopener\">Kategoriler<\/a><\/div>\n\n\n\n<div class=\"wp-block-button\"><a class=\"wp-block-button__link wp-element-button\" href=\"https:\/\/arapca.com\/index.php\/arapca-diyaloglar\/\">Diyaloglar<\/a><\/div>\n\n\n\n<div class=\"wp-block-button\"><a class=\"wp-block-button__link wp-element-button\" href=\"https:\/\/arapca.com\/index.php\/kitaplar\/\">Kitaplar<\/a><\/div>\n\n\n\n<div class=\"wp-block-button has-custom-width wp-block-button__width-100\"><a class=\"wp-block-button__link has-background wp-element-button\" href=\"https:\/\/arapca.com\/index.php\/kurs-ozel-ders-talep-formu\/\" style=\"background-color:#305c0a\">Online \u00d6zel Ders Talep Formu<\/a><\/div>\n<\/div>\n\n\n\n<div class=\"wp-block-buttons is-layout-flex wp-block-buttons-is-layout-flex\"><\/div>\n\n\n\n<p><\/p>\n","protected":false},"excerpt":{"rendered":"<p>&#8220;KUR&#8217;AN ARAP\u00c7ASI \u00d6\u011eREN\u0130YORUM&#8221; KURSLARI<\/p>\n","protected":false},"author":1,"featured_media":0,"parent":0,"menu_order":0,"comment_status":"closed","ping_status":"closed","template":"","meta":{"_bbp_topic_count":0,"_bbp_reply_count":0,"_bbp_total_topic_count":0,"_bbp_total_reply_count":0,"_bbp_voice_count":0,"_bbp_anonymous_reply_count":0,"_bbp_topic_count_hidden":0,"_bbp_reply_count_hidden":0,"_bbp_forum_subforum_count":0,"footnotes":""},"class_list":["post-23","page","type-page","status-publish","hentry"],"jetpack_sharing_enabled":true,"jetpack_likes_enabled":true,"_links":{"self":[{"href":"https:\/\/arapca.com\/index.php\/wp-json\/wp\/v2\/pages\/23","targetHints":{"allow":["GET"]}}],"collection":[{"href":"https:\/\/arapca.com\/index.php\/wp-json\/wp\/v2\/pages"}],"about":[{"href":"https:\/\/arapca.com\/index.php\/wp-json\/wp\/v2\/types\/page"}],"author":[{"embeddable":true,"href":"https:\/\/arapca.com\/index.php\/wp-json\/wp\/v2\/users\/1"}],"replies":[{"embeddable":true,"href":"https:\/\/arapca.com\/index.php\/wp-json\/wp\/v2\/comments?post=23"}],"version-history":[{"count":58,"href":"https:\/\/arapca.com\/index.php\/wp-json\/wp\/v2\/pages\/23\/revisions"}],"predecessor-version":[{"id":25684,"href":"https:\/\/arapca.com\/index.php\/wp-json\/wp\/v2\/pages\/23\/revisions\/25684"}],"wp:attachment":[{"href":"https:\/\/arapca.com\/index.php\/wp-json\/wp\/v2\/media?parent=23"}],"curies":[{"name":"wp","href":"https:\/\/api.w.org\/{rel}","templated":true}]}}