{"id":22906,"date":"2025-04-11T20:48:33","date_gmt":"2025-04-11T17:48:33","guid":{"rendered":"https:\/\/arapca.com\/?page_id=22906"},"modified":"2025-04-11T21:00:17","modified_gmt":"2025-04-11T18:00:17","slug":"kitap-okuma-videolari","status":"publish","type":"page","link":"https:\/\/arapca.com\/index.php\/arapca-videolar\/kitap-okuma-videolari\/","title":{"rendered":"Kitap Okuma Videolar\u0131"},"content":{"rendered":"\n<p><strong>Arap\u00e7a Hikayeler<\/strong> (Okuyan ve \u00c7eviren: K\u00fcbra Amine Do\u011fan)<\/p>\n\n\n\n<p><a href=\"https:\/\/youtu.be\/uTzLY438oto\">Ben ve Karde\u015fim<\/a> <\/p>\n\n\n\n<p><a href=\"https:\/\/youtu.be\/y2Y-j256QIg\">Bayram Hediyesi<\/a><\/p>\n\n\n\n<p><a href=\"https:\/\/youtu.be\/ngcDnGHfqHc\">Ya\u015fas\u0131n Adalet<\/a><\/p>\n\n\n\n<p><a href=\"https:\/\/youtu.be\/vZOt6ECkDgc\">Tilkinin Hazinesi<\/a><\/p>\n\n\n\n<p><a href=\"https:\/\/youtu.be\/_3xJQ_ZcR00\">O Bir \u00c7i\u00e7ek<\/a><\/p>\n\n\n\n<p><a href=\"https:\/\/youtu.be\/OlfeDqgQ50E\">Bir A\u011faca \u00dc\u00e7 A\u011fa\u00e7<\/a><\/p>\n\n\n\n<p><a href=\"https:\/\/youtu.be\/_4hnO6GfMhM\">Aslan ve \u00dc\u00e7 \u00d6k\u00fcz<\/a><\/p>\n\n\n\n<p><a href=\"https:\/\/youtu.be\/57YLOj-klh8\">Okumaya \u00c7al\u0131\u015f<\/a><\/p>\n\n\n\n<p><a href=\"https:\/\/youtu.be\/7EVCVURYUU8\">Hammude ve Lamba Cini<\/a><\/p>\n\n\n\n<p><a href=\"https:\/\/youtu.be\/7EVCVURYUU8\">Hammude ve Tutsak Papagan<\/a><\/p>\n\n\n\n<p><\/p>\n\n\n\n<p><strong>Arap\u00e7a Romanlar<\/strong><\/p>\n\n\n\n<p><a href=\"https:\/\/youtu.be\/EUUzvDNeSyU\">Simyac\u0131<\/a><\/p>\n\n\n\n<p><\/p>\n","protected":false},"excerpt":{"rendered":"<p>Arap\u00e7a Hikayeler (Okuyan ve \u00c7eviren: K\u00fcbra Amine Do\u011fan) Ben ve Karde\u015fim Bayram Hediyesi Ya\u015fas\u0131n Adalet Tilkinin Hazinesi O Bir \u00c7i\u00e7ek Bir A\u011faca \u00dc\u00e7 A\u011fa\u00e7 Aslan ve \u00dc\u00e7 \u00d6k\u00fcz Okumaya \u00c7al\u0131\u015f Hammude ve Lamba Cini Hammude ve Tutsak Papagan Arap\u00e7a Romanlar &hellip; <\/p>\n","protected":false},"author":1,"featured_media":0,"parent":18753,"menu_order":0,"comment_status":"closed","ping_status":"closed","template":"","meta":{"_bbp_topic_count":0,"_bbp_reply_count":0,"_bbp_total_topic_count":0,"_bbp_total_reply_count":0,"_bbp_voice_count":0,"_bbp_anonymous_reply_count":0,"_bbp_topic_count_hidden":0,"_bbp_reply_count_hidden":0,"_bbp_forum_subforum_count":0,"footnotes":""},"class_list":["post-22906","page","type-page","status-publish","hentry"],"jetpack_sharing_enabled":true,"jetpack_likes_enabled":true,"_links":{"self":[{"href":"https:\/\/arapca.com\/index.php\/wp-json\/wp\/v2\/pages\/22906","targetHints":{"allow":["GET"]}}],"collection":[{"href":"https:\/\/arapca.com\/index.php\/wp-json\/wp\/v2\/pages"}],"about":[{"href":"https:\/\/arapca.com\/index.php\/wp-json\/wp\/v2\/types\/page"}],"author":[{"embeddable":true,"href":"https:\/\/arapca.com\/index.php\/wp-json\/wp\/v2\/users\/1"}],"replies":[{"embeddable":true,"href":"https:\/\/arapca.com\/index.php\/wp-json\/wp\/v2\/comments?post=22906"}],"version-history":[{"count":5,"href":"https:\/\/arapca.com\/index.php\/wp-json\/wp\/v2\/pages\/22906\/revisions"}],"predecessor-version":[{"id":22917,"href":"https:\/\/arapca.com\/index.php\/wp-json\/wp\/v2\/pages\/22906\/revisions\/22917"}],"up":[{"embeddable":true,"href":"https:\/\/arapca.com\/index.php\/wp-json\/wp\/v2\/pages\/18753"}],"wp:attachment":[{"href":"https:\/\/arapca.com\/index.php\/wp-json\/wp\/v2\/media?parent=22906"}],"curies":[{"name":"wp","href":"https:\/\/api.w.org\/{rel}","templated":true}]}}