{"id":22867,"date":"2025-04-09T12:04:55","date_gmt":"2025-04-09T09:04:55","guid":{"rendered":"https:\/\/arapca.com\/?page_id=22867"},"modified":"2025-04-09T12:10:37","modified_gmt":"2025-04-09T09:10:37","slug":"tefsirul-vadih-el-muyesser","status":"publish","type":"page","link":"https:\/\/arapca.com\/index.php\/tefsirul-vadih-el-muyesser\/","title":{"rendered":"Tefsir&#8217;\u00fcl-V\u00e2dih el-M\u00fcyesser"},"content":{"rendered":"\n<p>\u0627\u0644\u062a\u0641\u0633\u064a\u0631 \u0627\u0644\u0648\u0627\u0636\u062d \u0627\u0644\u0645\u064a\u0633\u0631<\/p>\n\n\n\n<figure class=\"wp-block-image size-full\"><a href=\"https:\/\/dn790007.ca.archive.org\/0\/items\/000074_201807\/000074%20%20%20%D8%A7%D9%84%D8%AA%D9%81%D8%B3%D9%8A%D8%B1%20%D8%A7%D9%84%D9%88%D8%A7%D8%B6%D8%AD%20%D8%A7%D9%84%D9%85%D9%8A%D8%B3%D8%B1%20-%20%D9%85%D8%AD%D9%85%D8%AF%20%D8%B9%D9%84%D9%8A%20%D8%A7%D9%84%D8%B5%D8%A7%D8%A8%D9%88%D9%86%D9%8A%20-%20%D9%85%D9%84%D9%88%D9%86%20%20%20%D9%83%D8%AA%D8%A7%D8%A8%20%D8%A8%D9%8A%20%D8%AF%D9%8A%20%D8%A7%D9%81%20%D8%A7%D9%82%D8%B1%D8%A7%20%D8%A7%D9%88%D9%86%D9%84%D8%A7%D9%8A%D9%86%20%20%20.pdf\"><img data-recalc-dims=\"1\" loading=\"lazy\" decoding=\"async\" width=\"518\" height=\"770\" src=\"https:\/\/i0.wp.com\/arapca.com\/wp-content\/uploads\/2025\/04\/tefsir-el-vadih.jpg?resize=518%2C770&#038;ssl=1\" alt=\"\" class=\"wp-image-22872\" srcset=\"https:\/\/i0.wp.com\/arapca.com\/wp-content\/uploads\/2025\/04\/tefsir-el-vadih.jpg?w=518&amp;ssl=1 518w, https:\/\/i0.wp.com\/arapca.com\/wp-content\/uploads\/2025\/04\/tefsir-el-vadih.jpg?resize=202%2C300&amp;ssl=1 202w\" sizes=\"auto, (max-width: 518px) 100vw, 518px\" \/><\/a><\/figure>\n\n\n\n<p>\u0627\u0644\u0635\u0628\u0648\u0646\u064a<\/p>\n\n\n\n<p><a href=\"https:\/\/archive.org\/details\/000074_201807\">Tefsir Kitab\u0131n\u0131 indir!<\/a><\/p>\n","protected":false},"excerpt":{"rendered":"<p>\u0627\u0644\u062a\u0641\u0633\u064a\u0631 \u0627\u0644\u0648\u0627\u0636\u062d \u0627\u0644\u0645\u064a\u0633\u0631 \u0627\u0644\u0635\u0628\u0648\u0646\u064a Tefsir Kitab\u0131n\u0131 indir!<\/p>\n","protected":false},"author":1,"featured_media":0,"parent":0,"menu_order":0,"comment_status":"closed","ping_status":"closed","template":"","meta":{"_bbp_topic_count":0,"_bbp_reply_count":0,"_bbp_total_topic_count":0,"_bbp_total_reply_count":0,"_bbp_voice_count":0,"_bbp_anonymous_reply_count":0,"_bbp_topic_count_hidden":0,"_bbp_reply_count_hidden":0,"_bbp_forum_subforum_count":0,"footnotes":""},"class_list":["post-22867","page","type-page","status-publish","hentry"],"jetpack_sharing_enabled":true,"jetpack_likes_enabled":true,"_links":{"self":[{"href":"https:\/\/arapca.com\/index.php\/wp-json\/wp\/v2\/pages\/22867","targetHints":{"allow":["GET"]}}],"collection":[{"href":"https:\/\/arapca.com\/index.php\/wp-json\/wp\/v2\/pages"}],"about":[{"href":"https:\/\/arapca.com\/index.php\/wp-json\/wp\/v2\/types\/page"}],"author":[{"embeddable":true,"href":"https:\/\/arapca.com\/index.php\/wp-json\/wp\/v2\/users\/1"}],"replies":[{"embeddable":true,"href":"https:\/\/arapca.com\/index.php\/wp-json\/wp\/v2\/comments?post=22867"}],"version-history":[{"count":3,"href":"https:\/\/arapca.com\/index.php\/wp-json\/wp\/v2\/pages\/22867\/revisions"}],"predecessor-version":[{"id":22875,"href":"https:\/\/arapca.com\/index.php\/wp-json\/wp\/v2\/pages\/22867\/revisions\/22875"}],"wp:attachment":[{"href":"https:\/\/arapca.com\/index.php\/wp-json\/wp\/v2\/media?parent=22867"}],"curies":[{"name":"wp","href":"https:\/\/api.w.org\/{rel}","templated":true}]}}