{"id":22666,"date":"2025-03-16T22:42:07","date_gmt":"2025-03-16T19:42:07","guid":{"rendered":"https:\/\/arapca.com\/?page_id=22666"},"modified":"2025-03-16T22:42:08","modified_gmt":"2025-03-16T19:42:08","slug":"a2-seviye-oyunlar-2","status":"publish","type":"page","link":"https:\/\/arapca.com\/index.php\/arapca-oyunlar\/a2-seviye-oyunlar-2\/","title":{"rendered":"A2 Seviye Oyunlar"},"content":{"rendered":"\n<figure class=\"wp-block-embed\"><div class=\"wp-block-embed__wrapper\">\n<blockquote class=\"wp-embedded-content\" data-secret=\"CGyYS8YZzR\"><a href=\"https:\/\/arapca.com\/index.php\/arapca-oyunlar\/a2-seviye-oyunlar\/saglik-ve-beslenme-eslestirme-oyunu\/\">Sa\u011fl\u0131k ve Beslenme E\u015fle\u015ftirme Oyunu<\/a><\/blockquote><iframe loading=\"lazy\" class=\"wp-embedded-content\" sandbox=\"allow-scripts\" security=\"restricted\" style=\"position: absolute; visibility: hidden;\" title=\"&#8220;Sa\u011fl\u0131k ve Beslenme E\u015fle\u015ftirme Oyunu&#8221; &#8212; Arap\u00e7a E\u011fitim Sitesi\" src=\"https:\/\/arapca.com\/index.php\/arapca-oyunlar\/a2-seviye-oyunlar\/saglik-ve-beslenme-eslestirme-oyunu\/embed\/#?secret=HHrwiWlXqH#?secret=CGyYS8YZzR\" data-secret=\"CGyYS8YZzR\" width=\"600\" height=\"338\" frameborder=\"0\" marginwidth=\"0\" marginheight=\"0\" scrolling=\"no\"><\/iframe>\n<\/div><\/figure>\n\n\n\n<p><a href=\"https:\/\/arapca.com\/index.php\/arapca-oyunlar\/a2-seviye-oyunlar\/saglik-ve-beslenme-eslestirme-oyunu\/\">Sa\u011fl\u0131k ve Beslenme E\u015fle\u015ftirme Oyunu<\/a><\/p>\n","protected":false},"excerpt":{"rendered":"<p>Sa\u011fl\u0131k ve Beslenme E\u015fle\u015ftirme Oyunu<\/p>\n","protected":false},"author":1,"featured_media":0,"parent":16789,"menu_order":0,"comment_status":"closed","ping_status":"closed","template":"","meta":{"_bbp_topic_count":0,"_bbp_reply_count":0,"_bbp_total_topic_count":0,"_bbp_total_reply_count":0,"_bbp_voice_count":0,"_bbp_anonymous_reply_count":0,"_bbp_topic_count_hidden":0,"_bbp_reply_count_hidden":0,"_bbp_forum_subforum_count":0,"advanced_seo_description":"","jetpack_seo_html_title":"","jetpack_seo_noindex":false,"footnotes":""},"class_list":["post-22666","page","type-page","status-publish","hentry"],"jetpack_sharing_enabled":true,"jetpack_likes_enabled":true,"_links":{"self":[{"href":"https:\/\/arapca.com\/index.php\/wp-json\/wp\/v2\/pages\/22666","targetHints":{"allow":["GET"]}}],"collection":[{"href":"https:\/\/arapca.com\/index.php\/wp-json\/wp\/v2\/pages"}],"about":[{"href":"https:\/\/arapca.com\/index.php\/wp-json\/wp\/v2\/types\/page"}],"author":[{"embeddable":true,"href":"https:\/\/arapca.com\/index.php\/wp-json\/wp\/v2\/users\/1"}],"replies":[{"embeddable":true,"href":"https:\/\/arapca.com\/index.php\/wp-json\/wp\/v2\/comments?post=22666"}],"version-history":[{"count":1,"href":"https:\/\/arapca.com\/index.php\/wp-json\/wp\/v2\/pages\/22666\/revisions"}],"predecessor-version":[{"id":22667,"href":"https:\/\/arapca.com\/index.php\/wp-json\/wp\/v2\/pages\/22666\/revisions\/22667"}],"up":[{"embeddable":true,"href":"https:\/\/arapca.com\/index.php\/wp-json\/wp\/v2\/pages\/16789"}],"wp:attachment":[{"href":"https:\/\/arapca.com\/index.php\/wp-json\/wp\/v2\/media?parent=22666"}],"curies":[{"name":"wp","href":"https:\/\/api.w.org\/{rel}","templated":true}]}}