{"id":22664,"date":"2025-03-16T22:39:43","date_gmt":"2025-03-16T19:39:43","guid":{"rendered":"https:\/\/arapca.com\/?page_id=22664"},"modified":"2025-03-16T22:39:46","modified_gmt":"2025-03-16T19:39:46","slug":"saglik-ve-beslenme-eslestirme-oyunu","status":"publish","type":"page","link":"https:\/\/arapca.com\/index.php\/arapca-oyunlar\/a2-seviye-oyunlar\/saglik-ve-beslenme-eslestirme-oyunu\/","title":{"rendered":"Sa\u011fl\u0131k ve Beslenme E\u015fle\u015ftirme Oyunu"},"content":{"rendered":"\n<div class=\"h5p-iframe-wrapper\"><iframe id=\"h5p-iframe-207\" class=\"h5p-iframe\" data-content-id=\"207\" style=\"height:1px\" src=\"about:blank\" frameBorder=\"0\" scrolling=\"no\" title=\"A2 Sa\u011fl\u0131k ve Beslenme\"><\/iframe><\/div>\n\n\n\n<p>A2 Kelime e\u015fle\u015ftirme oyunlar\u0131<\/p>\n","protected":false},"excerpt":{"rendered":"<p>A2 Kelime e\u015fle\u015ftirme oyunlar\u0131<\/p>\n","protected":false},"author":1,"featured_media":0,"parent":21604,"menu_order":0,"comment_status":"closed","ping_status":"closed","template":"","meta":{"_bbp_topic_count":0,"_bbp_reply_count":0,"_bbp_total_topic_count":0,"_bbp_total_reply_count":0,"_bbp_voice_count":0,"_bbp_anonymous_reply_count":0,"_bbp_topic_count_hidden":0,"_bbp_reply_count_hidden":0,"_bbp_forum_subforum_count":0,"advanced_seo_description":"","jetpack_seo_html_title":"","jetpack_seo_noindex":false,"footnotes":""},"class_list":["post-22664","page","type-page","status-publish","hentry"],"jetpack_sharing_enabled":true,"jetpack_likes_enabled":true,"_links":{"self":[{"href":"https:\/\/arapca.com\/index.php\/wp-json\/wp\/v2\/pages\/22664","targetHints":{"allow":["GET"]}}],"collection":[{"href":"https:\/\/arapca.com\/index.php\/wp-json\/wp\/v2\/pages"}],"about":[{"href":"https:\/\/arapca.com\/index.php\/wp-json\/wp\/v2\/types\/page"}],"author":[{"embeddable":true,"href":"https:\/\/arapca.com\/index.php\/wp-json\/wp\/v2\/users\/1"}],"replies":[{"embeddable":true,"href":"https:\/\/arapca.com\/index.php\/wp-json\/wp\/v2\/comments?post=22664"}],"version-history":[{"count":1,"href":"https:\/\/arapca.com\/index.php\/wp-json\/wp\/v2\/pages\/22664\/revisions"}],"predecessor-version":[{"id":22665,"href":"https:\/\/arapca.com\/index.php\/wp-json\/wp\/v2\/pages\/22664\/revisions\/22665"}],"up":[{"embeddable":true,"href":"https:\/\/arapca.com\/index.php\/wp-json\/wp\/v2\/pages\/21604"}],"wp:attachment":[{"href":"https:\/\/arapca.com\/index.php\/wp-json\/wp\/v2\/media?parent=22664"}],"curies":[{"name":"wp","href":"https:\/\/api.w.org\/{rel}","templated":true}]}}