{"id":22646,"date":"2025-03-16T19:50:28","date_gmt":"2025-03-16T16:50:28","guid":{"rendered":"https:\/\/arapca.com\/?page_id=22646"},"modified":"2025-03-16T19:50:29","modified_gmt":"2025-03-16T16:50:29","slug":"a2-saglikli-beslenme-ve-spor","status":"publish","type":"page","link":"https:\/\/arapca.com\/index.php\/a2-arapca\/a2-saglikli-beslenme-ve-spor\/","title":{"rendered":"A2 Sa\u011fl\u0131kl\u0131 Beslenme ve Spor"},"content":{"rendered":"\n<p><code><div class=\"h5p-iframe-wrapper\"><iframe id=\"h5p-iframe-205\" class=\"h5p-iframe\" data-content-id=\"205\" style=\"height:1px\" src=\"about:blank\" frameBorder=\"0\" scrolling=\"no\" title=\"A2 Sa\u011fl\u0131kl\u0131 Beslenme ve Spor\"><\/iframe><\/div><\/code><br><\/p>\n","protected":false},"excerpt":{"rendered":"","protected":false},"author":1,"featured_media":0,"parent":18129,"menu_order":0,"comment_status":"closed","ping_status":"closed","template":"","meta":{"_bbp_topic_count":0,"_bbp_reply_count":0,"_bbp_total_topic_count":0,"_bbp_total_reply_count":0,"_bbp_voice_count":0,"_bbp_anonymous_reply_count":0,"_bbp_topic_count_hidden":0,"_bbp_reply_count_hidden":0,"_bbp_forum_subforum_count":0,"advanced_seo_description":"","jetpack_seo_html_title":"","jetpack_seo_noindex":false,"footnotes":""},"class_list":["post-22646","page","type-page","status-publish","hentry"],"jetpack_sharing_enabled":true,"jetpack_likes_enabled":true,"_links":{"self":[{"href":"https:\/\/arapca.com\/index.php\/wp-json\/wp\/v2\/pages\/22646","targetHints":{"allow":["GET"]}}],"collection":[{"href":"https:\/\/arapca.com\/index.php\/wp-json\/wp\/v2\/pages"}],"about":[{"href":"https:\/\/arapca.com\/index.php\/wp-json\/wp\/v2\/types\/page"}],"author":[{"embeddable":true,"href":"https:\/\/arapca.com\/index.php\/wp-json\/wp\/v2\/users\/1"}],"replies":[{"embeddable":true,"href":"https:\/\/arapca.com\/index.php\/wp-json\/wp\/v2\/comments?post=22646"}],"version-history":[{"count":1,"href":"https:\/\/arapca.com\/index.php\/wp-json\/wp\/v2\/pages\/22646\/revisions"}],"predecessor-version":[{"id":22647,"href":"https:\/\/arapca.com\/index.php\/wp-json\/wp\/v2\/pages\/22646\/revisions\/22647"}],"up":[{"embeddable":true,"href":"https:\/\/arapca.com\/index.php\/wp-json\/wp\/v2\/pages\/18129"}],"wp:attachment":[{"href":"https:\/\/arapca.com\/index.php\/wp-json\/wp\/v2\/media?parent=22646"}],"curies":[{"name":"wp","href":"https:\/\/api.w.org\/{rel}","templated":true}]}}