{"id":22644,"date":"2025-03-16T18:55:51","date_gmt":"2025-03-16T15:55:51","guid":{"rendered":"https:\/\/arapca.com\/?page_id=22644"},"modified":"2025-03-16T18:55:54","modified_gmt":"2025-03-16T15:55:54","slug":"saglikli-beslenme-ve-spor","status":"publish","type":"page","link":"https:\/\/arapca.com\/index.php\/a2-arapca\/saglikli-beslenme-ve-spor\/","title":{"rendered":"Sa\u011fl\u0131kl\u0131 Beslenme ve Spor"},"content":{"rendered":"\n<figure class=\"wp-block-embed is-type-video is-provider-youtube wp-block-embed-youtube wp-embed-aspect-16-9 wp-has-aspect-ratio\"><div class=\"wp-block-embed__wrapper\">\n<iframe title=\"SI\u0307LSI\u0307LETU\u0308L LI\u0307SAN | EL K\u0130TAB\u00dcT TEMH\u0130D\u0130 - ARAPC\u0327AYA GI\u0307RI\u0307S\u0327 2.CI\u0307LD 4.DERS\" width=\"640\" height=\"360\" src=\"https:\/\/www.youtube.com\/embed\/fpsIEe_OaxA?feature=oembed\" frameborder=\"0\" allow=\"accelerometer; autoplay; clipboard-write; encrypted-media; gyroscope; picture-in-picture; web-share\" referrerpolicy=\"strict-origin-when-cross-origin\" allowfullscreen><\/iframe>\n<\/div><\/figure>\n","protected":false},"excerpt":{"rendered":"","protected":false},"author":1,"featured_media":0,"parent":18129,"menu_order":0,"comment_status":"closed","ping_status":"closed","template":"","meta":{"advanced_seo_description":"","jetpack_seo_html_title":"","jetpack_seo_noindex":false,"footnotes":""},"class_list":["post-22644","page","type-page","status-publish","hentry"],"jetpack_sharing_enabled":true,"jetpack_likes_enabled":true,"_links":{"self":[{"href":"https:\/\/arapca.com\/index.php\/wp-json\/wp\/v2\/pages\/22644","targetHints":{"allow":["GET"]}}],"collection":[{"href":"https:\/\/arapca.com\/index.php\/wp-json\/wp\/v2\/pages"}],"about":[{"href":"https:\/\/arapca.com\/index.php\/wp-json\/wp\/v2\/types\/page"}],"author":[{"embeddable":true,"href":"https:\/\/arapca.com\/index.php\/wp-json\/wp\/v2\/users\/1"}],"replies":[{"embeddable":true,"href":"https:\/\/arapca.com\/index.php\/wp-json\/wp\/v2\/comments?post=22644"}],"version-history":[{"count":1,"href":"https:\/\/arapca.com\/index.php\/wp-json\/wp\/v2\/pages\/22644\/revisions"}],"predecessor-version":[{"id":22645,"href":"https:\/\/arapca.com\/index.php\/wp-json\/wp\/v2\/pages\/22644\/revisions\/22645"}],"up":[{"embeddable":true,"href":"https:\/\/arapca.com\/index.php\/wp-json\/wp\/v2\/pages\/18129"}],"wp:attachment":[{"href":"https:\/\/arapca.com\/index.php\/wp-json\/wp\/v2\/media?parent=22644"}],"curies":[{"name":"wp","href":"https:\/\/api.w.org\/{rel}","templated":true}]}}