{"id":22534,"date":"2025-03-08T14:52:28","date_gmt":"2025-03-08T11:52:28","guid":{"rendered":"https:\/\/arapca.com\/?page_id=22534"},"modified":"2025-03-08T14:52:30","modified_gmt":"2025-03-08T11:52:30","slug":"sahih-fiil","status":"publish","type":"page","link":"https:\/\/arapca.com\/index.php\/sahih-fiil\/","title":{"rendered":"Sahih Fiil"},"content":{"rendered":"\n<p class=\"has-text-color has-link-color has-large-font-size wp-elements-93e9fd66497c227560db0c444bce3722\" style=\"color:#f90202\"><strong>Sahih Fiil Nedir?<\/strong><\/p>\n\n\n\n<p>Arap\u00e7ada fiiller <strong>sahih<\/strong> ve <strong>mu&#8217;tel<\/strong> olmak \u00fczere ikiye ayr\u0131l\u0131r. <strong>Sahih fiil<\/strong> (\u0627\u0644\u0641\u0639\u0644 \u0627\u0644\u0635\u062d\u064a\u062d), k\u00f6k harfleri aras\u0131nda illet harfi (\u0627\u060c \u0648\u060c \u064a) bulunmayan fiillerdir. Yani, <strong>fiilin \u00fc\u00e7 harfi de sa\u011flam ve de\u011fi\u015fime u\u011framayan harflerden olu\u015fur<\/strong>.<\/p>\n\n\n\n<h3 class=\"wp-block-heading has-text-color has-link-color wp-elements-cf5887a595b289c4c9c720b5b2ff8a1e\" style=\"color:#f60808\"><strong>Sahih Fiil \u00c7e\u015fitleri<\/strong><\/h3>\n\n\n\n<p>Sahih fiiller kendi i\u00e7inde \u00fc\u00e7 gruba ayr\u0131l\u0131r:<\/p>\n\n\n\n<ol class=\"wp-block-list\">\n<li><strong>Selim Fiil (\u0627\u0644\u0641\u0639\u0644 \u0627\u0644\u0633\u0627\u0644\u0645)<\/strong>\n<ul class=\"wp-block-list\">\n<li>K\u00f6k harfleri aras\u0131nda hemze (\u0621), \u015fedde (\u00e7ift harf) veya bir sak\u0131ncal\u0131 harf bulunmaz.<\/li>\n\n\n\n<li>\u00d6rnekler:\n<ul class=\"wp-block-list\">\n<li>\u0643\u064e\u062a\u064e\u0628\u064e (yazd\u0131)<\/li>\n\n\n\n<li>\u062f\u064e\u062e\u064e\u0644\u064e (girdi)<\/li>\n\n\n\n<li>\u062e\u064e\u0631\u064e\u062c\u064e (\u00e7\u0131kt\u0131)<\/li>\n<\/ul>\n<\/li>\n<\/ul>\n<\/li>\n\n\n\n<li><strong>Mahm\u00fbz Fiil (\u0627\u0644\u0641\u0639\u0644 \u0627\u0644\u0645\u0647\u0645\u0648\u0632)<\/strong>\n<ul class=\"wp-block-list\">\n<li>K\u00f6k harflerinden biri hemze (\u0621) i\u00e7erir.<\/li>\n\n\n\n<li>Ba\u015fta, ortada veya sonda olabilir.<\/li>\n\n\n\n<li>\u00d6rnekler:\n<ul class=\"wp-block-list\">\n<li><strong>Ba\u015fta hemzeli:<\/strong> \u0623\u064e\u062e\u064e\u0630\u064e (ald\u0131), \u0623\u064e\u0643\u064e\u0644\u064e (yedi)<\/li>\n\n\n\n<li><strong>Ortada hemzeli:<\/strong> \u0633\u064e\u0623\u064e\u0644\u064e (sordu), \u0642\u064e\u0631\u064e\u0623\u064e (okudu)<\/li>\n\n\n\n<li><strong>Sonda hemzeli:<\/strong> \u0628\u062f\u0623\u064e (ba\u015flad\u0131), \u0645\u0644\u0623\u064e (doldurdu)<\/li>\n<\/ul>\n<\/li>\n<\/ul>\n<\/li>\n\n\n\n<li><strong>Mud\u00e2\u2018af Fiil (\u0627\u0644\u0641\u0639\u0644 \u0627\u0644\u0645\u0636\u0639\u0651\u0641)<\/strong>\n<ul class=\"wp-block-list\">\n<li>K\u00f6k harflerinin ikincisi ve \u00fc\u00e7\u00fcnc\u00fcs\u00fc ayn\u0131 olan (\u015feddeli) fiillerdir.<\/li>\n\n\n\n<li>\u00d6rnekler:\n<ul class=\"wp-block-list\">\n<li>\u0634\u064e\u062f\u064e\u0651 (s\u0131kt\u0131, ba\u011flad\u0131)<\/li>\n\n\n\n<li>\u0638\u064e\u0646\u064e\u0651 (zannetti)<\/li>\n\n\n\n<li>\u0645\u064e\u0631\u064e\u0651 (ge\u00e7ti)<\/li>\n<\/ul>\n<\/li>\n<\/ul>\n<\/li>\n<\/ol>\n\n\n\n<p>Bu fiiller \u00e7ekim s\u0131ras\u0131nda bazen \u015feddeli (tekrarl\u0131) bazen ayr\u0131k \u015fekilde kullan\u0131labilir.<\/p>\n\n\n\n<h3 class=\"wp-block-heading has-text-color has-link-color wp-elements-8dc3b46489b026b7563927d15e3db829\" style=\"color:#f70606\"><strong>Sahih Fiilin \u00d6zellikleri<\/strong><\/h3>\n\n\n\n<p>\u2705 Fiilin k\u00f6k harfleri <strong>illet harfi i\u00e7ermez<\/strong>.<br>\u2705 \u00c7ekim s\u0131ras\u0131nda harf de\u011fi\u015fimi olmaz.<br>\u2705 B\u00fct\u00fcn bablarda (kal\u0131plarda) d\u00fczenli \u00e7ekilir.<\/p>\n\n\n\n<p>Bu y\u00fczden, <strong>sahih fiiller, \u00e7ekimi en kolay ve kurall\u0131 fiil grubudur<\/strong>.<\/p>\n\n\n\n<figure class=\"wp-block-embed is-type-video is-provider-youtube wp-block-embed-youtube wp-embed-aspect-4-3 wp-has-aspect-ratio\"><div class=\"wp-block-embed__wrapper\">\n<iframe loading=\"lazy\" title=\"1.Ders Sahih fiiller (Aksam-\u0131 Seb&#039;a )\" width=\"640\" height=\"480\" src=\"https:\/\/www.youtube.com\/embed\/YmobTAhfXuo?feature=oembed\" frameborder=\"0\" allow=\"accelerometer; autoplay; clipboard-write; encrypted-media; gyroscope; picture-in-picture; web-share\" referrerpolicy=\"strict-origin-when-cross-origin\" allowfullscreen><\/iframe>\n<\/div><\/figure>\n","protected":false},"excerpt":{"rendered":"<p>Sahih Fiil Nedir? Arap\u00e7ada fiiller sahih ve mu&#8217;tel olmak \u00fczere ikiye ayr\u0131l\u0131r. Sahih fiil (\u0627\u0644\u0641\u0639\u0644 \u0627\u0644\u0635\u062d\u064a\u062d), k\u00f6k harfleri aras\u0131nda illet harfi (\u0627\u060c \u0648\u060c \u064a) bulunmayan fiillerdir. Yani, fiilin \u00fc\u00e7 harfi de sa\u011flam ve de\u011fi\u015fime u\u011framayan harflerden olu\u015fur. Sahih Fiil \u00c7e\u015fitleri &hellip; <\/p>\n","protected":false},"author":1,"featured_media":0,"parent":0,"menu_order":0,"comment_status":"closed","ping_status":"closed","template":"","meta":{"_bbp_topic_count":0,"_bbp_reply_count":0,"_bbp_total_topic_count":0,"_bbp_total_reply_count":0,"_bbp_voice_count":0,"_bbp_anonymous_reply_count":0,"_bbp_topic_count_hidden":0,"_bbp_reply_count_hidden":0,"_bbp_forum_subforum_count":0,"footnotes":""},"class_list":["post-22534","page","type-page","status-publish","hentry"],"jetpack_sharing_enabled":true,"jetpack_likes_enabled":true,"_links":{"self":[{"href":"https:\/\/arapca.com\/index.php\/wp-json\/wp\/v2\/pages\/22534","targetHints":{"allow":["GET"]}}],"collection":[{"href":"https:\/\/arapca.com\/index.php\/wp-json\/wp\/v2\/pages"}],"about":[{"href":"https:\/\/arapca.com\/index.php\/wp-json\/wp\/v2\/types\/page"}],"author":[{"embeddable":true,"href":"https:\/\/arapca.com\/index.php\/wp-json\/wp\/v2\/users\/1"}],"replies":[{"embeddable":true,"href":"https:\/\/arapca.com\/index.php\/wp-json\/wp\/v2\/comments?post=22534"}],"version-history":[{"count":1,"href":"https:\/\/arapca.com\/index.php\/wp-json\/wp\/v2\/pages\/22534\/revisions"}],"predecessor-version":[{"id":22536,"href":"https:\/\/arapca.com\/index.php\/wp-json\/wp\/v2\/pages\/22534\/revisions\/22536"}],"wp:attachment":[{"href":"https:\/\/arapca.com\/index.php\/wp-json\/wp\/v2\/media?parent=22534"}],"curies":[{"name":"wp","href":"https:\/\/api.w.org\/{rel}","templated":true}]}}