{"id":22403,"date":"2025-03-06T10:51:05","date_gmt":"2025-03-06T07:51:05","guid":{"rendered":"https:\/\/arapca.com\/?page_id=22403"},"modified":"2025-03-06T10:55:17","modified_gmt":"2025-03-06T07:55:17","slug":"a0-seviyesi-kurs-icerigi","status":"publish","type":"page","link":"https:\/\/arapca.com\/index.php\/a0-seviyesi-kurs-icerigi\/","title":{"rendered":"A0 Seviyesi Kurs \u0130\u00e7eri\u011fi"},"content":{"rendered":"\n<h4 class=\"wp-block-heading\">1\ufe0f\u20e3 <strong>Alfabe ve Sesler<\/strong><\/h4>\n\n\n\n<ul class=\"wp-block-list\">\n<li>Harflerin tan\u0131t\u0131m\u0131 ve telaffuz kurallar\u0131<\/li>\n\n\n\n<li>Harflerin Yaz\u0131l\u0131\u015f\u0131, Okunu\u015fu, Harekeler ve Med kurallar\u0131<\/li>\n\n\n\n<li>Temel okuma ve yazma becerileri<\/li>\n<\/ul>\n\n\n\n<h4 class=\"wp-block-heading\">2\ufe0f\u20e3 <strong>Temel Kelime Bilgisi<\/strong><\/h4>\n\n\n\n<ul class=\"wp-block-list\">\n<li>G\u00fcnl\u00fck hayatta en s\u0131k kullan\u0131lan <strong>100-200 kelime<\/strong><\/li>\n\n\n\n<li><strong>Selamla\u015fma ve vedala\u015fma<\/strong> (Merhaba, G\u00fcle g\u00fcle, Nas\u0131ls\u0131n?)<\/li>\n\n\n\n<li><strong>Say\u0131lar, g\u00fcnler, aylar, mevsimler<\/strong><\/li>\n\n\n\n<li><strong>Aile bireyleri, meslekler, \u00fclkeler, temel nesneler<\/strong><\/li>\n<\/ul>\n\n\n\n<h4 class=\"wp-block-heading\">3\ufe0f\u20e3 <strong>Basit Dilbilgisi Yap\u0131lar\u0131<\/strong><\/h4>\n\n\n\n<ul class=\"wp-block-list\">\n<li><strong>\u00d6zne + y\u00fcklem yap\u0131s\u0131<\/strong> (Ben Ali\u2019yim. Bu bir kalemdir.)<\/li>\n\n\n\n<li><strong>Olumlu, olumsuz ve soru c\u00fcmleleri<\/strong> (Bu bir kitap m\u0131?)<\/li>\n\n\n\n<li><strong>Sahiplik yap\u0131lar\u0131<\/strong> (Benim ad\u0131m, senin kitab\u0131n)<\/li>\n\n\n\n<li><strong>Basit fiil \u00e7ekimleri<\/strong> (Ben \u00e7al\u0131\u015f\u0131yorum, O geliyor)<\/li>\n\n\n\n<li><strong>\u0130sim c\u00fcmleleri<\/strong> (Ben \u00f6\u011frenciyim.)<\/li>\n<\/ul>\n\n\n\n<h4 class=\"wp-block-heading\">4\ufe0f\u20e3 <strong>Temel \u0130leti\u015fim Becerileri<\/strong><\/h4>\n\n\n\n<ul class=\"wp-block-list\">\n<li>Kendini tan\u0131tma (<strong>Ad\u0131n ne? Nerelisin?<\/strong>)<\/li>\n\n\n\n<li>Basit sorular sorma ve cevap verme (<strong>Bu ne? Saat ka\u00e7?<\/strong>)<\/li>\n\n\n\n<li>G\u00fcnl\u00fck ihtiya\u00e7lar\u0131n\u0131 ifade etme (<strong>Su istiyorum. Cami nerede?<\/strong>)<\/li>\n<\/ul>\n\n\n\n<h4 class=\"wp-block-heading\">5\ufe0f\u20e3 <strong>Temel Okuma ve Dinleme \u00c7al\u0131\u015fmalar\u0131<\/strong><\/h4>\n\n\n\n<ul class=\"wp-block-list\">\n<li>Basit metinleri okuma ve anlama<\/li>\n\n\n\n<li>G\u00fcnl\u00fck diyaloglar\u0131 dinleme ve cevaplama<\/li>\n<\/ul>\n\n\n\n<h3 class=\"wp-block-heading\"><strong>Kimler \u0130\u00e7in Uygundur?<\/strong><\/h3>\n\n\n\n<ul class=\"wp-block-list\">\n<li>Daha \u00f6nce hi\u00e7 dil \u00f6\u011frenmemi\u015f ki\u015filer<\/li>\n\n\n\n<li>Temel ifadeleri bilmeyenler veya s\u0131f\u0131rdan ba\u015flamak isteyenler<\/li>\n\n\n\n<li>G\u00fcnl\u00fck basit diyaloglar\u0131 kurmay\u0131 hedefleyenler<\/li>\n<\/ul>\n\n\n<div class=\"wp-block-image\">\n<figure class=\"aligncenter\"><a href=\"https:\/\/arapca.com\/index.php\/courses\/a0\/\"><img data-recalc-dims=\"1\" loading=\"lazy\" decoding=\"async\" width=\"295\" height=\"300\" src=\"https:\/\/i0.wp.com\/arapca.com\/wp-content\/uploads\/2025\/01\/A0-kurs-zemin.jpg?resize=295%2C300&#038;ssl=1\" alt=\"\" class=\"wp-image-21803\" srcset=\"https:\/\/i0.wp.com\/arapca.com\/wp-content\/uploads\/2025\/01\/A0-kurs-zemin.jpg?resize=295%2C300&amp;ssl=1 295w, https:\/\/i0.wp.com\/arapca.com\/wp-content\/uploads\/2025\/01\/A0-kurs-zemin.jpg?resize=600%2C610&amp;ssl=1 600w, https:\/\/i0.wp.com\/arapca.com\/wp-content\/uploads\/2025\/01\/A0-kurs-zemin.jpg?w=717&amp;ssl=1 717w\" sizes=\"auto, (max-width: 295px) 100vw, 295px\" \/><\/a><\/figure>\n<\/div>","protected":false},"excerpt":{"rendered":"<p>1\ufe0f\u20e3 Alfabe ve Sesler 2\ufe0f\u20e3 Temel Kelime Bilgisi 3\ufe0f\u20e3 Basit Dilbilgisi Yap\u0131lar\u0131 4\ufe0f\u20e3 Temel \u0130leti\u015fim Becerileri 5\ufe0f\u20e3 Temel Okuma ve Dinleme \u00c7al\u0131\u015fmalar\u0131 Kimler \u0130\u00e7in Uygundur?<\/p>\n","protected":false},"author":1,"featured_media":0,"parent":0,"menu_order":0,"comment_status":"closed","ping_status":"closed","template":"","meta":{"_bbp_topic_count":0,"_bbp_reply_count":0,"_bbp_total_topic_count":0,"_bbp_total_reply_count":0,"_bbp_voice_count":0,"_bbp_anonymous_reply_count":0,"_bbp_topic_count_hidden":0,"_bbp_reply_count_hidden":0,"_bbp_forum_subforum_count":0,"advanced_seo_description":"","jetpack_seo_html_title":"","jetpack_seo_noindex":false,"footnotes":""},"class_list":["post-22403","page","type-page","status-publish","hentry"],"jetpack_sharing_enabled":true,"jetpack_likes_enabled":true,"_links":{"self":[{"href":"https:\/\/arapca.com\/index.php\/wp-json\/wp\/v2\/pages\/22403","targetHints":{"allow":["GET"]}}],"collection":[{"href":"https:\/\/arapca.com\/index.php\/wp-json\/wp\/v2\/pages"}],"about":[{"href":"https:\/\/arapca.com\/index.php\/wp-json\/wp\/v2\/types\/page"}],"author":[{"embeddable":true,"href":"https:\/\/arapca.com\/index.php\/wp-json\/wp\/v2\/users\/1"}],"replies":[{"embeddable":true,"href":"https:\/\/arapca.com\/index.php\/wp-json\/wp\/v2\/comments?post=22403"}],"version-history":[{"count":2,"href":"https:\/\/arapca.com\/index.php\/wp-json\/wp\/v2\/pages\/22403\/revisions"}],"predecessor-version":[{"id":22408,"href":"https:\/\/arapca.com\/index.php\/wp-json\/wp\/v2\/pages\/22403\/revisions\/22408"}],"wp:attachment":[{"href":"https:\/\/arapca.com\/index.php\/wp-json\/wp\/v2\/media?parent=22403"}],"curies":[{"name":"wp","href":"https:\/\/api.w.org\/{rel}","templated":true}]}}