{"id":22328,"date":"2025-03-01T17:44:53","date_gmt":"2025-03-01T14:44:53","guid":{"rendered":"https:\/\/arapca.com\/?page_id=22328"},"modified":"2025-03-01T17:44:55","modified_gmt":"2025-03-01T14:44:55","slug":"omerin-kacan-kocu","status":"publish","type":"page","link":"https:\/\/arapca.com\/index.php\/hikayeler\/a2-duzeyinde-arapca-hikayeler\/omerin-kacan-kocu\/","title":{"rendered":"\u00d6mer&#8217;in Ka\u00e7an Ko\u00e7u"},"content":{"rendered":"\n<figure class=\"wp-block-embed is-type-video is-provider-youtube wp-block-embed-youtube wp-embed-aspect-16-9 wp-has-aspect-ratio\"><div class=\"wp-block-embed__wrapper\">\n<iframe loading=\"lazy\" title=\"\u0643\u0628\u0634 \u0639\u0645\u0631 \u062a\u0641\u0644\u062a | \u0628\u0631\u0646\u0627\u0645\u062c \u0639\u0645\u0631 \u0648\u0625\u062e\u0648\u062a\u0647 | \u0643\u0631\u062a\u0648\u0646 \u0625\u0633\u0644\u0627\u0645\u064a\" width=\"640\" height=\"360\" src=\"https:\/\/www.youtube.com\/embed\/Vzdb5yqOSjY?feature=oembed\" frameborder=\"0\" allow=\"accelerometer; autoplay; clipboard-write; encrypted-media; gyroscope; picture-in-picture; web-share\" referrerpolicy=\"strict-origin-when-cross-origin\" allowfullscreen><\/iframe>\n<\/div><\/figure>\n\n\n\n<p>Arap\u00e7a A2 Seviyesinde Hikayeler\/Videolar<\/p>\n","protected":false},"excerpt":{"rendered":"<p>Arap\u00e7a A2 Seviyesinde Hikayeler\/Videolar<\/p>\n","protected":false},"author":1,"featured_media":0,"parent":19344,"menu_order":0,"comment_status":"closed","ping_status":"closed","template":"","meta":{"_bbp_topic_count":0,"_bbp_reply_count":0,"_bbp_total_topic_count":0,"_bbp_total_reply_count":0,"_bbp_voice_count":0,"_bbp_anonymous_reply_count":0,"_bbp_topic_count_hidden":0,"_bbp_reply_count_hidden":0,"_bbp_forum_subforum_count":0,"advanced_seo_description":"","jetpack_seo_html_title":"","jetpack_seo_noindex":false,"footnotes":""},"class_list":["post-22328","page","type-page","status-publish","hentry"],"jetpack_sharing_enabled":true,"jetpack_likes_enabled":true,"_links":{"self":[{"href":"https:\/\/arapca.com\/index.php\/wp-json\/wp\/v2\/pages\/22328","targetHints":{"allow":["GET"]}}],"collection":[{"href":"https:\/\/arapca.com\/index.php\/wp-json\/wp\/v2\/pages"}],"about":[{"href":"https:\/\/arapca.com\/index.php\/wp-json\/wp\/v2\/types\/page"}],"author":[{"embeddable":true,"href":"https:\/\/arapca.com\/index.php\/wp-json\/wp\/v2\/users\/1"}],"replies":[{"embeddable":true,"href":"https:\/\/arapca.com\/index.php\/wp-json\/wp\/v2\/comments?post=22328"}],"version-history":[{"count":1,"href":"https:\/\/arapca.com\/index.php\/wp-json\/wp\/v2\/pages\/22328\/revisions"}],"predecessor-version":[{"id":22329,"href":"https:\/\/arapca.com\/index.php\/wp-json\/wp\/v2\/pages\/22328\/revisions\/22329"}],"up":[{"embeddable":true,"href":"https:\/\/arapca.com\/index.php\/wp-json\/wp\/v2\/pages\/19344"}],"wp:attachment":[{"href":"https:\/\/arapca.com\/index.php\/wp-json\/wp\/v2\/media?parent=22328"}],"curies":[{"name":"wp","href":"https:\/\/api.w.org\/{rel}","templated":true}]}}