{"id":22301,"date":"2025-02-26T21:13:55","date_gmt":"2025-02-26T18:13:55","guid":{"rendered":"https:\/\/arapca.com\/?page_id=22301"},"modified":"2025-02-26T21:13:57","modified_gmt":"2025-02-26T18:13:57","slug":"altin-kanatli-serce","status":"publish","type":"page","link":"https:\/\/arapca.com\/index.php\/hikayeler\/a2-duzeyinde-arapca-hikayeler\/altin-kanatli-serce\/","title":{"rendered":"Alt\u0131n Kanatl\u0131 Ser\u00e7e"},"content":{"rendered":"\n<div class=\"h5p-iframe-wrapper\"><iframe id=\"h5p-iframe-190\" class=\"h5p-iframe\" data-content-id=\"190\" style=\"height:1px\" src=\"about:blank\" frameBorder=\"0\" scrolling=\"no\" title=\"A2 Masal: Alt\u0131n Kanatl\u0131 Ser\u00e7e\"><\/iframe><\/div>\n","protected":false},"excerpt":{"rendered":"","protected":false},"author":1,"featured_media":0,"parent":19344,"menu_order":0,"comment_status":"closed","ping_status":"closed","template":"","meta":{"_bbp_topic_count":0,"_bbp_reply_count":0,"_bbp_total_topic_count":0,"_bbp_total_reply_count":0,"_bbp_voice_count":0,"_bbp_anonymous_reply_count":0,"_bbp_topic_count_hidden":0,"_bbp_reply_count_hidden":0,"_bbp_forum_subforum_count":0,"footnotes":""},"class_list":["post-22301","page","type-page","status-publish","hentry"],"jetpack_sharing_enabled":true,"jetpack_likes_enabled":true,"_links":{"self":[{"href":"https:\/\/arapca.com\/index.php\/wp-json\/wp\/v2\/pages\/22301","targetHints":{"allow":["GET"]}}],"collection":[{"href":"https:\/\/arapca.com\/index.php\/wp-json\/wp\/v2\/pages"}],"about":[{"href":"https:\/\/arapca.com\/index.php\/wp-json\/wp\/v2\/types\/page"}],"author":[{"embeddable":true,"href":"https:\/\/arapca.com\/index.php\/wp-json\/wp\/v2\/users\/1"}],"replies":[{"embeddable":true,"href":"https:\/\/arapca.com\/index.php\/wp-json\/wp\/v2\/comments?post=22301"}],"version-history":[{"count":1,"href":"https:\/\/arapca.com\/index.php\/wp-json\/wp\/v2\/pages\/22301\/revisions"}],"predecessor-version":[{"id":22302,"href":"https:\/\/arapca.com\/index.php\/wp-json\/wp\/v2\/pages\/22301\/revisions\/22302"}],"up":[{"embeddable":true,"href":"https:\/\/arapca.com\/index.php\/wp-json\/wp\/v2\/pages\/19344"}],"wp:attachment":[{"href":"https:\/\/arapca.com\/index.php\/wp-json\/wp\/v2\/media?parent=22301"}],"curies":[{"name":"wp","href":"https:\/\/api.w.org\/{rel}","templated":true}]}}