{"id":22290,"date":"2025-02-26T16:11:36","date_gmt":"2025-02-26T13:11:36","guid":{"rendered":"https:\/\/arapca.com\/?page_id=22290"},"modified":"2025-02-26T16:11:39","modified_gmt":"2025-02-26T13:11:39","slug":"tabiler","status":"publish","type":"page","link":"https:\/\/arapca.com\/index.php\/arapca-dilbilgisi\/tabiler\/","title":{"rendered":"T\u00e2biler"},"content":{"rendered":"\n<h2 class=\"wp-block-heading has-text-color has-link-color wp-elements-431263624e6bf8c011ae3eb2196cf3e4\" style=\"color:#f70606\"><strong>T\u00e2biler (\u0627\u0644\u062a\u0648\u0627\u0628\u0639) \u2013 Ba\u011fl\u0131 Kelimeler<\/strong><\/h2>\n\n\n\n<p>Arap\u00e7a&#8217;da <strong>t\u00e2biler (\u0627\u0644\u062a\u0648\u0627\u0628\u0639)<\/strong>, kendisinden \u00f6nce gelen kelimenin irab\u0131na uyan ve ona ba\u011fl\u0131 olan kelimelerdir. Yani, bu kelimeler <strong>kendilerinden \u00f6nceki kelimenin ref\u2019 (\u0645\u0631\u0641\u0648\u0639), nasb (\u0645\u0646\u0635\u0648\u0628) veya cer (\u0645\u062c\u0631\u0648\u0631) olmas\u0131na g\u00f6re irab al\u0131rlar<\/strong>.<\/p>\n\n\n\n<p class=\"has-text-color has-link-color wp-elements-698201a931a6172f05d59cb909f72b55\" style=\"color:#f00a0a\">\ud83d\udccc <strong>Arap\u00e7a\u2019da 4 t\u00fcr t\u00e2bi vard\u0131r:<\/strong><br>1\ufe0f\u20e3 <strong>S\u0131fat (\u0627\u0644\u0646\u0639\u062a)<\/strong> \u2013 \u00d6nce gelen ismi nitelendirir.<br>2\ufe0f\u20e3 <strong>At\u0131f (\u0627\u0644\u0639\u0637\u0641)<\/strong> \u2013 \u00d6nce gelen kelime ile anlam ba\u011f\u0131n\u0131 korur.<br>3\ufe0f\u20e3 <strong>Te&#8217;k\u00eed (\u0627\u0644\u062a\u0648\u0643\u064a\u062f)<\/strong> \u2013 \u00d6nce gelen kelimenin anlam\u0131n\u0131 peki\u015ftirir.<br>4\ufe0f\u20e3 <strong>Bedel (\u0627\u0644\u0628\u062f\u0644)<\/strong> \u2013 \u00d6nce gelen kelimenin yerine ge\u00e7er.<\/p>\n\n\n\n<hr class=\"wp-block-separator has-alpha-channel-opacity\"\/>\n\n\n\n<h2 class=\"wp-block-heading has-text-color has-link-color wp-elements-3eae4b4f60d9a6127dac4e19f8620e45\" style=\"color:#f30707\"><strong>1\ufe0f\u20e3 S\u0131fat (\u0627\u0644\u0646\u0639\u062a)<\/strong><\/h2>\n\n\n\n<p>\ud83d\udd39 <strong>S\u0131fat, bir ismi niteler veya ona ek bilgi verir.<\/strong><br>\ud83d\udd39 <strong>\u0130smin her y\u00f6n\u00fcyle s\u0131fat\u0131na uymas\u0131 gerekir (cinsiyet, say\u0131, irab vb.).<\/strong><\/p>\n\n\n\n<p>\ud83d\udccc <strong>\u00d6rnekler:<\/strong><\/p>\n\n\n\n<ul class=\"wp-block-list\">\n<li><strong>\u0627\u0644\u0637\u0627\u0644\u0628\u064f \u0627\u0644\u0645\u062c\u062a\u0647\u062f\u064f \u0646\u0627\u062c\u062d\u064c.<\/strong> (<strong>\u00c7al\u0131\u015fkan \u00f6\u011frenci ba\u015far\u0131l\u0131d\u0131r.<\/strong>)\n<ul class=\"wp-block-list\">\n<li><em>\u0627\u0644\u0637\u0627\u0644\u0628\u064f<\/em> (M\u00fcbteda \u2013 Merv\u00fb\u2019)<\/li>\n\n\n\n<li><em>\u0627\u0644\u0645\u062c\u062a\u0647\u062f\u064f<\/em> (S\u0131fat \u2013 Merv\u00fb\u2019)<\/li>\n<\/ul>\n<\/li>\n\n\n\n<li><strong>\u0631\u0623\u064a\u062a\u064f \u0631\u062c\u0644\u064b\u0627 \u0643\u0631\u064a\u0645\u064b\u0627.<\/strong> (<strong>C\u00f6mert bir adam g\u00f6rd\u00fcm.<\/strong>)\n<ul class=\"wp-block-list\">\n<li><em>\u0631\u062c\u0644\u064b\u0627<\/em> (Mef\u2019\u00fbl \u2013 Mans\u00fbb)<\/li>\n\n\n\n<li><em>\u0643\u0631\u064a\u0645\u064b\u0627<\/em> (S\u0131fat \u2013 Mans\u00fbb)<\/li>\n<\/ul>\n<\/li>\n\n\n\n<li><strong>\u0645\u0631\u0631\u062a\u064f \u0628\u062d\u062f\u064a\u0642\u0629\u064d \u062c\u0645\u064a\u0644\u0629\u064d.<\/strong> (<strong>G\u00fczel bir bah\u00e7eye u\u011frad\u0131m.<\/strong>)\n<ul class=\"wp-block-list\">\n<li><em>\u062d\u062f\u064a\u0642\u0629\u064d<\/em> (\u0130sim \u2013 Mecr\u00fbr)<\/li>\n\n\n\n<li><em>\u062c\u0645\u064a\u0644\u0629\u064d<\/em> (S\u0131fat \u2013 Mecr\u00fbr)<\/li>\n<\/ul>\n<\/li>\n<\/ul>\n\n\n\n<hr class=\"wp-block-separator has-alpha-channel-opacity\"\/>\n\n\n\n<h2 class=\"wp-block-heading has-text-color has-link-color wp-elements-8fa8ba963f3e1158c22a0438681112c9\" style=\"color:#f20606\"><strong>2\ufe0f\u20e3 At\u0131f (\u0627\u0644\u0639\u0637\u0641)<\/strong><\/h2>\n\n\n\n<p>\ud83d\udd39 <strong>Bir kelimenin di\u011ferine ba\u011flanmas\u0131n\u0131 sa\u011flar.<\/strong><br>\ud83d\udd39 <strong>At\u0131f edatlar\u0131 (\u0648\u064e\u060c \u0623\u0648\u060c \u062b\u0645\u060c \u0628\u0644\u060c \u0644\u0643\u0646\u060c \u0644\u0627) ile yap\u0131l\u0131r.<\/strong><br>\ud83d\udd39 <strong>Atfedilen kelime, \u00f6nceki kelimenin irab\u0131na uyar.<\/strong><\/p>\n\n\n\n<p>\ud83d\udccc <strong>\u00d6rnekler:<\/strong><\/p>\n\n\n\n<ul class=\"wp-block-list\">\n<li><strong>\u062c\u0627\u0621 \u0627\u0644\u0645\u0639\u0644\u0645\u064f \u0648\u0627\u0644\u0637\u0627\u0644\u0628\u064f.<\/strong> (<strong>\u00d6\u011fretmen ve \u00f6\u011frenci geldi.<\/strong>)\n<ul class=\"wp-block-list\">\n<li><em>\u0627\u0644\u0645\u0639\u0644\u0645\u064f<\/em> (F\u00e2il \u2013 Merv\u00fb\u2019)<\/li>\n\n\n\n<li><em>\u0627\u0644\u0637\u0627\u0644\u0628\u064f<\/em> (Atfedilen \u2013 Merv\u00fb\u2019)<\/li>\n<\/ul>\n<\/li>\n\n\n\n<li><strong>\u0631\u0623\u064a\u062a\u064f \u0627\u0644\u0645\u0639\u0644\u0645\u064e \u0648\u0627\u0644\u062a\u0644\u0645\u064a\u0630\u064e.<\/strong> (<strong>\u00d6\u011fretmeni ve \u00f6\u011frenciyi g\u00f6rd\u00fcm.<\/strong>)\n<ul class=\"wp-block-list\">\n<li><em>\u0627\u0644\u0645\u0639\u0644\u0645\u064e<\/em> (Mef\u2019\u00fbl \u2013 Mans\u00fbb)<\/li>\n\n\n\n<li><em>\u0627\u0644\u062a\u0644\u0645\u064a\u0630\u064e<\/em> (Atfedilen \u2013 Mans\u00fbb)<\/li>\n<\/ul>\n<\/li>\n\n\n\n<li><strong>\u0630\u0647\u0628\u062a\u064f \u0625\u0644\u0649 \u0627\u0644\u0645\u062f\u0631\u0633\u0629\u0650 \u062b\u0645 \u0627\u0644\u0633\u0648\u0642\u0650.<\/strong> (<strong>Okula sonra pazara gittim.<\/strong>)\n<ul class=\"wp-block-list\">\n<li><em>\u0627\u0644\u0645\u062f\u0631\u0633\u0629\u0650<\/em> (\u0130sim \u2013 Mecr\u00fbr)<\/li>\n\n\n\n<li><em>\u0627\u0644\u0633\u0648\u0642\u0650<\/em> (Atfedilen \u2013 Mecr\u00fbr)<\/li>\n<\/ul>\n<\/li>\n<\/ul>\n\n\n\n<hr class=\"wp-block-separator has-alpha-channel-opacity\"\/>\n\n\n\n<h2 class=\"wp-block-heading has-text-color has-link-color wp-elements-54e06b04b5e853e04fd7e790c07772eb\" style=\"color:#f40606\"><strong>3\ufe0f\u20e3 Te\u2019k\u00eed (\u0627\u0644\u062a\u0648\u0643\u064a\u062f)<\/strong><\/h2>\n\n\n\n<p>\ud83d\udd39 <strong>\u00d6nce gelen kelimenin anlam\u0131n\u0131 peki\u015ftirmek i\u00e7in kullan\u0131l\u0131r.<\/strong><br>\ud83d\udd39 <strong>Tekrar veya \u00f6zel kelimelerle yap\u0131l\u0131r.<\/strong><\/p>\n\n\n\n<p>\ud83d\udccc <strong>Te\u2019k\u00eed \u00c7e\u015fitleri:<\/strong><br>\u2714 <strong>Lafz\u00ee (\u0644\u0641\u0638\u064a)<\/strong> \u2192 Ayn\u0131 kelimenin tekrarlanmas\u0131yla olur.<br>\u2714 <strong>Manev\u00ee (\u0645\u0639\u0646\u0648\u064a)<\/strong> \u2192 Belirli vurgulay\u0131c\u0131 kelimelerle yap\u0131l\u0131r.<\/p>\n\n\n\n<p>\ud83d\udccc <strong>Manev\u00ee Te\u2019k\u00eed \u0130\u00e7in Kullan\u0131lan Kelimeler:<\/strong><\/p>\n\n\n\n<ul class=\"wp-block-list\">\n<li><strong>\u0646\u0641\u0633\u064f<\/strong> (Bizzat, kendisi)<\/li>\n\n\n\n<li><strong>\u0639\u064a\u0646\u064f<\/strong> (Bizzat, kendisi)<\/li>\n\n\n\n<li><strong>\u0643\u0644\u064f\u0651<\/strong> (B\u00fct\u00fcn)<\/li>\n\n\n\n<li><strong>\u062c\u0645\u064a\u0639\u064f<\/strong> (Hepsi)<\/li>\n<\/ul>\n\n\n\n<p>\ud83d\udccc <strong>\u00d6rnekler:<\/strong><\/p>\n\n\n\n<ul class=\"wp-block-list\">\n<li><strong>\u062c\u0627\u0621 \u0627\u0644\u0637\u0627\u0644\u0628\u064f \u0627\u0644\u0637\u0627\u0644\u0628\u064f.<\/strong> (<strong>\u00d6\u011frenci, \u00f6\u011frenci geldi.<\/strong>) \u2192 <em>Lafz\u00ee te\u2019k\u00eed<\/em><\/li>\n\n\n\n<li><strong>\u062c\u0627\u0621 \u0627\u0644\u0645\u062f\u064a\u0631\u064f \u0646\u0641\u0633\u064f\u0647\u064f.<\/strong> (<strong>M\u00fcd\u00fcr\u00fcn kendisi geldi.<\/strong>) \u2192 <em>Manev\u00ee te\u2019k\u00eed<\/em><\/li>\n\n\n\n<li><strong>\u0631\u0623\u064a\u062a\u064f \u0627\u0644\u062c\u064a\u0634\u064e \u0643\u0644\u064e\u0651\u0647\u064f.<\/strong> (<strong>Ordunun tamam\u0131n\u0131 g\u00f6rd\u00fcm.<\/strong>) \u2192 <em>Manev\u00ee te\u2019k\u00eed<\/em><\/li>\n<\/ul>\n\n\n\n<hr class=\"wp-block-separator has-alpha-channel-opacity\"\/>\n\n\n\n<h2 class=\"wp-block-heading has-text-color has-link-color wp-elements-0a9b14a66f5c068b74d8bd4548be9e9e\" style=\"color:#f70808\"><strong>4\ufe0f\u20e3 Bedel (\u0627\u0644\u0628\u062f\u0644)<\/strong><\/h2>\n\n\n\n<p>\ud83d\udd39 <strong>\u00d6nce gelen kelimenin yerine kullan\u0131labilen kelimedir.<\/strong><br>\ud83d\udd39 <strong>\u00d6nce gelen kelimenin irab\u0131na uyar.<\/strong><\/p>\n\n\n\n<p>\ud83d\udccc <strong>Bedel \u00c7e\u015fitleri:<\/strong><br>\u2714 <strong>Bedel-i K\u00fclli (\u0628\u062f\u0644 \u0643\u0644\u0651 \u0645\u0646 \u0643\u0644\u0651)<\/strong> \u2192 \u00d6nceki kelimenin tamam\u0131n\u0131 ifade eder.<br>\u2714 <strong>Bedel-i Ba&#8217;z\u00ee (\u0628\u062f\u0644 \u0628\u0639\u0636 \u0645\u0646 \u0643\u0644\u0651)<\/strong> \u2192 \u00d6nceki kelimenin bir k\u0131sm\u0131n\u0131 ifade eder.<br>\u2714 <strong>Bedel-i \u0130\u015ftimal (\u0628\u062f\u0644 \u0627\u0634\u062a\u0645\u0627\u0644)<\/strong> \u2192 \u00d6nceki kelimeyle ilgili bir \u015feyi ifade eder.<br>\u2714 <strong>Bedel-i Galat (\u0628\u062f\u0644 \u063a\u0644\u0637)<\/strong> \u2192 Hatal\u0131 s\u00f6ylenen kelimenin d\u00fczeltilmesi i\u00e7in kullan\u0131l\u0131r.<\/p>\n\n\n\n<p>\ud83d\udccc <strong>\u00d6rnekler:<\/strong><\/p>\n\n\n\n<ul class=\"wp-block-list\">\n<li><strong>\u0632\u0627\u0631\u0646\u064a \u0627\u0644\u0645\u0639\u0644\u0645\u064f \u0623\u062d\u0645\u062f\u064f.<\/strong> (<strong>Beni \u00f6\u011fretmen, yani Ahmed ziyaret etti.<\/strong>) \u2192 <em>Bedel-i K\u00fclli<\/em><\/li>\n\n\n\n<li><strong>\u0623\u0643\u0644\u062a\u064f \u0627\u0644\u062a\u0641\u0627\u062d\u0629\u064e \u0646\u0635\u0641\u064e\u0647\u0627.<\/strong> (<strong>Elman\u0131n yar\u0131s\u0131n\u0131 yedim.<\/strong>) \u2192 <em>Bedel-i Ba&#8217;z\u00ee<\/em><\/li>\n\n\n\n<li><strong>\u0623\u062d\u0628\u0628\u062a\u064f \u0639\u0644\u064a\u064b\u0651\u0627 \u0639\u0644\u0645\u064e\u0647\u064f.<\/strong> (<strong>Ali\u2019yi, yani ilmini sevdim.<\/strong>) \u2192 <em>Bedel-i \u0130\u015ftimal<\/em><\/li>\n\n\n\n<li><strong>\u0631\u0623\u064a\u062a\u064f \u062e\u0627\u0644\u062f\u064b\u0627 \u0628\u0644 \u0639\u0645\u0631\u064b\u0627.<\/strong> (<strong>Halid\u2019i g\u00f6rd\u00fcm, yani asl\u0131nda \u00d6mer\u2019i.<\/strong>) \u2192 <em>Bedel-i Galat<\/em><\/li>\n<\/ul>\n\n\n\n<hr class=\"wp-block-separator has-alpha-channel-opacity\"\/>\n\n\n\n<h2 class=\"wp-block-heading has-text-color has-link-color wp-elements-af63b4edfca74fa36568765e72425b41\" style=\"color:#f40606\"><strong>\ud83d\udccc \u00d6zet Tablo<\/strong><\/h2>\n\n\n\n<figure class=\"wp-block-table\"><table class=\"has-fixed-layout\"><thead><tr><th><strong>T\u00e2bi T\u00fcr\u00fc<\/strong><\/th><th><strong>Tan\u0131m<\/strong><\/th><th><strong>\u00d6rnek<\/strong><\/th><\/tr><\/thead><tbody><tr><td><strong>S\u0131fat (\u0627\u0644\u0646\u0639\u062a)<\/strong><\/td><td>\u0130smi niteler<\/td><td><em>\u0627\u0644\u0637\u0627\u0644\u0628\u064f \u0627\u0644\u0645\u062c\u062a\u0647\u062f\u064f \u0646\u0627\u062c\u062d\u064c.<\/em><\/td><\/tr><tr><td><strong>At\u0131f (\u0627\u0644\u0639\u0637\u0641)<\/strong><\/td><td>Ba\u011fla\u00e7larla birle\u015ftirir<\/td><td><em>\u062c\u0627\u0621 \u0627\u0644\u0645\u0639\u0644\u0645\u064f \u0648\u0627\u0644\u0637\u0627\u0644\u0628\u064f.<\/em><\/td><\/tr><tr><td><strong>Te\u2019k\u00eed (\u0627\u0644\u062a\u0648\u0643\u064a\u062f)<\/strong><\/td><td>Anlam\u0131 peki\u015ftirir<\/td><td><em>\u0632\u0627\u0631\u0646\u064a \u0627\u0644\u0645\u062f\u064a\u0631\u064f \u0646\u0641\u0633\u064f\u0647\u064f.<\/em><\/td><\/tr><tr><td><strong>Bedel (\u0627\u0644\u0628\u062f\u0644)<\/strong><\/td><td>\u00d6nceki kelimenin yerine ge\u00e7er<\/td><td><em>\u0623\u062d\u0628\u0628\u062a\u064f \u0639\u0644\u064a\u064b\u0651\u0627 \u0639\u0644\u0645\u064e\u0647\u064f.<\/em><\/td><\/tr><\/tbody><\/table><\/figure>\n\n\n\n<hr class=\"wp-block-separator has-alpha-channel-opacity\"\/>\n\n\n\n<p><\/p>\n","protected":false},"excerpt":{"rendered":"<p>T\u00e2biler (\u0627\u0644\u062a\u0648\u0627\u0628\u0639) \u2013 Ba\u011fl\u0131 Kelimeler Arap\u00e7a&#8217;da t\u00e2biler (\u0627\u0644\u062a\u0648\u0627\u0628\u0639), kendisinden \u00f6nce gelen kelimenin irab\u0131na uyan ve ona ba\u011fl\u0131 olan kelimelerdir. Yani, bu kelimeler kendilerinden \u00f6nceki kelimenin ref\u2019 (\u0645\u0631\u0641\u0648\u0639), nasb (\u0645\u0646\u0635\u0648\u0628) veya cer (\u0645\u062c\u0631\u0648\u0631) olmas\u0131na g\u00f6re irab al\u0131rlar. \ud83d\udccc Arap\u00e7a\u2019da 4 t\u00fcr &hellip; <\/p>\n","protected":false},"author":1,"featured_media":0,"parent":17091,"menu_order":0,"comment_status":"closed","ping_status":"closed","template":"","meta":{"_bbp_topic_count":0,"_bbp_reply_count":0,"_bbp_total_topic_count":0,"_bbp_total_reply_count":0,"_bbp_voice_count":0,"_bbp_anonymous_reply_count":0,"_bbp_topic_count_hidden":0,"_bbp_reply_count_hidden":0,"_bbp_forum_subforum_count":0,"footnotes":""},"class_list":["post-22290","page","type-page","status-publish","hentry"],"jetpack_sharing_enabled":true,"jetpack_likes_enabled":true,"_links":{"self":[{"href":"https:\/\/arapca.com\/index.php\/wp-json\/wp\/v2\/pages\/22290","targetHints":{"allow":["GET"]}}],"collection":[{"href":"https:\/\/arapca.com\/index.php\/wp-json\/wp\/v2\/pages"}],"about":[{"href":"https:\/\/arapca.com\/index.php\/wp-json\/wp\/v2\/types\/page"}],"author":[{"embeddable":true,"href":"https:\/\/arapca.com\/index.php\/wp-json\/wp\/v2\/users\/1"}],"replies":[{"embeddable":true,"href":"https:\/\/arapca.com\/index.php\/wp-json\/wp\/v2\/comments?post=22290"}],"version-history":[{"count":1,"href":"https:\/\/arapca.com\/index.php\/wp-json\/wp\/v2\/pages\/22290\/revisions"}],"predecessor-version":[{"id":22291,"href":"https:\/\/arapca.com\/index.php\/wp-json\/wp\/v2\/pages\/22290\/revisions\/22291"}],"up":[{"embeddable":true,"href":"https:\/\/arapca.com\/index.php\/wp-json\/wp\/v2\/pages\/17091"}],"wp:attachment":[{"href":"https:\/\/arapca.com\/index.php\/wp-json\/wp\/v2\/media?parent=22290"}],"curies":[{"name":"wp","href":"https:\/\/api.w.org\/{rel}","templated":true}]}}