{"id":22283,"date":"2025-02-26T15:53:52","date_gmt":"2025-02-26T12:53:52","guid":{"rendered":"https:\/\/arapca.com\/?page_id=22283"},"modified":"2025-02-26T15:53:54","modified_gmt":"2025-02-26T12:53:54","slug":"parantez-ici-cumle","status":"publish","type":"page","link":"https:\/\/arapca.com\/index.php\/arapca-dilbilgisi\/parantez-ici-cumle\/","title":{"rendered":"Parantez \u0130\u00e7i C\u00fcmle"},"content":{"rendered":"\n<h2 class=\"wp-block-heading has-text-color has-link-color wp-elements-a1545ab0250f9ffe16d8c37145f78c68\" style=\"color:#f70909\"><strong>Parantez \u0130\u00e7i C\u00fcmle (\u0130tirazi C\u00fcmle) \u2013 (\u0627\u0644\u062c\u0645\u0644\u0629 \u0627\u0644\u0627\u0639\u062a\u0631\u0627\u0636\u064a\u0629)<\/strong><\/h2>\n\n\n\n<h3 class=\"wp-block-heading has-text-color has-link-color wp-elements-9752db83b1bf520d2b823e34b90259ed\" style=\"color:#f10a0a\"><strong>1\ufe0f\u20e3 Parantez \u0130\u00e7i (\u0130tirazi) C\u00fcmle Nedir?<\/strong><\/h3>\n\n\n\n<p>Arap\u00e7a&#8217;da <strong>parantez i\u00e7i c\u00fcmle (\u0627\u0644\u062c\u0645\u0644\u0629 \u0627\u0644\u0627\u0639\u062a\u0631\u0627\u0636\u064a\u0629)<\/strong>, bir c\u00fcmlede as\u0131l anlam\u0131 tamamlayan veya a\u00e7\u0131klama yapmak i\u00e7in araya giren ek bir ifadedir. Bu t\u00fcr c\u00fcmleler, konu\u015fmac\u0131n\u0131n duygu, d\u00fc\u015f\u00fcnce veya a\u00e7\u0131klama eklemek i\u00e7in kulland\u0131\u011f\u0131 c\u00fcmlelerdir.<\/p>\n\n\n\n<p>\ud83d\udccc <strong>\u00d6zellikleri:<\/strong><br>\u2714 <strong>C\u00fcmle ak\u0131\u015f\u0131n\u0131 bozmadan ek bilgi verir.<\/strong><br>\u2714 <strong>Genellikle virg\u00fcl veya iki tire (\u2014) ile ayr\u0131l\u0131r.<\/strong><br>\u2714 <strong>Fiil c\u00fcmlesi veya isim c\u00fcmlesi olabilir.<\/strong><br>\u2714 <strong>\u00c7\u0131kar\u0131ld\u0131\u011f\u0131nda ana c\u00fcmlenin anlam\u0131 bozulmaz.<\/strong><br>\u2714 <strong>\u00c7o\u011funlukla dua, \u015fa\u015fk\u0131nl\u0131k, a\u00e7\u0131klama veya yorum bildirmek i\u00e7in kullan\u0131l\u0131r.<\/strong><\/p>\n\n\n\n<p>\ud83d\udd39 <strong>T\u00fcrk\u00e7ede kar\u015f\u0131l\u0131\u011f\u0131:<\/strong><\/p>\n\n\n\n<ul class=\"wp-block-list\">\n<li>Bug\u00fcn (ne yaz\u0131k ki) s\u0131navdan d\u00fc\u015f\u00fck ald\u0131m.<\/li>\n\n\n\n<li>Babam \u2014Allah ona sa\u011fl\u0131k versin\u2014 \u00e7ok \u00e7al\u0131\u015f\u0131yor.<\/li>\n\n\n\n<li>Senin i\u00e7in \u2014inan bana\u2014 elimden geleni yapaca\u011f\u0131m.<\/li>\n<\/ul>\n\n\n\n<hr class=\"wp-block-separator has-alpha-channel-opacity\"\/>\n\n\n\n<h3 class=\"wp-block-heading has-text-color has-link-color wp-elements-500d6dad8f6b88881026bc7bf11ae27e\" style=\"color:#f60c0c\"><strong>2\ufe0f\u20e3 Parantez \u0130\u00e7i C\u00fcmlede Kullan\u0131lan Kelimeler ve Yap\u0131lar<\/strong><\/h3>\n\n\n\n<p>\ud83d\udccc <strong>Arap\u00e7a&#8217;da itirazi c\u00fcmleler genellikle \u015fu yap\u0131larla olu\u015fturulur:<\/strong><\/p>\n\n\n\n<figure class=\"wp-block-table\"><table class=\"has-fixed-layout\"><thead><tr><th><strong>Kelime \/ Yap\u0131<\/strong><\/th><th><strong>Anlam\u0131<\/strong><\/th><th><strong>\u00d6rnek C\u00fcmle<\/strong><\/th><\/tr><\/thead><tbody><tr><td><strong>\u0644\u0627 \u0633\u0645\u062d \u0627\u0644\u0644\u0647<\/strong><\/td><td>Allah korusun<\/td><td><em>\u0625\u0630\u0627 \u062d\u062f\u062b\u064e \u0634\u064a\u0621\u064c\u060c \u0644\u0627 \u0633\u0645\u062d\u064e \u0627\u0644\u0644\u0647\u060c \u0641\u0627\u0637\u0645\u0626\u0646\u0652.<\/em> (<strong>E\u011fer bir \u015fey olursa, Allah korusun, sakin ol.<\/strong>)<\/td><\/tr><tr><td><strong>\u063a\u0641\u0631 \u0627\u0644\u0644\u0647 \u0644\u0647<\/strong><\/td><td>Allah onu ba\u011f\u0131\u015flas\u0131n<\/td><td><em>\u0643\u0627\u0646\u064e \u0623\u0628\u064a\u060c \u063a\u0641\u0631\u064e \u0627\u0644\u0644\u0647 \u0644\u0647\u060c \u0631\u062c\u0644\u064b\u0627 \u0643\u0631\u064a\u0645\u064b\u0627.<\/em> (<strong>Babam -Allah onu ba\u011f\u0131\u015flas\u0131n- c\u00f6mert bir adamd\u0131.<\/strong>)<\/td><\/tr><tr><td><strong>\u0631\u062d\u0645\u0647 \u0627\u0644\u0644\u0647<\/strong><\/td><td>Allah rahmet eylesin<\/td><td><em>\u062c\u062f\u064a\u060c \u0631\u062d\u0645\u0647 \u0627\u0644\u0644\u0647\u060c \u0643\u0627\u0646 \u0645\u0646 \u0627\u0644\u0639\u0644\u0645\u0627\u0621.<\/em> (<strong>Dedem -Allah rahmet eylesin- \u00e2limlerdendi.<\/strong>)<\/td><\/tr><tr><td><strong>\u0628\u0635\u0631\u0627\u062d\u0629<\/strong><\/td><td>D\u00fcr\u00fcst olmak gerekirse<\/td><td><em>\u0628\u0635\u0631\u0627\u062d\u0629\u060c \u0644\u0645 \u0623\u0641\u0647\u0645\u0652 \u0647\u0630\u0627 \u0627\u0644\u062f\u0631\u0633\u064e \u062c\u064a\u062f\u064b\u0627.<\/em> (<strong>D\u00fcr\u00fcst olmak gerekirse, bu dersi iyi anlamad\u0131m.<\/strong>)<\/td><\/tr><tr><td><strong>\u0639\u0644\u0649 \u0643\u0644 \u062d\u0627\u0644<\/strong><\/td><td>Her h\u00e2l\u00fck\u00e2rda<\/td><td><em>\u0633\u0623\u0633\u0627\u0639\u062f\u064f\u0643\u064e\u060c \u0639\u0644\u0649 \u0643\u0644 \u062d\u0627\u0644\u060c \u0645\u0647\u0645\u0627 \u0643\u0627\u0646 \u0627\u0644\u0623\u0645\u0631\u064f \u0635\u0639\u0628\u064b\u0627.<\/em> (<strong>Her h\u00e2l\u00fck\u00e2rda sana yard\u0131m edece\u011fim, ne kadar zor olursa olsun.<\/strong>)<\/td><\/tr><tr><td><strong>\u0641\u064a \u0627\u0644\u0648\u0627\u0642\u0639<\/strong><\/td><td>Asl\u0131nda<\/td><td><em>\u0641\u064a \u0627\u0644\u0648\u0627\u0642\u0639\u060c \u0647\u0630\u0627 \u0627\u0644\u0645\u0648\u0636\u0648\u0639\u064f \u064a\u062d\u062a\u0627\u062c\u064f \u0625\u0644\u0649 \u062a\u0641\u0643\u064a\u0631\u064d \u0639\u0645\u064a\u0642\u064d.<\/em> (<strong>Asl\u0131nda bu konu derin d\u00fc\u015f\u00fcnmeyi gerektiriyor.<\/strong>)<\/td><\/tr><tr><td><strong>\u0628\u0627\u0644\u0645\u0646\u0627\u0633\u0628\u0629<\/strong><\/td><td>Bu arada<\/td><td><em>\u0628\u0627\u0644\u0645\u0646\u0627\u0633\u0628\u0629\u060c \u0647\u0644 \u0633\u0645\u0639\u062a\u064e \u0627\u0644\u0623\u062e\u0628\u0627\u0631\u064e \u0627\u0644\u062c\u062f\u064a\u062f\u0629\u064e\u061f<\/em> (<strong>Bu arada, yeni haberleri duydun mu?<\/strong>)<\/td><\/tr><tr><td><strong>\u0644\u0627 \u0623\u062f\u0631\u064a<\/strong><\/td><td>Bilmiyorum<\/td><td><em>\u0647\u0644 \u0633\u064a\u0646\u062c\u062d\u064f \u0641\u064a \u0627\u0644\u0627\u0645\u062a\u062d\u0627\u0646\u0650\u061f \u0644\u0627 \u0623\u062f\u0631\u064a\u060c \u0631\u0628\u0645\u0627 \u064a\u0646\u062c\u062d\u064f.<\/em> (<strong>S\u0131nav\u0131 ge\u00e7ecek mi? Bilmiyorum, belki ge\u00e7er.<\/strong>)<\/td><\/tr><\/tbody><\/table><\/figure>\n\n\n\n<hr class=\"wp-block-separator has-alpha-channel-opacity\"\/>\n\n\n\n<h3 class=\"wp-block-heading has-text-color has-link-color wp-elements-a045c81fda339520a89b8f22bc89e74c\" style=\"color:#f70b0b\"><strong>3\ufe0f\u20e3 Parantez \u0130\u00e7i C\u00fcmle \u00c7e\u015fitleri<\/strong><\/h3>\n\n\n\n<p>\ud83d\udd39 <strong>1. A\u00e7\u0131klay\u0131c\u0131 \u0130tirazi C\u00fcmle (\u0627\u0644\u062c\u0645\u0644\u0629 \u0627\u0644\u062a\u0648\u0636\u064a\u062d\u064a\u0629 \u0627\u0644\u0627\u0639\u062a\u0631\u0627\u0636\u064a\u0629)<\/strong><br>\u2714 <strong>Ana c\u00fcmlede ge\u00e7en bir kelimeyi a\u00e7\u0131klamak i\u00e7in eklenir.<\/strong><\/p>\n\n\n\n<p>\ud83d\udccc <strong>\u00d6rnekler:<\/strong><\/p>\n\n\n\n<ul class=\"wp-block-list\">\n<li><em>\u0630\u0647\u0628\u062a\u064f \u0625\u0644\u0649 \u0627\u0644\u0645\u0643\u062a\u0628\u0629\u0650 (\u0648\u0647\u064a \u0642\u0631\u064a\u0628\u0629\u064c \u0645\u0646 \u0627\u0644\u062c\u0627\u0645\u0639\u0629\u0650) \u0644\u0634\u0631\u0627\u0621\u0650 \u0643\u062a\u0627\u0628\u064d.<\/em><br>(<strong>K\u00fct\u00fcphaneye gittim (ki o, \u00fcniversiteye yak\u0131nd\u0131r) kitap almak i\u00e7in.<\/strong>)<\/li>\n\n\n\n<li><em>\u0627\u0644\u0645\u0639\u0644\u0645\u064f\u2014\u062d\u0641\u0638\u0647\u064f \u0627\u0644\u0644\u0647\u064f\u2014 \u064a\u0634\u0631\u062d\u064f \u0627\u0644\u062f\u0631\u0633\u064e \u062c\u064a\u062f\u064b\u0627.<\/em><br>(<strong>\u00d6\u011fretmen -Allah onu korusun- dersi \u00e7ok iyi anlat\u0131yor.<\/strong>)<\/li>\n<\/ul>\n\n\n\n<hr class=\"wp-block-separator has-alpha-channel-opacity\"\/>\n\n\n\n<p>\ud83d\udd39 <strong>2. Duygusal \/ \u015ea\u015fk\u0131nl\u0131k Bildiren \u0130tirazi C\u00fcmle (\u0627\u0644\u062c\u0645\u0644\u0629 \u0627\u0644\u062a\u0639\u0628\u064a\u0631\u064a\u0629 \u0627\u0644\u0627\u0639\u062a\u0631\u0627\u0636\u064a\u0629)<\/strong><br>\u2714 <strong>\u015ea\u015fk\u0131nl\u0131k, \u00fcz\u00fcnt\u00fc veya dua i\u00e7erir.<\/strong><\/p>\n\n\n\n<p>\ud83d\udccc <strong>\u00d6rnekler:<\/strong><\/p>\n\n\n\n<ul class=\"wp-block-list\">\n<li><em>\u0643\u0627\u0646\u064e \u062c\u062f\u064a\u060c \u0631\u062d\u0645\u0647 \u0627\u0644\u0644\u0647\u060c \u0631\u062c\u0644\u064b\u0627 \u0635\u0627\u0644\u062d\u064b\u0627.<\/em><br>(<strong>Dedem -Allah rahmet eylesin- iyi bir insand\u0131.<\/strong>)<\/li>\n\n\n\n<li><em>\u0641\u0627\u0632\u064e \u0627\u0644\u0641\u0631\u064a\u0642\u064f\u060c \u0644\u0627 \u0623\u0635\u062f\u0642\u064f\u060c \u0628\u0646\u062a\u064a\u062c\u0629\u064d \u0643\u0628\u064a\u0631\u0629\u064d!<\/em><br>(<strong>Tak\u0131m kazand\u0131, inanam\u0131yorum, b\u00fcy\u00fck bir farkla!<\/strong>)<\/li>\n<\/ul>\n\n\n\n<hr class=\"wp-block-separator has-alpha-channel-opacity\"\/>\n\n\n\n<p>\ud83d\udd39 <strong>3. Kendi D\u00fc\u015f\u00fcncesini Ekleyen \u0130tirazi C\u00fcmle (\u0627\u0644\u062c\u0645\u0644\u0629 \u0627\u0644\u062a\u0639\u0642\u064a\u0628\u064a\u0629 \u0627\u0644\u0627\u0639\u062a\u0631\u0627\u0636\u064a\u0629)<\/strong><br>\u2714 <strong>Konu\u015fmac\u0131n\u0131n fikrini veya yorumunu ekledi\u011fi c\u00fcmlelerdir.<\/strong><\/p>\n\n\n\n<p>\ud83d\udccc <strong>\u00d6rnekler:<\/strong><\/p>\n\n\n\n<ul class=\"wp-block-list\">\n<li><em>\u0647\u0630\u0627 \u0627\u0644\u0645\u0648\u0636\u0648\u0639\u064f\u060c \u0641\u064a \u0631\u0623\u064a\u064a\u060c \u064a\u062d\u062a\u0627\u062c\u064f \u0625\u0644\u0649 \u0646\u0642\u0627\u0634\u064d \u0639\u0645\u064a\u0642\u064d.<\/em><br>(<strong>Bu konu, bence, derin bir tart\u0131\u015fma gerektiriyor.<\/strong>)<\/li>\n\n\n\n<li><em>\u0627\u0644\u0643\u062a\u0627\u0628\u064f \u0627\u0644\u0630\u064a \u0642\u0631\u0623\u062a\u064f\u0647\u060c \u0628\u0635\u0631\u0627\u062d\u0629\u064d\u060c \u0644\u0645 \u064a\u0643\u0646\u0652 \u0645\u0645\u062a\u0639\u064b\u0627.<\/em><br>(<strong>Okudu\u011fum kitap, d\u00fcr\u00fcst olmak gerekirse, e\u011flenceli de\u011fildi.<\/strong>)<\/li>\n<\/ul>\n\n\n\n<hr class=\"wp-block-separator has-alpha-channel-opacity\"\/>\n\n\n\n<p>\ud83d\udd39 <strong>4. Ko\u015fullu \/ Uyar\u0131 Ama\u00e7l\u0131 \u0130tirazi C\u00fcmle (\u0627\u0644\u062c\u0645\u0644\u0629 \u0627\u0644\u062a\u062d\u0630\u064a\u0631\u064a\u0629 \u0627\u0644\u0627\u0639\u062a\u0631\u0627\u0636\u064a\u0629)<\/strong><br>\u2714 <strong>Uyar\u0131 ve dikkat \u00e7ekme amac\u0131yla kullan\u0131l\u0131r.<\/strong><\/p>\n\n\n\n<p>\ud83d\udccc <strong>\u00d6rnekler:<\/strong><\/p>\n\n\n\n<ul class=\"wp-block-list\">\n<li><em>\u064a\u062c\u0628\u064f \u0623\u0646\u0652 \u062a\u062f\u0631\u0633\u064e \u062c\u064a\u062f\u064b\u0627 (\u0648\u0625\u0644\u0627 \u0633\u062a\u0631\u0633\u0628\u064f) \u0641\u064a \u0627\u0644\u0627\u0645\u062a\u062d\u0627\u0646\u0650!<\/em><br>(<strong>\u0130yi \u00e7al\u0131\u015fmal\u0131s\u0131n (aksi takdirde ba\u015far\u0131s\u0131z olursun) s\u0131navda!<\/strong>)<\/li>\n\n\n\n<li><em>\u0644\u0627 \u062a\u062a\u0623\u062e\u0631\u0652 (\u0641\u0627\u0644\u0648\u0642\u062a\u064f \u0645\u062d\u062f\u0648\u062f\u064c) \u062d\u062a\u0649 \u0644\u0627 \u062a\u0641\u0648\u062a\u0643\u064e \u0627\u0644\u0631\u062d\u0644\u0629\u064f.<\/em><br>(<strong>Ge\u00e7 kalma (\u00e7\u00fcnk\u00fc zaman s\u0131n\u0131rl\u0131d\u0131r), yoksa yolculu\u011fu ka\u00e7\u0131r\u0131rs\u0131n.<\/strong>)<\/li>\n<\/ul>\n\n\n\n<hr class=\"wp-block-separator has-alpha-channel-opacity\"\/>\n\n\n\n<h3 class=\"wp-block-heading has-text-color has-link-color wp-elements-fd390dbd53e842bf19ae603eee061d46\" style=\"color:#600606\"><strong>4\ufe0f\u20e3 \u00d6zet<\/strong><\/h3>\n\n\n\n<p>\u2714 <strong>\u0130tirazi c\u00fcmleler, ana c\u00fcmlede ek bilgi, a\u00e7\u0131klama, duygu veya d\u00fc\u015f\u00fcnce eklemek i\u00e7in kullan\u0131l\u0131r.<\/strong><br>\u2714 <strong>\u00c7o\u011fu zaman parantez i\u00e7inde veya iki tire ile g\u00f6sterilir.<\/strong><br>\u2714 <strong>\u00c7\u0131kar\u0131ld\u0131\u011f\u0131nda ana c\u00fcmlenin anlam\u0131 bozulmaz.<\/strong><br>\u2714 <strong>Dua, \u015fa\u015fk\u0131nl\u0131k, yorum veya a\u00e7\u0131klama bildirebilir.<\/strong><\/p>\n\n\n\n<p>\ud83d\udccc <strong>Al\u0131\u015ft\u0131rmalar:<\/strong><br>Bu c\u00fcmlelerdeki parantez i\u00e7i ifadeleri bulun!<br>1\ufe0f\u20e3 \u0630\u0647\u0628\u0652\u062a\u064f \u0625\u0644\u0649 \u0627\u0644\u0645\u062f\u0631\u0633\u0629\u0650 (\u0648\u0647\u064a \u0628\u0639\u064a\u062f\u0629\u064c \u0639\u0646 \u0627\u0644\u0628\u064a\u062a\u0650) \u0635\u0628\u0627\u062d\u064b\u0627.<br>2\ufe0f\u20e3 \u0633\u0623\u0632\u0648\u0631\u064f \u062a\u0631\u0643\u064a\u0627 (\u0625\u0646 \u0634\u0627\u0621 \u0627\u0644\u0644\u0647\u064f) \u0641\u064a \u0627\u0644\u0639\u0637\u0644\u0629\u0650.<br>3\ufe0f\u20e3 \u0648\u0627\u0644\u062f\u0650\u064a\u2014\u062d\u0641\u0638\u0647\u064f \u0627\u0644\u0644\u0647\u064f\u2014\u064a\u0639\u0645\u0644\u064f \u0637\u0628\u064a\u0628\u064b\u0627.<\/p>\n","protected":false},"excerpt":{"rendered":"<p>Parantez \u0130\u00e7i C\u00fcmle (\u0130tirazi C\u00fcmle) \u2013 (\u0627\u0644\u062c\u0645\u0644\u0629 \u0627\u0644\u0627\u0639\u062a\u0631\u0627\u0636\u064a\u0629) 1\ufe0f\u20e3 Parantez \u0130\u00e7i (\u0130tirazi) C\u00fcmle Nedir? Arap\u00e7a&#8217;da parantez i\u00e7i c\u00fcmle (\u0627\u0644\u062c\u0645\u0644\u0629 \u0627\u0644\u0627\u0639\u062a\u0631\u0627\u0636\u064a\u0629), bir c\u00fcmlede as\u0131l anlam\u0131 tamamlayan veya a\u00e7\u0131klama yapmak i\u00e7in araya giren ek bir ifadedir. Bu t\u00fcr c\u00fcmleler, konu\u015fmac\u0131n\u0131n duygu, d\u00fc\u015f\u00fcnce &hellip; <\/p>\n","protected":false},"author":1,"featured_media":0,"parent":17091,"menu_order":0,"comment_status":"closed","ping_status":"closed","template":"","meta":{"advanced_seo_description":"","jetpack_seo_html_title":"","jetpack_seo_noindex":false,"footnotes":""},"class_list":["post-22283","page","type-page","status-publish","hentry"],"jetpack_sharing_enabled":true,"jetpack_likes_enabled":true,"_links":{"self":[{"href":"https:\/\/arapca.com\/index.php\/wp-json\/wp\/v2\/pages\/22283","targetHints":{"allow":["GET"]}}],"collection":[{"href":"https:\/\/arapca.com\/index.php\/wp-json\/wp\/v2\/pages"}],"about":[{"href":"https:\/\/arapca.com\/index.php\/wp-json\/wp\/v2\/types\/page"}],"author":[{"embeddable":true,"href":"https:\/\/arapca.com\/index.php\/wp-json\/wp\/v2\/users\/1"}],"replies":[{"embeddable":true,"href":"https:\/\/arapca.com\/index.php\/wp-json\/wp\/v2\/comments?post=22283"}],"version-history":[{"count":1,"href":"https:\/\/arapca.com\/index.php\/wp-json\/wp\/v2\/pages\/22283\/revisions"}],"predecessor-version":[{"id":22284,"href":"https:\/\/arapca.com\/index.php\/wp-json\/wp\/v2\/pages\/22283\/revisions\/22284"}],"up":[{"embeddable":true,"href":"https:\/\/arapca.com\/index.php\/wp-json\/wp\/v2\/pages\/17091"}],"wp:attachment":[{"href":"https:\/\/arapca.com\/index.php\/wp-json\/wp\/v2\/media?parent=22283"}],"curies":[{"name":"wp","href":"https:\/\/api.w.org\/{rel}","templated":true}]}}