{"id":22281,"date":"2025-02-26T15:49:46","date_gmt":"2025-02-26T12:49:46","guid":{"rendered":"https:\/\/arapca.com\/?page_id=22281"},"modified":"2025-02-26T15:49:48","modified_gmt":"2025-02-26T12:49:48","slug":"birlesik-murekkeb-cumleler","status":"publish","type":"page","link":"https:\/\/arapca.com\/index.php\/arapca-dilbilgisi\/birlesik-murekkeb-cumleler\/","title":{"rendered":"Birle\u015fik\/M\u00fcrekkeb C\u00fcmleler"},"content":{"rendered":"\n<h2 class=\"wp-block-heading has-text-color has-link-color wp-elements-343ebc89a97957c1c4ec81df8181e466\" style=\"color:#f70606\"><strong>Birle\u015fik C\u00fcmleler (\u0627\u0644\u062c\u0645\u0644 \u0627\u0644\u0645\u0631\u0643\u0628\u0629)<\/strong><\/h2>\n\n\n\n<h3 class=\"wp-block-heading has-text-color has-link-color wp-elements-b48252130c02979f3da6873bc58b2b31\" style=\"color:#f70909\"><strong>1\ufe0f\u20e3 Birle\u015fik C\u00fcmle Nedir?<\/strong><\/h3>\n\n\n\n<p>Arap\u00e7a&#8217;da <strong>birle\u015fik c\u00fcmle (\u0627\u0644\u062c\u0645\u0644\u0629 \u0627\u0644\u0645\u0631\u0643\u0628\u0629)<\/strong>, en az iki c\u00fcmlenin birbirine ba\u011flanmas\u0131yla olu\u015fan c\u00fcmledir. Bu t\u00fcr c\u00fcmleler genellikle <strong>ba\u011fla\u00e7lar (\u0623\u062f\u0648\u0627\u062a \u0627\u0644\u0631\u0628\u0637)<\/strong> veya zamirler arac\u0131l\u0131\u011f\u0131yla olu\u015fturulur.<\/p>\n\n\n\n<p>\ud83d\udccc <strong>T\u00fcrk\u00e7edeki kar\u015f\u0131l\u0131klar:<\/strong><br>\u2714 <strong>S\u0131ral\u0131 C\u00fcmleler<\/strong><br>\u2714 <strong>Ba\u011fl\u0131 C\u00fcmleler<\/strong><br>\u2714 <strong>Giri\u015fik Birle\u015fik C\u00fcmleler<\/strong><\/p>\n\n\n\n<p>Arap\u00e7a birle\u015fik c\u00fcmleler <strong>isim c\u00fcmlesi (\u0627\u0644\u062c\u0645\u0644\u0629 \u0627\u0644\u0627\u0633\u0645\u064a\u0629)<\/strong> ve <strong>fiil c\u00fcmlesi (\u0627\u0644\u062c\u0645\u0644\u0629 \u0627\u0644\u0641\u0639\u0644\u064a\u0629)<\/strong> \u015feklinde olabilir.<\/p>\n\n\n\n<hr class=\"wp-block-separator has-alpha-channel-opacity\"\/>\n\n\n\n<h2 class=\"wp-block-heading has-text-color has-link-color wp-elements-fb89f1ecf62470d75bf6f3d8572f8374\" style=\"color:#f20c0c\"><strong>2\ufe0f\u20e3 Birle\u015fik C\u00fcmle \u00c7e\u015fitleri<\/strong><\/h2>\n\n\n\n<p>\ud83d\udd39 <strong>1. \u0130lgi C\u00fcmlesi (\u0627\u0644\u062c\u0645\u0644\u0629 \u0627\u0644\u0635\u0644\u0629)<\/strong><br>\u2714 <strong>\u0130smi mevsuller (\u0623\u0633\u0645\u0627\u0621 \u0627\u0644\u0645\u0648\u0635\u0648\u0644)<\/strong> ile kurulur.<br>\u2714 <strong>Ba\u011flant\u0131l\u0131 oldu\u011fu ismin a\u00e7\u0131klamas\u0131n\u0131 yapar.<\/strong><br>\u2714 <strong>Genellikle \u00f6nceki kelimenin niteli\u011fini belirtir.<\/strong><br>\u2714 <strong>&#8220;\u0627\u0644\u0630\u064a\u060c \u0627\u0644\u062a\u064a\u060c \u0627\u0644\u0630\u064a\u0646\u060c \u0627\u0644\u0644\u0627\u062a\u064a&#8221; gibi ilgi zamirleri kullan\u0131l\u0131r.<\/strong><\/p>\n\n\n\n<p>\ud83d\udd39 <strong>\u00d6rnekler:<\/strong><\/p>\n\n\n\n<ul class=\"wp-block-list\">\n<li><em>\u0642\u0631\u0623\u062a\u064f \u0627\u0644\u0643\u062a\u0627\u0628\u064e \u0627\u0644\u0630\u064a \u0627\u0634\u062a\u0631\u064a\u062a\u064f\u0647\u064f \u0623\u0645\u0633.<\/em><br>(<strong>D\u00fcn sat\u0131n ald\u0131\u011f\u0131m kitab\u0131 okudum.<\/strong>)<\/li>\n\n\n\n<li><em>\u0647\u0630\u0627 \u0647\u0648 \u0627\u0644\u0637\u0627\u0644\u0628\u064f \u0627\u0644\u0630\u064a \u0641\u0627\u0632\u064e \u0641\u064a \u0627\u0644\u0645\u0633\u0627\u0628\u0642\u0629\u0650.<\/em><br>(<strong>Bu, yar\u0131\u015fmay\u0131 kazanan \u00f6\u011frencidir.<\/strong>)<\/li>\n<\/ul>\n\n\n\n<p>\ud83d\udccc <strong>Not:<\/strong> \u0130lgi c\u00fcmlesi tek ba\u015f\u0131na anlam ifade etmez, her zaman bir isme ba\u011fl\u0131d\u0131r.<\/p>\n\n\n\n<hr class=\"wp-block-separator has-alpha-channel-opacity\"\/>\n\n\n\n<p>\ud83d\udd39 <strong>2. Ko\u015ful C\u00fcmlesi (\u062c\u0645\u0644\u0629 \u0627\u0644\u0634\u0631\u0637\u064a\u0629)<\/strong><br>\u2714 <strong>\u015eart bildiren c\u00fcmlelerdir.<\/strong><br>\u2714 <strong>Genellikle &#8220;\u0625\u0630\u0627\u060c \u0625\u0646\u060c \u0644\u0648&#8221; gibi ba\u011fla\u00e7larla ba\u015flar.<\/strong><br>\u2714 <strong>\u0130ki ana b\u00f6l\u00fcm\u00fc vard\u0131r: &#8220;\u015eart c\u00fcmlesi&#8221; ve &#8220;Cevap c\u00fcmlesi&#8221;.<\/strong><\/p>\n\n\n\n<p>\ud83d\udd39 <strong>\u00d6rnekler:<\/strong><\/p>\n\n\n\n<ul class=\"wp-block-list\">\n<li><em>\u0625\u0646 \u062a\u062f\u0631\u0633\u0652\u060c \u062a\u0646\u062c\u062d\u0652.<\/em> (<strong>\u00c7al\u0131\u015f\u0131rsan ba\u015far\u0131l\u0131 olursun.<\/strong>)<\/li>\n\n\n\n<li><em>\u0625\u0630\u0627 \u0633\u0627\u0641\u0631\u062a\u064e \u0625\u0644\u0649 \u062a\u0631\u0643\u064a\u0627\u060c \u0641\u0633\u0648\u0641\u064e \u062a\u0633\u062a\u0645\u062a\u0639\u064f \u0643\u062b\u064a\u0631\u064b\u0627.<\/em><br>(<strong>E\u011fer T\u00fcrkiye&#8217;ye seyahat edersen, \u00e7ok e\u011flenirsin.<\/strong>)<\/li>\n<\/ul>\n\n\n\n<p>\ud83d\udccc <strong>Not:<\/strong> &#8220;\u0625\u0646&#8221; genellikle ihtimal i\u00e7eren ko\u015fullarda, &#8220;\u0625\u0630\u0627&#8221; ise kesinlik i\u00e7eren durumlarda kullan\u0131l\u0131r.<\/p>\n\n\n\n<hr class=\"wp-block-separator has-alpha-channel-opacity\"\/>\n\n\n\n<p>\ud83d\udd39 <strong>3. Ama\u00e7 Bildiren C\u00fcmle (\u062c\u0645\u0644\u0629 \u0627\u0644\u063a\u0627\u064a\u0629)<\/strong><br>\u2714 <strong>Bir eylemin amac\u0131n\u0131 a\u00e7\u0131klayan c\u00fcmlelerdir.<\/strong><br>\u2714 <strong>Genellikle &#8220;\u0644\u0650\u060c \u0643\u064a\u060c \u062d\u062a\u0649&#8221; gibi ba\u011fla\u00e7larla kurulur.<\/strong><\/p>\n\n\n\n<p>\ud83d\udd39 <strong>\u00d6rnekler:<\/strong><\/p>\n\n\n\n<ul class=\"wp-block-list\">\n<li><em>\u0623\u062f\u0631\u0633\u064f \u0643\u064a \u0623\u0646\u062c\u062d\u064e \u0641\u064a \u0627\u0644\u0627\u0645\u062a\u062d\u0627\u0646\u0650.<\/em> (<strong>Ba\u015far\u0131l\u0131 olmak i\u00e7in ders \u00e7al\u0131\u015f\u0131yorum.<\/strong>)<\/li>\n\n\n\n<li><em>\u0633\u0627\u0641\u0631\u062a\u064f \u0625\u0644\u0649 \u0645\u0643\u0629\u064e \u0644\u0623\u062f\u0627\u0621\u0650 \u0627\u0644\u0639\u0645\u0631\u0629\u0650.<\/em> (<strong>Umre yapmak i\u00e7in Mekke&#8217;ye gittim.<\/strong>)<\/li>\n<\/ul>\n\n\n\n<hr class=\"wp-block-separator has-alpha-channel-opacity\"\/>\n\n\n\n<p>\ud83d\udd39 <strong>4. Sebep-Sonu\u00e7 C\u00fcmlesi (\u062c\u0645\u0644\u0629 \u0627\u0644\u062a\u0639\u0644\u064a\u0644\u064a\u0629)<\/strong><br>\u2714 <strong>Fiilin nedenini a\u00e7\u0131klar.<\/strong><br>\u2714 <strong>&#8220;\u0644\u0623\u0646\u064e\u0651\u060c \u0628\u0633\u0628\u0628\u0650\u060c \u0625\u0630\u060c \u062d\u064a\u062b\u064f&#8221; gibi ba\u011fla\u00e7larla kurulur.<\/strong><\/p>\n\n\n\n<p>\ud83d\udd39 <strong>\u00d6rnekler:<\/strong><\/p>\n\n\n\n<ul class=\"wp-block-list\">\n<li><em>\u062a\u0623\u062e\u0631\u062a\u064f \u0644\u0623\u0646\u064e\u0651 \u0627\u0644\u062d\u0627\u0641\u0644\u0629\u064e \u0644\u0645 \u062a\u0623\u062a\u0650 \u0641\u064a \u0627\u0644\u0648\u0642\u062a\u0650.<\/em> (<strong>Otob\u00fcs zaman\u0131nda gelmedi\u011fi i\u00e7in ge\u00e7 kald\u0131m.<\/strong>)<\/li>\n\n\n\n<li><em>\u0623\u062d\u0628\u064f\u0651 \u0627\u0644\u0639\u0631\u0628\u064a\u0629\u064e \u0644\u0623\u0646\u0647\u0627 \u0644\u063a\u0629\u064f \u0627\u0644\u0642\u0631\u0622\u0646\u0650.<\/em> (<strong>Arap\u00e7ay\u0131 seviyorum \u00e7\u00fcnk\u00fc o Kur\u2019an\u2019\u0131n dilidir.<\/strong>)<\/li>\n<\/ul>\n\n\n\n<p>\ud83d\udccc <strong>Not:<\/strong> <strong>&#8220;\u0644\u0623\u0646\u064e\u0651&#8221;<\/strong> bir c\u00fcmleden \u00f6nce gelir, <strong>&#8220;\u0628\u0633\u0628\u0628&#8221;<\/strong> ise tek kelime ya da tamlama ile kullan\u0131l\u0131r.<\/p>\n\n\n\n<hr class=\"wp-block-separator has-alpha-channel-opacity\"\/>\n\n\n\n<p>\ud83d\udd39 <strong>5. Kar\u015f\u0131tl\u0131k Bildiren C\u00fcmle (\u062c\u0645\u0644\u0629 \u0627\u0644\u0627\u0633\u062a\u062f\u0631\u0627\u0643\u064a\u0629)<\/strong><br>\u2714 <strong>\u0130ki z\u0131t anlaml\u0131 fikri birbirine ba\u011flar.<\/strong><br>\u2714 <strong>&#8220;\u0644\u0643\u0646\u064e\u0651\u060c \u0631\u063a\u0645 \u0623\u0646\u064e\u0651\u060c \u0645\u0639 \u0623\u0646\u064e\u0651&#8221; gibi ba\u011fla\u00e7larla kurulur.<\/strong><\/p>\n\n\n\n<p>\ud83d\udd39 <strong>\u00d6rnekler:<\/strong><\/p>\n\n\n\n<ul class=\"wp-block-list\">\n<li><em>\u0623\u062d\u0628\u064f\u0651 \u0627\u0644\u0637\u0642\u0633\u064e \u0627\u0644\u062d\u0627\u0631\u064e\u0651\u060c \u0644\u0643\u0646\u0650\u0651\u064a \u0644\u0627 \u0623\u062a\u062d\u0645\u064e\u0651\u0644\u064f \u0627\u0644\u062d\u0631\u0627\u0631\u0629\u064e \u0627\u0644\u0639\u0627\u0644\u064a\u0629\u064e.<\/em><br>(<strong>S\u0131cak havay\u0131 severim ama a\u015f\u0131r\u0131 s\u0131cakl\u0131\u011fa dayanamam.<\/strong>)<\/li>\n\n\n\n<li><em>\u0633\u0627\u0641\u0631\u062a\u064f \u0625\u0644\u0649 \u0623\u0648\u0631\u0648\u0628\u0627 \u0631\u063a\u0645 \u0623\u0646\u064e\u0651 \u0627\u0644\u062c\u0648\u064e\u0651 \u0643\u0627\u0646 \u0628\u0627\u0631\u062f\u0627\u064b.<\/em><br>(<strong>Hava so\u011fuk olmas\u0131na ra\u011fmen Avrupa&#8217;ya seyahat ettim.<\/strong>)<\/li>\n<\/ul>\n\n\n\n<hr class=\"wp-block-separator has-alpha-channel-opacity\"\/>\n\n\n\n<p>\ud83d\udd39 <strong>6. Ko\u015ful ve Sonu\u00e7 C\u00fcmlesi (\u062c\u0645\u0644\u0629 \u0627\u0644\u062c\u0632\u0627\u0621 \u0648\u0627\u0644\u0639\u0642\u0627\u0628)<\/strong><br>\u2714 <strong>Bir eylemin sonucunu veya kar\u015f\u0131l\u0131\u011f\u0131n\u0131 ifade eder.<\/strong><br>\u2714 <strong>&#8220;\u0641\u064e&#8221; ba\u011flac\u0131 ile ba\u011flan\u0131r.<\/strong><\/p>\n\n\n\n<p>\ud83d\udd39 <strong>\u00d6rnekler:<\/strong><\/p>\n\n\n\n<ul class=\"wp-block-list\">\n<li><em>\u0625\u0646\u0652 \u062a\u0633\u0627\u0639\u062f\u0652 \u063a\u064a\u0631\u0643\u064e\u060c \u064a\u0633\u0627\u0639\u062f\u0652\u0643\u064e \u0627\u0644\u0644\u0647\u064f.<\/em><br>(<strong>Ba\u015fkalar\u0131na yard\u0131m edersen, Allah da sana yard\u0131m eder.<\/strong>)<\/li>\n\n\n\n<li><em>\u0645\u0646\u0652 \u064a\u0639\u0645\u0644\u0652 \u062e\u064a\u0631\u064b\u0627\u060c \u064a\u062c\u062f\u0652 \u062e\u064a\u0631\u064b\u0627.<\/em><br>(<strong>Kim iyilik yaparsa, iyilik bulur.<\/strong>)<\/li>\n<\/ul>\n\n\n\n<hr class=\"wp-block-separator has-alpha-channel-opacity\"\/>\n\n\n\n<p>\ud83d\udd39 <strong>7. Zaman Bildiren C\u00fcmle (\u062c\u0645\u0644\u0629 \u0627\u0644\u0632\u0645\u0646\u064a\u0629)<\/strong><br>\u2714 <strong>Bir olay\u0131n ne zaman ger\u00e7ekle\u015fti\u011fini belirtir.<\/strong><br>\u2714 <strong>&#8220;\u062d\u064a\u0646\u060c \u0639\u0646\u062f\u0645\u0627\u060c \u0628\u064a\u0646\u0645\u0627&#8221; gibi ba\u011fla\u00e7larla kurulur.<\/strong><\/p>\n\n\n\n<p>\ud83d\udd39 <strong>\u00d6rnekler:<\/strong><\/p>\n\n\n\n<ul class=\"wp-block-list\">\n<li><em>\u0633\u0623\u0632\u0648\u0631\u064f\u0643\u064e \u0639\u0646\u062f\u0645\u0627 \u062a\u0646\u062a\u0647\u064a \u0645\u0646 \u0627\u0644\u0639\u0645\u0644\u0650.<\/em><br>(<strong>\u0130\u015fin bitince seni ziyaret edece\u011fim.<\/strong>)<\/li>\n\n\n\n<li><em>\u062e\u0631\u062c\u062a\u064f \u0645\u0646 \u0627\u0644\u0628\u064a\u062a\u0650 \u0628\u064a\u0646\u0645\u0627 \u0643\u0627\u0646\u062a \u0627\u0644\u0634\u0645\u0633\u064f \u062a\u0634\u0631\u0642\u064f.<\/em><br>(<strong>Evden \u00e7\u0131kt\u0131m, g\u00fcne\u015f do\u011farken.<\/strong>)<\/li>\n<\/ul>\n\n\n\n<hr class=\"wp-block-separator has-alpha-channel-opacity\"\/>\n\n\n\n<h2 class=\"wp-block-heading has-text-color has-link-color wp-elements-5fb380b93edc2c541101ba8caee101c6\" style=\"color:#f20e0e\"><strong>3\ufe0f\u20e3 Birle\u015fik C\u00fcmlelerde Kullan\u0131lan Ba\u011fla\u00e7lar (\u0623\u062f\u0648\u0627\u062a \u0627\u0644\u0631\u0628\u0637)<\/strong><\/h2>\n\n\n\n<figure class=\"wp-block-table\"><table class=\"has-fixed-layout\"><thead><tr><th><strong>Ba\u011fla\u00e7 (\u0623\u062f\u0627\u0629 \u0627\u0644\u0631\u0628\u0637)<\/strong><\/th><th><strong>Anlam\u0131<\/strong><\/th><th><strong>\u00d6rnek C\u00fcmle<\/strong><\/th><\/tr><\/thead><tbody><tr><td><strong>\u0648<\/strong><\/td><td>ve<\/td><td><em>\u0630\u0647\u0628\u062a\u064f \u0625\u0644\u0649 \u0627\u0644\u0633\u0648\u0642\u0650 \u0648\u0627\u0634\u062a\u0631\u064a\u062a\u064f \u0641\u0627\u0643\u0647\u0629\u064b.<\/em> (Markete gittim ve meyve ald\u0131m.)<\/td><\/tr><tr><td><strong>\u0644\u0643\u0646\u064e\u0651<\/strong><\/td><td>ama<\/td><td><em>\u0623\u062d\u0628\u064f\u0651 \u0627\u0644\u0639\u0631\u0628\u064a\u0629\u064e\u060c \u0644\u0643\u0646\u064e\u0651\u0647\u0627 \u0635\u0639\u0628\u0629\u064c.<\/em> (Arap\u00e7ay\u0131 seviyorum ama zor.)<\/td><\/tr><tr><td><strong>\u0644\u0623\u0646\u064e\u0651<\/strong><\/td><td>\u00e7\u00fcnk\u00fc<\/td><td><em>\u0623\u062d\u0628\u064f\u0651 \u0627\u0644\u0642\u0647\u0648\u0629\u064e \u0644\u0623\u0646\u064e\u0651\u0647\u0627 \u0644\u0630\u064a\u0630\u0629\u064c.<\/em> (Kahveyi seviyorum \u00e7\u00fcnk\u00fc lezzetli.)<\/td><\/tr><tr><td><strong>\u0625\u0630\u0627<\/strong><\/td><td>e\u011fer<\/td><td><em>\u0625\u0630\u0627 \u062f\u0631\u0633\u062a\u064e\u060c \u0646\u062c\u062d\u062a\u064e.<\/em> (E\u011fer \u00e7al\u0131\u015f\u0131rsan, ba\u015far\u0131l\u0131 olursun.)<\/td><\/tr><tr><td><strong>\u0625\u0646\u0652<\/strong><\/td><td>e\u011fer<\/td><td><em>\u0625\u0646\u0652 \u062a\u0633\u0627\u0639\u062f\u0652 \u063a\u064a\u0631\u0643\u064e\u060c \u064a\u0633\u0627\u0639\u062f\u0652\u0643\u064e \u0627\u0644\u0644\u0647\u064f.<\/em> (Ba\u015fkalar\u0131na yard\u0131m edersen, Allah da sana yard\u0131m eder.)<\/td><\/tr><tr><td><strong>\u062d\u064a\u0646<\/strong><\/td><td>-d\u0131\u011f\u0131 zaman<\/td><td><em>\u062d\u064a\u0646 \u062a\u0635\u0644\u064f\u060c \u0623\u062e\u0628\u0631\u0646\u064a.<\/em> (Vard\u0131\u011f\u0131nda bana haber ver.)<\/td><\/tr><tr><td><strong>\u0628\u064a\u0646\u0645\u0627<\/strong><\/td><td>iken<\/td><td><em>\u0643\u0646\u062a\u064f \u0623\u0642\u0631\u0623\u064f \u0628\u064a\u0646\u0645\u0627 \u0643\u0627\u0646 \u0623\u062e\u064a \u064a\u0634\u0627\u0647\u062f\u064f \u0627\u0644\u062a\u0644\u0641\u0627\u0632\u064e.<\/em> (Ben okurken karde\u015fim televizyon izliyordu.)<\/td><\/tr><tr><td><strong>\u0644\u0650\u0640 \/ \u0643\u064a \/ \u062d\u062a\u0649<\/strong><\/td><td>i\u00e7in<\/td><td><em>\u0630\u0647\u0628\u062a\u064f \u0625\u0644\u0649 \u0627\u0644\u062c\u0627\u0645\u0639\u0629\u0650 \u0643\u064a \u0623\u062f\u0631\u0633\u064e.<\/em> (\u00dcniversiteye gittim, okumak i\u00e7in.)<\/td><\/tr><tr><td><strong>\u0631\u063a\u0645 \u0623\u0646\u064e\u0651<\/strong><\/td><td>ra\u011fmen<\/td><td><em>\u062e\u0631\u062c\u062a\u064f \u0631\u063a\u0645 \u0623\u0646\u064e\u0651 \u0627\u0644\u0645\u0637\u0631\u064e \u0643\u0627\u0646 \u0634\u062f\u064a\u062f\u064b\u0627.<\/em> (\u015eiddetli ya\u011fmura ra\u011fmen d\u0131\u015far\u0131 \u00e7\u0131kt\u0131m.)<\/td><\/tr><\/tbody><\/table><\/figure>\n\n\n\n<hr class=\"wp-block-separator has-alpha-channel-opacity\"\/>\n\n\n\n<h2 class=\"wp-block-heading has-text-color has-link-color wp-elements-013a316b0983f408af61835d98673636\" style=\"color:#610404\"><strong>4\ufe0f\u20e3 \u00d6zet<\/strong><\/h2>\n\n\n\n<p>\u2714 <strong>\u0130ki veya daha fazla c\u00fcmlenin birle\u015fmesiyle olu\u015fur.<\/strong><br>\u2714 <strong>Ba\u011fla\u00e7lar (\u0648\u060c \u0644\u0643\u0646\u064e\u0651\u060c \u0644\u0623\u0646\u064e\u0651\u060c \u0625\u0630\u0627&#8230;) kullan\u0131larak kurulur.<\/strong><br>\u2714 <strong>Sebep, ama\u00e7, kar\u015f\u0131tl\u0131k, zaman gibi ili\u015fkileri ifade eder.<\/strong><br>\u2714 <strong>\u0130lgi c\u00fcmleleri (\u0627\u0644\u062c\u0645\u0644\u0629 \u0627\u0644\u0635\u0644\u0629) \u00f6zellikle \u00f6nemli bir birle\u015fik c\u00fcmle t\u00fcr\u00fcd\u00fcr.<\/strong><\/p>\n\n\n\n<p>\ud83d\udccc <strong>Al\u0131\u015ft\u0131rmalar:<\/strong><br>Bu c\u00fcmleleri Arap\u00e7a&#8217;ya \u00e7evirin!<br>1\ufe0f\u20e3 Ders \u00e7al\u0131\u015f\u0131rsan ba\u015far\u0131l\u0131 olursun.<br>2\ufe0f\u20e3 Kitab\u0131 okudum \u00e7\u00fcnk\u00fc \u00e7ok ilgin\u00e7ti.<br>3\ufe0f\u20e3 T\u00fcrkiye\u2019ye gittim ve \u0130stanbul\u2019u gezdim.<\/p>\n","protected":false},"excerpt":{"rendered":"<p>Birle\u015fik C\u00fcmleler (\u0627\u0644\u062c\u0645\u0644 \u0627\u0644\u0645\u0631\u0643\u0628\u0629) 1\ufe0f\u20e3 Birle\u015fik C\u00fcmle Nedir? Arap\u00e7a&#8217;da birle\u015fik c\u00fcmle (\u0627\u0644\u062c\u0645\u0644\u0629 \u0627\u0644\u0645\u0631\u0643\u0628\u0629), en az iki c\u00fcmlenin birbirine ba\u011flanmas\u0131yla olu\u015fan c\u00fcmledir. Bu t\u00fcr c\u00fcmleler genellikle ba\u011fla\u00e7lar (\u0623\u062f\u0648\u0627\u062a \u0627\u0644\u0631\u0628\u0637) veya zamirler arac\u0131l\u0131\u011f\u0131yla olu\u015fturulur. \ud83d\udccc T\u00fcrk\u00e7edeki kar\u015f\u0131l\u0131klar:\u2714 S\u0131ral\u0131 C\u00fcmleler\u2714 Ba\u011fl\u0131 C\u00fcmleler\u2714 Giri\u015fik &hellip; <\/p>\n","protected":false},"author":1,"featured_media":0,"parent":17091,"menu_order":0,"comment_status":"closed","ping_status":"closed","template":"","meta":{"advanced_seo_description":"","jetpack_seo_html_title":"","jetpack_seo_noindex":false,"footnotes":""},"class_list":["post-22281","page","type-page","status-publish","hentry"],"jetpack_sharing_enabled":true,"jetpack_likes_enabled":true,"_links":{"self":[{"href":"https:\/\/arapca.com\/index.php\/wp-json\/wp\/v2\/pages\/22281","targetHints":{"allow":["GET"]}}],"collection":[{"href":"https:\/\/arapca.com\/index.php\/wp-json\/wp\/v2\/pages"}],"about":[{"href":"https:\/\/arapca.com\/index.php\/wp-json\/wp\/v2\/types\/page"}],"author":[{"embeddable":true,"href":"https:\/\/arapca.com\/index.php\/wp-json\/wp\/v2\/users\/1"}],"replies":[{"embeddable":true,"href":"https:\/\/arapca.com\/index.php\/wp-json\/wp\/v2\/comments?post=22281"}],"version-history":[{"count":1,"href":"https:\/\/arapca.com\/index.php\/wp-json\/wp\/v2\/pages\/22281\/revisions"}],"predecessor-version":[{"id":22282,"href":"https:\/\/arapca.com\/index.php\/wp-json\/wp\/v2\/pages\/22281\/revisions\/22282"}],"up":[{"embeddable":true,"href":"https:\/\/arapca.com\/index.php\/wp-json\/wp\/v2\/pages\/17091"}],"wp:attachment":[{"href":"https:\/\/arapca.com\/index.php\/wp-json\/wp\/v2\/media?parent=22281"}],"curies":[{"name":"wp","href":"https:\/\/api.w.org\/{rel}","templated":true}]}}