{"id":21974,"date":"2025-02-08T10:21:33","date_gmt":"2025-02-08T07:21:33","guid":{"rendered":"https:\/\/arapca.com\/?page_id=21974"},"modified":"2025-02-08T19:58:10","modified_gmt":"2025-02-08T16:58:10","slug":"sayilari-ve-rakamlari-eslestir","status":"publish","type":"page","link":"https:\/\/arapca.com\/index.php\/a0-kelime-oyunlari\/sayilari-ve-rakamlari-eslestir\/","title":{"rendered":"Say\u0131lar\u0131 ve rakamlar\u0131 e\u015fle\u015ftir"},"content":{"rendered":"\n<p class=\"has-text-align-center has-text-color has-link-color has-large-font-size wp-elements-6d0d9df18597e8779d1cf2ccea0a7646\" style=\"color:#f90808\">\u0627\u0644\u0639\u064e\u062f\u064e\u062f \u062c \u0627\u0644\u0623\u0639\u062f\u0627\u062f \u0648 \u0627\u0644\u0631\u0651\u064e\u0642\u064e\u0645 \u062c \u0627\u0644\u0623\u0631\u0642\u0627\u0645<\/p>\n\n\n\n<figure class=\"wp-block-audio\"><audio controls src=\"https:\/\/arapca.com\/wp-content\/uploads\/2025\/02\/sayilar.mp3\"><\/audio><\/figure>\n\n\n\n<p><code><div class=\"h5p-iframe-wrapper\"><iframe id=\"h5p-iframe-163\" class=\"h5p-iframe\" data-content-id=\"163\" style=\"height:1px\" src=\"about:blank\" frameBorder=\"0\" scrolling=\"no\" title=\"Say\u0131lar\u0131 E\u015fle\u015ftir\"><\/iframe><\/div><\/code><br><\/p>\n\n\n\n<figure class=\"wp-block-embed is-type-video is-provider-youtube wp-block-embed-youtube wp-embed-aspect-16-9 wp-has-aspect-ratio\"><div class=\"wp-block-embed__wrapper\">\n<iframe loading=\"lazy\" title=\"ARAP\u00c7A RAKAMLAR ve SAYILAR (1-10)\" width=\"640\" height=\"360\" src=\"https:\/\/www.youtube.com\/embed\/sMJzvkKJyHQ?feature=oembed\" frameborder=\"0\" allow=\"accelerometer; autoplay; clipboard-write; encrypted-media; gyroscope; picture-in-picture; web-share\" referrerpolicy=\"strict-origin-when-cross-origin\" allowfullscreen><\/iframe>\n<\/div><\/figure>\n","protected":false},"excerpt":{"rendered":"<p>\u0627\u0644\u0639\u064e\u062f\u064e\u062f \u062c \u0627\u0644\u0623\u0639\u062f\u0627\u062f \u0648 \u0627\u0644\u0631\u0651\u064e\u0642\u064e\u0645 \u062c \u0627\u0644\u0623\u0631\u0642\u0627\u0645<\/p>\n","protected":false},"author":1,"featured_media":0,"parent":19350,"menu_order":0,"comment_status":"closed","ping_status":"closed","template":"","meta":{"_bbp_topic_count":0,"_bbp_reply_count":0,"_bbp_total_topic_count":0,"_bbp_total_reply_count":0,"_bbp_voice_count":0,"_bbp_anonymous_reply_count":0,"_bbp_topic_count_hidden":0,"_bbp_reply_count_hidden":0,"_bbp_forum_subforum_count":0,"footnotes":""},"class_list":["post-21974","page","type-page","status-publish","hentry"],"jetpack_sharing_enabled":true,"jetpack_likes_enabled":true,"_links":{"self":[{"href":"https:\/\/arapca.com\/index.php\/wp-json\/wp\/v2\/pages\/21974","targetHints":{"allow":["GET"]}}],"collection":[{"href":"https:\/\/arapca.com\/index.php\/wp-json\/wp\/v2\/pages"}],"about":[{"href":"https:\/\/arapca.com\/index.php\/wp-json\/wp\/v2\/types\/page"}],"author":[{"embeddable":true,"href":"https:\/\/arapca.com\/index.php\/wp-json\/wp\/v2\/users\/1"}],"replies":[{"embeddable":true,"href":"https:\/\/arapca.com\/index.php\/wp-json\/wp\/v2\/comments?post=21974"}],"version-history":[{"count":4,"href":"https:\/\/arapca.com\/index.php\/wp-json\/wp\/v2\/pages\/21974\/revisions"}],"predecessor-version":[{"id":21994,"href":"https:\/\/arapca.com\/index.php\/wp-json\/wp\/v2\/pages\/21974\/revisions\/21994"}],"up":[{"embeddable":true,"href":"https:\/\/arapca.com\/index.php\/wp-json\/wp\/v2\/pages\/19350"}],"wp:attachment":[{"href":"https:\/\/arapca.com\/index.php\/wp-json\/wp\/v2\/media?parent=21974"}],"curies":[{"name":"wp","href":"https:\/\/api.w.org\/{rel}","templated":true}]}}