{"id":21960,"date":"2025-02-07T20:04:18","date_gmt":"2025-02-07T17:04:18","guid":{"rendered":"https:\/\/arapca.com\/?page_id=21960"},"modified":"2025-02-07T20:12:08","modified_gmt":"2025-02-07T17:12:08","slug":"a2-sirin-bir-koy-hisarcik","status":"publish","type":"page","link":"https:\/\/arapca.com\/index.php\/hikayeler\/a2-duzeyinde-arapca-hikayeler\/a2-sirin-bir-koy-hisarcik\/","title":{"rendered":"A2 \u015eirin Bir K\u00f6y: Hisarc\u0131k"},"content":{"rendered":"\n<figure class=\"wp-block-image size-full\"><img data-recalc-dims=\"1\" loading=\"lazy\" decoding=\"async\" width=\"640\" height=\"640\" src=\"https:\/\/i0.wp.com\/arapca.com\/wp-content\/uploads\/2025\/02\/hisarcik.jpg?resize=640%2C640&#038;ssl=1\" alt=\"\" class=\"wp-image-21961\" srcset=\"https:\/\/i0.wp.com\/arapca.com\/wp-content\/uploads\/2025\/02\/hisarcik.jpg?w=721&amp;ssl=1 721w, https:\/\/i0.wp.com\/arapca.com\/wp-content\/uploads\/2025\/02\/hisarcik.jpg?resize=300%2C300&amp;ssl=1 300w, https:\/\/i0.wp.com\/arapca.com\/wp-content\/uploads\/2025\/02\/hisarcik.jpg?resize=150%2C150&amp;ssl=1 150w, https:\/\/i0.wp.com\/arapca.com\/wp-content\/uploads\/2025\/02\/hisarcik.jpg?resize=600%2C600&amp;ssl=1 600w, https:\/\/i0.wp.com\/arapca.com\/wp-content\/uploads\/2025\/02\/hisarcik.jpg?resize=100%2C100&amp;ssl=1 100w\" sizes=\"auto, (max-width: 640px) 100vw, 640px\" \/><\/figure>\n\n\n\n<p class=\"has-text-align-right has-large-font-size\"><\/p>\n\n\n\n<figure class=\"wp-block-audio\"><audio controls src=\"https:\/\/arapca.com\/wp-content\/uploads\/2025\/02\/hisarcik1.mp3\"><\/audio><\/figure>\n\n\n\n<figure class=\"wp-block-image size-full\"><img data-recalc-dims=\"1\" loading=\"lazy\" decoding=\"async\" width=\"551\" height=\"772\" src=\"https:\/\/i0.wp.com\/arapca.com\/wp-content\/uploads\/2025\/02\/hisarcik-1.jpg?resize=551%2C772&#038;ssl=1\" alt=\"\" class=\"wp-image-21964\" srcset=\"https:\/\/i0.wp.com\/arapca.com\/wp-content\/uploads\/2025\/02\/hisarcik-1.jpg?w=551&amp;ssl=1 551w, https:\/\/i0.wp.com\/arapca.com\/wp-content\/uploads\/2025\/02\/hisarcik-1.jpg?resize=214%2C300&amp;ssl=1 214w\" sizes=\"auto, (max-width: 551px) 100vw, 551px\" \/><\/figure>\n\n\n\n<p class=\"has-large-font-size\"><strong>Erciyes Da\u011f\u0131 eteklerinde bulunan bir k\u00f6y: Hisarc\u0131k<\/strong><\/p>\n\n\n\n<p class=\"has-normal-font-size\">T\u00fcrkiye&#8217;nin tam ortas\u0131nda, ulu Erciyes Da\u011f\u0131&#8217;n\u0131n g\u00f6lgesinde Hisarc\u0131k ad\u0131nda k\u00fc\u00e7\u00fck bir k\u00f6y vard\u0131r.<br>K\u00f6y, yemye\u015fil tarlalar ve meyve a\u011fa\u00e7lar\u0131yla \u00e7evrili, g\u00fczel ve sakin bir yerdir. K\u00f6y \u00e7ocuklar\u0131 sabahlar\u0131 okula gidiyor, sokakta g\u00fcl\u00fcp oynuyorlar.<br>K\u00f6y\u00fcn\u00fc \u00e7ok seven Ahmet ad\u0131nda bir \u00e7ocuk vard\u0131. K\u0131\u015f tatilinde arkada\u015flar\u0131yla Erciyes Da\u011f\u0131&#8217;na \u00e7\u0131kt\u0131, kayak yapt\u0131, kartopu oynad\u0131, kardan adam yapt\u0131. Yaz tatilinde &#8220;Derebah\u00e7e&#8221; adl\u0131 k\u00fc\u00e7\u00fck bir derede y\u00fcz\u00fcyordu.<br>Bir g\u00fcn k\u00f6ye ya\u015fl\u0131 bir adam geldi ve \u015f\u00f6yle dedi: &#8220;Uzun s\u00fcre burada ya\u015fad\u0131m, sonra \u0130stanbul&#8217;a ta\u015f\u0131nd\u0131m. Ama k\u00f6y\u00fcm\u00fc ve insanlar\u0131n\u0131 \u00e7ok \u00f6zl\u00fcyorum. Gitti\u011fim t\u00fcm yerlerde k\u00f6y\u00fcm kadar g\u00fczel bir yer g\u00f6rmedim.&#8221;<br>K\u00f6yl\u00fcler onun etraf\u0131nda toplan\u0131p eski g\u00fcnleri anmaya, hik\u00e2yeler anlatmaya ba\u015flad\u0131lar. Ahmet, &#8220;K\u00f6y\u00fcm\u00fcz\u00fc \u00e7ok seviyoruz, sevgi ve bar\u0131\u015f dolu&#8221; dedi.<br>&#8220;Evet, Hisarc\u0131k her zaman sevgi ve zenginlik dolu bir k\u00f6yd\u00fcr,&#8221; dedi adam g\u00fcl\u00fcmseyerek.<\/p>\n\n\n\n<figure class=\"wp-block-image size-full\"><img data-recalc-dims=\"1\" loading=\"lazy\" decoding=\"async\" width=\"640\" height=\"629\" src=\"https:\/\/i0.wp.com\/arapca.com\/wp-content\/uploads\/2025\/02\/erciyes.jpg?resize=640%2C629&#038;ssl=1\" alt=\"\" class=\"wp-image-21966\" srcset=\"https:\/\/i0.wp.com\/arapca.com\/wp-content\/uploads\/2025\/02\/erciyes.jpg?w=717&amp;ssl=1 717w, https:\/\/i0.wp.com\/arapca.com\/wp-content\/uploads\/2025\/02\/erciyes.jpg?resize=300%2C295&amp;ssl=1 300w, https:\/\/i0.wp.com\/arapca.com\/wp-content\/uploads\/2025\/02\/erciyes.jpg?resize=600%2C590&amp;ssl=1 600w\" sizes=\"auto, (max-width: 640px) 100vw, 640px\" \/><\/figure>\n\n\n\n<h5 class=\"wp-block-heading\"><\/h5>\n\n\n\n<p class=\"has-text-align-center has-text-color has-link-color has-large-font-size wp-elements-3b32262a89b9810b5d7384bb6f7bcfaa\" style=\"color:#f70101\"><strong>\u0627\u0644\u0623\u0633\u0626\u0644\u0629 \u0648 \u0627\u0644\u0623\u062c\u0648\u0628\u0629<\/strong><strong><\/strong><\/p>\n\n\n\n<ol class=\"wp-block-list\">\n<li><strong>\u0623\u064e\u064a\u0652\u0646\u064e \u062a\u064e\u0642\u064e\u0639\u064f \u0642\u064e\u0631\u0652\u064a\u064e\u0629\u064f \u062d\u0650\u0635\u064e\u0627\u0631\u0652\u062c\u0650\u0643\u0652\u061f<\/strong>\n<ol class=\"wp-block-list\">\n<li>\u062a\u064e\u0642\u064e\u0639\u064f \u0642\u064e\u0631\u0652\u064a\u064e\u0629\u064f \u062d\u0650\u0635\u064e\u0627\u0631\u0652\u062c\u0650\u0643\u0652 \u062a\u064e\u062d\u0652\u062a\u064e \u0638\u0650\u0644\u0650\u0651 \u062c\u064e\u0628\u064e\u0644\u0650 \u0625\u0650\u0631\u0652\u062c\u0650\u064a\u064e\u0633\u064e \u0641\u0650\u064a \u0648\u064e\u0633\u064e\u0637\u0650 \u062a\u064f\u0631\u0652\u0643\u0650\u064a\u064e\u0627.<\/li>\n<\/ol>\n<\/li>\n\n\n\n<li><strong>\u0645\u064e\u0627\u0630\u064e\u0627 \u0643\u064e\u0627\u0646\u064e \u064a\u064e\u0641\u0652\u0639\u064e\u0644\u064f \u0623\u064e\u062d\u0652\u0645\u064e\u062f\u064f \u0641\u0650\u064a \u0627\u0644\u0639\u064f\u0637\u0652\u0644\u064e\u0629\u0650\u061f<\/strong>\n<ol class=\"wp-block-list\">\n<li>\u0641\u0650\u064a \u0627\u0644\u0634\u0650\u0651\u062a\u064e\u0627\u0621\u0650\u060c \u0643\u064e\u0627\u0646\u064e \u064a\u064e\u0644\u0652\u0639\u064e\u0628\u064f \u0628\u0650\u0627\u0644\u062b\u064e\u0651\u0644\u0652\u062c\u0650 \u0645\u064e\u0639\u064e \u0623\u064e\u0635\u0652\u062f\u0650\u0642\u064e\u0627\u0626\u0650\u0647\u0650\u060c \u0648\u064e\u0641\u0650\u064a \u0627\u0644\u0635\u064e\u0651\u064a\u0652\u0641\u0650 \u0643\u064e\u0627\u0646\u064f\u0648\u0627 \u064a\u064e\u0633\u0652\u0628\u064e\u062d\u064f\u0648\u0646\u064e \u0641\u0650\u064a \u0627\u0644\u0646\u064e\u0651\u0647\u0652\u0631\u0650 \u0627\u0644\u0635\u064e\u0651\u063a\u0650\u064a\u0631\u0650.<\/li>\n<\/ol>\n<\/li>\n\n\n\n<li><strong>\u0644\u0650\u0645\u064e\u0627\u0630\u064e\u0627 \u062c\u064e\u0627\u0621\u064e \u0627\u0644\u0631\u064e\u0651\u062c\u064f\u0644\u064f \u0627\u0644\u0643\u064e\u0628\u0650\u064a\u0631\u064f \u0625\u0650\u0644\u064e\u0649 \u0627\u0644\u0642\u064e\u0631\u0652\u064a\u064e\u0629\u0650\u061f<\/strong>\n<ol class=\"wp-block-list\">\n<li>\u062c\u064e\u0627\u0621\u064e \u0625\u0650\u0644\u064e\u0649 \u0627\u0644\u0642\u064e\u0631\u0652\u064a\u064e\u0629\u0650 \u0644\u0650\u0623\u064e\u0646\u064e\u0651\u0647\u064f \u0643\u064e\u0627\u0646\u064e \u064a\u064e\u0639\u0650\u064a\u0634\u064f \u0641\u0650\u064a\u0647\u064e\u0627 \u0645\u064f\u0646\u0652\u0630\u064f \u0632\u064e\u0645\u064e\u0627\u0646\u064d \u0637\u064e\u0648\u0650\u064a\u0644\u064d\u060c \u0648\u064e\u0643\u064e\u0627\u0646\u064e \u064a\u064e\u0634\u0652\u062a\u064e\u0627\u0642\u064f \u0625\u0650\u0644\u064e\u064a\u0652\u0647\u064e\u0627 \u0648\u064e\u0625\u0650\u0644\u064e\u0649 \u0623\u064e\u0647\u0652\u0644\u0650\u0647\u064e\u0627.<\/li>\n<\/ol>\n<\/li>\n<\/ol>\n\n\n\n<p><\/p>\n","protected":false},"excerpt":{"rendered":"<p>Erciyes Da\u011f\u0131 eteklerinde bulunan bir k\u00f6y: Hisarc\u0131k T\u00fcrkiye&#8217;nin tam ortas\u0131nda, ulu Erciyes Da\u011f\u0131&#8217;n\u0131n g\u00f6lgesinde Hisarc\u0131k ad\u0131nda k\u00fc\u00e7\u00fck bir k\u00f6y vard\u0131r.K\u00f6y, yemye\u015fil tarlalar ve meyve a\u011fa\u00e7lar\u0131yla \u00e7evrili, g\u00fczel ve sakin bir yerdir. K\u00f6y \u00e7ocuklar\u0131 sabahlar\u0131 okula gidiyor, sokakta g\u00fcl\u00fcp oynuyorlar.K\u00f6y\u00fcn\u00fc \u00e7ok &hellip; <\/p>\n","protected":false},"author":1,"featured_media":0,"parent":19344,"menu_order":0,"comment_status":"closed","ping_status":"closed","template":"","meta":{"_bbp_topic_count":0,"_bbp_reply_count":0,"_bbp_total_topic_count":0,"_bbp_total_reply_count":0,"_bbp_voice_count":0,"_bbp_anonymous_reply_count":0,"_bbp_topic_count_hidden":0,"_bbp_reply_count_hidden":0,"_bbp_forum_subforum_count":0,"advanced_seo_description":"","jetpack_seo_html_title":"","jetpack_seo_noindex":false,"footnotes":""},"class_list":["post-21960","page","type-page","status-publish","hentry"],"jetpack_sharing_enabled":true,"jetpack_likes_enabled":true,"_links":{"self":[{"href":"https:\/\/arapca.com\/index.php\/wp-json\/wp\/v2\/pages\/21960","targetHints":{"allow":["GET"]}}],"collection":[{"href":"https:\/\/arapca.com\/index.php\/wp-json\/wp\/v2\/pages"}],"about":[{"href":"https:\/\/arapca.com\/index.php\/wp-json\/wp\/v2\/types\/page"}],"author":[{"embeddable":true,"href":"https:\/\/arapca.com\/index.php\/wp-json\/wp\/v2\/users\/1"}],"replies":[{"embeddable":true,"href":"https:\/\/arapca.com\/index.php\/wp-json\/wp\/v2\/comments?post=21960"}],"version-history":[{"count":2,"href":"https:\/\/arapca.com\/index.php\/wp-json\/wp\/v2\/pages\/21960\/revisions"}],"predecessor-version":[{"id":21968,"href":"https:\/\/arapca.com\/index.php\/wp-json\/wp\/v2\/pages\/21960\/revisions\/21968"}],"up":[{"embeddable":true,"href":"https:\/\/arapca.com\/index.php\/wp-json\/wp\/v2\/pages\/19344"}],"wp:attachment":[{"href":"https:\/\/arapca.com\/index.php\/wp-json\/wp\/v2\/media?parent=21960"}],"curies":[{"name":"wp","href":"https:\/\/api.w.org\/{rel}","templated":true}]}}