{"id":21946,"date":"2025-02-06T08:35:07","date_gmt":"2025-02-06T05:35:07","guid":{"rendered":"https:\/\/arapca.com\/?page_id=21946"},"modified":"2026-02-13T13:30:35","modified_gmt":"2026-02-13T10:30:35","slug":"ramazan-ve-oruc","status":"publish","type":"page","link":"https:\/\/arapca.com\/index.php\/ramazan-ve-oruc\/","title":{"rendered":"Ramazan ve Oru\u00e7"},"content":{"rendered":"\n<figure class=\"wp-block-image size-full\"><img data-recalc-dims=\"1\" loading=\"lazy\" decoding=\"async\" width=\"640\" height=\"653\" src=\"https:\/\/i0.wp.com\/arapca.com\/wp-content\/uploads\/2025\/02\/ramazan-ve-oruc.jpg?resize=640%2C653&#038;ssl=1\" alt=\"\" class=\"wp-image-21948\" srcset=\"https:\/\/i0.wp.com\/arapca.com\/wp-content\/uploads\/2025\/02\/ramazan-ve-oruc.jpg?w=715&amp;ssl=1 715w, https:\/\/i0.wp.com\/arapca.com\/wp-content\/uploads\/2025\/02\/ramazan-ve-oruc.jpg?resize=294%2C300&amp;ssl=1 294w, https:\/\/i0.wp.com\/arapca.com\/wp-content\/uploads\/2025\/02\/ramazan-ve-oruc.jpg?resize=600%2C612&amp;ssl=1 600w\" sizes=\"auto, (max-width: 640px) 100vw, 640px\" \/><\/figure>\n\n\n\n<figure class=\"wp-block-audio\"><audio controls src=\"https:\/\/arapca.com\/wp-content\/uploads\/2025\/02\/ramazan-ve-siyam.mp3\"><\/audio><\/figure>\n\n\n\n<p class=\"has-text-align-right has-text-color has-link-color has-large-font-size wp-elements-f8541e1e6274051b4f30746276413a78\" style=\"color:#f90404\"><strong>\u0631\u064e\u0645\u064e\u0636\u064e\u0627\u0646\u064f \u0648\u064e\u0627\u0644\u0635\u0650\u0651\u064a\u064e\u0627\u0645\u064f<\/strong><\/p>\n\n\n\n<p class=\"has-text-align-right\">\u0631\u064e\u0645\u064e\u0636\u064e\u0627\u0646\u064f \u0647\u064f\u0648\u064e \u0634\u064e\u0647\u0652\u0631\u064c \u0645\u064f\u0628\u064e\u0627\u0631\u064e\u0643\u064c \u0641\u0650\u064a \u062d\u064e\u064a\u064e\u0627\u0629\u0650 \u0627\u0644\u0645\u064f\u0633\u0652\u0644\u0650\u0645\u0650\u064a\u0646\u064e\u060c \u0641\u064e\u0647\u064f\u0648\u064e \u0634\u064e\u0647\u0652\u0631\u064f \u0627\u0644\u0635\u0650\u0651\u064a\u064e\u0627\u0645\u0650 \u0648\u064e\u0627\u0644\u0639\u0650\u0628\u064e\u0627\u062f\u064e\u0629\u0650 \u0648\u064e\u0627\u0644\u062a\u064e\u0651\u0642\u064e\u0631\u064f\u0651\u0628\u0650 \u0625\u0650\u0644\u064e\u0649 \u0627\u0644\u0644\u0647\u0650. \u0641\u0650\u064a \u0647\u064e\u0630\u064e\u0627 \u0627\u0644\u0634\u064e\u0651\u0647\u0652\u0631\u0650 \u0627\u0644\u0643\u064e\u0631\u0650\u064a\u0645\u0650\u060c \u064a\u064e\u0635\u064f\u0648\u0645\u064f \u0627\u0644\u0645\u064f\u0633\u0652\u0644\u0650\u0645\u064f\u0648\u0646\u064e \u0645\u0650\u0646\u064e \u0627\u0644\u0641\u064e\u062c\u0652\u0631\u0650 \u0625\u0650\u0644\u064e\u0649 \u0627\u0644\u0645\u064e\u063a\u0652\u0631\u0650\u0628\u0650 \u0637\u064e\u0627\u0639\u064e\u0629\u064b \u0644\u0644\u0647\u0650 \u0648\u064e\u0627\u062a\u0650\u0651\u0628\u064e\u0627\u0639\u064b\u0627 \u0644\u0650\u0623\u064e\u0645\u0652\u0631\u0650\u0647\u0650\u060c \u0643\u064e\u0645\u064e\u0627 \u0642\u064e\u0627\u0644\u064e \u062a\u064e\u0639\u064e\u0627\u0644\u064e\u0649: <strong>\ufd3f\u064a\u064e\u0627 \u0623\u064e\u064a\u064f\u0651\u0647\u064e\u0627 \u0627\u0644\u064e\u0651\u0630\u0650\u064a\u0646\u064e \u0622\u0645\u064e\u0646\u064f\u0648\u0627 \u0643\u064f\u062a\u0650\u0628\u064e \u0639\u064e\u0644\u064e\u064a\u0652\u0643\u064f\u0645\u064f \u0627\u0644\u0635\u0650\u0651\u064a\u064e\u0627\u0645\u064f \u0643\u064e\u0645\u064e\u0627 \u0643\u064f\u062a\u0650\u0628\u064e \u0639\u064e\u0644\u064e\u0649 \u0627\u0644\u064e\u0651\u0630\u0650\u064a\u0646\u064e \u0645\u0650\u0646\u0652 \u0642\u064e\u0628\u0652\u0644\u0650\u0643\u064f\u0645\u0652 \u0644\u064e\u0639\u064e\u0644\u064e\u0651\u0643\u064f\u0645\u0652 \u062a\u064e\u062a\u064e\u0651\u0642\u064f\u0648\u0646\u064e\ufd3e<\/strong> (\u0627\u0644\u0628\u0642\u0631\u0629: 183).<\/p>\n\n\n\n<p class=\"has-text-align-right\">\u0648\u064e\u0627\u0644\u0635\u0650\u0651\u064a\u064e\u0627\u0645\u064f \u0644\u064e\u064a\u0652\u0633\u064e \u0645\u064f\u062c\u064e\u0631\u064e\u0651\u062f\u064e \u0627\u0645\u0652\u062a\u0650\u0646\u064e\u0627\u0639\u064d \u0639\u064e\u0646\u0650 \u0627\u0644\u0637\u064e\u0651\u0639\u064e\u0627\u0645\u0650 \u0648\u064e\u0627\u0644\u0634\u064e\u0651\u0631\u064e\u0627\u0628\u0650\u060c \u0628\u064e\u0644\u0652 \u0647\u064f\u0648\u064e \u062a\u064e\u0647\u0652\u0630\u0650\u064a\u0628\u064c \u0644\u0650\u0644\u0646\u064e\u0651\u0641\u0652\u0633\u0650 \u0648\u064e\u062a\u064e\u0637\u0652\u0647\u0650\u064a\u0631\u064c \u0644\u0650\u0644\u0652\u0642\u064e\u0644\u0652\u0628\u0650 \u0648\u064e\u062a\u064e\u062f\u0652\u0631\u0650\u064a\u0628\u064c \u0639\u064e\u0644\u064e\u0649 \u0627\u0644\u0635\u064e\u0651\u0628\u0652\u0631\u0650 \u0648\u064e\u0627\u0644\u062a\u064e\u0651\u0642\u0652\u0648\u064e\u0649. \u0648\u064e\u0642\u064e\u062f\u0652 \u0642\u064e\u0627\u0644\u064e \u0627\u0644\u0646\u064e\u0651\u0628\u0650\u064a\u064f\u0651 \ufdfa: <strong>&#8220;\u0645\u064e\u0646\u0652 \u0635\u064e\u0627\u0645\u064e \u0631\u064e\u0645\u064e\u0636\u064e\u0627\u0646\u064e \u0625\u0650\u064a\u0645\u064e\u0627\u0646\u064b\u0627 \u0648\u064e\u0627\u062d\u0652\u062a\u0650\u0633\u064e\u0627\u0628\u064b\u0627 \u063a\u064f\u0641\u0650\u0631\u064e \u0644\u064e\u0647\u064f \u0645\u064e\u0627 \u062a\u064e\u0642\u064e\u062f\u064e\u0651\u0645\u064e \u0645\u0650\u0646\u0652 \u0630\u064e\u0646\u0652\u0628\u0650\u0647\u0650&#8221;<\/strong> (\u0645\u062a\u0641\u0642 \u0639\u0644\u064a\u0647).<\/p>\n\n\n\n<p class=\"has-text-align-right\">\u0641\u0650\u064a \u0631\u064e\u0645\u064e\u0636\u064e\u0627\u0646\u064e\u060c \u062a\u064e\u0632\u0652\u062f\u064e\u0627\u062f\u064f \u0645\u064e\u0634\u064e\u0627\u0639\u0650\u0631\u064f \u0627\u0644\u0631\u064e\u0651\u062d\u0652\u0645\u064e\u0629\u0650 \u0648\u064e\u0627\u0644\u062a\u064e\u0651\u0636\u064e\u0627\u0645\u064f\u0646\u0650 \u0628\u064e\u064a\u0652\u0646\u064e \u0627\u0644\u0645\u064f\u0633\u0652\u0644\u0650\u0645\u0650\u064a\u0646\u064e\u060c \u0641\u064e\u064a\u064e\u062a\u064e\u0630\u064e\u0643\u064e\u0651\u0631\u064f \u0627\u0644\u063a\u064e\u0646\u0650\u064a\u064f\u0651 \u0627\u0644\u0641\u064e\u0642\u0650\u064a\u0631\u064e\u060c \u0648\u064e\u064a\u064f\u0642\u064e\u062f\u0650\u0651\u0645\u064f \u0627\u0644\u0645\u064f\u0633\u064e\u0627\u0639\u064e\u062f\u064e\u0629\u064e \u0644\u0650\u0644\u0645\u064f\u062d\u0652\u062a\u064e\u0627\u062c\u0650\u064a\u0646\u064e\u060c \u0648\u064e\u064a\u064e\u062c\u0652\u062a\u064e\u0645\u0650\u0639\u064f \u0627\u0644\u0623\u064e\u0647\u0652\u0644\u064f \u0648\u064e\u0627\u0644\u0623\u064e\u0635\u0652\u062f\u0650\u0642\u064e\u0627\u0621\u064f \u0639\u064e\u0644\u064e\u0649 \u0645\u064e\u0627\u0626\u0650\u062f\u064e\u0629\u0650 \u0627\u0644\u0625\u0650\u0641\u0652\u0637\u064e\u0627\u0631\u0650 \u0641\u0650\u064a \u0623\u064e\u062c\u0652\u0648\u064e\u0627\u0621\u064d \u0645\u0650\u0646\u064e \u0627\u0644\u0645\u064e\u0648\u064e\u062f\u064e\u0651\u0629\u0650 \u0648\u064e\u0627\u0644\u0645\u064e\u062d\u064e\u0628\u064e\u0651\u0629\u0650.<\/p>\n\n\n\n<p class=\"has-text-align-right\">\u0631\u064e\u0645\u064e\u0636\u064e\u0627\u0646\u064f \u0647\u064f\u0648\u064e \u0641\u064f\u0631\u0652\u0635\u064e\u0629\u064c \u0639\u064e\u0638\u0650\u064a\u0645\u064e\u0629\u064c \u0644\u0650\u0645\u064f\u0631\u064e\u0627\u062c\u064e\u0639\u064e\u0629\u0650 \u0627\u0644\u0646\u064e\u0651\u0641\u0652\u0633\u0650 \u0648\u064e\u062a\u064e\u0642\u0652\u0648\u0650\u064a\u064e\u0629\u0650 \u0627\u0644\u0639\u064e\u0644\u064e\u0627\u0642\u064e\u0629\u0650 \u0645\u064e\u0639\u064e \u0627\u0644\u0644\u0647\u0650\u060c \u0641\u064e\u0645\u064e\u0646\u0652 \u0635\u064e\u0627\u0645\u064e\u0647\u064f \u0648\u064e\u0642\u064e\u0627\u0645\u064e\u0647\u064f \u0628\u0650\u0625\u0650\u064a\u0645\u064e\u0627\u0646\u064d \u0648\u064e\u0625\u0650\u062e\u0652\u0644\u064e\u0627\u0635\u064d\u060c \u0646\u064e\u0627\u0644\u064e \u0627\u0644\u0645\u064e\u063a\u0652\u0641\u0650\u0631\u064e\u0629\u064e \u0648\u064e\u0627\u0644\u0631\u064e\u0651\u062d\u0652\u0645\u064e\u0629\u064e. \u0648\u064e\u064a\u064e\u0642\u064f\u0648\u0644\u064f \u0627\u0644\u0646\u064e\u0651\u0628\u0650\u064a\u064f\u0651 \ufdfa: <strong>&#8220;\u0644\u0650\u0644\u0635\u064e\u0651\u0627\u0626\u0650\u0645\u0650 \u0641\u064e\u0631\u0652\u062d\u064e\u062a\u064e\u0627\u0646\u0650: \u0641\u064e\u0631\u0652\u062d\u064e\u0629\u064c \u0639\u0650\u0646\u062f\u064e \u0641\u0650\u0637\u0652\u0631\u0650\u0647\u0650\u060c \u0648\u064e\u0641\u064e\u0631\u0652\u062d\u064e\u0629\u064c \u0639\u0650\u0646\u062f\u064e \u0644\u0650\u0642\u064e\u0627\u0621\u0650 \u0631\u064e\u0628\u0650\u0651\u0647\u0650&#8221;<\/strong> (\u0645\u062a\u0641\u0642 \u0639\u0644\u064a\u0647).<\/p>\n\n\n\n<p class=\"has-text-align-right\"><strong>\u0627\u0644\u0644\u064e\u0651\u0647\u064f\u0645\u064e\u0651 \u0628\u064e\u0644\u0650\u0651\u063a\u0652\u0646\u064e\u0627 \u0631\u064e\u0645\u064e\u0636\u064e\u0627\u0646\u064e\u060c \u0648\u064e\u0623\u064e\u0639\u0650\u0646\u064e\u0651\u0627 \u0639\u064e\u0644\u064e\u0649 \u0635\u0650\u064a\u064e\u0627\u0645\u0650\u0647\u0650 \u0648\u064e\u0642\u0650\u064a\u064e\u0627\u0645\u0650\u0647\u0650\u060c \u0648\u064e\u062a\u064e\u0642\u064e\u0628\u064e\u0651\u0644\u0652 \u0645\u0650\u0646\u064e\u0651\u0627 \u0635\u064e\u0627\u0644\u0650\u062d\u064e \u0627\u0644\u0623\u064e\u0639\u0652\u0645\u064e\u0627\u0644\u0650.<\/strong><\/p>\n\n\n\n<p class=\"has-text-color has-link-color wp-elements-268f39fefdd5a0bbf510dc705c682672\" style=\"color:#fe0606\"><strong>Ramazan ve Oru\u00e7<\/strong><\/p>\n\n\n\n<p>Ramazan, M\u00fcsl\u00fcmanlar\u0131n hayatlar\u0131nda m\u00fcbarek bir ayd\u0131r. Oru\u00e7 tutma, ibadet etme ve Allah&#8217;a yakla\u015fma ay\u0131d\u0131r. Bu m\u00fcbarek ayda M\u00fcsl\u00fcmanlar, Allah&#8217;a itaat ederek ve O&#8217;nun emrine uyarak \u015fafak vaktinden g\u00fcn bat\u0131m\u0131na kadar oru\u00e7 tutarlar. Y\u00fcce Allah \u015f\u00f6yle buyurmu\u015ftur: &#8220;Ey iman edenler! Oru\u00e7, sizden \u00f6ncekilere farz k\u0131l\u0131nd\u0131\u011f\u0131 gibi sizin \u00fczerinize de farz k\u0131l\u0131nd\u0131. Umulur ki, sak\u0131n\u0131rs\u0131n\u0131z.&#8221; (Bakara: 183)<\/p>\n\n\n\n<p>Oru\u00e7, sadece yeme-i\u00e7meden uzak durmak de\u011fil, ruhun ar\u0131nmas\u0131, kalbin temizlenmesi, sab\u0131r ve takvan\u0131n e\u011fitimidir. Peygamber Efendimiz (s.a.v.) \u015f\u00f6yle buyurmu\u015ftur: \u201cKim inanarak ve sevab\u0131n\u0131 Allah\u2019tan bekleyerek Ramazan orucunu tutarsa \u200b\u200bge\u00e7mi\u015f g\u00fcnahlar\u0131 ba\u011f\u0131\u015flan\u0131r.\u201d (M\u00fcslim, Sal\u00e2t, 12)<\/p>\n\n\n\n<p>Ramazan ay\u0131nda M\u00fcsl\u00fcmanlar aras\u0131nda merhamet ve dayan\u0131\u015fma duygular\u0131 artar. Zenginler fakirleri hat\u0131rlar ve ihtiya\u00e7 sahiplerine yard\u0131m sa\u011flar, aile ve arkada\u015flar sevgi ve \u015fefkat atmosferinde iftar sofras\u0131nda bir araya gelir.<\/p>\n\n\n\n<p>Ramazan, ki\u015finin kendini g\u00f6zden ge\u00e7irmesi ve Tanr\u0131 ile ili\u015fkisini g\u00fc\u00e7lendirmesi i\u00e7in harika bir f\u0131rsatt\u0131r. Kim oru\u00e7 tutar ve bu ayda inan\u00e7 ve samimiyetle dua ederse, ba\u011f\u0131\u015flanma ve merhamete kavu\u015fur. Peygamber Efendimiz (s.a.v.) \u015f\u00f6yle buyurmu\u015ftur: \u201cOru\u00e7lunun iki sevinci vard\u0131r: \u0130ftar etti\u011fi zamanki sevinci, Rabbine kavu\u015ftu\u011fu zamanki sevinci.\u201d (M\u00fcslim, Sal\u00e2t, 31)<\/p>\n\n\n\n<p>Allah&#8217;\u0131m, bizi Ramazan&#8217;a ula\u015ft\u0131r, oru\u00e7 tutmay\u0131, namaz k\u0131lmay\u0131 nasip et ve hay\u0131rlar\u0131m\u0131z\u0131 kabul eyle.<\/p>\n","protected":false},"excerpt":{"rendered":"<p>\u0631\u064e\u0645\u064e\u0636\u064e\u0627\u0646\u064f \u0648\u064e\u0627\u0644\u0635\u0650\u0651\u064a\u064e\u0627\u0645\u064f \u0631\u064e\u0645\u064e\u0636\u064e\u0627\u0646\u064f \u0647\u064f\u0648\u064e \u0634\u064e\u0647\u0652\u0631\u064c \u0645\u064f\u0628\u064e\u0627\u0631\u064e\u0643\u064c \u0641\u0650\u064a \u062d\u064e\u064a\u064e\u0627\u0629\u0650 \u0627\u0644\u0645\u064f\u0633\u0652\u0644\u0650\u0645\u0650\u064a\u0646\u064e\u060c \u0641\u064e\u0647\u064f\u0648\u064e \u0634\u064e\u0647\u0652\u0631\u064f \u0627\u0644\u0635\u0650\u0651\u064a\u064e\u0627\u0645\u0650 \u0648\u064e\u0627\u0644\u0639\u0650\u0628\u064e\u0627\u062f\u064e\u0629\u0650 \u0648\u064e\u0627\u0644\u062a\u064e\u0651\u0642\u064e\u0631\u064f\u0651\u0628\u0650 \u0625\u0650\u0644\u064e\u0649 \u0627\u0644\u0644\u0647\u0650. \u0641\u0650\u064a \u0647\u064e\u0630\u064e\u0627 \u0627\u0644\u0634\u064e\u0651\u0647\u0652\u0631\u0650 \u0627\u0644\u0643\u064e\u0631\u0650\u064a\u0645\u0650\u060c \u064a\u064e\u0635\u064f\u0648\u0645\u064f \u0627\u0644\u0645\u064f\u0633\u0652\u0644\u0650\u0645\u064f\u0648\u0646\u064e \u0645\u0650\u0646\u064e \u0627\u0644\u0641\u064e\u062c\u0652\u0631\u0650 \u0625\u0650\u0644\u064e\u0649 \u0627\u0644\u0645\u064e\u063a\u0652\u0631\u0650\u0628\u0650 \u0637\u064e\u0627\u0639\u064e\u0629\u064b \u0644\u0644\u0647\u0650 \u0648\u064e\u0627\u062a\u0650\u0651\u0628\u064e\u0627\u0639\u064b\u0627 \u0644\u0650\u0623\u064e\u0645\u0652\u0631\u0650\u0647\u0650\u060c \u0643\u064e\u0645\u064e\u0627 \u0642\u064e\u0627\u0644\u064e \u062a\u064e\u0639\u064e\u0627\u0644\u064e\u0649: \ufd3f\u064a\u064e\u0627 \u0623\u064e\u064a\u064f\u0651\u0647\u064e\u0627 \u0627\u0644\u064e\u0651\u0630\u0650\u064a\u0646\u064e \u0622\u0645\u064e\u0646\u064f\u0648\u0627 \u0643\u064f\u062a\u0650\u0628\u064e \u0639\u064e\u0644\u064e\u064a\u0652\u0643\u064f\u0645\u064f \u0627\u0644\u0635\u0650\u0651\u064a\u064e\u0627\u0645\u064f &hellip; <\/p>\n","protected":false},"author":1,"featured_media":0,"parent":0,"menu_order":0,"comment_status":"closed","ping_status":"closed","template":"","meta":{"_bbp_topic_count":0,"_bbp_reply_count":0,"_bbp_total_topic_count":0,"_bbp_total_reply_count":0,"_bbp_voice_count":0,"_bbp_anonymous_reply_count":0,"_bbp_topic_count_hidden":0,"_bbp_reply_count_hidden":0,"_bbp_forum_subforum_count":0,"footnotes":""},"class_list":["post-21946","page","type-page","status-publish","hentry"],"jetpack_sharing_enabled":true,"jetpack_likes_enabled":true,"_links":{"self":[{"href":"https:\/\/arapca.com\/index.php\/wp-json\/wp\/v2\/pages\/21946","targetHints":{"allow":["GET"]}}],"collection":[{"href":"https:\/\/arapca.com\/index.php\/wp-json\/wp\/v2\/pages"}],"about":[{"href":"https:\/\/arapca.com\/index.php\/wp-json\/wp\/v2\/types\/page"}],"author":[{"embeddable":true,"href":"https:\/\/arapca.com\/index.php\/wp-json\/wp\/v2\/users\/1"}],"replies":[{"embeddable":true,"href":"https:\/\/arapca.com\/index.php\/wp-json\/wp\/v2\/comments?post=21946"}],"version-history":[{"count":2,"href":"https:\/\/arapca.com\/index.php\/wp-json\/wp\/v2\/pages\/21946\/revisions"}],"predecessor-version":[{"id":24359,"href":"https:\/\/arapca.com\/index.php\/wp-json\/wp\/v2\/pages\/21946\/revisions\/24359"}],"wp:attachment":[{"href":"https:\/\/arapca.com\/index.php\/wp-json\/wp\/v2\/media?parent=21946"}],"curies":[{"name":"wp","href":"https:\/\/api.w.org\/{rel}","templated":true}]}}