{"id":21754,"date":"2025-01-31T15:09:07","date_gmt":"2025-01-31T12:09:07","guid":{"rendered":"https:\/\/arapca.com\/?page_id=21754"},"modified":"2025-01-31T15:16:04","modified_gmt":"2025-01-31T12:16:04","slug":"ddd","status":"publish","type":"page","link":"https:\/\/arapca.com\/index.php\/ddd\/","title":{"rendered":"Harflerin Yaz\u0131l\u0131\u015f\u0131"},"content":{"rendered":"\n<p>Arap\u00e7a harfler sa\u011fdan sola, yukar\u0131dan a\u015fa\u011f\u0131ya do\u011fru yaz\u0131l\u0131r ve harfler kelime i\u00e7erisinde (6 harf hari\u00e7) solundaki harfe biti\u015fik olarak yaz\u0131l\u0131r. Harflerin kelime ba\u015f\u0131nda, ortas\u0131nda ve sonunda yaz\u0131m\u0131nda k\u00fc\u00e7\u00fck de\u011fi\u015fiklikler olur.<\/p>\n\n\n\n<div class=\"h5p-iframe-wrapper\"><iframe id=\"h5p-iframe-153\" class=\"h5p-iframe\" data-content-id=\"153\" style=\"height:1px\" src=\"about:blank\" frameBorder=\"0\" scrolling=\"no\" title=\"A0 Harflerin Kelime \u0130\u00e7inde Yaz\u0131l\u0131\u015f\u0131\"><\/iframe><\/div>\n","protected":false},"excerpt":{"rendered":"<p>Arap\u00e7a harfler sa\u011fdan sola, yukar\u0131dan a\u015fa\u011f\u0131ya do\u011fru yaz\u0131l\u0131r ve harfler kelime i\u00e7erisinde (6 harf hari\u00e7) solundaki harfe biti\u015fik olarak yaz\u0131l\u0131r. Harflerin kelime ba\u015f\u0131nda, ortas\u0131nda ve sonunda yaz\u0131m\u0131nda k\u00fc\u00e7\u00fck de\u011fi\u015fiklikler olur.<\/p>\n","protected":false},"author":1,"featured_media":0,"parent":0,"menu_order":0,"comment_status":"closed","ping_status":"closed","template":"","meta":{"_bbp_topic_count":0,"_bbp_reply_count":0,"_bbp_total_topic_count":0,"_bbp_total_reply_count":0,"_bbp_voice_count":0,"_bbp_anonymous_reply_count":0,"_bbp_topic_count_hidden":0,"_bbp_reply_count_hidden":0,"_bbp_forum_subforum_count":0,"footnotes":""},"class_list":["post-21754","page","type-page","status-publish","hentry"],"jetpack_sharing_enabled":true,"jetpack_likes_enabled":true,"_links":{"self":[{"href":"https:\/\/arapca.com\/index.php\/wp-json\/wp\/v2\/pages\/21754","targetHints":{"allow":["GET"]}}],"collection":[{"href":"https:\/\/arapca.com\/index.php\/wp-json\/wp\/v2\/pages"}],"about":[{"href":"https:\/\/arapca.com\/index.php\/wp-json\/wp\/v2\/types\/page"}],"author":[{"embeddable":true,"href":"https:\/\/arapca.com\/index.php\/wp-json\/wp\/v2\/users\/1"}],"replies":[{"embeddable":true,"href":"https:\/\/arapca.com\/index.php\/wp-json\/wp\/v2\/comments?post=21754"}],"version-history":[{"count":5,"href":"https:\/\/arapca.com\/index.php\/wp-json\/wp\/v2\/pages\/21754\/revisions"}],"predecessor-version":[{"id":21762,"href":"https:\/\/arapca.com\/index.php\/wp-json\/wp\/v2\/pages\/21754\/revisions\/21762"}],"wp:attachment":[{"href":"https:\/\/arapca.com\/index.php\/wp-json\/wp\/v2\/media?parent=21754"}],"curies":[{"name":"wp","href":"https:\/\/api.w.org\/{rel}","templated":true}]}}