{"id":21604,"date":"2025-01-27T20:41:50","date_gmt":"2025-01-27T17:41:50","guid":{"rendered":"https:\/\/arapca.com\/?page_id=21604"},"modified":"2026-04-21T16:25:13","modified_gmt":"2026-04-21T13:25:13","slug":"a2-seviye-oyunlar","status":"publish","type":"page","link":"https:\/\/arapca.com\/index.php\/arapca-oyunlar\/a2-seviye-oyunlar\/","title":{"rendered":"A2 Seviye &#8211; Oyunlar"},"content":{"rendered":"\n<p class=\"has-text-color has-link-color has-large-font-size wp-elements-95370a5832c70ac5d568a2182eb08f00\" style=\"color:#fa0404\"><strong>A2 SEV\u0130YE OYUNLARI<\/strong><\/p>\n\n\n\n<figure class=\"wp-block-table\"><table class=\"has-fixed-layout\"><tbody><tr><td> <a href=\"https:\/\/arapca.com\/index.php\/arapca-oyunlar\/isaret-isimleri\/\">\u0130\u015faret \u0130simleri (Bu, \u015fu..)<\/a><\/td><\/tr><tr><td><a href=\"https:\/\/arapca.com\/index.php\/collections\/onay-ve-itiraz\/\">Onay ve \u0130tiraz-1<\/a><\/td><\/tr><tr><td><a href=\"https:\/\/arapca.com\/index.php\/collections\/onay-ve-itiraz-2-2\/\">Onay ve \u0130tiraz-2<\/a><\/td><\/tr><tr><td><a href=\"https:\/\/arapca.com\/index.php\/arapca-oyunlar\/vucut-organlari-2\/\">Y\u00fccut Organlar\u0131-1<\/a><\/td><\/tr><tr><td><a href=\"https:\/\/arapca.com\/index.php\/arapca-oyunlar\/vucut-organlari\/\">V\u00fccut Organlar\u0131<\/a>-2<\/td><\/tr><tr><td><\/td><\/tr><tr><td><a href=\"https:\/\/arapca.com\/index.php\/courses\/arapca-b1\/h5p\/kelime-eslestir\/\">K\u00f6yde Hayat<\/a><\/td><\/tr><tr><td><a href=\"https:\/\/arapca.com\/index.php\/arapca-oyunlar\/miladi-aylar-ay-isimleri\/\">Miladi Aylar<\/a><\/td><\/tr><tr><td><a href=\"https:\/\/arapca.com\/index.php\/arapca-oyunlar\/hicri-aylar\/\">Hicri Aylar<\/a><\/td><\/tr><tr><td><a href=\"https:\/\/arapca.com\/index.php\/arapca-oyunlar\/sebzeleri-eslestir\/\">Sebzeler<\/a><\/td><\/tr><tr><td><\/td><\/tr><tr><td><\/td><\/tr><\/tbody><\/table><\/figure>\n","protected":false},"excerpt":{"rendered":"<p>A2 SEV\u0130YE OYUNLARI \u0130\u015faret \u0130simleri (Bu, \u015fu..) Onay ve \u0130tiraz-1 Onay ve \u0130tiraz-2 Y\u00fccut Organlar\u0131-1 V\u00fccut Organlar\u0131-2 K\u00f6yde Hayat Miladi Aylar Hicri Aylar Sebzeler<\/p>\n","protected":false},"author":1,"featured_media":0,"parent":16789,"menu_order":0,"comment_status":"closed","ping_status":"closed","template":"","meta":{"_bbp_topic_count":0,"_bbp_reply_count":0,"_bbp_total_topic_count":0,"_bbp_total_reply_count":0,"_bbp_voice_count":0,"_bbp_anonymous_reply_count":0,"_bbp_topic_count_hidden":0,"_bbp_reply_count_hidden":0,"_bbp_forum_subforum_count":0,"advanced_seo_description":"","jetpack_seo_html_title":"","jetpack_seo_noindex":false,"footnotes":""},"class_list":["post-21604","page","type-page","status-publish","hentry"],"jetpack_sharing_enabled":true,"jetpack_likes_enabled":true,"_links":{"self":[{"href":"https:\/\/arapca.com\/index.php\/wp-json\/wp\/v2\/pages\/21604","targetHints":{"allow":["GET"]}}],"collection":[{"href":"https:\/\/arapca.com\/index.php\/wp-json\/wp\/v2\/pages"}],"about":[{"href":"https:\/\/arapca.com\/index.php\/wp-json\/wp\/v2\/types\/page"}],"author":[{"embeddable":true,"href":"https:\/\/arapca.com\/index.php\/wp-json\/wp\/v2\/users\/1"}],"replies":[{"embeddable":true,"href":"https:\/\/arapca.com\/index.php\/wp-json\/wp\/v2\/comments?post=21604"}],"version-history":[{"count":2,"href":"https:\/\/arapca.com\/index.php\/wp-json\/wp\/v2\/pages\/21604\/revisions"}],"predecessor-version":[{"id":26206,"href":"https:\/\/arapca.com\/index.php\/wp-json\/wp\/v2\/pages\/21604\/revisions\/26206"}],"up":[{"embeddable":true,"href":"https:\/\/arapca.com\/index.php\/wp-json\/wp\/v2\/pages\/16789"}],"wp:attachment":[{"href":"https:\/\/arapca.com\/index.php\/wp-json\/wp\/v2\/media?parent=21604"}],"curies":[{"name":"wp","href":"https:\/\/api.w.org\/{rel}","templated":true}]}}