{"id":21236,"date":"2025-01-24T14:24:30","date_gmt":"2025-01-24T11:24:30","guid":{"rendered":"https:\/\/arapca.com\/?page_id=21236"},"modified":"2025-01-24T14:24:34","modified_gmt":"2025-01-24T11:24:34","slug":"inne-ve-benzeleri","status":"publish","type":"page","link":"https:\/\/arapca.com\/index.php\/arapca-dilbilgisi\/inne-ve-benzeleri\/","title":{"rendered":"\u0130nne ve Benzeleri"},"content":{"rendered":"\n<p>Arap\u00e7ada &#8220;\u0625\u0650\u0646\u064e\u0651&#8221; (inne) ve benzeri edatlar, c\u00fcmlede vurgu yapmak, kesinlik ifade etmek ya da belirli bir anlam\u0131 peki\u015ftirmek i\u00e7in kullan\u0131lan \u00f6nemli dil unsurlar\u0131d\u0131r. Bu t\u00fcr edatlara <strong>&#8220;inn\u00e2 ve benzerleri&#8221;<\/strong> ya da <strong>&#8220;hur\u00fbf-u m\u00fc\u015febbeh bi\u2019l-fiil&#8221;<\/strong> denir. \u0130\u015fte bunlar hakk\u0131nda ayr\u0131nt\u0131l\u0131 bilgi:<\/p>\n\n\n\n<hr class=\"wp-block-separator has-alpha-channel-opacity\"\/>\n\n\n\n<h3 class=\"wp-block-heading has-text-color has-link-color wp-elements-1ddd006c3c9bb22f74b94f254cb8a26b\" style=\"color:#f90404\"><strong>1. \u0130NNE VE BENZERLER\u0130 (\u062d\u0631\u0648\u0641 \u0645\u0634\u0628\u0647\u0629 \u0628\u0627\u0644\u0641\u0639\u0644):<\/strong><\/h3>\n\n\n\n<p>Bu gruba giren edatlar \u015funlard\u0131r:<\/p>\n\n\n\n<ol class=\"wp-block-list\">\n<li><strong>\u0625\u0650\u0646\u064e\u0651 (inne)<\/strong>: &#8220;\u015e\u00fcphesiz, kesinlikle&#8221; anlam\u0131na gelir.<\/li>\n\n\n\n<li><strong>\u0623\u064e\u0646\u064e\u0651 (enne)<\/strong>: &#8220;\u015e\u00fcphesiz ki&#8221; veya &#8220;diye&#8221; anlam\u0131nda kullan\u0131l\u0131r.<\/li>\n\n\n\n<li><strong>\u0643\u064e\u0623\u064e\u0646\u064e\u0651 (keenne)<\/strong>: &#8220;Sanki&#8221; anlam\u0131na gelir.<\/li>\n\n\n\n<li><strong>\u0644\u064e\u0643\u0650\u0646\u064e\u0651 (l\u00e2kinne)<\/strong>: &#8220;Fakat, ancak&#8221; anlam\u0131ndad\u0131r.<\/li>\n\n\n\n<li><strong>\u0644\u064e\u064a\u0652\u062a\u064e (leyte)<\/strong>: &#8220;Ke\u015fke&#8221; anlam\u0131n\u0131 ifade eder.<\/li>\n\n\n\n<li><strong>\u0644\u064e\u0639\u064e\u0644\u064e\u0651 (lealle)<\/strong>: &#8220;Belki, umulur ki&#8221; anlam\u0131na gelir.<\/li>\n<\/ol>\n\n\n\n<hr class=\"wp-block-separator has-alpha-channel-opacity\"\/>\n\n\n\n<h3 class=\"wp-block-heading has-text-color has-link-color wp-elements-6539d7de83bebecfbcf527f5fbf5e187\" style=\"color:#f90404\"><strong>2. GRAMER \u00d6ZELL\u0130KLER\u0130:<\/strong><\/h3>\n\n\n\n<p>Bu edatlar c\u00fcmleye girdiklerinde iki temel etki yaparlar:<\/p>\n\n\n\n<ul class=\"wp-block-list\">\n<li><strong>\u0130sim c\u00fcmlesine girerler ve m\u00fcbteda ile haberin durumunu de\u011fi\u015ftirirler:<\/strong>\n<ul class=\"wp-block-list\">\n<li><strong>M\u00fcbteda<\/strong>: Mans\u00fbb (nasb halinde, \u00fcst\u00fcn hareke al\u0131r).<\/li>\n\n\n\n<li><strong>Haber<\/strong>: Merf\u00fb\u2018 (ref halinde, \u00f6tre hareke al\u0131r).<\/li>\n<\/ul>\n<\/li>\n<\/ul>\n\n\n\n<p><strong>\u00d6rnek:<\/strong><\/p>\n\n\n\n<ul class=\"wp-block-list\">\n<li><strong>\u0625\u0650\u0646\u064e\u0651 \u0627\u0644\u0644\u0647\u064e \u063a\u064e\u0641\u064f\u0648\u0631\u064c \u0631\u064e\u062d\u0650\u064a\u0645\u064c<\/strong><br>(\u015e\u00fcphesiz Allah ba\u011f\u0131\u015flay\u0131c\u0131 ve merhametlidir.)\n<ul class=\"wp-block-list\">\n<li><strong>\u0625\u0650\u0646\u064e\u0651<\/strong>: Vurgulama edat\u0131.<\/li>\n\n\n\n<li><strong>\u0627\u0644\u0644\u0647\u064e<\/strong>: Mans\u00fbb m\u00fcbteda (Allah&#8217;\u0131).<\/li>\n\n\n\n<li><strong>\u063a\u064e\u0641\u064f\u0648\u0631\u064c<\/strong>: Merf\u00fb haber (ba\u011f\u0131\u015flay\u0131c\u0131).<\/li>\n<\/ul>\n<\/li>\n<\/ul>\n\n\n\n<hr class=\"wp-block-separator has-alpha-channel-opacity\"\/>\n\n\n\n<h3 class=\"wp-block-heading has-text-color has-link-color wp-elements-3a5b6c347facd92d393f19b44f299ca0\" style=\"color:#fa0202\"><strong>3. \u0130NNE VE BENZERLER\u0130N\u0130N KULLANIMLARI:<\/strong><\/h3>\n\n\n\n<ol class=\"wp-block-list\">\n<li><strong>Kesinlik ve vurgu yapmak i\u00e7in (\u0625\u0650\u0646\u064e\u0651):<\/strong>\n<ul class=\"wp-block-list\">\n<li><strong>\u0625\u0650\u0646\u064e\u0651 \u0647\u064e\u0630\u064e\u0627 \u0644\u064e\u0647\u064f\u0648\u064e \u0627\u0644\u0652\u062d\u064e\u0642\u064f\u0651<\/strong><br>(\u015e\u00fcphesiz bu, kesinlikle hakt\u0131r.)<\/li>\n<\/ul>\n<\/li>\n\n\n\n<li><strong>Neden-sonu\u00e7 ili\u015fkisi veya bir a\u00e7\u0131klama yapmak i\u00e7in (\u0623\u064e\u0646\u064e\u0651):<\/strong>\n<ul class=\"wp-block-list\">\n<li><strong>\u0623\u064e\u0639\u0652\u0644\u064e\u0645\u064f \u0623\u064e\u0646\u064e\u0651 \u0627\u0644\u0644\u0651\u0647\u064e \u063a\u064e\u0641\u064f\u0648\u0631\u064c<\/strong><br>(Allah\u2019\u0131n ba\u011f\u0131\u015flay\u0131c\u0131 oldu\u011funu biliyorum.)<\/li>\n<\/ul>\n<\/li>\n\n\n\n<li><strong>Kar\u015f\u0131la\u015ft\u0131rma veya benzerlik ifade etmek i\u00e7in (\u0643\u064e\u0623\u064e\u0646\u064e\u0651):<\/strong>\n<ul class=\"wp-block-list\">\n<li><strong>\u0643\u064e\u0623\u064e\u0646\u064e\u0651 \u0627\u0644\u0652\u062c\u064e\u0628\u064e\u0644\u064e \u062f\u064f\u062e\u064e\u0627\u0646\u064c<\/strong><br>(Sanki da\u011f dumand\u0131r.)<\/li>\n<\/ul>\n<\/li>\n\n\n\n<li><strong>Z\u0131tl\u0131k veya istisna belirtmek i\u00e7in (\u0644\u064e\u0643\u0650\u0646\u064e\u0651):<\/strong>\n<ul class=\"wp-block-list\">\n<li><strong>\u0645\u064e\u0627 \u062c\u064e\u0627\u0621\u064e \u0623\u064e\u062d\u0652\u0645\u064e\u062f\u064f \u0644\u064e\u0643\u0650\u0646\u064e\u0651 \u0645\u064f\u062d\u064e\u0645\u064e\u0651\u062f\u064b\u0627 \u062c\u064e\u0627\u0621\u064e<\/strong><br>(Ahmed gelmedi fakat Muhammed geldi.)<\/li>\n<\/ul>\n<\/li>\n\n\n\n<li><strong>Temenni ve dilek ifade etmek i\u00e7in (\u0644\u064e\u064a\u0652\u062a\u064e):<\/strong>\n<ul class=\"wp-block-list\">\n<li><strong>\u0644\u064e\u064a\u0652\u062a\u064e \u0627\u0644\u0634\u064e\u0651\u0628\u064e\u0627\u0628\u064e \u064a\u064e\u0639\u064f\u0648\u062f\u064f \u064a\u064e\u0648\u0652\u0645\u064b\u0627<\/strong><br>(Ke\u015fke gen\u00e7lik bir g\u00fcn geri d\u00f6nse.)<\/li>\n<\/ul>\n<\/li>\n\n\n\n<li><strong>Umulan veya beklenilen bir durumu ifade etmek i\u00e7in (\u0644\u064e\u0639\u064e\u0644\u064e\u0651):<\/strong>\n<ul class=\"wp-block-list\">\n<li><strong>\u0644\u064e\u0639\u064e\u0644\u064e\u0651 \u0627\u0644\u0652\u0645\u064e\u0637\u064e\u0631\u064e \u064a\u064e\u062a\u064e\u0648\u064e\u0642\u064e\u0651\u0641\u064f<\/strong><br>(Belki ya\u011fmur durur.)<\/li>\n<\/ul>\n<\/li>\n<\/ol>\n\n\n\n<hr class=\"wp-block-separator has-alpha-channel-opacity\"\/>\n\n\n\n<h3 class=\"wp-block-heading has-text-color has-link-color wp-elements-e479271925cdd975248fb6e583645d00\" style=\"color:#f70404\"><strong>4. \u00d6NEML\u0130 NOKTALAR:<\/strong><\/h3>\n\n\n\n<ol class=\"wp-block-list\">\n<li><strong>\u0130nne ve benzerleri isim c\u00fcmlesinde kullan\u0131l\u0131r:<\/strong><br>Fiil c\u00fcmlelerinde kullan\u0131lmazlar.<br><strong>Yanl\u0131\u015f:<\/strong> <em>\u0625\u0646\u064e\u0651 \u064a\u0643\u062a\u0628\u064f \u0627\u0644\u0637\u0627\u0644\u0628\u064f<\/em>.<br><strong>Do\u011fru:<\/strong> <em>\u0625\u0646\u064e\u0651 \u0627\u0644\u0637\u064e\u0651\u0627\u0644\u0650\u0628\u064e \u064a\u064e\u0643\u0652\u062a\u064f\u0628\u064f.<\/em><\/li>\n\n\n\n<li><strong>Haberin yerine zamir gelebilir:<\/strong>\n<ul class=\"wp-block-list\">\n<li><strong>\u0625\u0650\u0646\u064e\u0651 \u0627\u0644\u0644\u0647\u064e \u0647\u064f\u0648\u064e \u0627\u0644\u0652\u063a\u064e\u0641\u064f\u0648\u0631\u064f<\/strong><br>(\u015e\u00fcphesiz Allah ba\u011f\u0131\u015flay\u0131c\u0131d\u0131r.)<\/li>\n<\/ul>\n<\/li>\n\n\n\n<li><strong>C\u00fcmle yap\u0131s\u0131nda denge sa\u011flanmal\u0131d\u0131r:<\/strong><br>Mans\u00fbb m\u00fcbteda ve merf\u00fb haber unutulmamal\u0131d\u0131r.<\/li>\n<\/ol>\n\n\n\n<hr class=\"wp-block-separator has-alpha-channel-opacity\"\/>\n\n\n\n<h3 class=\"wp-block-heading has-text-color has-link-color wp-elements-93a1aa53558174b1d68ea3a506b5e23b\" style=\"color:#f90404\"><strong>5. PRAT\u0130K \u00d6RNEKLER VE ANAL\u0130Z:<\/strong><\/h3>\n\n\n\n<ol class=\"wp-block-list\">\n<li><strong>\u0644\u064e\u0639\u064e\u0644\u064e\u0651 \u0627\u0644\u0637\u064e\u0651\u0642\u0652\u0633\u064e \u062c\u064e\u0645\u0650\u064a\u0644\u064c<\/strong>\n<ul class=\"wp-block-list\">\n<li><strong>\u0644\u064e\u0639\u064e\u0644\u064e\u0651<\/strong>: Belki anlam\u0131nda.<\/li>\n\n\n\n<li><strong>\u0627\u0644\u0637\u064e\u0651\u0642\u0652\u0633\u064e<\/strong>: Mans\u00fbb m\u00fcbteda (Hava).<\/li>\n\n\n\n<li><strong>\u062c\u064e\u0645\u0650\u064a\u0644\u064c<\/strong>: Merf\u00fb haber (G\u00fczeldir).<\/li>\n<\/ul>\n<\/li>\n\n\n\n<li><strong>\u0644\u064e\u064a\u0652\u062a\u064e \u0627\u0644\u0623\u064e\u0648\u0652\u0642\u064e\u0627\u062a\u064e \u062a\u064e\u0639\u064f\u0648\u062f\u064f<\/strong>\n<ul class=\"wp-block-list\">\n<li><strong>\u0644\u064e\u064a\u0652\u062a\u064e<\/strong>: Ke\u015fke anlam\u0131nda.<\/li>\n\n\n\n<li><strong>\u0627\u0644\u0623\u064e\u0648\u0652\u0642\u064e\u0627\u062a\u064e<\/strong>: Mans\u00fbb m\u00fcbteda (Zamanlar).<\/li>\n\n\n\n<li><strong>\u062a\u064e\u0639\u064f\u0648\u062f\u064f<\/strong>: Merf\u00fb haber (D\u00f6nse).<\/li>\n<\/ul>\n<\/li>\n<\/ol>\n\n\n\n<figure class=\"wp-block-embed is-type-video is-provider-youtube wp-block-embed-youtube wp-embed-aspect-16-9 wp-has-aspect-ratio\"><div class=\"wp-block-embed__wrapper\">\n<iframe loading=\"lazy\" title=\"\u0130NNE &quot;\u0625\u0650\u0646\u0651\u064e&quot; VE KARDE\u015eLER\u0130 GENEL \/ FAS\u0130H ARAP\u00c7A 31. DERS\" width=\"640\" height=\"360\" src=\"https:\/\/www.youtube.com\/embed\/1RpzTgCT6Ws?feature=oembed\" frameborder=\"0\" allow=\"accelerometer; autoplay; clipboard-write; encrypted-media; gyroscope; picture-in-picture; web-share\" referrerpolicy=\"strict-origin-when-cross-origin\" allowfullscreen><\/iframe>\n<\/div><\/figure>\n","protected":false},"excerpt":{"rendered":"<p>Arap\u00e7ada &#8220;\u0625\u0650\u0646\u064e\u0651&#8221; (inne) ve benzeri edatlar, c\u00fcmlede vurgu yapmak, kesinlik ifade etmek ya da belirli bir anlam\u0131 peki\u015ftirmek i\u00e7in kullan\u0131lan \u00f6nemli dil unsurlar\u0131d\u0131r. Bu t\u00fcr edatlara &#8220;inn\u00e2 ve benzerleri&#8221; ya da &#8220;hur\u00fbf-u m\u00fc\u015febbeh bi\u2019l-fiil&#8221; denir. \u0130\u015fte bunlar hakk\u0131nda ayr\u0131nt\u0131l\u0131 bilgi: &hellip; <\/p>\n","protected":false},"author":1,"featured_media":0,"parent":17091,"menu_order":0,"comment_status":"closed","ping_status":"closed","template":"","meta":{"_bbp_topic_count":0,"_bbp_reply_count":0,"_bbp_total_topic_count":0,"_bbp_total_reply_count":0,"_bbp_voice_count":0,"_bbp_anonymous_reply_count":0,"_bbp_topic_count_hidden":0,"_bbp_reply_count_hidden":0,"_bbp_forum_subforum_count":0,"footnotes":""},"class_list":["post-21236","page","type-page","status-publish","hentry"],"jetpack_sharing_enabled":true,"jetpack_likes_enabled":true,"_links":{"self":[{"href":"https:\/\/arapca.com\/index.php\/wp-json\/wp\/v2\/pages\/21236","targetHints":{"allow":["GET"]}}],"collection":[{"href":"https:\/\/arapca.com\/index.php\/wp-json\/wp\/v2\/pages"}],"about":[{"href":"https:\/\/arapca.com\/index.php\/wp-json\/wp\/v2\/types\/page"}],"author":[{"embeddable":true,"href":"https:\/\/arapca.com\/index.php\/wp-json\/wp\/v2\/users\/1"}],"replies":[{"embeddable":true,"href":"https:\/\/arapca.com\/index.php\/wp-json\/wp\/v2\/comments?post=21236"}],"version-history":[{"count":2,"href":"https:\/\/arapca.com\/index.php\/wp-json\/wp\/v2\/pages\/21236\/revisions"}],"predecessor-version":[{"id":21239,"href":"https:\/\/arapca.com\/index.php\/wp-json\/wp\/v2\/pages\/21236\/revisions\/21239"}],"up":[{"embeddable":true,"href":"https:\/\/arapca.com\/index.php\/wp-json\/wp\/v2\/pages\/17091"}],"wp:attachment":[{"href":"https:\/\/arapca.com\/index.php\/wp-json\/wp\/v2\/media?parent=21236"}],"curies":[{"name":"wp","href":"https:\/\/api.w.org\/{rel}","templated":true}]}}