{"id":21222,"date":"2025-01-24T13:42:00","date_gmt":"2025-01-24T10:42:00","guid":{"rendered":"https:\/\/arapca.com\/?page_id=21222"},"modified":"2025-01-24T13:59:24","modified_gmt":"2025-01-24T10:59:24","slug":"isimlerde-teklik-ikilik-ve-cogulluk-ekleri","status":"publish","type":"page","link":"https:\/\/arapca.com\/index.php\/arapca-dilbilgisi\/isimlerde-teklik-ikilik-ve-cogulluk-ekleri\/","title":{"rendered":"\u0130simlerde Teklik \u2013 \u0130kilik ve \u00c7o\u011fulluk Ekleri"},"content":{"rendered":"\n<h3 class=\"wp-block-heading has-text-color has-link-color wp-elements-5a206acda5d43bb4a0f812678211e2de\" style=\"color:#f90404\"><strong>1. Teklik (M\u00fcfred):<\/strong><\/h3>\n\n\n\n<ul class=\"wp-block-list\">\n<li><strong>Tan\u0131m:<\/strong> Bir varl\u0131\u011f\u0131 ya da nesneyi ifade eder.<\/li>\n\n\n\n<li><strong>\u00d6rnekler:<\/strong>\n<ul class=\"wp-block-list\">\n<li>\u0643\u0650\u062a\u064e\u0627\u0628\u064c (bir kitap)<\/li>\n\n\n\n<li>\u0642\u064e\u0644\u064e\u0645\u064c (bir kalem)<\/li>\n\n\n\n<li>\u0645\u064e\u062f\u0652\u0631\u064e\u0633\u064e\u0629\u064c (bir okul)<\/li>\n<\/ul>\n<\/li>\n<\/ul>\n\n\n\n<p>Bu formda herhangi bir say\u0131 eki kullan\u0131lmaz. Kelime yal\u0131n halindedir.<\/p>\n\n\n\n<hr class=\"wp-block-separator has-alpha-channel-opacity\"\/>\n\n\n\n<h3 class=\"wp-block-heading has-text-color has-link-color wp-elements-25e28e6f5eba37b1d2149b9a7c319d9e\" style=\"color:#ff051f\"><strong>2. \u0130kilik (Tesniye):<\/strong><\/h3>\n\n\n\n<ul class=\"wp-block-list\">\n<li><strong>Tan\u0131m:<\/strong> \u0130ki varl\u0131\u011f\u0131 ya da nesneyi ifade etmek i\u00e7in kullan\u0131l\u0131r.<\/li>\n\n\n\n<li><strong>Yap\u0131s\u0131:<\/strong>\n<ul class=\"wp-block-list\">\n<li>M\u00fczekker (eril) isimlerde: <strong>-\u0627\u0646\u0650<\/strong> veya <strong>-\u064a\u0652\u0646\u0650<\/strong> eklenir.<\/li>\n\n\n\n<li>M\u00fcennes (di\u015fil) isimlerde: <strong>-\u062a\u064e\u0627\u0646\u0650<\/strong> veya <strong>-\u062a\u064e\u064a\u0652\u0646\u0650<\/strong> eklenir.<\/li>\n<\/ul>\n<\/li>\n\n\n\n<li><strong>Duruma G\u00f6re Tesniye Ekleri:<\/strong>\n<ul class=\"wp-block-list\">\n<li><strong>Nominatif (\u0631\u0641\u0639):<\/strong> <strong>-\u0627\u0646\u0650<\/strong> kullan\u0131l\u0131r.<\/li>\n\n\n\n<li><strong>Akkusatif ve Cer (\u0646\u0635\u0628 ve \u062c\u0631):<\/strong> <strong>-\u064a\u0652\u0646\u0650<\/strong> kullan\u0131l\u0131r.<\/li>\n<\/ul>\n<\/li>\n\n\n\n<li><strong>\u00d6rnekler:<\/strong>\n<ul class=\"wp-block-list\">\n<li>\u0643\u0650\u062a\u064e\u0627\u0628\u064e\u0627\u0646\u0650 (iki kitap, nominatif)<\/li>\n\n\n\n<li>\u0643\u0650\u062a\u064e\u0627\u0628\u064e\u064a\u0652\u0646\u0650 (iki kitap, akkusatif\/cer)<\/li>\n\n\n\n<li>\u0645\u064e\u062f\u0652\u0631\u064e\u0633\u064e\u062a\u064e\u0627\u0646\u0650 (iki okul, nominatif)<\/li>\n\n\n\n<li>\u0645\u064e\u062f\u0652\u0631\u064e\u0633\u064e\u062a\u064e\u064a\u0652\u0646\u0650 (iki okul, akkusatif\/cer)<\/li>\n<\/ul>\n<\/li>\n<\/ul>\n\n\n\n<hr class=\"wp-block-separator has-alpha-channel-opacity\"\/>\n\n\n\n<h3 class=\"wp-block-heading has-text-color has-link-color wp-elements-6d11639ae5baf436f4a1b88029d1d985\" style=\"color:#f90202\"><strong>3. \u00c7o\u011fulluk (Cem&#8217;):<\/strong><\/h3>\n\n\n\n<p>\u00c7o\u011fulluk iki farkl\u0131 \u015fekilde ifade edilir: <strong>Kurall\u0131 (salim) \u00e7o\u011ful<\/strong> ve <strong>Kurals\u0131z (m\u00fcrekkep) \u00e7o\u011ful<\/strong>.<\/p>\n\n\n\n<h4 class=\"wp-block-heading has-text-color has-link-color wp-elements-efb301ad047a88854fcbbac3f4e06848\" style=\"color:#fa0404\"><strong>a. Kurall\u0131 \u00c7o\u011ful (\u062c\u0645\u0639 \u0633\u0627\u0644\u0645):<\/strong><\/h4>\n\n\n\n<ol class=\"wp-block-list\">\n<li><strong>M\u00fczekker Kurall\u0131 \u00c7o\u011ful:<\/strong>\n<ul class=\"wp-block-list\">\n<li><strong>Ek:<\/strong> <strong>-\u0648\u0646\u064e<\/strong> (nominatif), <strong>-\u064a\u0646\u064e<\/strong> (akkusatif\/cer)<\/li>\n\n\n\n<li><strong>\u00d6rnekler:<\/strong>\n<ul class=\"wp-block-list\">\n<li>\u0645\u064f\u062f\u064e\u0631\u0650\u0651\u0633\u064f\u0648\u0646\u064e (\u00f6\u011fretmenler, nominatif)<\/li>\n\n\n\n<li>\u0645\u064f\u062f\u064e\u0631\u0650\u0651\u0633\u0650\u064a\u0646\u064e (\u00f6\u011fretmenler, akkusatif\/cer)<\/li>\n<\/ul>\n<\/li>\n<\/ul>\n<\/li>\n\n\n\n<li><strong>M\u00fcennes Kurall\u0131 \u00c7o\u011ful:<\/strong>\n<ul class=\"wp-block-list\">\n<li><strong>Ek:<\/strong> <strong>-\u0627\u062a\u064c<\/strong> (nominatif), <strong>-\u0627\u062a\u064d<\/strong> (akkusatif\/cer)<\/li>\n\n\n\n<li><strong>\u00d6rnekler:<\/strong>\n<ul class=\"wp-block-list\">\n<li>\u0645\u064e\u062f\u0652\u0631\u064e\u0633\u064e\u0627\u062a\u064c (okullar, nominatif)<\/li>\n\n\n\n<li>\u0645\u064e\u062f\u0652\u0631\u064e\u0633\u064e\u0627\u062a\u064d (okullar, akkusatif\/cer)<\/li>\n<\/ul>\n<\/li>\n<\/ul>\n<\/li>\n<\/ol>\n\n\n\n<h4 class=\"wp-block-heading has-text-color has-link-color wp-elements-c3b26726ba77571ca4142d72a90c856a\" style=\"color:#f80606\"><strong>b. Kurals\u0131z \u00c7o\u011ful (\u062c\u0645\u0639 \u062a\u0643\u0633\u064a\u0631):<\/strong><\/h4>\n\n\n\n<ul class=\"wp-block-list\">\n<li><strong>Tan\u0131m:<\/strong> Kelimenin \u00e7o\u011ful yap\u0131l\u0131rken k\u00f6k yap\u0131s\u0131n\u0131n de\u011fi\u015fti\u011fi durumlard\u0131r. Bu tip \u00e7o\u011fullar\u0131n bir kurala ba\u011fl\u0131 olmamas\u0131 nedeniyle ezberlenmesi gerekir.<\/li>\n\n\n\n<li><strong>\u00d6rnekler:<\/strong>\n<ul class=\"wp-block-list\">\n<li>\u0631\u064e\u062c\u064f\u0644\u064c (bir adam) \u2192 \u0631\u0650\u062c\u064e\u0627\u0644\u064c (adamlar)<\/li>\n\n\n\n<li>\u0643\u0650\u062a\u064e\u0627\u0628\u064c (bir kitap) \u2192 \u0643\u064f\u062a\u064f\u0628\u064c (kitaplar)<\/li>\n\n\n\n<li>\u0628\u064e\u064a\u0652\u062a\u064c (bir ev) \u2192 \u0628\u064f\u064a\u064f\u0648\u062a\u064c (evler)<\/li>\n<\/ul>\n<\/li>\n<\/ul>\n\n\n\n<hr class=\"wp-block-separator has-alpha-channel-opacity\"\/>\n\n\n\n<figure class=\"wp-block-embed is-type-video is-provider-youtube wp-block-embed-youtube wp-embed-aspect-16-9 wp-has-aspect-ratio\"><div class=\"wp-block-embed__wrapper\">\n<iframe loading=\"lazy\" title=\"4)Arap\u00e7a&#039;da Tekil, \u0130kil ve \u00c7o\u011ful\" width=\"640\" height=\"360\" src=\"https:\/\/www.youtube.com\/embed\/Dn1uxhXkx0M?feature=oembed\" frameborder=\"0\" allow=\"accelerometer; autoplay; clipboard-write; encrypted-media; gyroscope; picture-in-picture; web-share\" referrerpolicy=\"strict-origin-when-cross-origin\" allowfullscreen><\/iframe>\n<\/div><\/figure>\n\n\n\n<h3 class=\"wp-block-heading has-text-color has-link-color wp-elements-a9f405ca97bd42f11814e42d122c75fc\" style=\"color:#fb0404\"><strong>Notlar:<\/strong><\/h3>\n\n\n\n<ol class=\"wp-block-list\">\n<li>Tesniye ve \u00e7o\u011fulluk kullan\u0131ld\u0131\u011f\u0131nda, s\u0131fatlar ve fiiller de ayn\u0131 kurallara uygun olarak \u00e7ekimlenir.<\/li>\n<\/ol>\n\n\n\n<p><\/p>\n","protected":false},"excerpt":{"rendered":"<p>1. Teklik (M\u00fcfred): Bu formda herhangi bir say\u0131 eki kullan\u0131lmaz. Kelime yal\u0131n halindedir. 2. \u0130kilik (Tesniye): 3. \u00c7o\u011fulluk (Cem&#8217;): \u00c7o\u011fulluk iki farkl\u0131 \u015fekilde ifade edilir: Kurall\u0131 (salim) \u00e7o\u011ful ve Kurals\u0131z (m\u00fcrekkep) \u00e7o\u011ful. a. Kurall\u0131 \u00c7o\u011ful (\u062c\u0645\u0639 \u0633\u0627\u0644\u0645): b. Kurals\u0131z \u00c7o\u011ful &hellip; <\/p>\n","protected":false},"author":1,"featured_media":0,"parent":17091,"menu_order":0,"comment_status":"closed","ping_status":"closed","template":"","meta":{"_bbp_topic_count":0,"_bbp_reply_count":0,"_bbp_total_topic_count":0,"_bbp_total_reply_count":0,"_bbp_voice_count":0,"_bbp_anonymous_reply_count":0,"_bbp_topic_count_hidden":0,"_bbp_reply_count_hidden":0,"_bbp_forum_subforum_count":0,"footnotes":""},"class_list":["post-21222","page","type-page","status-publish","hentry"],"jetpack_sharing_enabled":true,"jetpack_likes_enabled":true,"_links":{"self":[{"href":"https:\/\/arapca.com\/index.php\/wp-json\/wp\/v2\/pages\/21222","targetHints":{"allow":["GET"]}}],"collection":[{"href":"https:\/\/arapca.com\/index.php\/wp-json\/wp\/v2\/pages"}],"about":[{"href":"https:\/\/arapca.com\/index.php\/wp-json\/wp\/v2\/types\/page"}],"author":[{"embeddable":true,"href":"https:\/\/arapca.com\/index.php\/wp-json\/wp\/v2\/users\/1"}],"replies":[{"embeddable":true,"href":"https:\/\/arapca.com\/index.php\/wp-json\/wp\/v2\/comments?post=21222"}],"version-history":[{"count":3,"href":"https:\/\/arapca.com\/index.php\/wp-json\/wp\/v2\/pages\/21222\/revisions"}],"predecessor-version":[{"id":21227,"href":"https:\/\/arapca.com\/index.php\/wp-json\/wp\/v2\/pages\/21222\/revisions\/21227"}],"up":[{"embeddable":true,"href":"https:\/\/arapca.com\/index.php\/wp-json\/wp\/v2\/pages\/17091"}],"wp:attachment":[{"href":"https:\/\/arapca.com\/index.php\/wp-json\/wp\/v2\/media?parent=21222"}],"curies":[{"name":"wp","href":"https:\/\/api.w.org\/{rel}","templated":true}]}}