{"id":21206,"date":"2025-01-24T10:22:06","date_gmt":"2025-01-24T07:22:06","guid":{"rendered":"https:\/\/arapca.com\/?page_id=21206"},"modified":"2025-03-06T08:55:57","modified_gmt":"2025-03-06T05:55:57","slug":"sitemizde-neler-var-2","status":"publish","type":"page","link":"https:\/\/arapca.com\/index.php\/sitemizde-neler-var-2\/","title":{"rendered":"Sitemizde Neler Var?"},"content":{"rendered":"\n<p><em>Site i\u00e7eri\u011fini tam olarak g\u00f6rebilmek ve yararlanmak i\u00e7in l\u00fctfen <a href=\"https:\/\/arapca.com\/index.php\/hesabim\/\">Hesap men\u00fcs\u00fcnden Kay\u0131t olun<\/a> ve Giri\u015f yap\u0131n!<\/em><\/p>\n\n\n\n<figure class=\"wp-block-image size-full\"><img data-recalc-dims=\"1\" loading=\"lazy\" decoding=\"async\" width=\"630\" height=\"300\" src=\"https:\/\/i0.wp.com\/arapca.com\/wp-content\/uploads\/2025\/01\/arabiyye.jpg?resize=630%2C300&#038;ssl=1\" alt=\"\" class=\"wp-image-21207\" srcset=\"https:\/\/i0.wp.com\/arapca.com\/wp-content\/uploads\/2025\/01\/arabiyye.jpg?w=630&amp;ssl=1 630w, https:\/\/i0.wp.com\/arapca.com\/wp-content\/uploads\/2025\/01\/arabiyye.jpg?resize=300%2C143&amp;ssl=1 300w, https:\/\/i0.wp.com\/arapca.com\/wp-content\/uploads\/2025\/01\/arabiyye.jpg?resize=600%2C286&amp;ssl=1 600w\" sizes=\"auto, (max-width: 630px) 100vw, 630px\" \/><\/figure>\n\n\n\n<p class=\"has-text-color has-link-color has-large-font-size wp-elements-6d80676a378c6d282c2958c1e6f98231\" style=\"color:#f90404\"><strong>Arap\u00e7a Kurslar<\/strong><\/p>\n\n\n\n<div class=\"wp-block-buttons is-layout-flex wp-block-buttons-is-layout-flex\">\n<div class=\"wp-block-button\"><a class=\"wp-block-button__link wp-element-button\" href=\"https:\/\/arapca.com\/index.php\/courses\/a0\/\">A0 Arap\u00e7a<\/a><\/div>\n\n\n\n<div class=\"wp-block-button\"><a class=\"wp-block-button__link wp-element-button\" href=\"https:\/\/arapca.com\/index.php\/courses\/arapca-a1-dersleri\/\">A1 Arap\u00e7a<\/a><\/div>\n\n\n\n<div class=\"wp-block-button\"><a class=\"wp-block-button__link wp-element-button\" href=\"https:\/\/arapca.com\/index.php\/courses\/arapca-a2-dersleri\/\">A2 Arap\u00e7a<\/a><\/div>\n\n\n\n<div class=\"wp-block-button\"><a class=\"wp-block-button__link wp-element-button\" href=\"https:\/\/arapca.com\/index.php\/courses\/arapca-b1\/\">B1 Arap\u00e7a<\/a><\/div>\n\n\n\n<div class=\"wp-block-button\"><a class=\"wp-block-button__link wp-element-button\" href=\"https:\/\/arapca.com\/index.php\/courses\/b2-arapca-kursu-c\/\">B2 Arap\u00e7a<\/a><\/div>\n<\/div>\n\n\n\n<p><\/p>\n\n\n\n<div class=\"wp-block-buttons is-layout-flex wp-block-buttons-is-layout-flex\">\n<div class=\"wp-block-button\"><a class=\"wp-block-button__link wp-element-button\" href=\"https:\/\/arapca.com\/index.php\/courses\/kuran-arapcasi-ogreniyorum-1-seviye\/\">Kur&#8217;an Arap\u00e7as\u0131-1<\/a><\/div>\n\n\n\n<div class=\"wp-block-button\"><a class=\"wp-block-button__link wp-element-button\" href=\"https:\/\/arapca.com\/index.php\/courses\/kuran-arapcasi-ogreniyorum-2\/\">Kur&#8217;an Arap\u00e7as\u0131-2<\/a><\/div>\n\n\n\n<div class=\"wp-block-button\"><a class=\"wp-block-button__link wp-element-button\" href=\"https:\/\/arapca.com\/index.php\/courses\/kuran-arapcasi-ogreniyorum-3\/\">Kur&#8217;an Arap\u00e7as\u0131-3<\/a><\/div>\n<\/div>\n\n\n\n<p><strong>Di\u011fer Kurslar:<\/strong><\/p>\n\n\n\n<div class=\"wp-block-buttons is-layout-flex wp-block-buttons-is-layout-flex\">\n<div class=\"wp-block-button\"><a class=\"wp-block-button__link wp-element-button\" href=\"https:\/\/arapcaogreniyorum.com.tr\/index.php\/course\/kelime-kelime-kuran-meali\/\">Kelime Mealli Hatim<\/a><\/div>\n\n\n\n<div class=\"wp-block-button\"><a class=\"wp-block-button__link wp-element-button\" href=\"https:\/\/arapcaogreniyorum.com.tr\/index.php\/course\/kuran-anlam-ve-tefsiri\/\">Kur&#8217;an Yolu Tefsiri<\/a><\/div>\n\n\n\n<div class=\"wp-block-button\"><a class=\"wp-block-button__link wp-element-button\" href=\"https:\/\/arapca.com\/index.php\/courses\/kuran-okumayi-ogreniyorum\/\">Kur&#8217;an Okumay\u0131 \u00d6\u011freniyorum<\/a><\/div>\n<\/div>\n\n\n\n<hr class=\"wp-block-separator has-alpha-channel-opacity\"\/>\n\n\n\n<p><\/p>\n\n\n\n<p class=\"has-text-color has-link-color has-large-font-size wp-elements-8873cae886e6280f10a0dbe584160a45\" style=\"color:#fa0404\"><strong>Arap\u00e7a Hikayeler<\/strong><\/p>\n\n\n\n<div class=\"wp-block-buttons is-layout-flex wp-block-buttons-is-layout-flex\">\n<div class=\"wp-block-button has-custom-width wp-block-button__width-50\"><a class=\"wp-block-button__link wp-element-button\" href=\"https:\/\/arapca.com\/index.php\/hikayeler\/a1-hikayeler\/\">A1 Seviyesi Hikayeler<\/a><\/div>\n\n\n\n<div class=\"wp-block-button has-custom-width wp-block-button__width-50\"><a class=\"wp-block-button__link wp-element-button\" href=\"https:\/\/arapca.com\/index.php\/hikayeler\/a2-duzeyinde-arapca-hikayeler\/\">A2 Seviyesi Hikayeler<\/a><\/div>\n\n\n\n<div class=\"wp-block-button has-custom-width wp-block-button__width-50\"><a class=\"wp-block-button__link wp-element-button\" href=\"https:\/\/arapca.com\/index.php\/hikayeler\/b1-duzeyinde-hikayeler\/\">B1 Seviyesi Hikayeler<\/a><\/div>\n\n\n\n<div class=\"wp-block-button has-custom-width wp-block-button__width-50\"><a class=\"wp-block-button__link wp-element-button\" href=\"https:\/\/arapca.com\/index.php\/b2-hikayeler\/\">B2 Seviyesi Hikayeler<\/a><\/div>\n<\/div>\n\n\n\n<p><\/p>\n\n\n\n<hr class=\"wp-block-separator has-alpha-channel-opacity\"\/>\n\n\n\n<p class=\"has-text-color has-link-color has-large-font-size wp-elements-7cba477085f30b92fa3aa6d2d97ea0da\" style=\"color:#fa0404\"><strong>KATEGOR\u0130LER<\/strong><\/p>\n\n\n\n<div class=\"wp-block-buttons is-layout-flex wp-block-buttons-is-layout-flex\">\n<div class=\"wp-block-button\"><a class=\"wp-block-button__link wp-element-button\" href=\"https:\/\/arapca.com\/index.php\/category\/kelimeler\/\">KEL\u0130MELER<\/a><\/div>\n\n\n\n<div class=\"wp-block-button\"><a class=\"wp-block-button__link wp-element-button\" href=\"https:\/\/arapca.com\/index.php\/category\/cumleler\/\">C\u00dcMLELER<\/a><\/div>\n\n\n\n<div class=\"wp-block-button\"><a class=\"wp-block-button__link wp-element-button\" href=\"https:\/\/arapca.com\/index.php\/arapca-diyaloglar\/\">D\u0130YALOGLAR<\/a><\/div>\n\n\n\n<div class=\"wp-block-button\"><a class=\"wp-block-button__link wp-element-button\" href=\"https:\/\/arapca.com\/index.php\/category\/deyimler\/\">DEY\u0130MLER<\/a><\/div>\n\n\n\n<div class=\"wp-block-button\"><a class=\"wp-block-button__link wp-element-button\" href=\"https:\/\/arapca.com\/index.php\/arapca-dilbilgisi\/\">D\u0130LB\u0130LG\u0130S\u0130<\/a><\/div>\n\n\n\n<div class=\"wp-block-button\"><a class=\"wp-block-button__link wp-element-button\" href=\"https:\/\/arapca.com\/index.php\/arapca-metinler\/\">MET\u0130NLER<\/a><\/div>\n\n\n\n<div class=\"wp-block-button\"><a class=\"wp-block-button__link wp-element-button\" href=\"https:\/\/arapca.com\/index.php\/arapca-muzikler\/\">M\u00dcZ\u0130KLER<\/a><\/div>\n<\/div>\n\n\n\n<p><\/p>\n\n\n\n<p><\/p>\n\n\n\n<hr class=\"wp-block-separator has-alpha-channel-opacity\"\/>\n\n\n\n<div class=\"wp-block-buttons is-layout-flex wp-block-buttons-is-layout-flex\">\n<div class=\"wp-block-button\"><a class=\"wp-block-button__link wp-element-button\" href=\"https:\/\/arapca.com\/index.php\/arapca-oyunlar\/\">OYUNLAR<\/a><\/div>\n\n\n\n<div class=\"wp-block-button\"><a class=\"wp-block-button__link wp-element-button\" href=\"https:\/\/arapca.com\/index.php\/arapca-videolar\/\">V\u0130DEOLAR<\/a><\/div>\n\n\n\n<div class=\"wp-block-button\"><a class=\"wp-block-button__link wp-element-button\" href=\"https:\/\/arapca.com\/index.php\/arapca-testler\/\">TESTLER<\/a><\/div>\n\n\n\n<div class=\"wp-block-button\"><a class=\"wp-block-button__link wp-element-button\" href=\"https:\/\/arapca.com\/index.php\/faydali-linkler\/\">FAYDALI L\u0130NKLER<\/a><\/div>\n\n\n\n<div class=\"wp-block-button\"><a class=\"wp-block-button__link wp-element-button\" href=\"https:\/\/arapca.com\/index.php\/iletisim-formu-2\/\">\u0130LET\u0130\u015e\u0130M FORMU<\/a><\/div>\n<\/div>\n\n\n\n<p><\/p>\n\n\n\n<figure class=\"wp-block-image size-full is-resized\"><img data-recalc-dims=\"1\" loading=\"lazy\" decoding=\"async\" width=\"640\" height=\"434\" src=\"https:\/\/i0.wp.com\/arapca.com\/wp-content\/uploads\/2025\/01\/adalet-d1.1.jpg?resize=640%2C434&#038;ssl=1\" alt=\"\" class=\"wp-image-20724\" style=\"width:397px;height:auto\" srcset=\"https:\/\/i0.wp.com\/arapca.com\/wp-content\/uploads\/2025\/01\/adalet-d1.1.jpg?w=719&amp;ssl=1 719w, https:\/\/i0.wp.com\/arapca.com\/wp-content\/uploads\/2025\/01\/adalet-d1.1.jpg?resize=300%2C204&amp;ssl=1 300w, https:\/\/i0.wp.com\/arapca.com\/wp-content\/uploads\/2025\/01\/adalet-d1.1.jpg?resize=600%2C407&amp;ssl=1 600w\" sizes=\"auto, (max-width: 640px) 100vw, 640px\" \/><\/figure>\n\n\n\n<hr class=\"wp-block-separator has-alpha-channel-opacity\"\/>\n\n\n\n<p><\/p>\n","protected":false},"excerpt":{"rendered":"<p>Site i\u00e7eri\u011fini tam olarak g\u00f6rebilmek ve yararlanmak i\u00e7in l\u00fctfen Hesap men\u00fcs\u00fcnden Kay\u0131t olun ve Giri\u015f yap\u0131n! Arap\u00e7a Kurslar Di\u011fer Kurslar: Arap\u00e7a Hikayeler KATEGOR\u0130LER<\/p>\n","protected":false},"author":1,"featured_media":0,"parent":0,"menu_order":0,"comment_status":"closed","ping_status":"closed","template":"","meta":{"_bbp_topic_count":0,"_bbp_reply_count":0,"_bbp_total_topic_count":0,"_bbp_total_reply_count":0,"_bbp_voice_count":0,"_bbp_anonymous_reply_count":0,"_bbp_topic_count_hidden":0,"_bbp_reply_count_hidden":0,"_bbp_forum_subforum_count":0,"footnotes":""},"class_list":["post-21206","page","type-page","status-publish","hentry"],"jetpack_sharing_enabled":true,"jetpack_likes_enabled":true,"_links":{"self":[{"href":"https:\/\/arapca.com\/index.php\/wp-json\/wp\/v2\/pages\/21206","targetHints":{"allow":["GET"]}}],"collection":[{"href":"https:\/\/arapca.com\/index.php\/wp-json\/wp\/v2\/pages"}],"about":[{"href":"https:\/\/arapca.com\/index.php\/wp-json\/wp\/v2\/types\/page"}],"author":[{"embeddable":true,"href":"https:\/\/arapca.com\/index.php\/wp-json\/wp\/v2\/users\/1"}],"replies":[{"embeddable":true,"href":"https:\/\/arapca.com\/index.php\/wp-json\/wp\/v2\/comments?post=21206"}],"version-history":[{"count":14,"href":"https:\/\/arapca.com\/index.php\/wp-json\/wp\/v2\/pages\/21206\/revisions"}],"predecessor-version":[{"id":22399,"href":"https:\/\/arapca.com\/index.php\/wp-json\/wp\/v2\/pages\/21206\/revisions\/22399"}],"wp:attachment":[{"href":"https:\/\/arapca.com\/index.php\/wp-json\/wp\/v2\/media?parent=21206"}],"curies":[{"name":"wp","href":"https:\/\/api.w.org\/{rel}","templated":true}]}}