{"id":21193,"date":"2025-01-23T20:01:20","date_gmt":"2025-01-23T17:01:20","guid":{"rendered":"https:\/\/arapca.com\/?page_id=21193"},"modified":"2025-05-16T14:54:16","modified_gmt":"2025-05-16T11:54:16","slug":"21193-2","status":"publish","type":"page","link":"https:\/\/arapca.com\/index.php\/21193-2\/","title":{"rendered":"Sitemizde neler var-x"},"content":{"rendered":"\n\n\n<p>Arap\u00e7a Kurslar A1, A2, B1, B2, C1, C2<\/p>\n\n\n\n<p>Arap\u00e7a Hikayeler<\/p>\n\n\n\n<p>Arap\u00e7a Kaynaklar<\/p>\n\n\n\n<p>Arap\u00e7a Kitaplar<\/p>\n\n\n\n<p><\/p>\n","protected":false},"excerpt":{"rendered":"<p>Arap\u00e7a Kurslar A1, A2, B1, B2, C1, C2 Arap\u00e7a Hikayeler Arap\u00e7a Kaynaklar Arap\u00e7a Kitaplar<\/p>\n","protected":false},"author":1,"featured_media":0,"parent":0,"menu_order":0,"comment_status":"closed","ping_status":"closed","template":"","meta":{"_bbp_topic_count":0,"_bbp_reply_count":0,"_bbp_total_topic_count":0,"_bbp_total_reply_count":0,"_bbp_voice_count":0,"_bbp_anonymous_reply_count":0,"_bbp_topic_count_hidden":0,"_bbp_reply_count_hidden":0,"_bbp_forum_subforum_count":0,"footnotes":""},"class_list":["post-21193","page","type-page","status-publish","hentry"],"jetpack_sharing_enabled":true,"jetpack_likes_enabled":true,"_links":{"self":[{"href":"https:\/\/arapca.com\/index.php\/wp-json\/wp\/v2\/pages\/21193","targetHints":{"allow":["GET"]}}],"collection":[{"href":"https:\/\/arapca.com\/index.php\/wp-json\/wp\/v2\/pages"}],"about":[{"href":"https:\/\/arapca.com\/index.php\/wp-json\/wp\/v2\/types\/page"}],"author":[{"embeddable":true,"href":"https:\/\/arapca.com\/index.php\/wp-json\/wp\/v2\/users\/1"}],"replies":[{"embeddable":true,"href":"https:\/\/arapca.com\/index.php\/wp-json\/wp\/v2\/comments?post=21193"}],"version-history":[{"count":5,"href":"https:\/\/arapca.com\/index.php\/wp-json\/wp\/v2\/pages\/21193\/revisions"}],"predecessor-version":[{"id":23213,"href":"https:\/\/arapca.com\/index.php\/wp-json\/wp\/v2\/pages\/21193\/revisions\/23213"}],"wp:attachment":[{"href":"https:\/\/arapca.com\/index.php\/wp-json\/wp\/v2\/media?parent=21193"}],"curies":[{"name":"wp","href":"https:\/\/api.w.org\/{rel}","templated":true}]}}