{"id":20548,"date":"2025-01-12T18:50:34","date_gmt":"2025-01-12T15:50:34","guid":{"rendered":"https:\/\/arapca.com\/?page_id=20548"},"modified":"2025-01-12T19:04:46","modified_gmt":"2025-01-12T16:04:46","slug":"marife-ve-nekira-2","status":"publish","type":"page","link":"https:\/\/arapca.com\/index.php\/arapca-dilbilgisi\/marife-ve-nekira-2\/","title":{"rendered":"Marife ve Nekira"},"content":{"rendered":"\n<h2 class=\"wp-block-heading has-text-color has-link-color wp-elements-3eba25aaad59a531433eca1e88b45b8d\" style=\"color:#f70404\"><strong>Nekira (Belirsiz \u0130sim) ve Marife (Belirli \u0130sim)<\/strong><\/h2>\n\n\n\n<p>Arap\u00e7ada isimler, belirginlik derecelerine g\u00f6re <strong>Nekira<\/strong> (belirsiz isim) ve <strong>Marife<\/strong> (belirli isim) olarak iki ana kategoriye ayr\u0131l\u0131r. Bu ayr\u0131m, bir ismin ifade etti\u011fi \u015feyin genel mi yoksa belirli bir varl\u0131k m\u0131 oldu\u011funu anlamam\u0131za yard\u0131mc\u0131 olur.<\/p>\n\n\n\n<hr class=\"wp-block-separator has-alpha-channel-opacity\"\/>\n\n\n\n<h3 class=\"wp-block-heading has-text-color has-link-color wp-elements-470ae1f1990ab6cbe3bc15167bd961f5\" style=\"color:#f70101\"><strong>1. Nekira (\u0627\u0644\u0646\u0643\u0631\u0629)<\/strong><\/h3>\n\n\n\n<h4 class=\"wp-block-heading\"><strong>Tan\u0131m\u0131:<\/strong><\/h4>\n\n\n\n<ul class=\"wp-block-list\">\n<li>Nekira, belirli olmayan, herhangi bir varl\u0131\u011f\u0131 ifade eden isimdir.<\/li>\n\n\n\n<li>Bu isimler genellikle genel bir anlam ta\u015f\u0131r ve dinleyiciye\/okuyucuya hangi varl\u0131ktan bahsedildi\u011fini net bir \u015fekilde s\u00f6ylemez.<\/li>\n<\/ul>\n\n\n\n<h4 class=\"wp-block-heading\"><strong>\u00d6zellikleri:<\/strong><\/h4>\n\n\n\n<ol class=\"wp-block-list\">\n<li>Belirsizdir, yani &#8220;herhangi bir&#8221; anlam\u0131 ta\u015f\u0131r.<\/li>\n\n\n\n<li>&#8220;El&#8221; tak\u0131s\u0131 (\u0627\u0644\u062a\u0639\u0631\u064a\u0641) almaz.<\/li>\n\n\n\n<li>Tekil, \u00e7ift, veya \u00e7o\u011ful h\u00e2lde olabilir.<\/li>\n\n\n\n<li>Belirgin h\u00e2le gelmesi i\u00e7in c\u00fcmlede ek bilgiler (\u00f6rne\u011fin, izafet veya s\u0131fat tamlamas\u0131) gerekebilir.<\/li>\n<\/ol>\n\n\n\n<h4 class=\"wp-block-heading\"><strong>\u00d6rnekler:<\/strong><\/h4>\n\n\n\n<ul class=\"wp-block-list\">\n<li>\u0643\u0650\u062a\u064e\u0627\u0628\u064c (bir kitap)<\/li>\n\n\n\n<li>\u0631\u064e\u062c\u064f\u0644\u064c (bir adam)<\/li>\n\n\n\n<li>\u0628\u064e\u064a\u0652\u062a\u064c (bir ev)<\/li>\n\n\n\n<li>\u0642\u064e\u0644\u064e\u0645\u064c (bir kalem)<\/li>\n<\/ul>\n\n\n\n<h4 class=\"wp-block-heading\"><strong>C\u00fcmlede Kullan\u0131m\u0131:<\/strong><\/h4>\n\n\n\n<ul class=\"wp-block-list\">\n<li>\u0631\u0623\u064a\u062a\u064f <strong>\u0631\u064e\u062c\u064f\u0644\u064b\u0627<\/strong> \u0641\u064a \u0627\u0644\u0633\u0648\u0642.<br>(Pazarda bir adam g\u00f6rd\u00fcm.)<\/li>\n\n\n\n<li>\u0627\u0634\u062a\u0631\u064a\u062a\u064f <strong>\u0643\u0650\u062a\u064e\u0627\u0628\u064b\u0627<\/strong> \u062c\u062f\u064a\u062f\u064b\u0627.<br>(Yeni bir kitap sat\u0131n ald\u0131m.)<\/li>\n<\/ul>\n\n\n\n<hr class=\"wp-block-separator has-alpha-channel-opacity\"\/>\n\n\n\n<h3 class=\"wp-block-heading has-text-color has-link-color wp-elements-60907ab51e6533f31cc331f441ff9f10\" style=\"color:#fd0202\"><strong>2. Marife (\u0627\u0644\u0645\u0639\u0631\u0641\u0629)<\/strong><\/h3>\n\n\n\n<h4 class=\"wp-block-heading\"><strong>Tan\u0131m\u0131:<\/strong><\/h4>\n\n\n\n<ul class=\"wp-block-list\">\n<li>Marife, belirli bir varl\u0131\u011f\u0131 ifade eden isimdir.<\/li>\n\n\n\n<li>Dinleyici veya okuyucu, bu isimle kastedilen \u015feyin hangi varl\u0131k oldu\u011funu a\u00e7\u0131k\u00e7a bilir.<\/li>\n<\/ul>\n\n\n\n<h4 class=\"wp-block-heading\"><strong>\u00d6zellikleri:<\/strong><\/h4>\n\n\n\n<ol class=\"wp-block-list\">\n<li>Belirginlik ta\u015f\u0131r ve \u201cbelirli\u201d bir varl\u0131\u011f\u0131 ifade eder.<\/li>\n\n\n\n<li>C\u00fcmledeki ba\u011flama g\u00f6re net bir anlam verir.<\/li>\n\n\n\n<li>\u00c7e\u015fitli yollarla olu\u015fturulabilir (\u00f6rne\u011fin, &#8220;el&#8221; tak\u0131s\u0131 eklenerek, zamir olarak, \u00f6zel isim kullan\u0131larak vb.).<\/li>\n<\/ol>\n\n\n\n<hr class=\"wp-block-separator has-alpha-channel-opacity\"\/>\n\n\n\n<h3 class=\"wp-block-heading\"><strong>Marife T\u00fcrleri (\u0623\u0646\u0648\u0627\u0639 \u0627\u0644\u0645\u0639\u0631\u0641\u0629)<\/strong><\/h3>\n\n\n\n<p>Marife, yedi farkl\u0131 \u015fekilde kar\u015f\u0131m\u0131za \u00e7\u0131kar:<\/p>\n\n\n\n<ol class=\"wp-block-list\">\n<li><strong>&#8220;El&#8221; Tak\u0131l\u0131 \u0130sim (\u0627\u0644\u0645\u0639\u0631\u0641 \u0628\u0640 &#8220;\u0623\u0644&#8221;)<\/strong>\n<ul class=\"wp-block-list\">\n<li>Belirgin h\u00e2le gelmesi i\u00e7in ismin ba\u015f\u0131na &#8220;el&#8221; tak\u0131s\u0131 eklenir.<\/li>\n\n\n\n<li>\u00d6rnek:\n<ul class=\"wp-block-list\">\n<li>\u0627\u0644\u0643\u0650\u062a\u064e\u0627\u0628\u064f (o kitap, belirli kitap)<\/li>\n\n\n\n<li>\u0627\u0644\u0642\u064e\u0644\u064e\u0645\u064f (o kalem)<\/li>\n<\/ul>\n<\/li>\n<\/ul>\n<\/li>\n\n\n\n<li><strong>\u00d6zel \u0130sim (\u0627\u0644\u0639\u064e\u0644\u064e\u0645)<\/strong>\n<ul class=\"wp-block-list\">\n<li>Ki\u015fi, yer veya \u015fey isimleri belirli bir varl\u0131\u011f\u0131 ifade eder.<\/li>\n\n\n\n<li>\u00d6rnek:\n<ul class=\"wp-block-list\">\n<li>\u0645\u062d\u0645\u062f (Muhammed)<\/li>\n\n\n\n<li>\u0645\u0643\u0629 (Mekke)<\/li>\n\n\n\n<li>\u0625\u0633\u0637\u0646\u0628\u0648\u0644 (\u0130stanbul)<\/li>\n<\/ul>\n<\/li>\n<\/ul>\n<\/li>\n\n\n\n<li><strong>Zamirler (\u0627\u0644\u0636\u0645\u0627\u0626\u0631)<\/strong>\n<ul class=\"wp-block-list\">\n<li>Zamirler her zaman belirli anlam ta\u015f\u0131r.<\/li>\n\n\n\n<li>\u00d6rnek:\n<ul class=\"wp-block-list\">\n<li>\u0623\u0646\u0627 (ben), \u0623\u0646\u062a\u064e (sen), \u0647\u0648 (o).<\/li>\n<\/ul>\n<\/li>\n<\/ul>\n<\/li>\n\n\n\n<li><strong>\u0130zafetle Belirli Olan \u0130sim (\u0627\u0644\u0645\u0636\u0627\u0641 \u0625\u0644\u0649 \u0645\u0639\u0631\u0641\u0629)<\/strong>\n<ul class=\"wp-block-list\">\n<li>Nekira bir isim, belirli bir isme izafe edildi\u011finde marife olur.<\/li>\n\n\n\n<li>\u00d6rnek:\n<ul class=\"wp-block-list\">\n<li>\u0643\u062a\u0627\u0628\u064f \u0627\u0644\u0637\u0627\u0644\u0628\u0650 (\u00f6\u011frencinin kitab\u0131)<\/li>\n\n\n\n<li>\u0628\u064a\u062a\u064f \u0627\u0644\u0645\u0639\u0644\u0645\u0650 (\u00f6\u011fretmenin evi)<\/li>\n<\/ul>\n<\/li>\n<\/ul>\n<\/li>\n\n\n\n<li><strong>S\u0131fat Tamlamalar\u0131 (\u0627\u0644\u0645\u0648\u0635\u0648\u0641 \u0645\u0639 \u0635\u0641\u062a\u0647)<\/strong>\n<ul class=\"wp-block-list\">\n<li>Belirli bir ismin s\u0131fat\u0131 da belirli olur.<\/li>\n\n\n\n<li>\u00d6rnek:\n<ul class=\"wp-block-list\">\n<li>\u0627\u0644\u0631\u062c\u0644\u064f \u0627\u0644\u0637\u0648\u064a\u0644\u064f (uzun adam)<\/li>\n<\/ul>\n<\/li>\n<\/ul>\n<\/li>\n\n\n\n<li><strong>\u00c7a\u011fr\u0131lma (\u0627\u0644\u0645\u064f\u0646\u0627\u062f\u064e\u0649)<\/strong>\n<ul class=\"wp-block-list\">\n<li>Birisine hitap edildi\u011finde isim belirli kabul edilir.<\/li>\n\n\n\n<li>\u00d6rnek:\n<ul class=\"wp-block-list\">\n<li>\u064a\u0627 \u0631\u062c\u0644\u064f (Ey adam!)<\/li>\n<\/ul>\n<\/li>\n<\/ul>\n<\/li>\n\n\n\n<li><strong>Ba\u011fla\u00e7larla Belirli H\u00e2le Gelen (\u0627\u0644\u0645\u0639\u0631\u0641 \u0628\u0627\u0644\u0635\u0644\u0629)<\/strong>\n<ul class=\"wp-block-list\">\n<li>\u0130sme ba\u011flanan s\u0131fat c\u00fcmleleri ile belirginle\u015fir.<\/li>\n\n\n\n<li>\u00d6rnek:\n<ul class=\"wp-block-list\">\n<li>\u0627\u0644\u0630\u064a \u062c\u0627\u0621 (gelen ki\u015fi).<\/li>\n<\/ul>\n<\/li>\n<\/ul>\n<\/li>\n<\/ol>\n\n\n\n<hr class=\"wp-block-separator has-alpha-channel-opacity\"\/>\n\n\n\n<h3 class=\"wp-block-heading has-text-color has-link-color wp-elements-8c59bfc04b439a79066f2784440f3f7c\" style=\"color:#f40808\"><strong>Nekira ve Marife Aras\u0131ndaki Farklar<\/strong><\/h3>\n\n\n\n<figure class=\"wp-block-table\"><table class=\"has-fixed-layout\"><thead><tr><th><strong>Nekira (Belirsiz \u0130sim)<\/strong><\/th><th><strong>Marife (Belirli \u0130sim)<\/strong><\/th><\/tr><\/thead><tbody><tr><td>Genel bir varl\u0131ktan bahseder.<\/td><td>Belirli bir varl\u0131\u011f\u0131 ifade eder.<\/td><\/tr><tr><td>&#8220;El&#8221; tak\u0131s\u0131 almaz.<\/td><td>&#8220;El&#8221; tak\u0131s\u0131 alabilir.<\/td><\/tr><tr><td>\u00c7o\u011funlukla belirsizdir.<\/td><td>Her zaman belirgindir.<\/td><\/tr><tr><td>\u00d6rnek: \u0643\u062a\u0627\u0628\u060c \u0631\u062c\u0644\u060c \u0628\u064a\u062a.<\/td><td>\u00d6rnek: \u0627\u0644\u0643\u062a\u0627\u0628\u060c \u0645\u062d\u0645\u062f\u060c \u0623\u0646\u0627.<\/td><\/tr><\/tbody><\/table><\/figure>\n\n\n\n<hr class=\"wp-block-separator has-alpha-channel-opacity\"\/>\n\n\n\n<h3 class=\"wp-block-heading has-text-color has-link-color wp-elements-32bb7769e2db12b4a0f21c1c8af18c76\" style=\"color:#f90404\"><strong>Nekira\u2019dan Marife\u2019ye D\u00f6n\u00fc\u015f\u00fcm<\/strong><\/h3>\n\n\n\n<p>Nekira olan bir isim, \u015fu y\u00f6ntemlerle belirli h\u00e2le getirilebilir:<\/p>\n\n\n\n<ol class=\"wp-block-list\">\n<li><strong>&#8220;El&#8221; Tak\u0131s\u0131 Ekleyerek:<\/strong>\n<ul class=\"wp-block-list\">\n<li>\u0643\u0650\u062a\u064e\u0627\u0628\u064c \u2192 \u0627\u0644\u0643\u0650\u062a\u064e\u0627\u0628\u064f<\/li>\n\n\n\n<li>\u0628\u064e\u064a\u0652\u062a\u064c \u2192 \u0627\u0644\u0628\u064e\u064a\u0652\u062a\u064f<\/li>\n<\/ul>\n<\/li>\n\n\n\n<li><strong>\u0130zafet Yaparak:<\/strong>\n<ul class=\"wp-block-list\">\n<li>\u0643\u062a\u0627\u0628\u064c \u2192 \u0643\u062a\u0627\u0628\u064f \u0627\u0644\u0637\u0627\u0644\u0628\u0650<\/li>\n\n\n\n<li>\u0642\u0644\u0645\u064c \u2192 \u0642\u0644\u0645\u064f \u0627\u0644\u0645\u0639\u0644\u0645\u0650<\/li>\n<\/ul>\n<\/li>\n\n\n\n<li><strong>\u00d6zel \u0130sim Kullanarak:<\/strong>\n<ul class=\"wp-block-list\">\n<li>\u0643\u0650\u062a\u064e\u0627\u0628\u064c \u2192 \u0643\u062a\u0627\u0628\u064f \u0627\u0644\u0644\u0647\u0650 (Allah\u2019\u0131n Kitab\u0131).<\/li>\n<\/ul>\n<\/li>\n<\/ol>\n\n\n\n<hr class=\"wp-block-separator has-alpha-channel-opacity\"\/>\n\n\n\n<h3 class=\"wp-block-heading\"><strong>Sonu\u00e7<\/strong><\/h3>\n\n\n\n<p>Arap\u00e7ada nekira ve marife ayr\u0131m\u0131, c\u00fcmlenin anlam\u0131n\u0131 belirlemede \u00f6nemli bir yere sahiptir. Nekira genel ve belirsiz bir anlam ifade ederken, marife belirli bir varl\u0131\u011fa i\u015faret eder ve anlam\u0131 netle\u015ftirir. Bu ayr\u0131m\u0131 \u00f6\u011frenmek, Arap\u00e7ada ak\u0131c\u0131 ve do\u011fru konu\u015fman\u0131n temel ta\u015flar\u0131ndan biridir.<\/p>\n\n\n\n<figure class=\"wp-block-embed is-type-video is-provider-youtube wp-block-embed-youtube wp-embed-aspect-16-9 wp-has-aspect-ratio\"><div class=\"wp-block-embed__wrapper\">\n<iframe loading=\"lazy\" title=\"Marife &amp; Nekira Konusuna Giri\u015f\" width=\"640\" height=\"360\" src=\"https:\/\/www.youtube.com\/embed\/5EgL2jCMBGA?feature=oembed\" frameborder=\"0\" allow=\"accelerometer; autoplay; clipboard-write; encrypted-media; gyroscope; picture-in-picture; web-share\" referrerpolicy=\"strict-origin-when-cross-origin\" allowfullscreen><\/iframe>\n<\/div><\/figure>\n\n\n\n<p class=\"has-text-color has-link-color has-large-font-size wp-elements-59a0ee365ffeb9460504f17d78e8ab18\" style=\"color:#f90202\"><strong>ALI\u015eTIRMALAR<\/strong><\/p>\n\n\n\n<div class=\"h5p-iframe-wrapper\"><iframe id=\"h5p-iframe-120\" class=\"h5p-iframe\" data-content-id=\"120\" style=\"height:1px\" src=\"about:blank\" frameBorder=\"0\" scrolling=\"no\" title=\"Marife ve Nekra Al\u0131\u015ft\u0131rmalar\u0131\"><\/iframe><\/div>\n","protected":false},"excerpt":{"rendered":"<p>Nekira (Belirsiz \u0130sim) ve Marife (Belirli \u0130sim) Arap\u00e7ada isimler, belirginlik derecelerine g\u00f6re Nekira (belirsiz isim) ve Marife (belirli isim) olarak iki ana kategoriye ayr\u0131l\u0131r. Bu ayr\u0131m, bir ismin ifade etti\u011fi \u015feyin genel mi yoksa belirli bir varl\u0131k m\u0131 oldu\u011funu anlamam\u0131za &hellip; <\/p>\n","protected":false},"author":1,"featured_media":0,"parent":17091,"menu_order":0,"comment_status":"closed","ping_status":"closed","template":"","meta":{"_bbp_topic_count":0,"_bbp_reply_count":0,"_bbp_total_topic_count":0,"_bbp_total_reply_count":0,"_bbp_voice_count":0,"_bbp_anonymous_reply_count":0,"_bbp_topic_count_hidden":0,"_bbp_reply_count_hidden":0,"_bbp_forum_subforum_count":0,"footnotes":""},"class_list":["post-20548","page","type-page","status-publish","hentry"],"jetpack_sharing_enabled":true,"jetpack_likes_enabled":true,"_links":{"self":[{"href":"https:\/\/arapca.com\/index.php\/wp-json\/wp\/v2\/pages\/20548","targetHints":{"allow":["GET"]}}],"collection":[{"href":"https:\/\/arapca.com\/index.php\/wp-json\/wp\/v2\/pages"}],"about":[{"href":"https:\/\/arapca.com\/index.php\/wp-json\/wp\/v2\/types\/page"}],"author":[{"embeddable":true,"href":"https:\/\/arapca.com\/index.php\/wp-json\/wp\/v2\/users\/1"}],"replies":[{"embeddable":true,"href":"https:\/\/arapca.com\/index.php\/wp-json\/wp\/v2\/comments?post=20548"}],"version-history":[{"count":2,"href":"https:\/\/arapca.com\/index.php\/wp-json\/wp\/v2\/pages\/20548\/revisions"}],"predecessor-version":[{"id":20552,"href":"https:\/\/arapca.com\/index.php\/wp-json\/wp\/v2\/pages\/20548\/revisions\/20552"}],"up":[{"embeddable":true,"href":"https:\/\/arapca.com\/index.php\/wp-json\/wp\/v2\/pages\/17091"}],"wp:attachment":[{"href":"https:\/\/arapca.com\/index.php\/wp-json\/wp\/v2\/media?parent=20548"}],"curies":[{"name":"wp","href":"https:\/\/api.w.org\/{rel}","templated":true}]}}