{"id":20541,"date":"2025-01-12T14:06:02","date_gmt":"2025-01-12T11:06:02","guid":{"rendered":"https:\/\/arapca.com\/?page_id=20541"},"modified":"2025-01-12T14:07:12","modified_gmt":"2025-01-12T11:07:12","slug":"sifat-tamlamasi","status":"publish","type":"page","link":"https:\/\/arapca.com\/index.php\/arapca-dilbilgisi\/sifat-tamlamasi\/","title":{"rendered":"S\u0131fat Tamlamas\u0131"},"content":{"rendered":"\n<h2 class=\"wp-block-heading has-text-color has-link-color wp-elements-ec30af4e5ecd3f6646a8c8800d0abcc7\" style=\"color:#fa0404\"><strong>Arap\u00e7ada S\u0131fat Tamlamas\u0131 (S\u0131fat-Mevs\u00fbf)<\/strong><\/h2>\n\n\n\n<p><strong>S\u0131fat Tamlamas\u0131 (S\u0131fat-Mevs\u00fbf)<\/strong>, Arap\u00e7ada bir ismin (mevs\u00fbf) niteli\u011fini veya durumunu a\u00e7\u0131klayan bir s\u0131fatla (s\u0131fa) birlikte kullan\u0131lmas\u0131d\u0131r. T\u00fcrk\u00e7edeki &#8220;g\u00fczel ev&#8221;, &#8220;\u00e7al\u0131\u015fkan \u00f6\u011frenci&#8221; gibi s\u0131fat tamlamalar\u0131n\u0131n kar\u015f\u0131l\u0131\u011f\u0131d\u0131r.<\/p>\n\n\n\n<hr class=\"wp-block-separator has-alpha-channel-opacity\"\/>\n\n\n\n<h3 class=\"wp-block-heading has-text-color has-link-color wp-elements-277bb81585698bcb912849e58f4bfb06\" style=\"color:#f40909\"><strong>1. S\u0131fat Tamlamas\u0131n\u0131n Yap\u0131s\u0131<\/strong><\/h3>\n\n\n\n<p>S\u0131fat tamlamas\u0131, <strong>mevs\u00fbf<\/strong> (nitelendirilen isim) ve <strong>s\u0131fa<\/strong> (onu niteleyen s\u0131fat) olmak \u00fczere iki ana unsurdan olu\u015fur.<\/p>\n\n\n\n<h4 class=\"wp-block-heading\"><strong>S\u0131fat ve Mevs\u00fbf Aras\u0131ndaki Uyumluluk<\/strong><\/h4>\n\n\n\n<p>S\u0131fat, mevs\u00fbfa \u015fu \u00f6zelliklerde <strong>uyumlu<\/strong> olmal\u0131d\u0131r:<\/p>\n\n\n\n<ol class=\"wp-block-list\">\n<li><strong>Cinsiyet (Eril\/Di\u015fil):<\/strong><ul><li>Mevs\u00fbf eril ise s\u0131fat da eril olur.<\/li><li>Mevs\u00fbf di\u015fil ise s\u0131fat da di\u015fil olur.<\/li><\/ul><strong>\u00d6rnekler:<\/strong>\n<ul class=\"wp-block-list\">\n<li>\u0643\u0650\u062a\u064e\u0627\u0628\u064c \u062c\u064e\u062f\u0650\u064a\u062f\u064c (Yeni bir kitap \u2192 Eril)<\/li>\n\n\n\n<li>\u0633\u064e\u064a\u064e\u0651\u0627\u0631\u064e\u0629\u064c \u062c\u064e\u062f\u0650\u064a\u062f\u064e\u0629\u064c (Yeni bir araba \u2192 Di\u015fil)<\/li>\n<\/ul>\n<\/li>\n\n\n\n<li><strong>Tekillik, \u0130kilik, \u00c7o\u011fulluk:<\/strong><ul><li>Mevs\u00fbf tekil ise s\u0131fat da tekil olur.<\/li><li>Mevs\u00fbf ikil veya \u00e7o\u011ful ise s\u0131fat da ayn\u0131 \u015fekilde olur.<\/li><\/ul><strong>\u00d6rnekler:<\/strong>\n<ul class=\"wp-block-list\">\n<li>\u0631\u064e\u062c\u064f\u0644\u064e\u0627\u0646\u0650 \u0637\u064e\u0648\u0650\u064a\u0644\u064e\u0627\u0646\u0650 (Uzun boylu iki adam \u2192 \u0130kil)<\/li>\n\n\n\n<li>\u0646\u0650\u0633\u064e\u0627\u0621\u064c \u062c\u064e\u0645\u0650\u064a\u0644\u064e\u0627\u062a\u064c (G\u00fczel kad\u0131nlar \u2192 \u00c7o\u011ful)<\/li>\n<\/ul>\n<\/li>\n\n\n\n<li><strong>Belirli\/Belirsiz Olma:<\/strong><ul><li>Mevs\u00fbf belirli ise s\u0131fat da belirli olur (\u0627\u0644 al\u0131r).<\/li><li>Mevs\u00fbf belirsiz ise s\u0131fat da belirsiz olur (\u0627\u0644 almaz).<\/li><\/ul><strong>\u00d6rnekler:<\/strong>\n<ul class=\"wp-block-list\">\n<li>\u0627\u0644\u0643\u0650\u062a\u064e\u0627\u0628\u064f \u0627\u0644\u062c\u064e\u062f\u0650\u064a\u062f\u064f (Yeni kitap \u2192 Belirli)<\/li>\n\n\n\n<li>\u0643\u0650\u062a\u064e\u0627\u0628\u064c \u062c\u064e\u062f\u0650\u064a\u062f\u064c (Yeni bir kitap \u2192 Belirsiz)<\/li>\n<\/ul>\n<\/li>\n\n\n\n<li><strong>\u0130rab (Durum):<\/strong><ul><li>Mevs\u00fbfun harekesi ne ise s\u0131fat\u0131nki de ayn\u0131 olur (merfu, mansub, mecrur).<\/li><\/ul><strong>\u00d6rnekler:<\/strong>\n<ul class=\"wp-block-list\">\n<li>\u0631\u064e\u062c\u064f\u0644\u064c \u0635\u064e\u0627\u0644\u0650\u062d\u064c (\u0130yi bir adam \u2192 Merfu)<\/li>\n\n\n\n<li>\u0631\u064e\u0623\u064e\u064a\u0652\u062a\u064f \u0631\u064e\u062c\u064f\u0644\u064b\u0627 \u0635\u064e\u0627\u0644\u0650\u062d\u064b\u0627 (\u0130yi bir adam g\u00f6rd\u00fcm \u2192 Mansub)<\/li>\n\n\n\n<li>\u0628\u0650\u0631\u064e\u062c\u064f\u0644\u064d \u0635\u064e\u0627\u0644\u0650\u062d\u064d (\u0130yi bir adam ile \u2192 Mecrur)<\/li>\n<\/ul>\n<\/li>\n<\/ol>\n\n\n\n<hr class=\"wp-block-separator has-alpha-channel-opacity\"\/>\n\n\n\n<h3 class=\"wp-block-heading has-text-color has-link-color wp-elements-f893d9b24fa9afda7360795c6f31c7e1\" style=\"color:#f40505\"><strong>2. S\u0131fat Tamlamas\u0131n\u0131n T\u00fcrleri<\/strong><\/h3>\n\n\n\n<h4 class=\"wp-block-heading\"><strong>a. Niteleme S\u0131fat\u0131 (S\u0131fa Naitiye)<\/strong><\/h4>\n\n\n\n<p>Bir varl\u0131\u011f\u0131n fiziksel veya manevi \u00f6zelliklerini ifade eder.<\/p>\n\n\n\n<ul class=\"wp-block-list\">\n<li>\u0643\u0650\u062a\u064e\u0627\u0628\u064c \u0643\u064e\u0628\u0650\u064a\u0631\u064c \u2192 B\u00fcy\u00fck kitap<\/li>\n\n\n\n<li>\u0637\u0650\u0641\u0652\u0644\u064c \u0633\u064e\u0639\u0650\u064a\u062f\u064c \u2192 Mutlu \u00e7ocuk<\/li>\n<\/ul>\n\n\n\n<h4 class=\"wp-block-heading\"><strong>b. Belirtme S\u0131fat\u0131 (S\u0131fa Ta&#8217;y\u00eeniye)<\/strong><\/h4>\n\n\n\n<p>Varl\u0131\u011f\u0131 di\u011ferlerinden ay\u0131ran \u00f6zelli\u011fi belirtir.<\/p>\n\n\n\n<ul class=\"wp-block-list\">\n<li>\u0627\u0644\u0643\u0650\u062a\u064e\u0627\u0628\u064f \u0627\u0644\u062c\u064e\u062f\u0650\u064a\u062f\u064f \u2192 Yeni kitap<\/li>\n\n\n\n<li>\u0627\u0644\u0637\u0650\u0651\u0641\u0652\u0644\u064f \u0627\u0644\u0633\u064e\u0651\u0639\u0650\u064a\u062f\u064f \u2192 Mutlu \u00e7ocuk<\/li>\n<\/ul>\n\n\n\n<hr class=\"wp-block-separator has-alpha-channel-opacity\"\/>\n\n\n\n<h3 class=\"wp-block-heading has-text-color has-link-color wp-elements-6736828d5bde344e3c74a9f49dbae984\" style=\"color:#fb0404\"><strong>3. \u00d6rnek C\u00fcmleler<\/strong><\/h3>\n\n\n\n<ol class=\"wp-block-list\">\n<li>\u0627\u0644\u0637\u0650\u0651\u0641\u0652\u0644\u064f \u0627\u0644\u0635\u064e\u0651\u063a\u0650\u064a\u0631\u064f \u0641\u0650\u064a \u0627\u0644\u062d\u064e\u062f\u0650\u064a\u0642\u064e\u0629\u0650.<br>(K\u00fc\u00e7\u00fck \u00e7ocuk bah\u00e7ede.)<\/li>\n\n\n\n<li>\u0642\u064e\u0631\u064e\u0623\u0652\u062a\u064f \u0643\u0650\u062a\u064e\u0627\u0628\u064b\u0627 \u0645\u064f\u0641\u0650\u064a\u062f\u064b\u0627.<br>(Faydal\u0131 bir kitap okudum.)<\/li>\n\n\n\n<li>\u062c\u064e\u0644\u064e\u0633\u064e \u0627\u0644\u0631\u064e\u0651\u062c\u064f\u0644\u064e\u0627\u0646\u0650 \u0627\u0644\u0637\u064e\u0651\u0648\u0650\u064a\u0644\u064e\u0627\u0646\u0650 \u0641\u0650\u064a \u0627\u0644\u063a\u064f\u0631\u0652\u0641\u064e\u0629\u0650.<br>(Uzun boylu iki adam odada oturdu.)<\/li>\n\n\n\n<li>\u0627\u0644\u0633\u064e\u0651\u064a\u064e\u0651\u0627\u0631\u064e\u0627\u062a\u064f \u0627\u0644\u0633\u064e\u0651\u0631\u0650\u064a\u0639\u064e\u0629\u064f \u062a\u064e\u0633\u0650\u064a\u0631\u064f \u0641\u0650\u064a \u0627\u0644\u0637\u064e\u0651\u0631\u0650\u064a\u0642\u0650.<br>(H\u0131zl\u0131 arabalar yolda gidiyor.)<\/li>\n\n\n\n<li>\u0644\u064e\u062f\u064e\u064a\u064e\u0651 \u0642\u064e\u0644\u064e\u0645\u064c \u062c\u064e\u062f\u0650\u064a\u062f\u064c.<br>(Yeni bir kalemim var.)<\/li>\n<\/ol>\n\n\n\n<figure class=\"wp-block-embed is-type-video is-provider-youtube wp-block-embed-youtube wp-embed-aspect-16-9 wp-has-aspect-ratio\"><div class=\"wp-block-embed__wrapper\">\n<iframe loading=\"lazy\" title=\"ARAP\u00c7A SIFAT TAMLAMASI - \u00d6RNEKLERLE BAS\u0130T ANLATIM #uzaktanegitim\" width=\"640\" height=\"360\" src=\"https:\/\/www.youtube.com\/embed\/kWFveIQXcMg?feature=oembed\" frameborder=\"0\" allow=\"accelerometer; autoplay; clipboard-write; encrypted-media; gyroscope; picture-in-picture; web-share\" referrerpolicy=\"strict-origin-when-cross-origin\" allowfullscreen><\/iframe>\n<\/div><\/figure>\n\n\n\n<figure class=\"wp-block-embed is-type-video is-provider-youtube wp-block-embed-youtube wp-embed-aspect-16-9 wp-has-aspect-ratio\"><div class=\"wp-block-embed__wrapper\">\n<iframe loading=\"lazy\" title=\"Belirtili S\u0131fat Tamlamas\u0131 (Eril\/M\u00fcfred\/Merf\u00fb Bi\u00e7imi)\" width=\"640\" height=\"360\" src=\"https:\/\/www.youtube.com\/embed\/7rbzgaxJccY?feature=oembed\" frameborder=\"0\" allow=\"accelerometer; autoplay; clipboard-write; encrypted-media; gyroscope; picture-in-picture; web-share\" referrerpolicy=\"strict-origin-when-cross-origin\" allowfullscreen><\/iframe>\n<\/div><\/figure>\n\n\n\n<p class=\"has-text-color has-link-color has-large-font-size wp-elements-3cc2e80134c2b34da1274b877a260afa\" style=\"color:#f60707\">ALI\u015eTIRMALAR<\/p>\n\n\n\n<div class=\"h5p-iframe-wrapper\"><iframe id=\"h5p-iframe-119\" class=\"h5p-iframe\" data-content-id=\"119\" style=\"height:1px\" src=\"about:blank\" frameBorder=\"0\" scrolling=\"no\" title=\"S\u0131fat Tamlamas\u0131 Al\u0131\u015ft\u0131rmalar\u0131\"><\/iframe><\/div>\n","protected":false},"excerpt":{"rendered":"<p>Arap\u00e7ada S\u0131fat Tamlamas\u0131 (S\u0131fat-Mevs\u00fbf) S\u0131fat Tamlamas\u0131 (S\u0131fat-Mevs\u00fbf), Arap\u00e7ada bir ismin (mevs\u00fbf) niteli\u011fini veya durumunu a\u00e7\u0131klayan bir s\u0131fatla (s\u0131fa) birlikte kullan\u0131lmas\u0131d\u0131r. T\u00fcrk\u00e7edeki &#8220;g\u00fczel ev&#8221;, &#8220;\u00e7al\u0131\u015fkan \u00f6\u011frenci&#8221; gibi s\u0131fat tamlamalar\u0131n\u0131n kar\u015f\u0131l\u0131\u011f\u0131d\u0131r. 1. S\u0131fat Tamlamas\u0131n\u0131n Yap\u0131s\u0131 S\u0131fat tamlamas\u0131, mevs\u00fbf (nitelendirilen isim) ve s\u0131fa &hellip; <\/p>\n","protected":false},"author":1,"featured_media":0,"parent":17091,"menu_order":0,"comment_status":"closed","ping_status":"closed","template":"","meta":{"_bbp_topic_count":0,"_bbp_reply_count":0,"_bbp_total_topic_count":0,"_bbp_total_reply_count":0,"_bbp_voice_count":0,"_bbp_anonymous_reply_count":0,"_bbp_topic_count_hidden":0,"_bbp_reply_count_hidden":0,"_bbp_forum_subforum_count":0,"footnotes":""},"class_list":["post-20541","page","type-page","status-publish","hentry"],"jetpack_sharing_enabled":true,"jetpack_likes_enabled":true,"_links":{"self":[{"href":"https:\/\/arapca.com\/index.php\/wp-json\/wp\/v2\/pages\/20541","targetHints":{"allow":["GET"]}}],"collection":[{"href":"https:\/\/arapca.com\/index.php\/wp-json\/wp\/v2\/pages"}],"about":[{"href":"https:\/\/arapca.com\/index.php\/wp-json\/wp\/v2\/types\/page"}],"author":[{"embeddable":true,"href":"https:\/\/arapca.com\/index.php\/wp-json\/wp\/v2\/users\/1"}],"replies":[{"embeddable":true,"href":"https:\/\/arapca.com\/index.php\/wp-json\/wp\/v2\/comments?post=20541"}],"version-history":[{"count":2,"href":"https:\/\/arapca.com\/index.php\/wp-json\/wp\/v2\/pages\/20541\/revisions"}],"predecessor-version":[{"id":20544,"href":"https:\/\/arapca.com\/index.php\/wp-json\/wp\/v2\/pages\/20541\/revisions\/20544"}],"up":[{"embeddable":true,"href":"https:\/\/arapca.com\/index.php\/wp-json\/wp\/v2\/pages\/17091"}],"wp:attachment":[{"href":"https:\/\/arapca.com\/index.php\/wp-json\/wp\/v2\/media?parent=20541"}],"curies":[{"name":"wp","href":"https:\/\/api.w.org\/{rel}","templated":true}]}}