{"id":20531,"date":"2025-01-12T12:44:21","date_gmt":"2025-01-12T09:44:21","guid":{"rendered":"https:\/\/arapca.com\/?page_id=20531"},"modified":"2025-01-12T12:57:30","modified_gmt":"2025-01-12T09:57:30","slug":"ism-i-mevsul","status":"publish","type":"page","link":"https:\/\/arapca.com\/index.php\/arapca-dilbilgisi\/ism-i-mevsul\/","title":{"rendered":"\u0130sm-i Mevsul"},"content":{"rendered":"\n<h2 class=\"wp-block-heading has-text-color has-link-color wp-elements-72a849792d3260dc91838df054e25c9a\" style=\"color:#f20606\"><strong>Arap\u00e7ada Ba\u011fla\u00e7 \u0130simler (\u0130sm-i Mevs\u00fbl)<\/strong><\/h2>\n\n\n\n<p><strong>\u0130sm-i Mevs\u00fbl<\/strong>, Arap\u00e7ada c\u00fcmleleri birle\u015ftiren, T\u00fcrk\u00e7ede \u201cki\u201d, \u201ckim\u201d, \u201co ki\u201d gibi anlamlar ta\u015f\u0131yan ba\u011fla\u00e7lard\u0131r. Bu isimler, kendilerinden sonra bir s\u0131la c\u00fcmlesi (<strong>c\u00fcmle-i s\u0131la<\/strong>) al\u0131r ve s\u0131la c\u00fcmlesi, isimle ilgili eksik bilgiyi tamamlar.<\/p>\n\n\n\n<hr class=\"wp-block-separator has-alpha-channel-opacity\"\/>\n\n\n\n<h2 class=\"wp-block-heading has-text-color has-link-color wp-elements-893561606f0f0ff03e9d36ac83414e35\" style=\"color:#f40101\"><strong>1. \u0130sm-i Mevs\u00fbl T\u00fcrleri<\/strong><\/h2>\n\n\n\n<h4 class=\"wp-block-heading has-text-color has-link-color wp-elements-82cfc9d1bf7f96ce210355dd46738dcb\" style=\"color:#f00e0e\"><strong>a. \u00d6zel (H\u00e2s) \u0130sm-i Mevs\u00fbl<\/strong><\/h4>\n\n\n\n<ul class=\"wp-block-list\">\n<li><strong>Tekil<\/strong>, <strong>ikil<\/strong> ve <strong>\u00e7o\u011ful<\/strong> durumlar\u0131na g\u00f6re eril ve di\u015fil ayr\u0131m\u0131 yapar.<\/li>\n\n\n\n<li>Ki\u015filer veya \u015feyler i\u00e7in kullan\u0131l\u0131r.<\/li>\n<\/ul>\n\n\n\n<figure class=\"wp-block-table\"><table class=\"has-fixed-layout\"><thead><tr><th><strong>Durum<\/strong><\/th><th><strong>Eril<\/strong> (M\u00fczekker)<\/th><th><strong>Di\u015fil<\/strong> (M\u00fcennes)<\/th><\/tr><\/thead><tbody><tr><td><strong>Tekil<\/strong><\/td><td>\u0627\u0644\u064e\u0651\u0630\u0650\u064a<\/td><td>\u0627\u0644\u064e\u0651\u062a\u0650\u064a<\/td><\/tr><tr><td><strong>\u0130kil<\/strong><\/td><td>\u0627\u0644\u064e\u0651\u0630\u064e\u0627\u0646\u0650<\/td><td>\u0627\u0644\u064e\u0651\u062a\u064e\u0627\u0646\u0650<\/td><\/tr><tr><td><strong>\u0130kil (mansup)<\/strong><\/td><td>\u0627\u0644\u064e\u0651\u0630\u064e\u064a\u0652\u0646\u0650<\/td><td>\u0627\u0644\u064e\u0651\u062a\u064e\u064a\u0652\u0646\u0650<\/td><\/tr><tr><td><strong>\u00c7o\u011ful<\/strong><\/td><td>\u0627\u0644\u064e\u0651\u0630\u0650\u064a\u0646\u064e<\/td><td>\u0627\u0644\u064e\u0651\u0627\u062a\u0650\u064a \/ \u0627\u0644\u0644\u064e\u0651\u0648\u064e\u0627\u062a\u0650\u064a<\/td><\/tr><\/tbody><\/table><\/figure>\n\n\n\n<h4 class=\"wp-block-heading\"><strong>\u00d6rnekler:<\/strong><\/h4>\n\n\n\n<ol class=\"wp-block-list\">\n<li>\u0627\u0644\u0631\u064e\u0651\u062c\u064f\u0644\u064f <strong>\u0627\u0644\u064e\u0651\u0630\u0650\u064a<\/strong> \u064a\u064e\u0642\u0652\u0631\u064e\u0623\u064f \u0643\u0650\u062a\u064e\u0627\u0628\u064b\u0627 \u0645\u064f\u0639\u064e\u0644\u0650\u0651\u0645\u064c.<br>(Kitap okuyan adam bir \u00f6\u011fretmendir.)<\/li>\n\n\n\n<li>\u0627\u0644\u0645\u064e\u0631\u0652\u0623\u064e\u0629\u064f <strong>\u0627\u0644\u064e\u0651\u062a\u0650\u064a<\/strong> \u062a\u064e\u0643\u0652\u062a\u064f\u0628\u064f \u0631\u0650\u0633\u064e\u0627\u0644\u064e\u0629\u064b \u0645\u064f\u0639\u064e\u0644\u0650\u0651\u0645\u064e\u0629\u064c.<br>(Mektup yazan kad\u0131n bir \u00f6\u011fretmendir.)<\/li>\n\n\n\n<li>\u0627\u0644\u0637\u0650\u0651\u0641\u0652\u0644\u064e\u0627\u0646\u0650 <strong>\u0627\u0644\u064e\u0651\u0630\u064e\u0627\u0646\u0650<\/strong> \u064a\u064e\u0644\u0652\u0639\u064e\u0628\u064e\u0627\u0646\u0650 \u0641\u0650\u064a \u0627\u0644\u062d\u064e\u062f\u0650\u064a\u0642\u064e\u0629\u0650 \u0623\u064e\u062e\u064e\u0648\u064e\u0627\u064a\u064e.<br>(Bah\u00e7ede oynayan iki \u00e7ocuk benim karde\u015flerimdir.)<\/li>\n\n\n\n<li>\u0627\u0644\u0646\u0650\u0651\u0633\u064e\u0627\u0621\u064f <strong>\u0627\u0644\u0644\u064e\u0651\u0627\u062a\u0650\u064a<\/strong> \u064a\u064e\u062f\u0652\u0631\u064f\u0633\u0652\u0646\u064e \u0641\u0650\u064a \u0627\u0644\u062c\u064e\u0627\u0645\u0650\u0639\u064e\u0629\u0650 \u0645\u064f\u062c\u0652\u062a\u064e\u0647\u0650\u062f\u064e\u0627\u062a\u064c.<br>(\u00dcniversitede okuyan kad\u0131nlar \u00e7al\u0131\u015fkand\u0131r.)<\/li>\n<\/ol>\n\n\n\n<hr class=\"wp-block-separator has-alpha-channel-opacity\"\/>\n\n\n\n<h4 class=\"wp-block-heading has-text-color has-link-color wp-elements-831c52dd01db6e61a65245c469098ddd\" style=\"color:#f90808\"><strong>b. Ortak (M\u00fc\u015fterek) \u0130sm-i Mevs\u00fbl<\/strong><\/h4>\n\n\n\n<ul class=\"wp-block-list\">\n<li>Hem eril hem de di\u015fil i\u00e7in kullan\u0131labilir. Tekil, ikil ve \u00e7o\u011ful ayr\u0131m\u0131 yapmaz. Daha genel bir anlam ta\u015f\u0131r.<\/li>\n\n\n\n<li>S\u0131kl\u0131kla <strong>&#8220;\u0645\u064e\u0646&#8221;<\/strong> (kim) ve <strong>&#8220;\u0645\u064e\u0627&#8221;<\/strong> (ne) olarak kullan\u0131l\u0131r.<\/li>\n<\/ul>\n\n\n\n<figure class=\"wp-block-table\"><table class=\"has-fixed-layout\"><thead><tr><th><strong>Ba\u011fla\u00e7 \u0130smi<\/strong><\/th><th><strong>Anlam\u0131<\/strong><\/th><\/tr><\/thead><tbody><tr><td>\u0645\u064e\u0646\u0652<\/td><td>Kim, o kim ki<\/td><\/tr><tr><td>\u0645\u064e\u0627<\/td><td>Ne, o \u015fey ki<\/td><\/tr><\/tbody><\/table><\/figure>\n\n\n\n<h4 class=\"wp-block-heading\"><strong>\u00d6rnekler:<\/strong><\/h4>\n\n\n\n<ol class=\"wp-block-list\">\n<li><strong>\u0645\u064e\u0646\u0652<\/strong> \u064a\u064e\u0639\u0652\u0645\u064e\u0644\u0652 \u062e\u064e\u064a\u0652\u0631\u064b\u0627 \u064a\u064f\u062c\u0652\u0632\u064e \u0628\u0650\u0647\u0650.<br>(Kim iyilik yaparsa onunla \u00f6d\u00fcllendirilir.)<\/li>\n\n\n\n<li><strong>\u0645\u064e\u0627<\/strong> \u062a\u064e\u0632\u0652\u0631\u064e\u0639\u0652\u0647\u064f \u062a\u064e\u062d\u0652\u0635\u064f\u062f\u0652\u0647\u064f.<br>(Ne ekersen, onu bi\u00e7ersin.)<\/li>\n\n\n\n<li>\u0623\u064f\u062d\u0650\u0628\u064f\u0651 <strong>\u0645\u064e\u0646\u0652<\/strong> \u064a\u064e\u0641\u0652\u0647\u064e\u0645\u064f\u0646\u0650\u064a.<br>(Beni anlayan\u0131 severim.)<\/li>\n\n\n\n<li>\u0647\u064e\u0630\u064e\u0627 <strong>\u0645\u064e\u0627<\/strong> \u0623\u064e\u0631\u064e\u062f\u0652\u062a\u064f.<br>(Bu, istedi\u011fim \u015feydir.)<\/li>\n<\/ol>\n\n\n\n<hr class=\"wp-block-separator has-alpha-channel-opacity\"\/>\n\n\n\n<h3 class=\"wp-block-heading has-text-color has-link-color wp-elements-0064786550d07772df39210be5abc5e2\" style=\"color:#f70404\"><strong>2. \u0130sm-i Mevs\u00fbl&#8217;\u00fcn \u00d6zellikleri<\/strong><\/h3>\n\n\n\n<ol class=\"wp-block-list\">\n<li><strong>Ba\u011flama G\u00f6re Anlam:<\/strong> \u0130sm-i mevs\u00fbl, c\u00fcmlede anlam\u0131 ba\u011flar ve tamlar.\n<ul class=\"wp-block-list\">\n<li>\u00d6rne\u011fin: &#8220;\u0627\u0644\u064e\u0651\u0630\u0650\u064a&#8221; ba\u011flac\u0131 kendisinden \u00f6nce gelen bir ismi, kendisinden sonraki s\u0131la c\u00fcmlesiyle a\u00e7\u0131klar.<\/li>\n<\/ul>\n<\/li>\n\n\n\n<li><strong>S\u0131la C\u00fcmlesi (\u062c\u0645\u0644\u0629 \u0627\u0644\u0635\u0644\u0629):<\/strong>\n<ul class=\"wp-block-list\">\n<li>\u0130sm-i mevs\u00fbl\u2019den hemen sonra gelen ve onu a\u00e7\u0131klayan c\u00fcmledir.<\/li>\n\n\n\n<li>S\u0131la c\u00fcmlesinde mutlaka zamir bulunur ve bu zamir ismi tekrar eder.<\/li>\n<\/ul>\n<\/li>\n\n\n\n<li><strong>\u0130sim ve Fiil C\u00fcmleleri:<\/strong>\n<ul class=\"wp-block-list\">\n<li>S\u0131la c\u00fcmlesi isim veya fiil c\u00fcmlesi olabilir.<\/li>\n<\/ul>\n<\/li>\n<\/ol>\n\n\n\n<hr class=\"wp-block-separator has-alpha-channel-opacity\"\/>\n\n\n\n<h3 class=\"wp-block-heading has-text-color has-link-color wp-elements-427e2f22f133a002c92b393637750fd3\" style=\"color:#fe0101\"><strong>3. \u00d6rnekler ve \u00c7\u00f6z\u00fcmleme<\/strong><\/h3>\n\n\n\n<h4 class=\"wp-block-heading\"><strong>a. Fiil C\u00fcmlesi ile \u0130sm-i Mevs\u00fbl:<\/strong><\/h4>\n\n\n\n<ul class=\"wp-block-list\">\n<li>\u0627\u0644\u0631\u064e\u0651\u062c\u064f\u0644\u064f <strong>\u0627\u0644\u064e\u0651\u0630\u0650\u064a \u064a\u064e\u0642\u0652\u0631\u064e\u0623\u064f \u0627\u0644\u0643\u0650\u062a\u064e\u0627\u0628\u064e<\/strong> \u0637\u064e\u0628\u0650\u064a\u0628\u064c.<br>(Kitap okuyan adam bir doktordur.)\n<ul class=\"wp-block-list\">\n<li><strong>\u0627\u0644\u064e\u0651\u0630\u0650\u064a<\/strong>: \u0130sm-i mevs\u00fbl<\/li>\n\n\n\n<li><strong>\u064a\u064e\u0642\u0652\u0631\u064e\u0623\u064f \u0627\u0644\u0643\u0650\u062a\u064e\u0627\u0628\u064e<\/strong>: S\u0131la c\u00fcmlesi<\/li>\n<\/ul>\n<\/li>\n<\/ul>\n\n\n\n<h4 class=\"wp-block-heading\"><strong>b. \u0130sim C\u00fcmlesi ile \u0130sm-i Mevs\u00fbl:<\/strong><\/h4>\n\n\n\n<ul class=\"wp-block-list\">\n<li>\u0627\u0644\u0637\u0650\u0651\u0641\u0652\u0644\u064f <strong>\u0627\u0644\u064e\u0651\u0630\u0650\u064a \u0623\u064f\u0645\u064f\u0651\u0647\u064f \u0645\u064f\u0639\u064e\u0644\u0650\u0651\u0645\u064e\u0629\u064c<\/strong> \u0630\u064e\u0643\u0650\u064a\u064c\u0651.<br>(Annesi \u00f6\u011fretmen olan \u00e7ocuk zekidir.)\n<ul class=\"wp-block-list\">\n<li><strong>\u0627\u0644\u064e\u0651\u0630\u0650\u064a<\/strong>: \u0130sm-i mevs\u00fbl<\/li>\n\n\n\n<li><strong>\u0623\u064f\u0645\u064f\u0651\u0647\u064f \u0645\u064f\u0639\u064e\u0644\u0650\u0651\u0645\u064e\u0629\u064c<\/strong>: S\u0131la c\u00fcmlesi<\/li>\n<\/ul>\n<\/li>\n<\/ul>\n\n\n\n<hr class=\"wp-block-separator has-alpha-channel-opacity\"\/>\n\n\n\n<h2 class=\"wp-block-heading has-text-color has-link-color wp-elements-81cd916ef47c1eeeb7590339fc43b1a2\" style=\"color:#fb0404\"><strong>4. Al\u0131\u015ft\u0131rmalar<\/strong><\/h2>\n\n\n\n<div class=\"h5p-iframe-wrapper\"><iframe id=\"h5p-iframe-117\" class=\"h5p-iframe\" data-content-id=\"117\" style=\"height:1px\" src=\"about:blank\" frameBorder=\"0\" scrolling=\"no\" title=\"\u0130smi Mevsul Al\u0131\u015ft\u0131rmalar\u0131\"><\/iframe><\/div>\n\n\n\n<figure class=\"wp-block-embed is-type-video is-provider-youtube wp-block-embed-youtube wp-embed-aspect-16-9 wp-has-aspect-ratio\"><div class=\"wp-block-embed__wrapper\">\n<iframe loading=\"lazy\" title=\"\u0130SM\u0130 MEVSULLER TEK DERSTE GENEL ANLATIM \/ FAS\u0130H ARAP\u00c7A 42.DERS\" width=\"640\" height=\"360\" src=\"https:\/\/www.youtube.com\/embed\/95BUDzXpYBE?feature=oembed\" frameborder=\"0\" allow=\"accelerometer; autoplay; clipboard-write; encrypted-media; gyroscope; picture-in-picture; web-share\" referrerpolicy=\"strict-origin-when-cross-origin\" allowfullscreen><\/iframe>\n<\/div><\/figure>\n\n\n\n<figure class=\"wp-block-embed is-type-video is-provider-youtube wp-block-embed-youtube wp-embed-aspect-16-9 wp-has-aspect-ratio\"><div class=\"wp-block-embed__wrapper\">\n<iframe loading=\"lazy\" title=\"S\u0131f\u0131rdan Arap\u00e7a \u00d6\u011freniyorum 81.DERS (\u0130SM-\u0130 MEVSUL) - Necla Yasd\u0131man\" width=\"640\" height=\"360\" src=\"https:\/\/www.youtube.com\/embed\/A0Xmy_9Fi0I?feature=oembed\" frameborder=\"0\" allow=\"accelerometer; autoplay; clipboard-write; encrypted-media; gyroscope; picture-in-picture; web-share\" referrerpolicy=\"strict-origin-when-cross-origin\" allowfullscreen><\/iframe>\n<\/div><\/figure>\n","protected":false},"excerpt":{"rendered":"<p>Arap\u00e7ada Ba\u011fla\u00e7 \u0130simler (\u0130sm-i Mevs\u00fbl) \u0130sm-i Mevs\u00fbl, Arap\u00e7ada c\u00fcmleleri birle\u015ftiren, T\u00fcrk\u00e7ede \u201cki\u201d, \u201ckim\u201d, \u201co ki\u201d gibi anlamlar ta\u015f\u0131yan ba\u011fla\u00e7lard\u0131r. Bu isimler, kendilerinden sonra bir s\u0131la c\u00fcmlesi (c\u00fcmle-i s\u0131la) al\u0131r ve s\u0131la c\u00fcmlesi, isimle ilgili eksik bilgiyi tamamlar. 1. \u0130sm-i Mevs\u00fbl &hellip; <\/p>\n","protected":false},"author":1,"featured_media":0,"parent":17091,"menu_order":0,"comment_status":"closed","ping_status":"closed","template":"","meta":{"_bbp_topic_count":0,"_bbp_reply_count":0,"_bbp_total_topic_count":0,"_bbp_total_reply_count":0,"_bbp_voice_count":0,"_bbp_anonymous_reply_count":0,"_bbp_topic_count_hidden":0,"_bbp_reply_count_hidden":0,"_bbp_forum_subforum_count":0,"footnotes":""},"class_list":["post-20531","page","type-page","status-publish","hentry"],"jetpack_sharing_enabled":true,"jetpack_likes_enabled":true,"_links":{"self":[{"href":"https:\/\/arapca.com\/index.php\/wp-json\/wp\/v2\/pages\/20531","targetHints":{"allow":["GET"]}}],"collection":[{"href":"https:\/\/arapca.com\/index.php\/wp-json\/wp\/v2\/pages"}],"about":[{"href":"https:\/\/arapca.com\/index.php\/wp-json\/wp\/v2\/types\/page"}],"author":[{"embeddable":true,"href":"https:\/\/arapca.com\/index.php\/wp-json\/wp\/v2\/users\/1"}],"replies":[{"embeddable":true,"href":"https:\/\/arapca.com\/index.php\/wp-json\/wp\/v2\/comments?post=20531"}],"version-history":[{"count":2,"href":"https:\/\/arapca.com\/index.php\/wp-json\/wp\/v2\/pages\/20531\/revisions"}],"predecessor-version":[{"id":20535,"href":"https:\/\/arapca.com\/index.php\/wp-json\/wp\/v2\/pages\/20531\/revisions\/20535"}],"up":[{"embeddable":true,"href":"https:\/\/arapca.com\/index.php\/wp-json\/wp\/v2\/pages\/17091"}],"wp:attachment":[{"href":"https:\/\/arapca.com\/index.php\/wp-json\/wp\/v2\/media?parent=20531"}],"curies":[{"name":"wp","href":"https:\/\/api.w.org\/{rel}","templated":true}]}}