{"id":20524,"date":"2025-01-12T11:21:30","date_gmt":"2025-01-12T08:21:30","guid":{"rendered":"https:\/\/arapca.com\/?page_id=20524"},"modified":"2025-01-12T11:48:04","modified_gmt":"2025-01-12T08:48:04","slug":"zaman-ve-mekan-ismi","status":"publish","type":"page","link":"https:\/\/arapca.com\/index.php\/arapca-dilbilgisi\/zaman-ve-mekan-ismi\/","title":{"rendered":"Zaman ve Mekan \u0130smi"},"content":{"rendered":"\n<figure class=\"wp-block-image size-full\"><img data-recalc-dims=\"1\" loading=\"lazy\" decoding=\"async\" width=\"640\" height=\"646\" src=\"https:\/\/i0.wp.com\/arapca.com\/wp-content\/uploads\/2025\/01\/ismi-zaman-ve-mekan.jpg?resize=640%2C646&#038;ssl=1\" alt=\"\" class=\"wp-image-20525\" srcset=\"https:\/\/i0.wp.com\/arapca.com\/wp-content\/uploads\/2025\/01\/ismi-zaman-ve-mekan.jpg?w=710&amp;ssl=1 710w, https:\/\/i0.wp.com\/arapca.com\/wp-content\/uploads\/2025\/01\/ismi-zaman-ve-mekan.jpg?resize=297%2C300&amp;ssl=1 297w, https:\/\/i0.wp.com\/arapca.com\/wp-content\/uploads\/2025\/01\/ismi-zaman-ve-mekan.jpg?resize=150%2C150&amp;ssl=1 150w, https:\/\/i0.wp.com\/arapca.com\/wp-content\/uploads\/2025\/01\/ismi-zaman-ve-mekan.jpg?resize=600%2C606&amp;ssl=1 600w, https:\/\/i0.wp.com\/arapca.com\/wp-content\/uploads\/2025\/01\/ismi-zaman-ve-mekan.jpg?resize=100%2C100&amp;ssl=1 100w\" sizes=\"auto, (max-width: 640px) 100vw, 640px\" \/><\/figure>\n\n\n\n<h2 class=\"wp-block-heading has-text-color has-link-color wp-elements-1b0c5e31ff9d5dd3e126f2a1bf35e488\" style=\"color:#fa0101\"><strong>Arap\u00e7ada Zaman ve Mekan \u0130smi (\u0130sm-i Zam\u00e2n ve \u0130sm-i Mek\u00e2n)<\/strong><\/h2>\n\n\n\n<p>Arap\u00e7ada <strong>Zaman ve Mekan \u0130simleri<\/strong> (\u0625\u0633\u0645 \u0627\u0644\u0632\u0645\u0627\u0646 \u0648\u0627\u0644\u0645\u0643\u0627\u0646), bir fiilin ger\u00e7ekle\u015fti\u011fi zaman\u0131 veya yeri ifade eden isimlerdir. Bunlar, genellikle fiilin mastar\u0131ndan t\u00fcretilir ve T\u00fcrk\u00e7ede &#8220;yer&#8221; ve &#8220;zaman&#8221; anlam\u0131n\u0131 ta\u015f\u0131r.<\/p>\n\n\n\n<hr class=\"wp-block-separator has-alpha-channel-opacity\"\/>\n\n\n\n<h3 class=\"wp-block-heading has-text-color has-link-color wp-elements-0739d9866322de264e3caa56ccc2d84d\" style=\"color:#f80404\"><strong>1. Zaman ve Mekan \u0130sminin T\u00fcretildi\u011fi Kal\u0131plar<\/strong><\/h3>\n\n\n\n<h4 class=\"wp-block-heading\"><strong>\u00dc\u00e7 Harfli (S\u00fclasi) Fiillerden T\u00fcretme<\/strong><\/h4>\n\n\n\n<ul class=\"wp-block-list\">\n<li>Zaman ve mekan isimleri, <strong>mef&#8217;al<\/strong> (\u0645\u064e\u0641\u0652\u0639\u064e\u0644) veya <strong>mef&#8217;il<\/strong> (\u0645\u064e\u0641\u0652\u0639\u0650\u0644) kal\u0131b\u0131nda yap\u0131l\u0131r.<br>Kullan\u0131lacak kal\u0131p, fiilin <strong>muzari harfi<\/strong> ve fiilin son harfinin harekesine ba\u011fl\u0131d\u0131r.<\/li>\n<\/ul>\n\n\n\n<h4 class=\"wp-block-heading\"><strong>\u00d6rnekler:<\/strong><\/h4>\n\n\n\n<ol class=\"wp-block-list\">\n<li><strong>Fiilin K\u00f6keni:<\/strong> \u0643\u064e\u062a\u064e\u0628\u064e (yazd\u0131)\n<ul class=\"wp-block-list\">\n<li>\u0130sm-i mekan: <strong>\u0645\u064e\u0643\u0652\u062a\u064e\u0628<\/strong> (yaz\u0131 yeri \u2192 ofis)<\/li>\n\n\n\n<li>\u0130sm-i zaman: <strong>\u0645\u064e\u0643\u0652\u062a\u064e\u0628<\/strong> (yazma zaman\u0131)<\/li>\n<\/ul>\n<\/li>\n\n\n\n<li><strong>Fiilin K\u00f6keni:<\/strong> \u062c\u064e\u0644\u064e\u0633\u064e (oturdu)\n<ul class=\"wp-block-list\">\n<li>\u0130sm-i mekan: <strong>\u0645\u064e\u062c\u0652\u0644\u0650\u0633<\/strong> (oturma yeri \u2192 toplant\u0131 yeri)<\/li>\n\n\n\n<li>\u0130sm-i zaman: <strong>\u0645\u064e\u062c\u0652\u0644\u0650\u0633<\/strong> (oturma zaman\u0131)<\/li>\n<\/ul>\n<\/li>\n\n\n\n<li><strong>Fiilin K\u00f6keni:<\/strong> \u0637\u064e\u0628\u064e\u062e\u064e (pi\u015firdi)\n<ul class=\"wp-block-list\">\n<li>\u0130sm-i mekan: <strong>\u0645\u064e\u0637\u0652\u0628\u064e\u062e<\/strong> (pi\u015firme yeri \u2192 mutfak)<\/li>\n\n\n\n<li>\u0130sm-i zaman: <strong>\u0645\u064e\u0637\u0652\u0628\u064e\u062e<\/strong> (pi\u015firme zaman\u0131)<\/li>\n<\/ul>\n<\/li>\n<\/ol>\n\n\n\n<h4 class=\"wp-block-heading\"><strong>Mez\u00eed (Ekli) Fiillerden T\u00fcretme<\/strong><\/h4>\n\n\n\n<p>Mez\u00eed fiillerde zaman ve mekan isimleri, genelde <strong>muzari fiil<\/strong> kal\u0131b\u0131na &#8220;\u0645\u0640&#8221; eklenerek yap\u0131l\u0131r.<\/p>\n\n\n\n<h4 class=\"wp-block-heading\"><strong>\u00d6rnekler:<\/strong><\/h4>\n\n\n\n<ol class=\"wp-block-list\">\n<li><strong>Fiilin K\u00f6keni:<\/strong> \u062a\u064e\u0639\u064e\u0644\u064e\u0651\u0645\u064e (\u00f6\u011frendi)\n<ul class=\"wp-block-list\">\n<li>\u0130sm-i mekan: <strong>\u0645\u064f\u062a\u064e\u0639\u064e\u0644\u064e\u0651\u0645<\/strong> (\u00f6\u011frenme yeri \u2192 okul, s\u0131n\u0131f)<\/li>\n\n\n\n<li>\u0130sm-i zaman: <strong>\u0645\u064f\u062a\u064e\u0639\u064e\u0644\u064e\u0651\u0645<\/strong> (\u00f6\u011frenme zaman\u0131)<\/li>\n<\/ul>\n<\/li>\n\n\n\n<li><strong>Fiilin K\u00f6keni:<\/strong> \u0623\u064e\u0643\u0652\u0631\u064e\u0645\u064e (ikram etti)\n<ul class=\"wp-block-list\">\n<li>\u0130sm-i mekan: <strong>\u0645\u064f\u0643\u0652\u0631\u064e\u0645<\/strong> (ikram yeri)<\/li>\n\n\n\n<li>\u0130sm-i zaman: <strong>\u0645\u064f\u0643\u0652\u0631\u064e\u0645<\/strong> (ikram zaman\u0131)<\/li>\n<\/ul>\n<\/li>\n<\/ol>\n\n\n\n<hr class=\"wp-block-separator has-alpha-channel-opacity\"\/>\n\n\n\n<h3 class=\"wp-block-heading has-text-color has-link-color wp-elements-3e3342fa618d979f666f8747fe8a2b51\" style=\"color:#f90404\"><strong>2. Zaman ve Mekan \u0130sminin Kullan\u0131m\u0131<\/strong><\/h3>\n\n\n\n<ul class=\"wp-block-list\">\n<li>Zaman ve mekan isimleri, genellikle bir eylemin nerede veya ne zaman ger\u00e7ekle\u015fti\u011fini ifade eder.<\/li>\n\n\n\n<li>C\u00fcmlede yer belirten veya zaman belirten ifadeler olarak kullan\u0131l\u0131r.<\/li>\n<\/ul>\n\n\n\n<h4 class=\"wp-block-heading\"><strong>\u00d6rnekler:<\/strong><\/h4>\n\n\n\n<ol class=\"wp-block-list\">\n<li><strong>Yer Bildirme (\u0130sm-i Mek\u00e2n):<\/strong>\n<ul class=\"wp-block-list\">\n<li>\u0627\u0644\u0637\u064e\u0651\u0627\u0644\u0650\u0628\u064f \u064a\u064e\u0643\u0652\u062a\u064f\u0628\u064f \u0641\u0650\u064a \u0627\u0644\u0645\u064e\u0643\u0652\u062a\u064e\u0628\u0650.<br>(\u00d6\u011frenci ofiste yaz\u0131yor.)<\/li>\n\n\n\n<li>\u0627\u0644\u062c\u064f\u0646\u0652\u062f\u0650\u064a\u064f\u0651 \u064a\u064e\u062c\u0652\u0644\u0650\u0633\u064f \u0641\u0650\u064a \u0627\u0644\u0645\u064e\u062c\u0652\u0644\u0650\u0633\u0650.<br>(Asker toplant\u0131 yerinde oturuyor.)<\/li>\n<\/ul>\n<\/li>\n\n\n\n<li><strong>Zaman Bildirme (\u0130sm-i Zam\u00e2n):<\/strong>\n<ul class=\"wp-block-list\">\n<li>\u0627\u0644\u0637\u064e\u0651\u0628\u064e\u0651\u0627\u062e\u064f \u064a\u064e\u0639\u0652\u0645\u064e\u0644\u064f \u0641\u0650\u064a \u0627\u0644\u0645\u064e\u0637\u0652\u0628\u064e\u062e\u0650 \u0635\u064e\u0628\u064e\u0627\u062d\u064b\u0627.<br>(A\u015f\u00e7\u0131 sabah mutfakta \u00e7al\u0131\u015f\u0131yor.)<\/li>\n\n\n\n<li>\u0627\u0644\u062a\u064e\u0651\u0644\u064e\u0627\u0645\u0650\u064a\u0630\u064f \u064a\u064e\u062f\u0652\u0631\u064f\u0633\u064f\u0648\u0646\u064e \u0641\u0650\u064a \u0627\u0644\u0645\u064f\u062a\u064e\u0639\u064e\u0644\u064e\u0651\u0645\u0650 \u0635\u064e\u0628\u064e\u0627\u062d\u064b\u0627.<br>(\u00d6\u011frenciler sabah okulda ders \u00e7al\u0131\u015f\u0131yor.)<\/li>\n<\/ul>\n<\/li>\n<\/ol>\n\n\n\n<hr class=\"wp-block-separator has-alpha-channel-opacity\"\/>\n\n\n\n<h3 class=\"wp-block-heading has-text-color has-link-color wp-elements-308a433c88f5f96e51eb5487954b9153\" style=\"color:#f90505\"><strong>3. \u00d6rnekler ve A\u00e7\u0131klamalar<\/strong><\/h3>\n\n\n\n<figure class=\"wp-block-table\"><table class=\"has-fixed-layout\"><thead><tr><th><strong>Fiil<\/strong><\/th><th><strong>\u0130sm-i Zam\u00e2n<\/strong><\/th><th><strong>\u0130sm-i Mek\u00e2n<\/strong><\/th><th><strong>T\u00fcrk\u00e7esi<\/strong><\/th><\/tr><\/thead><tbody><tr><td>\u0643\u064e\u062a\u064e\u0628\u064e<\/td><td>\u0645\u064e\u0643\u0652\u062a\u064e\u0628\u064c<\/td><td>\u0645\u064e\u0643\u0652\u062a\u064e\u0628\u064c<\/td><td>Yazma zaman\u0131, yaz\u0131 yeri<\/td><\/tr><tr><td>\u062c\u064e\u0644\u064e\u0633\u064e<\/td><td>\u0645\u064e\u062c\u0652\u0644\u0650\u0633\u064c<\/td><td>\u0645\u064e\u062c\u0652\u0644\u0650\u0633\u064c<\/td><td>Oturma zaman\u0131, oturma yeri<\/td><\/tr><tr><td>\u0637\u064e\u0628\u064e\u062e\u064e<\/td><td>\u0645\u064e\u0637\u0652\u0628\u064e\u062e\u064c<\/td><td>\u0645\u064e\u0637\u0652\u0628\u064e\u062e\u064c<\/td><td>Pi\u015firme zaman\u0131, mutfak<\/td><\/tr><tr><td>\u0635\u064e\u0644\u064e\u0651\u0649<\/td><td>\u0645\u064f\u0635\u064e\u0644\u064b\u0651\u0649<\/td><td>\u0645\u064f\u0635\u064e\u0644\u064b\u0651\u0649<\/td><td>Namaz vakti, mescit<\/td><\/tr><tr><td>\u0646\u064e\u0632\u064e\u0644\u064e<\/td><td>\u0645\u064e\u0646\u0652\u0632\u0650\u0644\u064c<\/td><td>\u0645\u064e\u0646\u0652\u0632\u0650\u0644\u064c<\/td><td>\u0130nme zaman\u0131, ev\/konaklama yeri<\/td><\/tr><\/tbody><\/table><\/figure>\n\n\n\n<hr class=\"wp-block-separator has-alpha-channel-opacity\"\/>\n\n\n\n<figure class=\"wp-block-embed is-type-video is-provider-youtube wp-block-embed-youtube wp-embed-aspect-16-9 wp-has-aspect-ratio\"><div class=\"wp-block-embed__wrapper\">\n<iframe loading=\"lazy\" title=\"\u0130SM\u0130 MEKAN - ZAMAN ve MASTAR \u2714 TEK KALIPTA 3 ANLAM \/ FAS\u0130H ARAP\u00c7A 49.DERS\" width=\"640\" height=\"360\" src=\"https:\/\/www.youtube.com\/embed\/hc_cVSresWQ?feature=oembed\" frameborder=\"0\" allow=\"accelerometer; autoplay; clipboard-write; encrypted-media; gyroscope; picture-in-picture; web-share\" referrerpolicy=\"strict-origin-when-cross-origin\" allowfullscreen><\/iframe>\n<\/div><\/figure>\n\n\n\n<h3 class=\"wp-block-heading has-text-color has-link-color wp-elements-b4bf945637fd86240618036433fecbe4\" style=\"color:#f80404\"><strong>4. Zaman ve Mekan \u0130smi ile Al\u0131\u015ft\u0131rmalar<\/strong><\/h3>\n\n\n\n<div class=\"h5p-iframe-wrapper\"><iframe id=\"h5p-iframe-116\" class=\"h5p-iframe\" data-content-id=\"116\" style=\"height:1px\" src=\"about:blank\" frameBorder=\"0\" scrolling=\"no\" title=\"\u0130smi zaman ve mekan\"><\/iframe><\/div>\n","protected":false},"excerpt":{"rendered":"<p>Arap\u00e7ada Zaman ve Mekan \u0130smi (\u0130sm-i Zam\u00e2n ve \u0130sm-i Mek\u00e2n) Arap\u00e7ada Zaman ve Mekan \u0130simleri (\u0625\u0633\u0645 \u0627\u0644\u0632\u0645\u0627\u0646 \u0648\u0627\u0644\u0645\u0643\u0627\u0646), bir fiilin ger\u00e7ekle\u015fti\u011fi zaman\u0131 veya yeri ifade eden isimlerdir. Bunlar, genellikle fiilin mastar\u0131ndan t\u00fcretilir ve T\u00fcrk\u00e7ede &#8220;yer&#8221; ve &#8220;zaman&#8221; anlam\u0131n\u0131 ta\u015f\u0131r. 1. &hellip; <\/p>\n","protected":false},"author":1,"featured_media":0,"parent":17091,"menu_order":0,"comment_status":"closed","ping_status":"closed","template":"","meta":{"_bbp_topic_count":0,"_bbp_reply_count":0,"_bbp_total_topic_count":0,"_bbp_total_reply_count":0,"_bbp_voice_count":0,"_bbp_anonymous_reply_count":0,"_bbp_topic_count_hidden":0,"_bbp_reply_count_hidden":0,"_bbp_forum_subforum_count":0,"footnotes":""},"class_list":["post-20524","page","type-page","status-publish","hentry"],"jetpack_sharing_enabled":true,"jetpack_likes_enabled":true,"_links":{"self":[{"href":"https:\/\/arapca.com\/index.php\/wp-json\/wp\/v2\/pages\/20524","targetHints":{"allow":["GET"]}}],"collection":[{"href":"https:\/\/arapca.com\/index.php\/wp-json\/wp\/v2\/pages"}],"about":[{"href":"https:\/\/arapca.com\/index.php\/wp-json\/wp\/v2\/types\/page"}],"author":[{"embeddable":true,"href":"https:\/\/arapca.com\/index.php\/wp-json\/wp\/v2\/users\/1"}],"replies":[{"embeddable":true,"href":"https:\/\/arapca.com\/index.php\/wp-json\/wp\/v2\/comments?post=20524"}],"version-history":[{"count":4,"href":"https:\/\/arapca.com\/index.php\/wp-json\/wp\/v2\/pages\/20524\/revisions"}],"predecessor-version":[{"id":20530,"href":"https:\/\/arapca.com\/index.php\/wp-json\/wp\/v2\/pages\/20524\/revisions\/20530"}],"up":[{"embeddable":true,"href":"https:\/\/arapca.com\/index.php\/wp-json\/wp\/v2\/pages\/17091"}],"wp:attachment":[{"href":"https:\/\/arapca.com\/index.php\/wp-json\/wp\/v2\/media?parent=20524"}],"curies":[{"name":"wp","href":"https:\/\/api.w.org\/{rel}","templated":true}]}}