{"id":20514,"date":"2025-01-11T19:01:58","date_gmt":"2025-01-11T16:01:58","guid":{"rendered":"https:\/\/arapca.com\/?page_id=20514"},"modified":"2025-02-08T19:51:52","modified_gmt":"2025-02-08T16:51:52","slug":"arapcada-sayilar","status":"publish","type":"page","link":"https:\/\/arapca.com\/index.php\/arapca-dilbilgisi\/arapcada-sayilar\/","title":{"rendered":"Arap\u00e7a&#8217;da Say\u0131lar"},"content":{"rendered":"\n<h2 class=\"wp-block-heading has-text-color has-link-color wp-elements-34304862a8f1a1ffac32d5bd745c6816\" style=\"color:#f80101\"><strong>Arap\u00e7ada Say\u0131lar (\u0627\u0644\u0623\u0639\u062f\u0627\u062f)<\/strong><\/h2>\n\n\n\n<p>Arap\u00e7ada say\u0131lar, <strong>1-10 aras\u0131 (tekil say\u0131lar)<\/strong>, <strong>11-19 aras\u0131 (m\u00fcrekkep say\u0131lar)<\/strong>, <strong>10\u2019un katlar\u0131 (20, 30, vs.)<\/strong> ve <strong>100\u2019\u00fcn katlar\u0131 (100, 200, 1000, vs.)<\/strong> gibi kategorilere ayr\u0131l\u0131r. Ayr\u0131ca, say\u0131lar\u0131n isimlerle <strong>m\u00fczekker (eril)<\/strong> ve <strong>m\u00fcennes (di\u015fil)<\/strong> uyumu vard\u0131r. \u0130\u015fte Arap\u00e7a say\u0131lar\u0131n temel \u00f6zellikleri ve kullan\u0131m kurallar\u0131:<\/p>\n\n\n\n<hr class=\"wp-block-separator has-alpha-channel-opacity\"\/>\n\n\n\n<h3 class=\"wp-block-heading has-text-color has-link-color wp-elements-5eb48de49816613784ef7ba210ccca0f\" style=\"color:#fb0101\"><strong>1. 1-10 Aras\u0131 Say\u0131lar<\/strong><\/h3>\n\n\n\n<figure class=\"wp-block-audio\"><audio controls src=\"https:\/\/arapca.com\/wp-content\/uploads\/2025\/02\/sayilar.mp3\"><\/audio><\/figure>\n\n\n\n<figure class=\"wp-block-table\"><table class=\"has-fixed-layout\"><thead><tr><th><strong>Say\u0131<\/strong><\/th><th><strong>M\u00fczekker<\/strong> (Eril)<\/th><th><strong>M\u00fcennes<\/strong> (Di\u015fil)<\/th><th><strong>Okunu\u015fu<\/strong><\/th><\/tr><\/thead><tbody><tr><td>1<\/td><td>\u0648\u0627\u062d\u062f<\/td><td>\u0648\u0627\u062d\u062f\u0629<\/td><td><strong>V\u00e2hid \/ V\u00e2h\u0131de<\/strong><\/td><\/tr><tr><td>2<\/td><td>\u0627\u062b\u0646\u0627\u0646<\/td><td>\u0627\u062b\u0646\u062a\u0627\u0646<\/td><td><strong>\u0130snen \/ \u0130snet\u00e2n<\/strong><\/td><\/tr><tr><td>3<\/td><td>\u062b\u0644\u0627\u062b\u0629<\/td><td>\u062b\u0644\u0627\u062b<\/td><td><strong>Sel\u00e2se \/ Sel\u00e2s<\/strong><\/td><\/tr><tr><td>4<\/td><td>\u0623\u0631\u0628\u0639\u0629<\/td><td>\u0623\u0631\u0628\u0639<\/td><td><strong>Erba\u2018a \/ Erba\u2018<\/strong><\/td><\/tr><tr><td>5<\/td><td>\u062e\u0645\u0633\u0629<\/td><td>\u062e\u0645\u0633<\/td><td><strong>Hamse \/ Hams<\/strong><\/td><\/tr><tr><td>6<\/td><td>\u0633\u062a\u0629<\/td><td>\u0633\u062a<\/td><td><strong>Sitte \/ Sitt<\/strong><\/td><\/tr><tr><td>7<\/td><td>\u0633\u0628\u0639\u0629<\/td><td>\u0633\u0628\u0639<\/td><td><strong>Seb\u2018a \/ Seb\u2018<\/strong><\/td><\/tr><tr><td>8<\/td><td>\u062b\u0645\u0627\u0646\u064a\u0629<\/td><td>\u062b\u0645\u0627\u0646<\/td><td><strong>Sem\u00e2niye \/ Sem\u00e2n<\/strong><\/td><\/tr><tr><td>9<\/td><td>\u062a\u0633\u0639\u0629<\/td><td>\u062a\u0633\u0639<\/td><td><strong>Tis\u2018a \/ Tis\u2018<\/strong><\/td><\/tr><tr><td>10<\/td><td>\u0639\u0634\u0631\u0629<\/td><td>\u0639\u0634\u0631<\/td><td><strong>A\u015fere \/ A\u015fr<\/strong><\/td><\/tr><\/tbody><\/table><\/figure>\n\n\n\n<h4 class=\"wp-block-heading\"><strong>Kurallar (1-10 Aras\u0131):<\/strong><\/h4>\n\n\n\n<ol class=\"wp-block-list\">\n<li><strong>1 ve 2<\/strong>: Say\u0131, niteledi\u011fi isimle uyum sa\u011flar.\n<ul class=\"wp-block-list\">\n<li>\u00d6rnek:\n<ul class=\"wp-block-list\">\n<li><strong>\u0643\u062a\u0627\u0628 \u0648\u0627\u062d\u062f<\/strong> (bir kitap &#8211; m\u00fczekker)<\/li>\n\n\n\n<li><strong>\u0633\u064a\u0627\u0631\u0629 \u0648\u0627\u062d\u062f\u0629<\/strong> (bir araba &#8211; m\u00fcennes)<\/li>\n\n\n\n<li><strong>\u0637\u0627\u0644\u0628\u0627\u0646 \u0627\u062b\u0646\u0627\u0646<\/strong> (iki erkek \u00f6\u011frenci)<\/li>\n\n\n\n<li><strong>\u0637\u0627\u0644\u0628\u062a\u0627\u0646 \u0627\u062b\u0646\u062a\u0627\u0646<\/strong> (iki k\u0131z \u00f6\u011frenci)<\/li>\n<\/ul>\n<\/li>\n<\/ul>\n<\/li>\n\n\n\n<li><strong>3-10<\/strong>: Say\u0131, isimle <strong>ters cinsiyette<\/strong> olur ve isim <strong>\u00e7o\u011ful<\/strong> gelir.\n<ul class=\"wp-block-list\">\n<li>\u00d6rnek:\n<ul class=\"wp-block-list\">\n<li><strong>\u062b\u0644\u0627\u062b\u0629 \u0643\u062a\u0628<\/strong> (\u00fc\u00e7 kitap &#8211; m\u00fczekker i\u00e7in m\u00fcennes say\u0131)<\/li>\n\n\n\n<li><strong>\u062b\u0644\u0627\u062b \u0633\u064a\u0627\u0631\u0627\u062a<\/strong> (\u00fc\u00e7 araba &#8211; m\u00fcennes i\u00e7in m\u00fczekker say\u0131)<\/li>\n<\/ul>\n<\/li>\n<\/ul>\n<\/li>\n<\/ol>\n\n\n\n<hr class=\"wp-block-separator has-alpha-channel-opacity\"\/>\n\n\n\n<h3 class=\"wp-block-heading has-text-color has-link-color wp-elements-2e309aa025d262a1119d554749a57a0e\" style=\"color:#fd0202\"><strong>2. 11-19 Aras\u0131 Say\u0131lar (M\u00fcrekkep Say\u0131lar)<\/strong><\/h3>\n\n\n\n<figure class=\"wp-block-audio\"><audio controls src=\"https:\/\/arapca.com\/wp-content\/uploads\/2025\/02\/sayilar-11-19.mp3\"><\/audio><\/figure>\n\n\n\n<figure class=\"wp-block-table\"><table class=\"has-fixed-layout\"><thead><tr><th><strong>Say\u0131<\/strong><\/th><th><strong>M\u00fczekker<\/strong><\/th><th><strong>M\u00fcennes<\/strong><\/th><th><strong>Okunu\u015fu<\/strong><\/th><\/tr><\/thead><tbody><tr><td>11<\/td><td>\u0623\u062d\u062f \u0639\u0634\u0631<\/td><td>\u0625\u062d\u062f\u0649 \u0639\u0634\u0631\u0629<\/td><td><strong>Ehade a\u015fer \/ \u0130hd\u00e2 a\u015frete<\/strong><\/td><\/tr><tr><td>12<\/td><td>\u0627\u062b\u0646\u0627 \u0639\u0634\u0631<\/td><td>\u0627\u062b\u0646\u062a\u0627 \u0639\u0634\u0631\u0629<\/td><td><strong>\u0130sna a\u015fer \/ \u0130snet\u00e2 a\u015frete<\/strong><\/td><\/tr><tr><td>13<\/td><td>\u062b\u0644\u0627\u062b\u0629 \u0639\u0634\u0631<\/td><td>\u062b\u0644\u0627\u062b \u0639\u0634\u0631\u0629<\/td><td><strong>Sel\u00e2sete a\u015fer \/ Sel\u00e2se a\u015frete<\/strong><\/td><\/tr><tr><td>14<\/td><td>\u0623\u0631\u0628\u0639\u0629 \u0639\u0634\u0631<\/td><td>\u0623\u0631\u0628\u0639 \u0639\u0634\u0631\u0629<\/td><td><strong>Erba\u2018ate a\u015fer \/ Erba\u2018 a\u015frete<\/strong><\/td><\/tr><tr><td>15<\/td><td>\u062e\u0645\u0633\u0629 \u0639\u0634\u0631<\/td><td>\u062e\u0645\u0633 \u0639\u0634\u0631\u0629<\/td><td><strong>Hamse a\u015fer \/ Hams a\u015frete<\/strong><\/td><\/tr><tr><td>16<\/td><td>\u0633\u062a\u0629 \u0639\u0634\u0631<\/td><td>\u0633\u062a \u0639\u0634\u0631\u0629<\/td><td><strong>Sitte a\u015fer \/ Sitt a\u015frete<\/strong><\/td><\/tr><tr><td>17<\/td><td>\u0633\u0628\u0639\u0629 \u0639\u0634\u0631<\/td><td>\u0633\u0628\u0639 \u0639\u0634\u0631\u0629<\/td><td><strong>Seb\u2018ate a\u015fer \/ Seb\u2018 a\u015frete<\/strong><\/td><\/tr><tr><td>18<\/td><td>\u062b\u0645\u0627\u0646\u064a\u0629 \u0639\u0634\u0631<\/td><td>\u062b\u0645\u0627\u0646 \u0639\u0634\u0631\u0629<\/td><td><strong>Sem\u00e2niyete a\u015fer \/ Sem\u00e2n a\u015frete<\/strong><\/td><\/tr><tr><td>19<\/td><td>\u062a\u0633\u0639\u0629 \u0639\u0634\u0631<\/td><td>\u062a\u0633\u0639 \u0639\u0634\u0631\u0629<\/td><td><strong>Tis\u2018ate a\u015fer \/ Tis\u2018 a\u015frete<\/strong><\/td><\/tr><\/tbody><\/table><\/figure>\n\n\n\n<h4 class=\"wp-block-heading\"><strong>Kurallar (11-19 Aras\u0131):<\/strong><\/h4>\n\n\n\n<ul class=\"wp-block-list\">\n<li><strong>11 ve 12<\/strong>: Niteledi\u011fi isimle <strong>uyumlu<\/strong> olur.<\/li>\n\n\n\n<li><strong>13-19<\/strong>: \u0130lk say\u0131 ters cinsiyette, &#8220;\u0639\u0634\u0631&#8221; k\u0131sm\u0131 niteledi\u011fi isimle uyumlu olur.\n<ul class=\"wp-block-list\">\n<li>\u00d6rnek:\n<ul class=\"wp-block-list\">\n<li><strong>\u062b\u0644\u0627\u062b\u0629 \u0639\u0634\u0631 \u0643\u062a\u0627\u0628\u0627\u064b<\/strong> (on \u00fc\u00e7 kitap &#8211; m\u00fczekker isim i\u00e7in)<\/li>\n\n\n\n<li><strong>\u062b\u0644\u0627\u062b \u0639\u0634\u0631\u0629 \u0633\u064a\u0627\u0631\u0629<\/strong> (on \u00fc\u00e7 araba &#8211; m\u00fcennes isim i\u00e7in)<\/li>\n<\/ul>\n<\/li>\n<\/ul>\n<\/li>\n<\/ul>\n\n\n\n<hr class=\"wp-block-separator has-alpha-channel-opacity\"\/>\n\n\n\n<h3 class=\"wp-block-heading has-text-color has-link-color wp-elements-285d4c700489953af5afc02c2d005199\" style=\"color:#fb0606\"><strong>3. 20 ve \u00dczeri Say\u0131lar<\/strong><\/h3>\n\n\n\n<h4 class=\"wp-block-heading\"><strong>10\u2019un Katlar\u0131 (20, 30, 40&#8230;90)<\/strong><\/h4>\n\n\n\n<figure class=\"wp-block-audio\"><audio controls src=\"https:\/\/arapca.com\/wp-content\/uploads\/2025\/02\/sayilar-20-90.mp3\"><\/audio><\/figure>\n\n\n\n<figure class=\"wp-block-table\"><table class=\"has-fixed-layout\"><thead><tr><th><strong>Say\u0131<\/strong><\/th><th><strong>Arap\u00e7a<\/strong><\/th><th><strong>Okunu\u015fu<\/strong><\/th><\/tr><\/thead><tbody><tr><td>20<\/td><td>\u0639\u0634\u0631\u0648\u0646<\/td><td><strong>I\u015fr\u00fbn<\/strong><\/td><\/tr><tr><td>30<\/td><td>\u062b\u0644\u0627\u062b\u0648\u0646<\/td><td><strong>Sel\u00e2s\u00fbn<\/strong><\/td><\/tr><tr><td>40<\/td><td>\u0623\u0631\u0628\u0639\u0648\u0646<\/td><td><strong>Erba\u2018\u00fbn<\/strong><\/td><\/tr><tr><td>50<\/td><td>\u062e\u0645\u0633\u0648\u0646<\/td><td><strong>Hams\u00fbn<\/strong><\/td><\/tr><tr><td>60<\/td><td>\u0633\u062a\u0648\u0646<\/td><td><strong>Sitt\u00fbn<\/strong><\/td><\/tr><tr><td>70<\/td><td>\u0633\u0628\u0639\u0648\u0646<\/td><td><strong>Seb\u2018\u00fbn<\/strong><\/td><\/tr><tr><td>80<\/td><td>\u062b\u0645\u0627\u0646\u0648\u0646<\/td><td><strong>Sem\u00e2n\u00fbn<\/strong><\/td><\/tr><tr><td>90<\/td><td>\u062a\u0633\u0639\u0648\u0646<\/td><td><strong>Tis\u2018\u00fbn<\/strong><\/td><\/tr><\/tbody><\/table><\/figure>\n\n\n\n<h4 class=\"wp-block-heading\"><strong>Kurallar:<\/strong><\/h4>\n\n\n\n<ul class=\"wp-block-list\">\n<li>10\u2019un katlar\u0131, niteledi\u011fi isimle <strong>uyumlu olmaz<\/strong> ve isim <strong>tekil gelir<\/strong>.\n<ul class=\"wp-block-list\">\n<li>\u00d6rnek:\n<ul class=\"wp-block-list\">\n<li><strong>\u0639\u0634\u0631\u0648\u0646 \u0643\u062a\u0627\u0628\u0627\u064b<\/strong> (yirmi kitap)<\/li>\n\n\n\n<li><strong>\u062b\u0644\u0627\u062b\u0648\u0646 \u0637\u0627\u0644\u0628\u0629\u064b<\/strong> (otuz k\u0131z \u00f6\u011frenci)<\/li>\n<\/ul>\n<\/li>\n<\/ul>\n<\/li>\n<\/ul>\n\n\n\n<hr class=\"wp-block-separator has-alpha-channel-opacity\"\/>\n\n\n\n<h4 class=\"wp-block-heading has-text-color has-link-color wp-elements-1458395105d259c9c1021bed1c8b108b\" style=\"color:#f90808\"><strong>100 ve 1000\u2019in Katlar\u0131<\/strong><\/h4>\n\n\n\n<figure class=\"wp-block-table\"><table class=\"has-fixed-layout\"><thead><tr><th><strong>Say\u0131<\/strong><\/th><th><strong>Arap\u00e7a<\/strong><\/th><th><strong>Okunu\u015fu<\/strong><\/th><\/tr><\/thead><tbody><tr><td>100<\/td><td>\u0645\u0627\u0626\u0629<\/td><td><strong>Mie<\/strong><\/td><\/tr><tr><td>200<\/td><td>\u0645\u0627\u0626\u062a\u0627\u0646<\/td><td><strong>Miet\u00e2n<\/strong><\/td><\/tr><tr><td>300<\/td><td>\u062b\u0644\u0627\u062b\u0645\u0627\u0626\u0629<\/td><td><strong>Sel\u00e2s mie<\/strong><\/td><\/tr><tr><td>1000<\/td><td>\u0623\u0644\u0641<\/td><td><strong>Elf<\/strong><\/td><\/tr><tr><td>2000<\/td><td>\u0623\u0644\u0641\u0627\u0646<\/td><td><strong>Elf\u00e2n<\/strong><\/td><\/tr><tr><td>3000<\/td><td>\u062b\u0644\u0627\u062b\u0629 \u0622\u0644\u0627\u0641<\/td><td><strong>Sel\u00e2set elf<\/strong><\/td><\/tr><\/tbody><\/table><\/figure>\n\n\n\n<h4 class=\"wp-block-heading\"><strong>Kurallar:<\/strong><\/h4>\n\n\n\n<ul class=\"wp-block-list\">\n<li>100 ve 1000\u2019in katlar\u0131nda isimler tekil gelir.\n<ul class=\"wp-block-list\">\n<li>\u00d6rnek:\n<ul class=\"wp-block-list\">\n<li><strong>\u0645\u0627\u0626\u0629 \u0643\u062a\u0627\u0628<\/strong> (y\u00fcz kitap)<\/li>\n\n\n\n<li><strong>\u0623\u0644\u0641 \u0633\u064a\u0627\u0631\u0629<\/strong> (bin araba)<\/li>\n<\/ul>\n<\/li>\n<\/ul>\n<\/li>\n<\/ul>\n\n\n\n<hr class=\"wp-block-separator has-alpha-channel-opacity\"\/>\n\n\n\n<h3 class=\"wp-block-heading has-text-color has-link-color wp-elements-21f8d446d0de21e41eb3796224d68b74\" style=\"color:#f70505\"><strong>4. \u00d6rnek C\u00fcmleler<\/strong><\/h3>\n\n\n\n<ol class=\"wp-block-list\">\n<li><strong>Bir ve iki i\u00e7in:<\/strong>\n<ul class=\"wp-block-list\">\n<li><strong>\u0639\u0646\u062f\u064a \u0643\u062a\u0627\u0628 \u0648\u0627\u062d\u062f.<\/strong> (Bir kitab\u0131m var.)<\/li>\n\n\n\n<li><strong>\u0644\u062f\u064a \u0637\u0627\u0644\u0628\u062a\u0627\u0646 \u0627\u062b\u0646\u062a\u0627\u0646.<\/strong> (\u0130ki k\u0131z \u00f6\u011frencim var.)<\/li>\n<\/ul>\n<\/li>\n\n\n\n<li><strong>3-10 i\u00e7in:<\/strong>\n<ul class=\"wp-block-list\">\n<li><strong>\u0642\u0631\u0623\u062a \u062e\u0645\u0633\u0629 \u0643\u062a\u0628.<\/strong> (Be\u015f kitap okudum.)<\/li>\n\n\n\n<li><strong>\u0627\u0634\u062a\u0631\u064a\u062a \u062a\u0633\u0639 \u0633\u064a\u0627\u0631\u0627\u062a.<\/strong> (Dokuz araba ald\u0131m.)<\/li>\n<\/ul>\n<\/li>\n\n\n\n<li><strong>11-19 i\u00e7in:<\/strong>\n<ul class=\"wp-block-list\">\n<li><strong>\u0631\u0623\u064a\u062a \u0623\u062d\u062f \u0639\u0634\u0631 \u0631\u062c\u0644\u0627\u064b.<\/strong> (On bir adam g\u00f6rd\u00fcm.)<\/li>\n\n\n\n<li><strong>\u0627\u0634\u062a\u0631\u064a\u062a \u062e\u0645\u0633 \u0639\u0634\u0631\u0629 \u062a\u0641\u0627\u062d\u0629.<\/strong> (On be\u015f elma ald\u0131m.)<\/li>\n<\/ul>\n<\/li>\n\n\n\n<li><strong>20 ve \u00fcst\u00fc:<\/strong>\n<ul class=\"wp-block-list\">\n<li><strong>\u0641\u064a \u0627\u0644\u0645\u0643\u062a\u0628\u0629 \u062b\u0644\u0627\u062b\u0648\u0646 \u0643\u062a\u0627\u0628\u0627\u064b.<\/strong> (K\u00fct\u00fcphanede otuz kitap var.)<\/li>\n\n\n\n<li><strong>\u0639\u0646\u062f\u064a \u0645\u0627\u0626\u0629 \u0642\u0644\u0645.<\/strong> (Y\u00fcz kalemim var.)<\/li>\n<\/ul>\n<\/li>\n<\/ol>\n\n\n\n<hr class=\"wp-block-separator has-alpha-channel-opacity\"\/>\n\n\n\n<h3 class=\"wp-block-heading\"><strong>Pratik \u0130pu\u00e7lar\u0131<\/strong><\/h3>\n\n\n\n<ul class=\"wp-block-list\">\n<li>Say\u0131lar\u0131n niteledi\u011fi isimle uyum kurallar\u0131n\u0131 \u00f6\u011frenmek \u00f6nemlidir.<\/li>\n\n\n\n<li>Bol bol okuma ve dinleme yaparak say\u0131lar\u0131 do\u011fru \u015fekilde kullanmay\u0131 geli\u015ftirebilirsiniz.<\/li>\n<\/ul>\n\n\n\n<p><em><strong>1-10 Aras\u0131 Say\u0131lar<\/strong><\/em><\/p>\n\n\n\n<figure class=\"wp-block-embed is-type-video is-provider-youtube wp-block-embed-youtube wp-embed-aspect-16-9 wp-has-aspect-ratio\"><div class=\"wp-block-embed__wrapper\">\n<iframe title=\"Arap\u00e7a Say\u0131lar | Bir Dakikada Say\u0131lar\u0131 \u00d6\u011fren | \u0627\u0644\u0627\u0639\u062f\u0627\u062f \u0628\u0627\u0644\u062a\u0631\u0643\u064a\u0629 \u0648\u0627\u0644\u0639\u0631\u0628\u064a\u0629 | \u0627\u0639\u062f\u0627\u062f\u062d\u062a\u0649\u0661\u0660\" width=\"640\" height=\"360\" src=\"https:\/\/www.youtube.com\/embed\/AH6XZTvjaMA?feature=oembed\" frameborder=\"0\" allow=\"accelerometer; autoplay; clipboard-write; encrypted-media; gyroscope; picture-in-picture; web-share\" referrerpolicy=\"strict-origin-when-cross-origin\" allowfullscreen><\/iframe>\n<\/div><\/figure>\n\n\n\n<p><strong><em>\u0130leri dilbilgisi<\/em><\/strong><\/p>\n\n\n\n<figure class=\"wp-block-embed is-type-video is-provider-youtube wp-block-embed-youtube wp-embed-aspect-16-9 wp-has-aspect-ratio\"><div class=\"wp-block-embed__wrapper\">\n<iframe title=\"7 dakikada Arap\u00e7ada Say\u0131lar ve Temyizi\" width=\"640\" height=\"360\" src=\"https:\/\/www.youtube.com\/embed\/ZdqL8NlxIEo?feature=oembed\" frameborder=\"0\" allow=\"accelerometer; autoplay; clipboard-write; encrypted-media; gyroscope; picture-in-picture; web-share\" referrerpolicy=\"strict-origin-when-cross-origin\" allowfullscreen><\/iframe>\n<\/div><\/figure>\n","protected":false},"excerpt":{"rendered":"<p>Arap\u00e7ada Say\u0131lar (\u0627\u0644\u0623\u0639\u062f\u0627\u062f) Arap\u00e7ada say\u0131lar, 1-10 aras\u0131 (tekil say\u0131lar), 11-19 aras\u0131 (m\u00fcrekkep say\u0131lar), 10\u2019un katlar\u0131 (20, 30, vs.) ve 100\u2019\u00fcn katlar\u0131 (100, 200, 1000, vs.) gibi kategorilere ayr\u0131l\u0131r. Ayr\u0131ca, say\u0131lar\u0131n isimlerle m\u00fczekker (eril) ve m\u00fcennes (di\u015fil) uyumu vard\u0131r. \u0130\u015fte Arap\u00e7a &hellip; <\/p>\n","protected":false},"author":1,"featured_media":0,"parent":17091,"menu_order":0,"comment_status":"closed","ping_status":"closed","template":"","meta":{"advanced_seo_description":"","jetpack_seo_html_title":"","jetpack_seo_noindex":false,"footnotes":""},"class_list":["post-20514","page","type-page","status-publish","hentry"],"jetpack_sharing_enabled":true,"jetpack_likes_enabled":true,"_links":{"self":[{"href":"https:\/\/arapca.com\/index.php\/wp-json\/wp\/v2\/pages\/20514","targetHints":{"allow":["GET"]}}],"collection":[{"href":"https:\/\/arapca.com\/index.php\/wp-json\/wp\/v2\/pages"}],"about":[{"href":"https:\/\/arapca.com\/index.php\/wp-json\/wp\/v2\/types\/page"}],"author":[{"embeddable":true,"href":"https:\/\/arapca.com\/index.php\/wp-json\/wp\/v2\/users\/1"}],"replies":[{"embeddable":true,"href":"https:\/\/arapca.com\/index.php\/wp-json\/wp\/v2\/comments?post=20514"}],"version-history":[{"count":3,"href":"https:\/\/arapca.com\/index.php\/wp-json\/wp\/v2\/pages\/20514\/revisions"}],"predecessor-version":[{"id":21990,"href":"https:\/\/arapca.com\/index.php\/wp-json\/wp\/v2\/pages\/20514\/revisions\/21990"}],"up":[{"embeddable":true,"href":"https:\/\/arapca.com\/index.php\/wp-json\/wp\/v2\/pages\/17091"}],"wp:attachment":[{"href":"https:\/\/arapca.com\/index.php\/wp-json\/wp\/v2\/media?parent=20514"}],"curies":[{"name":"wp","href":"https:\/\/api.w.org\/{rel}","templated":true}]}}