{"id":20511,"date":"2025-01-11T18:54:18","date_gmt":"2025-01-11T15:54:18","guid":{"rendered":"https:\/\/arapca.com\/?page_id=20511"},"modified":"2025-01-11T18:54:23","modified_gmt":"2025-01-11T15:54:23","slug":"soru-isimleri","status":"publish","type":"page","link":"https:\/\/arapca.com\/index.php\/arapca-dilbilgisi\/soru-isimleri\/","title":{"rendered":"Soru \u0130simleri"},"content":{"rendered":"\n<h2 class=\"wp-block-heading has-text-color has-link-color wp-elements-ec595e53e536209f2d3ef036c9b2ef62\" style=\"color:#f90505\"><strong>Arap\u00e7a&#8217;da Soru \u0130simleri (\u0623\u0633\u0645\u0627\u0621 \u0627\u0644\u0627\u0633\u062a\u0641\u0647\u0627\u0645)<\/strong><\/h2>\n\n\n\n<p>Arap\u00e7ada soru sormak i\u00e7in kullan\u0131lan kelimelere <strong>soru isimleri<\/strong> denir. Bu isimler, sorunun t\u00fcr\u00fcne (ki\u015fi, yer, zaman, sebep, say\u0131, vs.) g\u00f6re de\u011fi\u015fir. \u0130\u015fte yayg\u0131n kullan\u0131lan soru isimleri ve \u00f6rnek c\u00fcmlelerle a\u00e7\u0131klamalar\u0131:<\/p>\n\n\n\n<hr class=\"wp-block-separator has-alpha-channel-opacity\"\/>\n\n\n\n<h3 class=\"wp-block-heading has-text-color has-link-color wp-elements-5fc9d8061d3c3b8d8ce0bed5126ed52c\" style=\"color:#f90505\"><strong>1. Kim? (\u0645\u064e\u0646)<\/strong><\/h3>\n\n\n\n<ul class=\"wp-block-list\">\n<li>\u0130nsanlar\u0131 sormak i\u00e7in kullan\u0131l\u0131r.\n<ul class=\"wp-block-list\">\n<li><strong>\u0645\u064e\u0646 \u0647\u0630\u0627\u061f<\/strong><br>(Bu kimdir?)<\/li>\n\n\n\n<li><strong>\u0645\u064e\u0646 \u0641\u064a \u0627\u0644\u063a\u0631\u0641\u0629\u061f<\/strong><br>(Odada kim var?)<\/li>\n<\/ul>\n<\/li>\n<\/ul>\n\n\n\n<hr class=\"wp-block-separator has-alpha-channel-opacity\"\/>\n\n\n\n<h3 class=\"wp-block-heading has-text-color has-link-color wp-elements-ffd6a0ee07ea126c0b85ecd3429e8ccd\" style=\"color:#fa0808\"><strong>2. Ne? (\u0645\u0627)<\/strong><\/h3>\n\n\n\n<ul class=\"wp-block-list\">\n<li>Cans\u0131z varl\u0131klar veya genel \u015feyleri sormak i\u00e7in kullan\u0131l\u0131r.\n<ul class=\"wp-block-list\">\n<li><strong>\u0645\u0627 \u0647\u0630\u0627\u061f<\/strong><br>(Bu nedir?)<\/li>\n\n\n\n<li><strong>\u0645\u0627 \u0627\u0633\u0645\u0643\u061f<\/strong><br>(Ad\u0131n nedir?)<\/li>\n<\/ul>\n<\/li>\n<\/ul>\n\n\n\n<hr class=\"wp-block-separator has-alpha-channel-opacity\"\/>\n\n\n\n<h3 class=\"wp-block-heading has-text-color has-link-color wp-elements-922835a0d247deac905bfea32ac6e333\" style=\"color:#fb0404\"><strong>3. Ne? (\u0645\u0627\u0630\u0627)<\/strong><\/h3>\n\n\n\n<ul class=\"wp-block-list\">\n<li>Daha \u00e7ok fiil c\u00fcmlelerinde kullan\u0131l\u0131r.\n<ul class=\"wp-block-list\">\n<li><strong>\u0645\u0627\u0630\u0627 \u062a\u0641\u0639\u0644\u061f<\/strong><br>(Ne yap\u0131yorsun?)<\/li>\n\n\n\n<li><strong>\u0645\u0627\u0630\u0627 \u062a\u0631\u064a\u062f\u061f<\/strong><br>(Ne istiyorsun?)<\/li>\n<\/ul>\n<\/li>\n<\/ul>\n\n\n\n<hr class=\"wp-block-separator has-alpha-channel-opacity\"\/>\n\n\n\n<h3 class=\"wp-block-heading has-text-color has-link-color wp-elements-9b7e41c509ea0f06b91cc603458845c3\" style=\"color:#f60505\"><strong>4. Nerede? (\u0623\u064a\u0646)<\/strong><\/h3>\n\n\n\n<ul class=\"wp-block-list\">\n<li>Yer bildiren sorularda kullan\u0131l\u0131r.\n<ul class=\"wp-block-list\">\n<li><strong>\u0623\u064a\u0646 \u0627\u0644\u0643\u062a\u0627\u0628\u061f<\/strong><br>(Kitap nerede?)<\/li>\n\n\n\n<li><strong>\u0623\u064a\u0646 \u062a\u0633\u0643\u0646\u061f<\/strong><br>(Nerede oturuyorsun?)<\/li>\n<\/ul>\n<\/li>\n<\/ul>\n\n\n\n<hr class=\"wp-block-separator has-alpha-channel-opacity\"\/>\n\n\n\n<h3 class=\"wp-block-heading has-text-color has-link-color wp-elements-414eb005e6efb390f6bb88bfd7786263\" style=\"color:#f90202\"><strong>5. Ne zaman? (\u0645\u062a\u0649)<\/strong><\/h3>\n\n\n\n<ul class=\"wp-block-list\">\n<li>Zaman sormak i\u00e7in kullan\u0131l\u0131r.\n<ul class=\"wp-block-list\">\n<li><strong>\u0645\u062a\u0649 \u0630\u0647\u0628\u062a\u064e \u0625\u0644\u0649 \u0627\u0644\u0633\u0648\u0642\u061f<\/strong><br>(Pazara ne zaman gittin?)<\/li>\n\n\n\n<li><strong>\u0645\u062a\u0649 \u0627\u0644\u062f\u0631\u0633\u061f<\/strong><br>(Ders ne zaman?)<\/li>\n<\/ul>\n<\/li>\n<\/ul>\n\n\n\n<hr class=\"wp-block-separator has-alpha-channel-opacity\"\/>\n\n\n\n<h3 class=\"wp-block-heading has-text-color has-link-color wp-elements-32e6e2b9c316b21e49d35f7a4700878e\" style=\"color:#f80202\"><strong>6. Nas\u0131l? (\u0643\u064a\u0641)<\/strong><\/h3>\n\n\n\n<ul class=\"wp-block-list\">\n<li>Durum veya \u015fekilde ilgili sorular i\u00e7in kullan\u0131l\u0131r.\n<ul class=\"wp-block-list\">\n<li><strong>\u0643\u064a\u0641 \u062d\u0627\u0644\u0643\u061f<\/strong><br>(Nas\u0131ls\u0131n?)<\/li>\n\n\n\n<li><strong>\u0643\u064a\u0641 \u0630\u0647\u0628\u062a\u064e \u0625\u0644\u0649 \u0627\u0644\u0645\u062f\u0631\u0633\u0629\u061f<\/strong><br>(Okula nas\u0131l gittin?)<\/li>\n<\/ul>\n<\/li>\n<\/ul>\n\n\n\n<hr class=\"wp-block-separator has-alpha-channel-opacity\"\/>\n\n\n\n<h3 class=\"wp-block-heading has-text-color has-link-color wp-elements-13feeb9bda4c86ea28655a7326b9174a\" style=\"color:#f70808\"><strong>7. Neden\/Ni\u00e7in? (\u0644\u0645\u0627\u0630\u0627)<\/strong><\/h3>\n\n\n\n<ul class=\"wp-block-list\">\n<li>Sebep sormak i\u00e7in kullan\u0131l\u0131r.\n<ul class=\"wp-block-list\">\n<li><strong>\u0644\u0645\u0627\u0630\u0627 \u062a\u0623\u062e\u0631\u062a\u064e\u061f<\/strong><br>(Neden geciktin?)<\/li>\n\n\n\n<li><strong>\u0644\u0645\u0627\u0630\u0627 \u062a\u062f\u0631\u0633 \u0627\u0644\u0639\u0631\u0628\u064a\u0629\u061f<\/strong><br>(Neden Arap\u00e7a \u00f6\u011freniyorsun?)<\/li>\n<\/ul>\n<\/li>\n<\/ul>\n\n\n\n<hr class=\"wp-block-separator has-alpha-channel-opacity\"\/>\n\n\n\n<h3 class=\"wp-block-heading has-text-color has-link-color wp-elements-fa1212803365305f6f4fdb0e58c6c1b9\" style=\"color:#f90202\"><strong>8. Ka\u00e7? (\u0643\u0645)<\/strong><\/h3>\n\n\n\n<ul class=\"wp-block-list\">\n<li>Miktar ve say\u0131 sormak i\u00e7in kullan\u0131l\u0131r. Genelde sonras\u0131nda <strong>tekil<\/strong> bir isim gelir.\n<ul class=\"wp-block-list\">\n<li><strong>\u0643\u0645 \u0643\u062a\u0627\u0628\u0627\u064b \u0639\u0646\u062f\u0643\u061f<\/strong><br>(Ka\u00e7 kitab\u0131n var?)<\/li>\n\n\n\n<li><strong>\u0643\u0645 \u0633\u0627\u0639\u0629\u064b \u0639\u0645\u0644\u062a\u064e\u061f<\/strong><br>(Ka\u00e7 saat \u00e7al\u0131\u015ft\u0131n?)<\/li>\n<\/ul>\n<\/li>\n<\/ul>\n\n\n\n<hr class=\"wp-block-separator has-alpha-channel-opacity\"\/>\n\n\n\n<h3 class=\"wp-block-heading has-text-color has-link-color wp-elements-1ee8a712385e48e1cead8792c8bf5de8\" style=\"color:#f80505\"><strong>9. Hangi? (\u0623\u064a\u0651)<\/strong><\/h3>\n\n\n\n<ul class=\"wp-block-list\">\n<li>Belirli bir \u015feyin se\u00e7imini sormak i\u00e7in kullan\u0131l\u0131r.\n<ul class=\"wp-block-list\">\n<li><strong>\u0623\u064a\u0651 \u0643\u062a\u0627\u0628 \u062a\u0631\u064a\u062f\u061f<\/strong><br>(Hangi kitab\u0131 istiyorsun?)<\/li>\n\n\n\n<li><strong>\u0623\u064a\u0651 \u0637\u0631\u064a\u0642 \u062a\u0633\u0644\u0643\u061f<\/strong><br>(Hangi yolu se\u00e7iyorsun?)<\/li>\n<\/ul>\n<\/li>\n<\/ul>\n\n\n\n<hr class=\"wp-block-separator has-alpha-channel-opacity\"\/>\n\n\n\n<h3 class=\"wp-block-heading has-text-color has-link-color wp-elements-bffe890a115ffe539f61afb998db1235\" style=\"color:#fd0505\"><strong>10. Kimin? (\u0644\u0650\u0645\u064e\u0646)<\/strong><\/h3>\n\n\n\n<ul class=\"wp-block-list\">\n<li>Sahiplik sormak i\u00e7in kullan\u0131l\u0131r.\n<ul class=\"wp-block-list\">\n<li><strong>\u0644\u0650\u0645\u064e\u0646 \u0647\u0630\u0627 \u0627\u0644\u0643\u062a\u0627\u0628\u061f<\/strong><br>(Bu kitap kimin?)<\/li>\n\n\n\n<li><strong>\u0644\u0650\u0645\u064e\u0646 \u0627\u0644\u0642\u0644\u0645\u061f<\/strong><br>(Kalem kimin?)<\/li>\n<\/ul>\n<\/li>\n<\/ul>\n\n\n\n<hr class=\"wp-block-separator has-alpha-channel-opacity\"\/>\n\n\n\n<h3 class=\"wp-block-heading has-text-color has-link-color wp-elements-6702b8f76374dd03a6456ce598b5f1be\" style=\"color:#f90505\"><strong>11. Ka\u00e7 para? (\u0628\u0650\u0643\u064e\u0645)<\/strong><\/h3>\n\n\n\n<ul class=\"wp-block-list\">\n<li>Fiyat sormak i\u00e7in kullan\u0131l\u0131r.\n<ul class=\"wp-block-list\">\n<li><strong>\u0628\u0650\u0643\u064e\u0645 \u0647\u0630\u0627 \u0627\u0644\u0643\u062a\u0627\u0628\u061f<\/strong><br>(Bu kitap ne kadar?)<\/li>\n\n\n\n<li><strong>\u0628\u0650\u0643\u064e\u0645 \u0627\u0644\u062b\u0648\u0628\u061f<\/strong><br>(Elbise ne kadar?)<\/li>\n<\/ul>\n<\/li>\n<\/ul>\n\n\n\n<hr class=\"wp-block-separator has-alpha-channel-opacity\"\/>\n\n\n\n<h3 class=\"wp-block-heading has-text-color has-link-color wp-elements-85bf51eeb9b5f1b6545d27ff76f6368f\" style=\"color:#f80707\"><strong>\u00d6zet Tablo<\/strong><\/h3>\n\n\n\n<figure class=\"wp-block-table\"><table class=\"has-fixed-layout\"><thead><tr><th><strong>Soru \u0130smi<\/strong><\/th><th><strong>Anlam\u0131<\/strong><\/th><th><strong>\u00d6rnek<\/strong><\/th><\/tr><\/thead><tbody><tr><td><strong>\u0645\u064e\u0646<\/strong><\/td><td>Kim?<\/td><td>\u0645\u064e\u0646 \u0647\u0630\u0627\u061f (Bu kimdir?)<\/td><\/tr><tr><td><strong>\u0645\u0627<\/strong><\/td><td>Ne?<\/td><td>\u0645\u0627 \u0647\u0630\u0627\u061f (Bu nedir?)<\/td><\/tr><tr><td><strong>\u0645\u0627\u0630\u0627<\/strong><\/td><td>Ne? (fiillerle)<\/td><td>\u0645\u0627\u0630\u0627 \u062a\u0641\u0639\u0644\u061f (Ne yap\u0131yorsun?)<\/td><\/tr><tr><td><strong>\u0623\u064a\u0646<\/strong><\/td><td>Nerede?<\/td><td>\u0623\u064a\u0646 \u0627\u0644\u0643\u062a\u0627\u0628\u061f (Kitap nerede?)<\/td><\/tr><tr><td><strong>\u0645\u062a\u0649<\/strong><\/td><td>Ne zaman?<\/td><td>\u0645\u062a\u0649 \u0630\u0647\u0628\u062a\u064e\u061f (Ne zaman gittin?)<\/td><\/tr><tr><td><strong>\u0643\u064a\u0641<\/strong><\/td><td>Nas\u0131l?<\/td><td>\u0643\u064a\u0641 \u062d\u0627\u0644\u0643\u061f (Nas\u0131ls\u0131n?)<\/td><\/tr><tr><td><strong>\u0644\u0645\u0627\u0630\u0627<\/strong><\/td><td>Neden?<\/td><td>\u0644\u0645\u0627\u0630\u0627 \u062a\u0623\u062e\u0631\u062a\u064e\u061f (Neden geciktin?)<\/td><\/tr><tr><td><strong>\u0643\u0645<\/strong><\/td><td>Ka\u00e7?<\/td><td>\u0643\u0645 \u0643\u062a\u0627\u0628\u0627\u064b\u061f (Ka\u00e7 kitap?)<\/td><\/tr><tr><td><strong>\u0623\u064a\u0651<\/strong><\/td><td>Hangi?<\/td><td>\u0623\u064a\u0651 \u0637\u0631\u064a\u0642\u061f (Hangi yol?)<\/td><\/tr><tr><td><strong>\u0644\u0650\u0645\u064e\u0646<\/strong><\/td><td>Kimin?<\/td><td>\u0644\u0650\u0645\u064e\u0646 \u0647\u0630\u0627\u061f (Bu kimin?)<\/td><\/tr><tr><td><strong>\u0628\u0650\u0643\u064e\u0645<\/strong><\/td><td>Ka\u00e7 para?<\/td><td>\u0628\u0650\u0643\u064e\u0645 \u0647\u0630\u0627\u061f (Bu ne kadar?)<\/td><\/tr><\/tbody><\/table><\/figure>\n\n\n\n<hr class=\"wp-block-separator has-alpha-channel-opacity\"\/>\n\n\n\n<h3 class=\"wp-block-heading has-text-color has-link-color wp-elements-ed97366c69dbe5c2aa8a0d40f6cccd62\" style=\"color:#fb0505\"><strong>Notlar:<\/strong><\/h3>\n\n\n\n<ul class=\"wp-block-list\">\n<li>Soru isimleri her zaman c\u00fcmlenin ba\u015f\u0131nda kullan\u0131l\u0131r.<\/li>\n\n\n\n<li><strong>Ne? (\u0645\u0627 \/ \u0645\u0627\u0630\u0627)<\/strong> gibi baz\u0131 soru isimleri, kullan\u0131m yerine g\u00f6re birbirinin yerine ge\u00e7ebilir, ancak anlam biraz farkl\u0131l\u0131k g\u00f6sterebilir.<\/li>\n<\/ul>\n\n\n\n<p>Bu bilgilerle soru isimlerini anlamak ve do\u011fru bir \u015fekilde kullanmak i\u00e7in bol bol pratik yapabilirsiniz! \ud83d\ude0a<\/p>\n\n\n\n<figure class=\"wp-block-embed is-type-video is-provider-youtube wp-block-embed-youtube wp-embed-aspect-16-9 wp-has-aspect-ratio\"><div class=\"wp-block-embed__wrapper\">\n<iframe loading=\"lazy\" title=\"Arap\u00e7a Soru Edatlar\u0131 Konu Anlat\u0131m\u0131 | Arap\u00e7a Soru Kal\u0131plar\u0131 | \u0623\u062f\u0648\u0627\u062a \u0627\u0644\u0627\u0633\u062a\u0641\u0647\u0627\u0645\" width=\"640\" height=\"360\" src=\"https:\/\/www.youtube.com\/embed\/lOSdQTLGVWg?feature=oembed\" frameborder=\"0\" allow=\"accelerometer; autoplay; clipboard-write; encrypted-media; gyroscope; picture-in-picture; web-share\" referrerpolicy=\"strict-origin-when-cross-origin\" allowfullscreen><\/iframe>\n<\/div><\/figure>\n","protected":false},"excerpt":{"rendered":"<p>Arap\u00e7a&#8217;da Soru \u0130simleri (\u0623\u0633\u0645\u0627\u0621 \u0627\u0644\u0627\u0633\u062a\u0641\u0647\u0627\u0645) Arap\u00e7ada soru sormak i\u00e7in kullan\u0131lan kelimelere soru isimleri denir. Bu isimler, sorunun t\u00fcr\u00fcne (ki\u015fi, yer, zaman, sebep, say\u0131, vs.) g\u00f6re de\u011fi\u015fir. \u0130\u015fte yayg\u0131n kullan\u0131lan soru isimleri ve \u00f6rnek c\u00fcmlelerle a\u00e7\u0131klamalar\u0131: 1. Kim? (\u0645\u064e\u0646) 2. Ne? &hellip; <\/p>\n","protected":false},"author":1,"featured_media":0,"parent":17091,"menu_order":0,"comment_status":"closed","ping_status":"closed","template":"","meta":{"_bbp_topic_count":0,"_bbp_reply_count":0,"_bbp_total_topic_count":0,"_bbp_total_reply_count":0,"_bbp_voice_count":0,"_bbp_anonymous_reply_count":0,"_bbp_topic_count_hidden":0,"_bbp_reply_count_hidden":0,"_bbp_forum_subforum_count":0,"footnotes":""},"class_list":["post-20511","page","type-page","status-publish","hentry"],"jetpack_sharing_enabled":true,"jetpack_likes_enabled":true,"_links":{"self":[{"href":"https:\/\/arapca.com\/index.php\/wp-json\/wp\/v2\/pages\/20511","targetHints":{"allow":["GET"]}}],"collection":[{"href":"https:\/\/arapca.com\/index.php\/wp-json\/wp\/v2\/pages"}],"about":[{"href":"https:\/\/arapca.com\/index.php\/wp-json\/wp\/v2\/types\/page"}],"author":[{"embeddable":true,"href":"https:\/\/arapca.com\/index.php\/wp-json\/wp\/v2\/users\/1"}],"replies":[{"embeddable":true,"href":"https:\/\/arapca.com\/index.php\/wp-json\/wp\/v2\/comments?post=20511"}],"version-history":[{"count":1,"href":"https:\/\/arapca.com\/index.php\/wp-json\/wp\/v2\/pages\/20511\/revisions"}],"predecessor-version":[{"id":20512,"href":"https:\/\/arapca.com\/index.php\/wp-json\/wp\/v2\/pages\/20511\/revisions\/20512"}],"up":[{"embeddable":true,"href":"https:\/\/arapca.com\/index.php\/wp-json\/wp\/v2\/pages\/17091"}],"wp:attachment":[{"href":"https:\/\/arapca.com\/index.php\/wp-json\/wp\/v2\/media?parent=20511"}],"curies":[{"name":"wp","href":"https:\/\/api.w.org\/{rel}","templated":true}]}}