{"id":20487,"date":"2025-01-11T11:59:44","date_gmt":"2025-01-11T08:59:44","guid":{"rendered":"https:\/\/arapca.com\/index.php\/user-blogs\/"},"modified":"2025-01-11T11:59:44","modified_gmt":"2025-01-11T08:59:44","slug":"user-blogs","status":"publish","type":"page","link":"https:\/\/arapca.com\/index.php\/user-blogs\/","title":{"rendered":"User Blogs"},"content":{"rendered":"<div class=\"pmagic\">\n<div id=\"pg-user-blog\" class=\"pm-difl\">\n         \n    <div id=\"pg-user-blog-container\" class=\"pm-dbfl\">\n                        <div class=\"pm-blog-post-wrap pm-dbfl\">\n                                                <div class=\"pm-blog-img-wrap pm-difl\">\n                                                        <div class=\"pm-blog-img pm-difl\">\n\t\t\t\t<img data-recalc-dims=\"1\" fetchpriority=\"high\" decoding=\"async\" width=\"640\" height=\"427\" src=\"https:\/\/i0.wp.com\/arapca.com\/wp-content\/uploads\/2026\/04\/online-kurs-basari.png?resize=640%2C427&#038;ssl=1\" class=\"attachment-post-thumbnail size-post-thumbnail wp-post-image\" alt=\"\" srcset=\"https:\/\/i0.wp.com\/arapca.com\/wp-content\/uploads\/2026\/04\/online-kurs-basari.png?w=1536&amp;ssl=1 1536w, https:\/\/i0.wp.com\/arapca.com\/wp-content\/uploads\/2026\/04\/online-kurs-basari.png?resize=300%2C200&amp;ssl=1 300w, https:\/\/i0.wp.com\/arapca.com\/wp-content\/uploads\/2026\/04\/online-kurs-basari.png?resize=1024%2C683&amp;ssl=1 1024w, https:\/\/i0.wp.com\/arapca.com\/wp-content\/uploads\/2026\/04\/online-kurs-basari.png?resize=768%2C512&amp;ssl=1 768w, https:\/\/i0.wp.com\/arapca.com\/wp-content\/uploads\/2026\/04\/online-kurs-basari.png?resize=600%2C400&amp;ssl=1 600w, https:\/\/i0.wp.com\/arapca.com\/wp-content\/uploads\/2026\/04\/online-kurs-basari.png?w=1280&amp;ssl=1 1280w\" sizes=\"(max-width: 640px) 100vw, 640px\" \/>                            <\/div>\n                                                                                    <div class=\"pm-blog-status pm-difl\">\n                                <span class=\"pm-blog-time \">5 g\u00fcn \u00f6nce<\/span>\n                                <span class=\"pm-blog-comment\">Yorumsuz<\/span>\n                            <\/div>\n                                                    <\/div>\n                                                <div class=\"pm-blog-desc-wrap pm-difl\">\n                            <div class=\"pm-blog-title\">\n                                <a href=\"https:\/\/arapca.com\/index.php\/profilegrid_blogs\/online-kursta-basarili-olmanin-ipuclari\/\"><span>Online Kursta Ba\u015far\u0131l\u0131 Olman\u0131n \u0130pu\u00e7lar\u0131<\/span><\/a>\n                            <\/div>\n                                                        <div class=\"pm-blog-desc\">\n                             <p>Online Kursta Ba\u015far\u0131l\u0131 Olman\u0131n \u0130pu\u00e7lar\u0131 (2026 G\u00fcncel Rehber) Online e\u011fitim, \u00f6zellikle dil \u00f6\u011freniminde (Arap\u00e7a gibi) b\u00fcy\u00fck f\u0131rsatlar sunuyor. Ancak bir\u00e7ok ki\u015fi kurs sat\u0131n almas\u0131na ra\u011fmen istedi\u011fi sonucu alam\u0131yor. Bunun temel nedeni yanl\u0131\u015f \u00f6\u011frenme stratejileri. Bu rehberde, online kurslardan maksimum verim &hellip; <\/p>\n                            <\/div>\n                        <\/div>\n                    <\/div>\n                        <\/div>\n<\/div>\n<\/div>\n\n","protected":false},"excerpt":{"rendered":"","protected":false},"author":1,"featured_media":0,"parent":0,"menu_order":0,"comment_status":"closed","ping_status":"closed","template":"","meta":{"_bbp_topic_count":0,"_bbp_reply_count":0,"_bbp_total_topic_count":0,"_bbp_total_reply_count":0,"_bbp_voice_count":0,"_bbp_anonymous_reply_count":0,"_bbp_topic_count_hidden":0,"_bbp_reply_count_hidden":0,"_bbp_forum_subforum_count":0,"advanced_seo_description":"","jetpack_seo_html_title":"","jetpack_seo_noindex":false,"footnotes":""},"class_list":["post-20487","page","type-page","status-publish","hentry"],"jetpack_sharing_enabled":true,"jetpack_likes_enabled":true,"_links":{"self":[{"href":"https:\/\/arapca.com\/index.php\/wp-json\/wp\/v2\/pages\/20487","targetHints":{"allow":["GET"]}}],"collection":[{"href":"https:\/\/arapca.com\/index.php\/wp-json\/wp\/v2\/pages"}],"about":[{"href":"https:\/\/arapca.com\/index.php\/wp-json\/wp\/v2\/types\/page"}],"author":[{"embeddable":true,"href":"https:\/\/arapca.com\/index.php\/wp-json\/wp\/v2\/users\/1"}],"replies":[{"embeddable":true,"href":"https:\/\/arapca.com\/index.php\/wp-json\/wp\/v2\/comments?post=20487"}],"version-history":[{"count":0,"href":"https:\/\/arapca.com\/index.php\/wp-json\/wp\/v2\/pages\/20487\/revisions"}],"wp:attachment":[{"href":"https:\/\/arapca.com\/index.php\/wp-json\/wp\/v2\/media?parent=20487"}],"curies":[{"name":"wp","href":"https:\/\/api.w.org\/{rel}","templated":true}]}}